{"id":3601,"date":"2021-04-29T05:47:42","date_gmt":"2021-04-29T05:47:42","guid":{"rendered":"https:\/\/hotelli03.domainhotelli.fi\/~lsdoecli\/woocommerce\/?post_type=product&#038;p=3601"},"modified":"2022-09-14T07:02:54","modified_gmt":"2022-09-14T07:02:54","slug":"kevyet-turvakengat-jvt-safetyt-defender-ultralight","status":"publish","type":"product","link":"https:\/\/hotelli03.domainhotelli.fi\/~lsdoecli\/tuote\/kevyet-turvakengat-jvt-safetyt-defender-ultralight\/","title":{"rendered":"Kevyet turvakeng\u00e4t JVT Safety Defender ultralight S1P HRO SRC"},"content":{"rendered":"<h1>Kevyet turvakeng\u00e4t JVT Safety Defender Ultralight S1P HRO SRC &#8211; ei kevyt, vaan eritt\u00e4in kevyt<\/h1>\n<div>Kevyet turvakeng\u00e4t JVT Safety Defender ultralight ovat uuden sukupolven ultra kevyet turvakeng\u00e4t. Lenkkari turvakenk\u00e4 painaa ainoastaan 570 g, eli se on tosi kevyt ja melkein yht\u00e4 kevyt kuin lenkkarit.\u00a0Turvakeng\u00e4t istuvat eritt\u00e4in hyvin ja tuntuvat mukavalta jalassa my\u00f6s pitk\u00e4n ty\u00f6p\u00e4iv\u00e4n j\u00e4lkeen. V\u00e4hent\u00e4\u00e4 turhaa rasitusta kevyen painon vuoksi.<\/div>\n<h2><strong>Defender ultralight kevyiden turvakenkien suojausominaisuudet<\/strong><\/h2>\n<div>Lenkkari turvakeng\u00e4ss\u00e4 on seuraavia ty\u00f6turvallisuutta ja mukavuutta parantavia tekij\u00f6it\u00e4:<\/div>\n<ul>\n<li>Naulaanastumissuoja Kevlar<\/li>\n<li>Varvassuoja komposiitti<\/li>\n<li>Ei hikoile &#8211; hengitt\u00e4v\u00e4 verkkokangas<\/li>\n<li>Suljettu turvakeng\u00e4n kantap\u00e4\u00e4n alue<\/li>\n<li>Pit\u00e4v\u00e4 pohja EVA<\/li>\n<li>Liukastumista est\u00e4v\u00e4 pohja (SRC liukastuminen testattu esto pesuaineella k\u00e4sitellyll\u00e4 laattalattialla ja glyseriini k\u00e4sitelyll\u00e4 metallilattialla)<\/li>\n<li>\u00d6ljyn- ja bensiininkest\u00e4v\u00e4 kumipohja<\/li>\n<li>Kuumuutta kest\u00e4v\u00e4 pohja (HRO) kest\u00e4\u00e4 kuumuutta + 300 \u00b0C asti<\/li>\n<li>Iskunvaimennus turvakeng\u00e4n\u00a0kantaosassa<\/li>\n<li>Antistaatiset ominaisuudet<\/li>\n<li>Spin-on pikakiristysmekanismi<\/li>\n<li>XS9 Max comfort pohjallinen v\u00e4hent\u00e4\u00e4 sel\u00e4n rasitusta<\/li>\n<li>Suojausluokka: Luokka S1P HRO SRC (EN ISO 20345:2011)<\/li>\n<\/ul>\n<div><\/div>\n<h2><span style=\"font-size: 18px;\"><strong>Mihin k\u00e4ytt\u00f6\u00f6n kevyet turvakeng\u00e4t JVT Safefety Defender Ultralight S1P soveltuvat?<\/strong><\/span><\/h2>\n<ul>\n<li>JVT Safety Defender Ultralight kevyet turvakeng\u00e4t\u00a0on suunniteltu rakennusty\u00f6maan jokap\u00e4iv\u00e4iseen k\u00e4ytt\u00f6\u00f6n ja soveltuvat lis\u00e4ksi teollisuusty\u00f6h\u00f6n, huollon, logistiikka- ja kuljetusalan sek\u00e4 kaupan alan k\u00e4ytt\u00f6\u00f6n.<\/li>\n<li>Lenkkarit turvakeng\u00e4t eiv\u00e4t eroa ulkon\u00e4\u00f6lt\u00e4\u00e4n juuri normaalista kengist\u00e4 ja ne ovat hyv\u00e4nn\u00e4k\u00f6iset ja tuntuvat mukavalta jalassa, kevyen painon ansiosta kevyet turvakeng\u00e4t istuvat hyvin ja joustava kantap\u00e4\u00e4 lis\u00e4\u00e4 k\u00e4ytt\u00f6mukavuutta.<\/li>\n<li>Kevyet turvakeng\u00e4t sopivat ty\u00f6teht\u00e4viin, joissa vaaditaan varpaiden suojausta ja suojausta pohjan l\u00e4vistykselt\u00e4, pohjan iskunvaimennusta ja hyv\u00e4\u00e4 pitoa ja halutaan samalla kevyt, ergonominen ja hengitt\u00e4v\u00e4 turvakenk\u00e4.<\/li>\n<li>JVT Defender Ultralight turvajalkineiden pohjallinen joustaa kantap\u00e4\u00e4st\u00e4, mik\u00e4 v\u00e4hent\u00e4\u00e4 sel\u00e4n kuormitusta ja lis\u00e4\u00e4 keng\u00e4n k\u00e4ytt\u00f6mukavuutta.<\/li>\n<li>Turvakeng\u00e4n hengitt\u00e4v\u00e4 kangas v\u00e4hent\u00e4\u00e4 jalan hikoilua kes\u00e4ll\u00e4 ja sis\u00e4tiloissa ty\u00f6skennelless\u00e4.<\/li>\n<\/ul>\n<h2><span style=\"font-size: 18px;\"><strong>Vastaava pikalukitusmekanismi kuin Boa kengiss\u00e4 \u2013 turvakeng\u00e4t jalkaan ja pois jalasta muutamassa sekunnissa<\/strong><\/span><\/h2>\n<p>JVT Safety Defender ultralight turvakeng\u00e4ss\u00e4 on pikalukitusmekanismi (vastaava py\u00f6ritt\u00e4v\u00e4 kiristysmekanismi kuin Boa), mik\u00e4 nopeuttaa ty\u00f6kenkien pukemista ja riisumista.<\/p>\n<p>Pikalukitusmekanismi toimii n\u00e4pp\u00e4r\u00e4sti py\u00f6ritt\u00e4m\u00e4ll\u00e4 mekanismia my\u00f6t\u00e4p\u00e4iv\u00e4\u00e4n, jolloin se kirist\u00e4\u00e4 keng\u00e4n nauhoja. Pikalukitusmekanismi vapauttaa nauhojen lukituksen, kun kiekkoa nostaa yl\u00f6sp\u00e4in, eli turvajalkineiss\u00e4 ei ole ollenkaan sidottavia kenk\u00e4nnauhoja.<\/p>\n<p>&nbsp;<\/p>\n<h3><span style=\"font-size: 18px;\"><strong>Hengitt\u00e4v\u00e4 kangas \u2013 ei jalkojen hikoilua<\/strong><\/span><\/h3>\n<p>Turvakengiss\u00e4 on hengitt\u00e4v\u00e4 kangas, mik\u00e4 lis\u00e4\u00e4 keng\u00e4n k\u00e4ytt\u00f6mukavuutta kes\u00e4ll\u00e4 ja sis\u00e4tiloissa, joissa on korkea l\u00e4mp\u00f6tila. Hengitt\u00e4v\u00e4n kankaan ansiosta jalat eiv\u00e4t hikoile turvakeng\u00e4ss\u00e4 ja jalka pysyy kuivana.<\/p>\n<h3><\/h3>\n<h3><span style=\"font-size: 18px;\"><strong>Kevyet turvakeng\u00e4t JVT Safety Defender Ultralight suojausominaisuudet<\/strong><\/span><\/h3>\n<p>JVT Safety Defender ultralight kevyet turvakeng\u00e4t on testattu ilmoitetun laitoksen ITS Testing Service UK Ltd\u00a0<a href=\"https:\/\/ec.europa.eu\/growth\/tools-databases\/nando\/index.cfm?fuseaction=directive.nb&amp;body_type=NB&amp;refe_cd=EPOS_43684\">(CE 0362)<\/a>\u00a0toimesta\u00a0<a href=\"https:\/\/www.iso.org\/standard\/51036.html\">EN ISO 20345:2011<\/a> standardin mukaisesti ja ty\u00f6keng\u00e4t t\u00e4ytt\u00e4v\u00e4t\u00a0<a href=\"https:\/\/eur-lex.europa.eu\/legal-content\/FI\/TXT\/PDF\/?uri=CELEX:32016R0425&amp;from=de\">asetuksen EU 2016\/425 henkil\u00f6suojaimista kategoria II<\/a>\u00a0vaatimukset.<\/p>\n<p>Turvakeng\u00e4t JVT Safety Defender Ultralight on luokiteltu S1 luokan turvajalkineeksi.<\/p>\n<p>&nbsp;<\/p>\n<h3><span style=\"font-size: 18px;\"><strong>Varvassuoja komposiitti \u2013 suojaa putoavilta esineilt\u00e4 ja puristumiselta<\/strong><\/span><\/h3>\n<p>Turvakengiss\u00e4 on komposiittinen varvassuoja, joka suojaa k\u00e4ytt\u00e4j\u00e4n varpaita ja jalkater\u00e4\u00e4 ylh\u00e4\u00e4lt\u00e4 putoavilta esineilt\u00e4 ja puristumiselta.<\/p>\n<p>Varvasusuoja kest\u00e4\u00e4 200 J iskunvoimaa ja 15000 N puristusvoimaa, mik\u00e4 vastaa suojausta 20 kg painavaa putoavaa esinett\u00e4 vastaan ja suojaa puristukselta henkil\u00f6auton painon (1500 kg) verran.<\/p>\n<p>Komposiittinen varvassuoja on huomattavasti kevyempi kun alumiiniset ja ter\u00e4ksiset varvassuojat. Lis\u00e4ksi kompositti ei johda l\u00e4mp\u00f6\u00e4 tai kylmyytt\u00e4 \u2013 kes\u00e4ll\u00e4 jalka ei hikoilla t\u00e4m\u00e4n vuoksi niin helposti keng\u00e4ss\u00e4.<\/p>\n<p>&nbsp;<\/p>\n<h3><span style=\"font-size: 18px;\"><strong>Naulaanastumissuoja Kevlar suojaa pohjan l\u00e4vistykselt\u00e4<\/strong><\/span><\/h3>\n<p>Naulaanastumissuoja suojaa k\u00e4ytt\u00e4j\u00e4n jalkaa pohjan l\u00e4vistyksilt\u00e4, kuten nauloilta tai ter\u00e4vilt\u00e4 esineilt\u00e4 rakennusty\u00f6maalla. JVT Safety Defenderin Ultralight kevyen turvakeng\u00e4n naulaanastumissuoja on testattu EN 20345:2011 standardin mukaisesti.<\/p>\n<h3><\/h3>\n<h3><span style=\"font-size: 18px;\"><strong>Iskunvaimennus ja joustava pohja lis\u00e4\u00e4 k\u00e4ytt\u00f6mukavuutta<\/strong><\/span><\/h3>\n<p>JVT Safety Defender Ultra Light turvakengiss\u00e4 on tehokas iskua vaimentava keng\u00e4npohja, joka lis\u00e4\u00e4 k\u00e4ytt\u00f6mukavuutta my\u00f6s pitk\u00e4n ty\u00f6p\u00e4iv\u00e4n aikana.<\/p>\n<p>Joustava pohja v\u00e4hent\u00e4\u00e4 tutkitusti selk\u00e4\u00e4n kohdistuvaa rasitusta.<\/p>\n<p>&nbsp;<\/p>\n<h3><span style=\"font-size: 18px;\"><strong>Liukastumista est\u00e4v\u00e4 ja kuumuutta kest\u00e4v\u00e4 pohja<\/strong><\/span><\/h3>\n<p>Turvakenkien pohja est\u00e4\u00e4 liukastumista liukkailla ja m\u00e4rill\u00e4 pinnoilla ja se kest\u00e4\u00e4 kuumuutta jopa 300\u00a0 \u00b0C\u00a0asti.<\/p>\n<p>Kevyen turvakeng\u00e4n pohja kest\u00e4\u00e4 lis\u00e4ksi \u00f6ljy\u00e4, bensiini\u00e4 ja kemikaaleja.<\/p>\n<h3><\/h3>\n<h3><span style=\"font-size: 18px;\"><strong>Antistaattinen turvakeng\u00e4n rakenne<\/strong><\/span><\/h3>\n<p>JVT Defender Ultra Light turvakeng\u00e4n rakenne on antistaattinen ja suojaa staattiselta s\u00e4hk\u00f6lt\u00e4 ja s\u00e4hk\u00f6staattisilta purkauksilta. \u00a0Antistaattisia ominaisuuksia tarvitaan teollisuudessa ja s\u00e4hk\u00f6t\u00f6iss\u00e4.<\/p>\n<p>Katso uusi<a href=\"https:\/\/hotelli03.domainhotelli.fi\/~lsdoecli\/tuote\/tulossa-turvakengat-defender-xr-ultra-light-s3p-src\/\">\u00a0S3 luokan vedenpit\u00e4v\u00e4 turvakenk\u00e4 t\u00e4st\u00e4.<\/a><\/p>\n<p>EU vaatimustenmukaisuusvakuutustodistuksen saat meilt\u00e4\u00a0<a href=\"mailto:myynti@hotelli03.domainhotelli.fi\">myynti@hotelli03.domainhotelli.fi<\/a><\/p>\n<div><\/div>\n<div title=\"JVT Safety Defender ultralight turvakenk\u00e4\" role=\"heading\" aria-level=\"2\"><\/div>\n<p><iframe loading=\"lazy\" title=\"Kevyet turvakeng\u00e4t JVT Safety Defender ultralight S1P HRO SRC\" width=\"1140\" height=\"855\" src=\"https:\/\/www.youtube.com\/embed\/lxFZ8efixyo?feature=oembed\" frameborder=\"0\" allow=\"accelerometer; autoplay; clipboard-write; encrypted-media; gyroscope; picture-in-picture\" allowfullscreen><\/iframe><\/p>\n<div title=\"JVT Safety Defender ultralight turvakenk\u00e4\" role=\"heading\" aria-level=\"2\"><\/div>\n","protected":false},"excerpt":{"rendered":"<div class=\"nd61WdEGM_AYd1pkT3C0- allowTextSelection\" title=\"JVT Safety Defender ultralight turvakenk\u00e4\" role=\"heading\" aria-level=\"2\"><span class=\"ITWTqi_23IoOPmK3O6ErT\">UUTUUS! Myyty yli 1000 paria, asiakkaiden suosikki. Ultrakevyt uuden sukupolven turvakenk\u00e4,\u00a0<\/span>\u00a0paino vain 570 g. Ei kevyt, vaan tosi kevyt! Pikakiristysmekanismilla.<\/div>\n<div title=\"JVT Safety Defender ultralight turvakenk\u00e4\" role=\"heading\" aria-level=\"2\"><\/div>\n<div title=\"JVT Safety Defender ultralight turvakenk\u00e4\" role=\"heading\" aria-level=\"2\"><\/div>\n<div title=\"JVT Safety Defender ultralight turvakenk\u00e4\" role=\"heading\" aria-level=\"2\"><strong>Valitse koko alta:<\/strong><\/div>\n","protected":false},"featured_media":3994,"comment_status":"open","ping_status":"closed","template":"","meta":[],"product_cat":[312],"product_tag":[762,324,323,820,763,761,322],"yoast_head":"<!-- This site is optimized with the Yoast SEO Premium plugin v18.9 (Yoast SEO v19.3) - https:\/\/yoast.com\/wordpress\/plugins\/seo\/ -->\n<title>Kevyet turvakeng\u00e4t JVT Safety Defender ultralight S1P | JV Tuonti<\/title>\n<meta name=\"description\" content=\"Kevyet turvakeng\u00e4t JVT Safety Defender ultralight.\u00a0Uuden sukupolven kevyet turvakeng\u00e4t, paino vain 570g. Spin-on pikakiristysmekanismi.\" \/>\n<meta name=\"robots\" content=\"index, follow, max-snippet:-1, max-image-preview:large, max-video-preview:-1\" \/>\n<link rel=\"canonical\" href=\"https:\/\/hotelli03.domainhotelli.fi\/~lsdoecli\/tuote\/kevyet-turvakengat-jvt-safetyt-defender-ultralight\/\" \/>\n<meta property=\"og:locale\" content=\"fi_FI\" \/>\n<meta property=\"og:type\" content=\"article\" \/>\n<meta property=\"og:title\" content=\"Kevyet turvakeng\u00e4t JVT Safety Defender ultralight S1P HRO SRC\" \/>\n<meta property=\"og:description\" content=\"Kevyet turvakeng\u00e4t JVT Safety Defender ultralight.\u00a0Uuden sukupolven kevyet turvakeng\u00e4t, paino vain 570g. Spin-on pikakiristysmekanismi.\" \/>\n<meta property=\"og:url\" content=\"https:\/\/hotelli03.domainhotelli.fi\/~lsdoecli\/tuote\/kevyet-turvakengat-jvt-safetyt-defender-ultralight\/\" \/>\n<meta property=\"og:site_name\" content=\"JV Tuonti\" \/>\n<meta property=\"article:publisher\" content=\"https:\/\/www.facebook.com\/JVTuontiOy\" \/>\n<meta property=\"article:modified_time\" content=\"2022-09-14T07:02:54+00:00\" \/>\n<meta property=\"og:image\" content=\"https:\/\/hotelli03.domainhotelli.fi\/~lsdoecli\/wp-content\/uploads\/2021\/04\/JVT-Safety-Defender-ultralight-turvakenka\u0308-scaled.jpg\" \/>\n\t<meta property=\"og:image:width\" content=\"2560\" \/>\n\t<meta property=\"og:image:height\" content=\"2560\" \/>\n\t<meta property=\"og:image:type\" content=\"image\/jpeg\" \/>\n<meta name=\"twitter:card\" content=\"summary_large_image\" \/>\n<meta name=\"twitter:label1\" content=\"Availability\" \/>\n\t<meta name=\"twitter:data1\" content=\"In stock\" \/>\n<script type=\"application\/ld+json\" class=\"yoast-schema-graph\">{\"@context\":\"https:\/\/schema.org\",\"@graph\":[{\"@type\":[\"Organization\",\"Place\",\"WholesaleStore\"],\"@id\":\"https:\/\/hotelli03.domainhotelli.fi\/~lsdoecli\/#organization\",\"name\":\"JV Tuonti Oy\",\"url\":\"https:\/\/hotelli03.domainhotelli.fi\/~lsdoecli\/\",\"sameAs\":[\"https:\/\/instagram.com\/jvtuontioy?utm_medium=copy_link\",\"https:\/\/www.facebook.com\/JVTuontiOy\"],\"logo\":{\"@id\":\"https:\/\/hotelli03.domainhotelli.fi\/~lsdoecli\/tuote\/kevyet-turvakengat-jvt-safetyt-defender-ultralight\/#local-main-organization-logo\"},\"image\":{\"@id\":\"https:\/\/hotelli03.domainhotelli.fi\/~lsdoecli\/tuote\/kevyet-turvakengat-jvt-safetyt-defender-ultralight\/#local-main-organization-logo\"},\"address\":{\"@id\":\"https:\/\/hotelli03.domainhotelli.fi\/~lsdoecli\/tuote\/kevyet-turvakengat-jvt-safetyt-defender-ultralight\/#local-main-place-address\"},\"geo\":{\"@type\":\"GeoCoordinates\",\"latitude\":\"60.28431\",\"longitude\":\"24.81654\"},\"telephone\":[\"0408369980\"],\"openingHoursSpecification\":[{\"@type\":\"OpeningHoursSpecification\",\"dayOfWeek\":[\"Monday\",\"Tuesday\",\"Wednesday\",\"Thursday\",\"Friday\"],\"opens\":\"08:00\",\"closes\":\"16:00\"},{\"@type\":\"OpeningHoursSpecification\",\"dayOfWeek\":[\"Saturday\",\"Sunday\"],\"opens\":\"00:00\",\"closes\":\"00:00\"}],\"email\":\"myynti@hotelli03.domainhotelli.fi\",\"areaServed\":\"Suomi, Ruotsi\",\"vatID\":\"FI30178387\",\"priceRange\":\"$$\",\"currenciesAccepted\":\"\u20ac\",\"paymentAccepted\":\"Lasku, pankkikortti\"},{\"@type\":\"WebSite\",\"@id\":\"https:\/\/hotelli03.domainhotelli.fi\/~lsdoecli\/#website\",\"url\":\"https:\/\/hotelli03.domainhotelli.fi\/~lsdoecli\/\",\"name\":\"JV Tuonti\",\"description\":\"JV Tuonti Oy:n verkkokauppa\",\"publisher\":{\"@id\":\"https:\/\/hotelli03.domainhotelli.fi\/~lsdoecli\/#organization\"},\"potentialAction\":[{\"@type\":\"SearchAction\",\"target\":{\"@type\":\"EntryPoint\",\"urlTemplate\":\"https:\/\/hotelli03.domainhotelli.fi\/~lsdoecli\/?s={search_term_string}\"},\"query-input\":\"required name=search_term_string\"}],\"inLanguage\":\"fi\"},{\"@type\":\"ImageObject\",\"inLanguage\":\"fi\",\"@id\":\"https:\/\/hotelli03.domainhotelli.fi\/~lsdoecli\/tuote\/kevyet-turvakengat-jvt-safetyt-defender-ultralight\/#primaryimage\",\"url\":\"https:\/\/hotelli03.domainhotelli.fi\/~lsdoecli\/wp-content\/uploads\/2021\/04\/JVT-Safety-Defender-ultralight-turvakenka\u0308-scaled.jpg\",\"contentUrl\":\"https:\/\/hotelli03.domainhotelli.fi\/~lsdoecli\/wp-content\/uploads\/2021\/04\/JVT-Safety-Defender-ultralight-turvakenka\u0308-scaled.jpg\",\"width\":2560,\"height\":2560,\"caption\":\"Kevyet Turvakeng\u00e4t JVT Safety Defender ultralight S1P\"},{\"@type\":\"WebPage\",\"@id\":\"https:\/\/hotelli03.domainhotelli.fi\/~lsdoecli\/tuote\/kevyet-turvakengat-jvt-safetyt-defender-ultralight\/\",\"url\":\"https:\/\/hotelli03.domainhotelli.fi\/~lsdoecli\/tuote\/kevyet-turvakengat-jvt-safetyt-defender-ultralight\/\",\"name\":\"Kevyet turvakeng\u00e4t JVT Safety Defender ultralight S1P | JV Tuonti\",\"isPartOf\":{\"@id\":\"https:\/\/hotelli03.domainhotelli.fi\/~lsdoecli\/#website\"},\"primaryImageOfPage\":{\"@id\":\"https:\/\/hotelli03.domainhotelli.fi\/~lsdoecli\/tuote\/kevyet-turvakengat-jvt-safetyt-defender-ultralight\/#primaryimage\"},\"datePublished\":\"2021-04-29T05:47:42+00:00\",\"dateModified\":\"2022-09-14T07:02:54+00:00\",\"description\":\"Kevyet turvakeng\u00e4t JVT Safety Defender ultralight.\u00a0Uuden sukupolven kevyet turvakeng\u00e4t, paino vain 570g. Spin-on pikakiristysmekanismi.\",\"breadcrumb\":{\"@id\":\"https:\/\/hotelli03.domainhotelli.fi\/~lsdoecli\/tuote\/kevyet-turvakengat-jvt-safetyt-defender-ultralight\/#breadcrumb\"},\"inLanguage\":\"fi\",\"potentialAction\":[{\"@type\":\"ReadAction\",\"target\":[\"https:\/\/hotelli03.domainhotelli.fi\/~lsdoecli\/tuote\/kevyet-turvakengat-jvt-safetyt-defender-ultralight\/\"]}]},{\"@type\":\"BreadcrumbList\",\"@id\":\"https:\/\/hotelli03.domainhotelli.fi\/~lsdoecli\/tuote\/kevyet-turvakengat-jvt-safetyt-defender-ultralight\/#breadcrumb\",\"itemListElement\":[{\"@type\":\"ListItem\",\"position\":1,\"name\":\"Etusivu\",\"item\":\"https:\/\/hotelli03.domainhotelli.fi\/~lsdoecli\/\"},{\"@type\":\"ListItem\",\"position\":2,\"name\":\"Kauppa\",\"item\":\"https:\/\/hotelli03.domainhotelli.fi\/~lsdoecli\/kauppa\/\"},{\"@type\":\"ListItem\",\"position\":3,\"name\":\"Kevyet turvakeng\u00e4t JVT Safety Defender ultralight S1P HRO SRC\"}]},{\"@type\":\"PostalAddress\",\"@id\":\"https:\/\/hotelli03.domainhotelli.fi\/~lsdoecli\/tuote\/kevyet-turvakengat-jvt-safetyt-defender-ultralight\/#local-main-place-address\",\"streetAddress\":\"Pyymosantie 5a\",\"addressLocality\":\"Vantaa\",\"postalCode\":\"01720\",\"addressCountry\":\"FI\"},{\"@type\":\"ImageObject\",\"inLanguage\":\"fi\",\"@id\":\"https:\/\/hotelli03.domainhotelli.fi\/~lsdoecli\/tuote\/kevyet-turvakengat-jvt-safetyt-defender-ultralight\/#local-main-organization-logo\",\"url\":\"https:\/\/hotelli03.domainhotelli.fi\/~lsdoecli\/wp-content\/uploads\/2021\/08\/JVTuonti_logo_nelio.jpg\",\"contentUrl\":\"https:\/\/hotelli03.domainhotelli.fi\/~lsdoecli\/wp-content\/uploads\/2021\/08\/JVTuonti_logo_nelio.jpg\",\"width\":550,\"height\":550,\"caption\":\"JV Tuonti Oy\"}]}<\/script>\n<meta property=\"og:video\" content=\"https:\/\/www.youtube.com\/embed\/lxFZ8efixyo\" \/>\n<meta property=\"og:video:type\" content=\"text\/html\" \/>\n<meta property=\"og:video:duration\" content=\"22\" \/>\n<meta property=\"og:video:width\" content=\"480\" \/>\n<meta property=\"og:video:height\" content=\"360\" \/>\n<meta property=\"ya:ovs:adult\" content=\"false\" \/>\n<meta property=\"ya:ovs:upload_date\" content=\"2021-04-29T05:47:42+00:00\" \/>\n<meta property=\"ya:ovs:allow_embed\" content=\"true\" \/>\n<meta property=\"product:brand\" content=\"JVT\" \/>\n<meta property=\"og:availability\" content=\"instock\" \/>\n<meta property=\"product:availability\" content=\"instock\" \/>\n<meta property=\"product:condition\" content=\"new\" \/>\n<meta name=\"geo.placename\" content=\"Vantaa\" \/>\n<meta name=\"geo.position\" content=\"60.28431;24.81654\" \/>\n<meta name=\"geo.region\" content=\"Suomi\" \/>\n<!-- \/ Yoast SEO Premium plugin. -->","yoast_head_json":{"title":"Kevyet turvakeng\u00e4t JVT Safety Defender ultralight S1P | JV Tuonti","description":"Kevyet turvakeng\u00e4t JVT Safety Defender ultralight.\u00a0Uuden sukupolven kevyet turvakeng\u00e4t, paino vain 570g. Spin-on pikakiristysmekanismi.","robots":{"index":"index","follow":"follow","max-snippet":"max-snippet:-1","max-image-preview":"max-image-preview:large","max-video-preview":"max-video-preview:-1"},"canonical":"https:\/\/hotelli03.domainhotelli.fi\/~lsdoecli\/tuote\/kevyet-turvakengat-jvt-safetyt-defender-ultralight\/","og_locale":"fi_FI","og_type":"article","og_title":"Kevyet turvakeng\u00e4t JVT Safety Defender ultralight S1P HRO SRC","og_description":"Kevyet turvakeng\u00e4t JVT Safety Defender ultralight.\u00a0Uuden sukupolven kevyet turvakeng\u00e4t, paino vain 570g. Spin-on pikakiristysmekanismi.","og_url":"https:\/\/hotelli03.domainhotelli.fi\/~lsdoecli\/tuote\/kevyet-turvakengat-jvt-safetyt-defender-ultralight\/","og_site_name":"JV Tuonti","article_publisher":"https:\/\/www.facebook.com\/JVTuontiOy","article_modified_time":"2022-09-14T07:02:54+00:00","og_image":[{"width":2560,"height":2560,"url":"https:\/\/hotelli03.domainhotelli.fi\/~lsdoecli\/wp-content\/uploads\/2021\/04\/JVT-Safety-Defender-ultralight-turvakenka\u0308-scaled.jpg","type":"image\/jpeg"}],"twitter_card":"summary_large_image","twitter_misc":{"Availability":"In stock"},"schema":{"@context":"https:\/\/schema.org","@graph":[{"@type":["Organization","Place","WholesaleStore"],"@id":"https:\/\/hotelli03.domainhotelli.fi\/~lsdoecli\/#organization","name":"JV Tuonti Oy","url":"https:\/\/hotelli03.domainhotelli.fi\/~lsdoecli\/","sameAs":["https:\/\/instagram.com\/jvtuontioy?utm_medium=copy_link","https:\/\/www.facebook.com\/JVTuontiOy"],"logo":{"@id":"https:\/\/hotelli03.domainhotelli.fi\/~lsdoecli\/tuote\/kevyet-turvakengat-jvt-safetyt-defender-ultralight\/#local-main-organization-logo"},"image":{"@id":"https:\/\/hotelli03.domainhotelli.fi\/~lsdoecli\/tuote\/kevyet-turvakengat-jvt-safetyt-defender-ultralight\/#local-main-organization-logo"},"address":{"@id":"https:\/\/hotelli03.domainhotelli.fi\/~lsdoecli\/tuote\/kevyet-turvakengat-jvt-safetyt-defender-ultralight\/#local-main-place-address"},"geo":{"@type":"GeoCoordinates","latitude":"60.28431","longitude":"24.81654"},"telephone":["0408369980"],"openingHoursSpecification":[{"@type":"OpeningHoursSpecification","dayOfWeek":["Monday","Tuesday","Wednesday","Thursday","Friday"],"opens":"08:00","closes":"16:00"},{"@type":"OpeningHoursSpecification","dayOfWeek":["Saturday","Sunday"],"opens":"00:00","closes":"00:00"}],"email":"myynti@hotelli03.domainhotelli.fi","areaServed":"Suomi, Ruotsi","vatID":"FI30178387","priceRange":"$$","currenciesAccepted":"\u20ac","paymentAccepted":"Lasku, pankkikortti"},{"@type":"WebSite","@id":"https:\/\/hotelli03.domainhotelli.fi\/~lsdoecli\/#website","url":"https:\/\/hotelli03.domainhotelli.fi\/~lsdoecli\/","name":"JV Tuonti","description":"JV Tuonti Oy:n verkkokauppa","publisher":{"@id":"https:\/\/hotelli03.domainhotelli.fi\/~lsdoecli\/#organization"},"potentialAction":[{"@type":"SearchAction","target":{"@type":"EntryPoint","urlTemplate":"https:\/\/hotelli03.domainhotelli.fi\/~lsdoecli\/?s={search_term_string}"},"query-input":"required name=search_term_string"}],"inLanguage":"fi"},{"@type":"ImageObject","inLanguage":"fi","@id":"https:\/\/hotelli03.domainhotelli.fi\/~lsdoecli\/tuote\/kevyet-turvakengat-jvt-safetyt-defender-ultralight\/#primaryimage","url":"https:\/\/hotelli03.domainhotelli.fi\/~lsdoecli\/wp-content\/uploads\/2021\/04\/JVT-Safety-Defender-ultralight-turvakenka\u0308-scaled.jpg","contentUrl":"https:\/\/hotelli03.domainhotelli.fi\/~lsdoecli\/wp-content\/uploads\/2021\/04\/JVT-Safety-Defender-ultralight-turvakenka\u0308-scaled.jpg","width":2560,"height":2560,"caption":"Kevyet Turvakeng\u00e4t JVT Safety Defender ultralight S1P"},{"@type":"WebPage","@id":"https:\/\/hotelli03.domainhotelli.fi\/~lsdoecli\/tuote\/kevyet-turvakengat-jvt-safetyt-defender-ultralight\/","url":"https:\/\/hotelli03.domainhotelli.fi\/~lsdoecli\/tuote\/kevyet-turvakengat-jvt-safetyt-defender-ultralight\/","name":"Kevyet turvakeng\u00e4t JVT Safety Defender ultralight S1P | JV Tuonti","isPartOf":{"@id":"https:\/\/hotelli03.domainhotelli.fi\/~lsdoecli\/#website"},"primaryImageOfPage":{"@id":"https:\/\/hotelli03.domainhotelli.fi\/~lsdoecli\/tuote\/kevyet-turvakengat-jvt-safetyt-defender-ultralight\/#primaryimage"},"datePublished":"2021-04-29T05:47:42+00:00","dateModified":"2022-09-14T07:02:54+00:00","description":"Kevyet turvakeng\u00e4t JVT Safety Defender ultralight.\u00a0Uuden sukupolven kevyet turvakeng\u00e4t, paino vain 570g. Spin-on pikakiristysmekanismi.","breadcrumb":{"@id":"https:\/\/hotelli03.domainhotelli.fi\/~lsdoecli\/tuote\/kevyet-turvakengat-jvt-safetyt-defender-ultralight\/#breadcrumb"},"inLanguage":"fi","potentialAction":[{"@type":"ReadAction","target":["https:\/\/hotelli03.domainhotelli.fi\/~lsdoecli\/tuote\/kevyet-turvakengat-jvt-safetyt-defender-ultralight\/"]}]},{"@type":"BreadcrumbList","@id":"https:\/\/hotelli03.domainhotelli.fi\/~lsdoecli\/tuote\/kevyet-turvakengat-jvt-safetyt-defender-ultralight\/#breadcrumb","itemListElement":[{"@type":"ListItem","position":1,"name":"Etusivu","item":"https:\/\/hotelli03.domainhotelli.fi\/~lsdoecli\/"},{"@type":"ListItem","position":2,"name":"Kauppa","item":"https:\/\/hotelli03.domainhotelli.fi\/~lsdoecli\/kauppa\/"},{"@type":"ListItem","position":3,"name":"Kevyet turvakeng\u00e4t JVT Safety Defender ultralight S1P HRO SRC"}]},{"@type":"PostalAddress","@id":"https:\/\/hotelli03.domainhotelli.fi\/~lsdoecli\/tuote\/kevyet-turvakengat-jvt-safetyt-defender-ultralight\/#local-main-place-address","streetAddress":"Pyymosantie 5a","addressLocality":"Vantaa","postalCode":"01720","addressCountry":"FI"},{"@type":"ImageObject","inLanguage":"fi","@id":"https:\/\/hotelli03.domainhotelli.fi\/~lsdoecli\/tuote\/kevyet-turvakengat-jvt-safetyt-defender-ultralight\/#local-main-organization-logo","url":"https:\/\/hotelli03.domainhotelli.fi\/~lsdoecli\/wp-content\/uploads\/2021\/08\/JVTuonti_logo_nelio.jpg","contentUrl":"https:\/\/hotelli03.domainhotelli.fi\/~lsdoecli\/wp-content\/uploads\/2021\/08\/JVTuonti_logo_nelio.jpg","width":550,"height":550,"caption":"JV Tuonti Oy"}]},"og_video":"https:\/\/www.youtube.com\/embed\/lxFZ8efixyo","og_video_type":"text\/html","og_video_duration":"22","og_video_width":"480","og_video_height":"360","ya_ovs_adult":"false","ya_ovs_upload_date":"2021-04-29T05:47:42+00:00","ya_ovs_allow_embed":"true","product_brand":"JVT","og_availability":"instock","product_availability":"instock","product_condition":"new","geo.placename":"Vantaa","geo.position":{"lat":"60.28431","long":"24.81654"},"geo.region":"Suomi"},"_links":{"self":[{"href":"https:\/\/hotelli03.domainhotelli.fi\/~lsdoecli\/wp-json\/wp\/v2\/product\/3601"}],"collection":[{"href":"https:\/\/hotelli03.domainhotelli.fi\/~lsdoecli\/wp-json\/wp\/v2\/product"}],"about":[{"href":"https:\/\/hotelli03.domainhotelli.fi\/~lsdoecli\/wp-json\/wp\/v2\/types\/product"}],"replies":[{"embeddable":true,"href":"https:\/\/hotelli03.domainhotelli.fi\/~lsdoecli\/wp-json\/wp\/v2\/comments?post=3601"}],"wp:featuredmedia":[{"embeddable":true,"href":"https:\/\/hotelli03.domainhotelli.fi\/~lsdoecli\/wp-json\/wp\/v2\/media\/3994"}],"wp:attachment":[{"href":"https:\/\/hotelli03.domainhotelli.fi\/~lsdoecli\/wp-json\/wp\/v2\/media?parent=3601"}],"wp:term":[{"taxonomy":"product_cat","embeddable":true,"href":"https:\/\/hotelli03.domainhotelli.fi\/~lsdoecli\/wp-json\/wp\/v2\/product_cat?post=3601"},{"taxonomy":"product_tag","embeddable":true,"href":"https:\/\/hotelli03.domainhotelli.fi\/~lsdoecli\/wp-json\/wp\/v2\/product_tag?post=3601"}],"curies":[{"name":"wp","href":"https:\/\/api.w.org\/{rel}","templated":true}]}}