{"id":3451,"date":"2021-04-27T10:36:47","date_gmt":"2021-04-27T10:36:47","guid":{"rendered":"https:\/\/hotelli03.domainhotelli.fi\/~lsdoecli\/woocommerce\/?post_type=product&#038;p=3451"},"modified":"2021-08-13T10:21:59","modified_gmt":"2021-08-13T10:21:59","slug":"kipsilevyruuvi-pl-tr-tiuhakierre-porakarki","status":"publish","type":"product","link":"https:\/\/hotelli03.domainhotelli.fi\/~lsdoecli\/tuote\/kipsilevyruuvi-pl-tr-tiuhakierre-porakarki\/","title":{"rendered":"Kipsilevyruuvi PL-TR tiuhakierre porak\u00e4rki"},"content":{"rendered":"<h1>Kipsilevyruuvi PL-TR tiuhakierre porak\u00e4rki, PH2, fosfatoitu.<\/h1>\n<p>Ominaisuudet ja edut:<\/p>\n<ul>\n<li>Itseporautuva k\u00e4rki: se sallii kiinnitt\u00e4misen metalliin ilman porausta, paksuus enint\u00e4\u00e4n 3,0 mm.<\/li>\n<li>K\u00e4ytt\u00f6: kipsilevyn tai paneelien kiinnitt\u00e4minen 0,6-3,0 mm paksuun metalliprofiiliin.<\/li>\n<\/ul>\n<p>Tuote on CE-hyv\u00e4ksytty.<\/p>\n<p>Koot:<\/p>\n<table width=\"278\">\n<tbody>\n<tr>\n<td width=\"121\">Mitat<\/td>\n<td width=\"157\">Tuote<\/td>\n<\/tr>\n<tr>\n<td><\/td>\n<td>varastossa<\/td>\n<\/tr>\n<tr>\n<td>3,5 x 25<\/td>\n<td width=\"157\">Kipsilevy tiuhakierre porak\u00e4rki, PH2<\/td>\n<\/tr>\n<tr>\n<td>3,5 x 35<\/td>\n<td width=\"157\">Kipsilevy tiuhakierre porak\u00e4rki, PH2<\/td>\n<\/tr>\n<tr>\n<td>3,5 x 45<\/td>\n<td width=\"157\">Kipsilevy tiuhakierre porak\u00e4rki, PH2<\/td>\n<\/tr>\n<\/tbody>\n<\/table>\n<p>&nbsp;<\/p>\n<p>Katso my\u00f6s muut kiinnikkeet ja ruuvit <a href=\"https:\/\/hotelli03.domainhotelli.fi\/~lsdoecli\/tuote-osasto\/rakennustarvikkeet\/kiinnikkeet-ja-ruuvit\/\">t\u00e4st\u00e4!<\/a><\/p>\n","protected":false},"excerpt":{"rendered":"<p>Kipsilevyruuvi PL-TR tiuhakierre porak\u00e4rki, PH2, fosfatoitu.<\/p>\n<p>Ominaisuudet ja edut:<\/p>\n<ul>\n<li>Itseporautuva k\u00e4rki: se sallii kiinnitt\u00e4misen metalliin ilman porausta, paksuus enint\u00e4\u00e4n 3,0 mm.<\/li>\n<li>K\u00e4ytt\u00f6: kipsilevyn tai paneelien kiinnitt\u00e4minen 0,6-3,0 mm paksuun metalliprofiiliin.<\/li>\n<\/ul>\n<p>Tuote on CE-hyv\u00e4ksytty.<\/p>\n<p>&nbsp;<\/p>\n<p><strong>Valitse koko alta:<\/strong><\/p>\n","protected":false},"featured_media":4719,"comment_status":"open","ping_status":"closed","template":"","meta":[],"product_cat":[298],"product_tag":[299,302,304,303],"yoast_head":"<!-- This site is optimized with the Yoast SEO Premium plugin v18.9 (Yoast SEO v19.3) - https:\/\/yoast.com\/wordpress\/plugins\/seo\/ -->\n<title>Kipsilevyruuvi tiuhakierre porak\u00e4rki PL-TR Index | JV Tuonti<\/title>\n<meta name=\"description\" content=\"Kipsilevyruuvi PL-TR tiuhakierre porak\u00e4rki, PH2, fosfatoitu. Itseporautuva k\u00e4rki sallii kiinnitt\u00e4misen metalliin ilman porausta.\" \/>\n<meta name=\"robots\" content=\"index, follow, max-snippet:-1, max-image-preview:large, max-video-preview:-1\" \/>\n<link rel=\"canonical\" href=\"https:\/\/hotelli03.domainhotelli.fi\/~lsdoecli\/tuote\/kipsilevyruuvi-pl-tr-tiuhakierre-porakarki\/\" \/>\n<meta property=\"og:locale\" content=\"fi_FI\" \/>\n<meta property=\"og:type\" content=\"article\" \/>\n<meta property=\"og:title\" content=\"Kipsilevyruuvi PL-TR tiuhakierre porak\u00e4rki\" \/>\n<meta property=\"og:description\" content=\"Kipsilevyruuvi PL-TR tiuhakierre porak\u00e4rki, PH2, fosfatoitu. Itseporautuva k\u00e4rki sallii kiinnitt\u00e4misen metalliin ilman porausta.\" \/>\n<meta property=\"og:url\" content=\"https:\/\/hotelli03.domainhotelli.fi\/~lsdoecli\/tuote\/kipsilevyruuvi-pl-tr-tiuhakierre-porakarki\/\" \/>\n<meta property=\"og:site_name\" content=\"JV Tuonti\" \/>\n<meta property=\"article:publisher\" content=\"https:\/\/www.facebook.com\/JVTuontiOy\" \/>\n<meta property=\"article:modified_time\" content=\"2021-08-13T10:21:59+00:00\" \/>\n<meta property=\"og:image\" content=\"https:\/\/hotelli03.domainhotelli.fi\/~lsdoecli\/wp-content\/uploads\/2021\/05\/PL-TR.jpg\" \/>\n\t<meta property=\"og:image:width\" content=\"1200\" \/>\n\t<meta property=\"og:image:height\" content=\"1200\" \/>\n\t<meta property=\"og:image:type\" content=\"image\/jpeg\" \/>\n<meta name=\"twitter:card\" content=\"summary_large_image\" \/>\n<meta name=\"twitter:label1\" content=\"Availability\" \/>\n\t<meta name=\"twitter:data1\" content=\"On backorder\" \/>\n<script type=\"application\/ld+json\" class=\"yoast-schema-graph\">{\"@context\":\"https:\/\/schema.org\",\"@graph\":[{\"@type\":[\"Organization\",\"Place\",\"WholesaleStore\"],\"@id\":\"https:\/\/hotelli03.domainhotelli.fi\/~lsdoecli\/#organization\",\"name\":\"JV Tuonti Oy\",\"url\":\"https:\/\/hotelli03.domainhotelli.fi\/~lsdoecli\/\",\"sameAs\":[\"https:\/\/instagram.com\/jvtuontioy?utm_medium=copy_link\",\"https:\/\/www.facebook.com\/JVTuontiOy\"],\"logo\":{\"@id\":\"https:\/\/hotelli03.domainhotelli.fi\/~lsdoecli\/tuote\/kipsilevyruuvi-pl-tr-tiuhakierre-porakarki\/#local-main-organization-logo\"},\"image\":{\"@id\":\"https:\/\/hotelli03.domainhotelli.fi\/~lsdoecli\/tuote\/kipsilevyruuvi-pl-tr-tiuhakierre-porakarki\/#local-main-organization-logo\"},\"address\":{\"@id\":\"https:\/\/hotelli03.domainhotelli.fi\/~lsdoecli\/tuote\/kipsilevyruuvi-pl-tr-tiuhakierre-porakarki\/#local-main-place-address\"},\"geo\":{\"@type\":\"GeoCoordinates\",\"latitude\":\"60.28431\",\"longitude\":\"24.81654\"},\"telephone\":[\"0408369980\"],\"openingHoursSpecification\":[{\"@type\":\"OpeningHoursSpecification\",\"dayOfWeek\":[\"Monday\",\"Tuesday\",\"Wednesday\",\"Thursday\",\"Friday\"],\"opens\":\"08:00\",\"closes\":\"16:00\"},{\"@type\":\"OpeningHoursSpecification\",\"dayOfWeek\":[\"Saturday\",\"Sunday\"],\"opens\":\"00:00\",\"closes\":\"00:00\"}],\"email\":\"myynti@hotelli03.domainhotelli.fi\",\"areaServed\":\"Suomi, Ruotsi\",\"vatID\":\"FI30178387\",\"priceRange\":\"$$\",\"currenciesAccepted\":\"\u20ac\",\"paymentAccepted\":\"Lasku, pankkikortti\"},{\"@type\":\"WebSite\",\"@id\":\"https:\/\/hotelli03.domainhotelli.fi\/~lsdoecli\/#website\",\"url\":\"https:\/\/hotelli03.domainhotelli.fi\/~lsdoecli\/\",\"name\":\"JV Tuonti\",\"description\":\"JV Tuonti Oy:n verkkokauppa\",\"publisher\":{\"@id\":\"https:\/\/hotelli03.domainhotelli.fi\/~lsdoecli\/#organization\"},\"potentialAction\":[{\"@type\":\"SearchAction\",\"target\":{\"@type\":\"EntryPoint\",\"urlTemplate\":\"https:\/\/hotelli03.domainhotelli.fi\/~lsdoecli\/?s={search_term_string}\"},\"query-input\":\"required name=search_term_string\"}],\"inLanguage\":\"fi\"},{\"@type\":\"ImageObject\",\"inLanguage\":\"fi\",\"@id\":\"https:\/\/hotelli03.domainhotelli.fi\/~lsdoecli\/tuote\/kipsilevyruuvi-pl-tr-tiuhakierre-porakarki\/#primaryimage\",\"url\":\"https:\/\/hotelli03.domainhotelli.fi\/~lsdoecli\/wp-content\/uploads\/2021\/05\/PL-TR.jpg\",\"contentUrl\":\"https:\/\/hotelli03.domainhotelli.fi\/~lsdoecli\/wp-content\/uploads\/2021\/05\/PL-TR.jpg\",\"width\":1200,\"height\":1200,\"caption\":\"Kipsilevyruuvi PL-TR tiuhakierre porak\u00e4rki\"},{\"@type\":\"WebPage\",\"@id\":\"https:\/\/hotelli03.domainhotelli.fi\/~lsdoecli\/tuote\/kipsilevyruuvi-pl-tr-tiuhakierre-porakarki\/\",\"url\":\"https:\/\/hotelli03.domainhotelli.fi\/~lsdoecli\/tuote\/kipsilevyruuvi-pl-tr-tiuhakierre-porakarki\/\",\"name\":\"Kipsilevyruuvi tiuhakierre porak\u00e4rki PL-TR Index | JV Tuonti\",\"isPartOf\":{\"@id\":\"https:\/\/hotelli03.domainhotelli.fi\/~lsdoecli\/#website\"},\"primaryImageOfPage\":{\"@id\":\"https:\/\/hotelli03.domainhotelli.fi\/~lsdoecli\/tuote\/kipsilevyruuvi-pl-tr-tiuhakierre-porakarki\/#primaryimage\"},\"datePublished\":\"2021-04-27T10:36:47+00:00\",\"dateModified\":\"2021-08-13T10:21:59+00:00\",\"description\":\"Kipsilevyruuvi PL-TR tiuhakierre porak\u00e4rki, PH2, fosfatoitu. Itseporautuva k\u00e4rki sallii kiinnitt\u00e4misen metalliin ilman porausta.\",\"breadcrumb\":{\"@id\":\"https:\/\/hotelli03.domainhotelli.fi\/~lsdoecli\/tuote\/kipsilevyruuvi-pl-tr-tiuhakierre-porakarki\/#breadcrumb\"},\"inLanguage\":\"fi\",\"potentialAction\":[{\"@type\":\"ReadAction\",\"target\":[\"https:\/\/hotelli03.domainhotelli.fi\/~lsdoecli\/tuote\/kipsilevyruuvi-pl-tr-tiuhakierre-porakarki\/\"]}]},{\"@type\":\"BreadcrumbList\",\"@id\":\"https:\/\/hotelli03.domainhotelli.fi\/~lsdoecli\/tuote\/kipsilevyruuvi-pl-tr-tiuhakierre-porakarki\/#breadcrumb\",\"itemListElement\":[{\"@type\":\"ListItem\",\"position\":1,\"name\":\"Etusivu\",\"item\":\"https:\/\/hotelli03.domainhotelli.fi\/~lsdoecli\/\"},{\"@type\":\"ListItem\",\"position\":2,\"name\":\"Kauppa\",\"item\":\"https:\/\/hotelli03.domainhotelli.fi\/~lsdoecli\/kauppa\/\"},{\"@type\":\"ListItem\",\"position\":3,\"name\":\"Kipsilevyruuvi PL-TR tiuhakierre porak\u00e4rki\"}]},{\"@type\":\"PostalAddress\",\"@id\":\"https:\/\/hotelli03.domainhotelli.fi\/~lsdoecli\/tuote\/kipsilevyruuvi-pl-tr-tiuhakierre-porakarki\/#local-main-place-address\",\"streetAddress\":\"Pyymosantie 5a\",\"addressLocality\":\"Vantaa\",\"postalCode\":\"01720\",\"addressCountry\":\"FI\"},{\"@type\":\"ImageObject\",\"inLanguage\":\"fi\",\"@id\":\"https:\/\/hotelli03.domainhotelli.fi\/~lsdoecli\/tuote\/kipsilevyruuvi-pl-tr-tiuhakierre-porakarki\/#local-main-organization-logo\",\"url\":\"https:\/\/hotelli03.domainhotelli.fi\/~lsdoecli\/wp-content\/uploads\/2021\/08\/JVTuonti_logo_nelio.jpg\",\"contentUrl\":\"https:\/\/hotelli03.domainhotelli.fi\/~lsdoecli\/wp-content\/uploads\/2021\/08\/JVTuonti_logo_nelio.jpg\",\"width\":550,\"height\":550,\"caption\":\"JV Tuonti Oy\"}]}<\/script>\n<meta property=\"og:availability\" content=\"backorder\" \/>\n<meta property=\"product:availability\" content=\"available for order\" \/>\n<meta property=\"product:condition\" content=\"new\" \/>\n<meta name=\"geo.placename\" content=\"Vantaa\" \/>\n<meta name=\"geo.position\" content=\"60.28431;24.81654\" \/>\n<meta name=\"geo.region\" content=\"Suomi\" \/>\n<!-- \/ Yoast SEO Premium plugin. -->","yoast_head_json":{"title":"Kipsilevyruuvi tiuhakierre porak\u00e4rki PL-TR Index | JV Tuonti","description":"Kipsilevyruuvi PL-TR tiuhakierre porak\u00e4rki, PH2, fosfatoitu. Itseporautuva k\u00e4rki sallii kiinnitt\u00e4misen metalliin ilman porausta.","robots":{"index":"index","follow":"follow","max-snippet":"max-snippet:-1","max-image-preview":"max-image-preview:large","max-video-preview":"max-video-preview:-1"},"canonical":"https:\/\/hotelli03.domainhotelli.fi\/~lsdoecli\/tuote\/kipsilevyruuvi-pl-tr-tiuhakierre-porakarki\/","og_locale":"fi_FI","og_type":"article","og_title":"Kipsilevyruuvi PL-TR tiuhakierre porak\u00e4rki","og_description":"Kipsilevyruuvi PL-TR tiuhakierre porak\u00e4rki, PH2, fosfatoitu. Itseporautuva k\u00e4rki sallii kiinnitt\u00e4misen metalliin ilman porausta.","og_url":"https:\/\/hotelli03.domainhotelli.fi\/~lsdoecli\/tuote\/kipsilevyruuvi-pl-tr-tiuhakierre-porakarki\/","og_site_name":"JV Tuonti","article_publisher":"https:\/\/www.facebook.com\/JVTuontiOy","article_modified_time":"2021-08-13T10:21:59+00:00","og_image":[{"width":1200,"height":1200,"url":"https:\/\/hotelli03.domainhotelli.fi\/~lsdoecli\/wp-content\/uploads\/2021\/05\/PL-TR.jpg","type":"image\/jpeg"}],"twitter_card":"summary_large_image","twitter_misc":{"Availability":"On backorder"},"schema":{"@context":"https:\/\/schema.org","@graph":[{"@type":["Organization","Place","WholesaleStore"],"@id":"https:\/\/hotelli03.domainhotelli.fi\/~lsdoecli\/#organization","name":"JV Tuonti Oy","url":"https:\/\/hotelli03.domainhotelli.fi\/~lsdoecli\/","sameAs":["https:\/\/instagram.com\/jvtuontioy?utm_medium=copy_link","https:\/\/www.facebook.com\/JVTuontiOy"],"logo":{"@id":"https:\/\/hotelli03.domainhotelli.fi\/~lsdoecli\/tuote\/kipsilevyruuvi-pl-tr-tiuhakierre-porakarki\/#local-main-organization-logo"},"image":{"@id":"https:\/\/hotelli03.domainhotelli.fi\/~lsdoecli\/tuote\/kipsilevyruuvi-pl-tr-tiuhakierre-porakarki\/#local-main-organization-logo"},"address":{"@id":"https:\/\/hotelli03.domainhotelli.fi\/~lsdoecli\/tuote\/kipsilevyruuvi-pl-tr-tiuhakierre-porakarki\/#local-main-place-address"},"geo":{"@type":"GeoCoordinates","latitude":"60.28431","longitude":"24.81654"},"telephone":["0408369980"],"openingHoursSpecification":[{"@type":"OpeningHoursSpecification","dayOfWeek":["Monday","Tuesday","Wednesday","Thursday","Friday"],"opens":"08:00","closes":"16:00"},{"@type":"OpeningHoursSpecification","dayOfWeek":["Saturday","Sunday"],"opens":"00:00","closes":"00:00"}],"email":"myynti@hotelli03.domainhotelli.fi","areaServed":"Suomi, Ruotsi","vatID":"FI30178387","priceRange":"$$","currenciesAccepted":"\u20ac","paymentAccepted":"Lasku, pankkikortti"},{"@type":"WebSite","@id":"https:\/\/hotelli03.domainhotelli.fi\/~lsdoecli\/#website","url":"https:\/\/hotelli03.domainhotelli.fi\/~lsdoecli\/","name":"JV Tuonti","description":"JV Tuonti Oy:n verkkokauppa","publisher":{"@id":"https:\/\/hotelli03.domainhotelli.fi\/~lsdoecli\/#organization"},"potentialAction":[{"@type":"SearchAction","target":{"@type":"EntryPoint","urlTemplate":"https:\/\/hotelli03.domainhotelli.fi\/~lsdoecli\/?s={search_term_string}"},"query-input":"required name=search_term_string"}],"inLanguage":"fi"},{"@type":"ImageObject","inLanguage":"fi","@id":"https:\/\/hotelli03.domainhotelli.fi\/~lsdoecli\/tuote\/kipsilevyruuvi-pl-tr-tiuhakierre-porakarki\/#primaryimage","url":"https:\/\/hotelli03.domainhotelli.fi\/~lsdoecli\/wp-content\/uploads\/2021\/05\/PL-TR.jpg","contentUrl":"https:\/\/hotelli03.domainhotelli.fi\/~lsdoecli\/wp-content\/uploads\/2021\/05\/PL-TR.jpg","width":1200,"height":1200,"caption":"Kipsilevyruuvi PL-TR tiuhakierre porak\u00e4rki"},{"@type":"WebPage","@id":"https:\/\/hotelli03.domainhotelli.fi\/~lsdoecli\/tuote\/kipsilevyruuvi-pl-tr-tiuhakierre-porakarki\/","url":"https:\/\/hotelli03.domainhotelli.fi\/~lsdoecli\/tuote\/kipsilevyruuvi-pl-tr-tiuhakierre-porakarki\/","name":"Kipsilevyruuvi tiuhakierre porak\u00e4rki PL-TR Index | JV Tuonti","isPartOf":{"@id":"https:\/\/hotelli03.domainhotelli.fi\/~lsdoecli\/#website"},"primaryImageOfPage":{"@id":"https:\/\/hotelli03.domainhotelli.fi\/~lsdoecli\/tuote\/kipsilevyruuvi-pl-tr-tiuhakierre-porakarki\/#primaryimage"},"datePublished":"2021-04-27T10:36:47+00:00","dateModified":"2021-08-13T10:21:59+00:00","description":"Kipsilevyruuvi PL-TR tiuhakierre porak\u00e4rki, PH2, fosfatoitu. Itseporautuva k\u00e4rki sallii kiinnitt\u00e4misen metalliin ilman porausta.","breadcrumb":{"@id":"https:\/\/hotelli03.domainhotelli.fi\/~lsdoecli\/tuote\/kipsilevyruuvi-pl-tr-tiuhakierre-porakarki\/#breadcrumb"},"inLanguage":"fi","potentialAction":[{"@type":"ReadAction","target":["https:\/\/hotelli03.domainhotelli.fi\/~lsdoecli\/tuote\/kipsilevyruuvi-pl-tr-tiuhakierre-porakarki\/"]}]},{"@type":"BreadcrumbList","@id":"https:\/\/hotelli03.domainhotelli.fi\/~lsdoecli\/tuote\/kipsilevyruuvi-pl-tr-tiuhakierre-porakarki\/#breadcrumb","itemListElement":[{"@type":"ListItem","position":1,"name":"Etusivu","item":"https:\/\/hotelli03.domainhotelli.fi\/~lsdoecli\/"},{"@type":"ListItem","position":2,"name":"Kauppa","item":"https:\/\/hotelli03.domainhotelli.fi\/~lsdoecli\/kauppa\/"},{"@type":"ListItem","position":3,"name":"Kipsilevyruuvi PL-TR tiuhakierre porak\u00e4rki"}]},{"@type":"PostalAddress","@id":"https:\/\/hotelli03.domainhotelli.fi\/~lsdoecli\/tuote\/kipsilevyruuvi-pl-tr-tiuhakierre-porakarki\/#local-main-place-address","streetAddress":"Pyymosantie 5a","addressLocality":"Vantaa","postalCode":"01720","addressCountry":"FI"},{"@type":"ImageObject","inLanguage":"fi","@id":"https:\/\/hotelli03.domainhotelli.fi\/~lsdoecli\/tuote\/kipsilevyruuvi-pl-tr-tiuhakierre-porakarki\/#local-main-organization-logo","url":"https:\/\/hotelli03.domainhotelli.fi\/~lsdoecli\/wp-content\/uploads\/2021\/08\/JVTuonti_logo_nelio.jpg","contentUrl":"https:\/\/hotelli03.domainhotelli.fi\/~lsdoecli\/wp-content\/uploads\/2021\/08\/JVTuonti_logo_nelio.jpg","width":550,"height":550,"caption":"JV Tuonti Oy"}]},"og_availability":"backorder","product_availability":"available for order","product_condition":"new","geo.placename":"Vantaa","geo.position":{"lat":"60.28431","long":"24.81654"},"geo.region":"Suomi"},"_links":{"self":[{"href":"https:\/\/hotelli03.domainhotelli.fi\/~lsdoecli\/wp-json\/wp\/v2\/product\/3451"}],"collection":[{"href":"https:\/\/hotelli03.domainhotelli.fi\/~lsdoecli\/wp-json\/wp\/v2\/product"}],"about":[{"href":"https:\/\/hotelli03.domainhotelli.fi\/~lsdoecli\/wp-json\/wp\/v2\/types\/product"}],"replies":[{"embeddable":true,"href":"https:\/\/hotelli03.domainhotelli.fi\/~lsdoecli\/wp-json\/wp\/v2\/comments?post=3451"}],"wp:featuredmedia":[{"embeddable":true,"href":"https:\/\/hotelli03.domainhotelli.fi\/~lsdoecli\/wp-json\/wp\/v2\/media\/4719"}],"wp:attachment":[{"href":"https:\/\/hotelli03.domainhotelli.fi\/~lsdoecli\/wp-json\/wp\/v2\/media?parent=3451"}],"wp:term":[{"taxonomy":"product_cat","embeddable":true,"href":"https:\/\/hotelli03.domainhotelli.fi\/~lsdoecli\/wp-json\/wp\/v2\/product_cat?post=3451"},{"taxonomy":"product_tag","embeddable":true,"href":"https:\/\/hotelli03.domainhotelli.fi\/~lsdoecli\/wp-json\/wp\/v2\/product_tag?post=3451"}],"curies":[{"name":"wp","href":"https:\/\/api.w.org\/{rel}","templated":true}]}}