{"id":3381,"date":"2021-04-27T09:56:08","date_gmt":"2021-04-27T09:56:08","guid":{"rendered":"https:\/\/hotelli03.domainhotelli.fi\/~lsdoecli\/woocommerce\/?post_type=product&#038;p=3381"},"modified":"2022-05-18T13:28:51","modified_gmt":"2022-05-18T13:28:51","slug":"yleisruuvi-tp-to-uppokanta-useita-eri-kokoja","status":"publish","type":"product","link":"https:\/\/hotelli03.domainhotelli.fi\/~lsdoecli\/tuote\/yleisruuvi-tp-to-uppokanta-useita-eri-kokoja\/","title":{"rendered":"Yleisruuvi TP-TO uppokanta, useita eri kokoja"},"content":{"rendered":"<h1>Yleisruuvi keltapassivoitu TP-TO uppokanta, useita eri kokoja.<\/h1>\n<p id=\"tw-target-text\" class=\"tw-data-text tw-text-large XcVN5d tw-ta\" dir=\"ltr\" data-placeholder=\"K\u00e4\u00e4nn\u00f6s\"><span class=\"Y2IQFc\" lang=\"fi\">Soveltuu k\u00e4ytett\u00e4v\u00e4ksi: <\/span><\/p>\n<ul>\n<li class=\"tw-data-text tw-text-large XcVN5d tw-ta\" dir=\"ltr\" data-placeholder=\"K\u00e4\u00e4nn\u00f6s\"><span class=\"Y2IQFc\" lang=\"fi\">Metalli kiinnikkeiden kiinnitt\u00e4miseen puuhun.\u00a0<\/span><\/li>\n<li class=\"tw-data-text tw-text-large XcVN5d tw-ta\" dir=\"ltr\" data-placeholder=\"K\u00e4\u00e4nn\u00f6s\"><span class=\"Y2IQFc\" lang=\"fi\"> Puun kiinnitt\u00e4minen puuhun. <\/span><\/li>\n<li class=\"tw-data-text tw-text-large XcVN5d tw-ta\" dir=\"ltr\" data-placeholder=\"K\u00e4\u00e4nn\u00f6s\">Hexalobular ISO 10664 (Tx) -ura mahdollistaa suuremman v\u00e4\u00e4nt\u00f6momentin kuin Pz.<\/li>\n<\/ul>\n<p>&nbsp;<\/p>\n<table width=\"278\">\n<tbody>\n<tr>\n<td width=\"121\">Mitat<\/td>\n<td width=\"157\"><\/td>\n<\/tr>\n<tr>\n<td><\/td>\n<td><\/td>\n<\/tr>\n<tr>\n<td>3 x 25<\/td>\n<td width=\"157\">K\u00e4rki: T10<\/td>\n<\/tr>\n<tr>\n<td>3 x 30<\/td>\n<td width=\"157\">K\u00e4rki: T10<\/td>\n<\/tr>\n<tr>\n<td>3,5 x 15<\/td>\n<td width=\"157\">K\u00e4rki: T15<\/td>\n<\/tr>\n<tr>\n<td>3,5 x 17<\/td>\n<td width=\"157\">K\u00e4rki: T15<\/td>\n<\/tr>\n<tr>\n<td>3,5 x 20<\/td>\n<td width=\"157\">K\u00e4rki: T15<\/td>\n<\/tr>\n<tr>\n<td>3,5 x 25<\/td>\n<td width=\"157\">K\u00e4rki: T15<\/td>\n<\/tr>\n<tr>\n<td>3,5 x 30<\/td>\n<td width=\"157\">K\u00e4rki:\u00a0T15<\/td>\n<\/tr>\n<tr>\n<td>3,5 x 40<\/td>\n<td width=\"157\">K\u00e4rki:T15<\/td>\n<\/tr>\n<tr>\n<td>3,5 x 50<\/td>\n<td width=\"157\">K\u00e4rki: T15<\/td>\n<\/tr>\n<tr>\n<td>4 x 20<\/td>\n<td width=\"157\">K\u00e4rki: T20<\/td>\n<\/tr>\n<tr>\n<td>4 x 25<\/td>\n<td width=\"157\">K\u00e4rki: T20<\/td>\n<\/tr>\n<tr>\n<td>4 x 30<\/td>\n<td width=\"157\">K\u00e4rki: T20<\/td>\n<\/tr>\n<tr>\n<td>4 x 35<\/td>\n<td width=\"157\">K\u00e4rki: T20<\/td>\n<\/tr>\n<tr>\n<td>4 x 40<\/td>\n<td width=\"157\">K\u00e4rki: T20<\/td>\n<\/tr>\n<tr>\n<td>4 x 45<\/td>\n<td width=\"157\">K\u00e4rki: T20<\/td>\n<\/tr>\n<tr>\n<td>4 x 50<\/td>\n<td width=\"157\">K\u00e4rki: T20<\/td>\n<\/tr>\n<tr>\n<td>4 x 60<\/td>\n<td width=\"157\">K\u00e4rki: T20<\/td>\n<\/tr>\n<tr>\n<td>4 x 70<\/td>\n<td width=\"157\">K\u00e4rki: T20<\/td>\n<\/tr>\n<tr>\n<td>4,5 x 30<\/td>\n<td width=\"157\">K\u00e4rki: T20<\/td>\n<\/tr>\n<tr>\n<td>4,5 x 35<\/td>\n<td width=\"157\">K\u00e4rki: T20<\/td>\n<\/tr>\n<tr>\n<td>4,5 x 40<\/td>\n<td width=\"157\">K\u00e4rki: T20<\/td>\n<\/tr>\n<tr>\n<td>4,5 x 45<\/td>\n<td width=\"157\">K\u00e4rki: T20<\/td>\n<\/tr>\n<tr>\n<td>4,5 x 50<\/td>\n<td width=\"157\">K\u00e4rki: T20<\/td>\n<\/tr>\n<tr>\n<td>4,5 x 60<\/td>\n<td width=\"157\">K\u00e4rki: T20<\/td>\n<\/tr>\n<tr>\n<td>4,5 x 70<\/td>\n<td width=\"157\">K\u00e4rki: T20<\/td>\n<\/tr>\n<tr>\n<td>5 x 30<\/td>\n<td width=\"157\">K\u00e4rki: T25<\/td>\n<\/tr>\n<tr>\n<td>5 x 35<\/td>\n<td width=\"157\">K\u00e4rki: T25<\/td>\n<\/tr>\n<tr>\n<td>5 x 40<\/td>\n<td width=\"157\">K\u00e4rki: T25<\/td>\n<\/tr>\n<tr>\n<td>5 x 45<\/td>\n<td width=\"157\">K\u00e4rki: T25<\/td>\n<\/tr>\n<tr>\n<td>5 x 50<\/td>\n<td width=\"157\">K\u00e4rki: T25<\/td>\n<\/tr>\n<tr>\n<td>5 x 60<\/td>\n<td width=\"157\">K\u00e4rki: T25<\/td>\n<\/tr>\n<tr>\n<td>5 x 70<\/td>\n<td width=\"157\">K\u00e4rki: T25<\/td>\n<\/tr>\n<tr>\n<td>5 x 80<\/td>\n<td width=\"157\">K\u00e4rki: T25<\/td>\n<\/tr>\n<tr>\n<td>5 x 90<\/td>\n<td width=\"157\">K\u00e4rki: T25<\/td>\n<\/tr>\n<tr>\n<td>5 x 100<\/td>\n<td width=\"157\">K\u00e4rki: T25<\/td>\n<\/tr>\n<tr>\n<td>5 x 120<\/td>\n<td width=\"157\">K\u00e4rki: T25<\/td>\n<\/tr>\n<tr>\n<td>6 x 60<\/td>\n<td width=\"157\">K\u00e4rki: T30<\/td>\n<\/tr>\n<tr>\n<td>6 x 70<\/td>\n<td width=\"157\">K\u00e4rki: T30<\/td>\n<\/tr>\n<tr>\n<td>6 x 80<\/td>\n<td width=\"157\">K\u00e4rki: T30<\/td>\n<\/tr>\n<tr>\n<td>6 x 90<\/td>\n<td width=\"157\">K\u00e4rki: T30<\/td>\n<\/tr>\n<tr>\n<td>6 x 100<\/td>\n<td width=\"157\">K\u00e4rki: T30<\/td>\n<\/tr>\n<tr>\n<td>6 x 110<\/td>\n<td width=\"157\">K\u00e4rki: T30<\/td>\n<\/tr>\n<tr>\n<td>6 x 120<\/td>\n<td width=\"157\">K\u00e4rki: T30<\/td>\n<\/tr>\n<tr>\n<td>6 x 130<\/td>\n<td width=\"157\">K\u00e4rki: T30<\/td>\n<\/tr>\n<tr>\n<td>6 x 140<\/td>\n<td width=\"157\">K\u00e4rki: T30<\/td>\n<\/tr>\n<tr>\n<td>6 x 150<\/td>\n<td width=\"157\">K\u00e4rki: T30<\/td>\n<\/tr>\n<tr>\n<td>6 x 160<\/td>\n<td width=\"157\">K\u00e4rki: T30<\/td>\n<\/tr>\n<tr>\n<td>6 x 180<\/td>\n<td width=\"157\">K\u00e4rki: T30<\/td>\n<\/tr>\n<tr>\n<td>6 x 200<\/td>\n<td width=\"157\">Yleisruuvi keltapassivoitu T30<\/td>\n<\/tr>\n<tr>\n<td>6 x 220<\/td>\n<td width=\"157\">Yleisruuvi keltapassivoitu T30<\/td>\n<\/tr>\n<tr>\n<td><\/td>\n<td width=\"157\"><\/td>\n<\/tr>\n<tr>\n<td><\/td>\n<td width=\"157\"><\/td>\n<\/tr>\n<\/tbody>\n<\/table>\n<p>&nbsp;<\/p>\n<p>Katso my\u00f6s muut kiinnikkeet ja ruuvit <a href=\"https:\/\/hotelli03.domainhotelli.fi\/~lsdoecli\/tuote-osasto\/rakennustarvikkeet\/kiinnikkeet-ja-ruuvit\/\">t\u00e4st\u00e4!<\/a><\/p>\n","protected":false},"excerpt":{"rendered":"<p>Yleisruuvi TP-TO keltapassivoitu, uppokanta.<\/p>\n<p id=\"tw-target-text\" class=\"tw-data-text tw-text-large XcVN5d tw-ta\" dir=\"ltr\" data-placeholder=\"K\u00e4\u00e4nn\u00f6s\"><span class=\"Y2IQFc\" lang=\"fi\">Soveltuu k\u00e4ytett\u00e4v\u00e4ksi: <\/span><\/p>\n<ul>\n<li class=\"tw-data-text tw-text-large XcVN5d tw-ta\" dir=\"ltr\" data-placeholder=\"K\u00e4\u00e4nn\u00f6s\"><span class=\"Y2IQFc\" lang=\"fi\">Metallin kiinnitt\u00e4miseen puuhun.\u00a0<\/span><\/li>\n<li class=\"tw-data-text tw-text-large XcVN5d tw-ta\" dir=\"ltr\" data-placeholder=\"K\u00e4\u00e4nn\u00f6s\"><span class=\"Y2IQFc\" lang=\"fi\"> Puun kiinnitt\u00e4minen puuhun.<\/span><\/li>\n<\/ul>\n<p><a href=\"https:\/\/hotelli03.domainhotelli.fi\/~lsdoecli\/wp-content\/uploads\/2021\/04\/TP-TO_CE.jpeg\"><img loading=\"lazy\" class=\"alignnone wp-image-3436\" src=\"https:\/\/hotelli03.domainhotelli.fi\/~lsdoecli\/wp-content\/uploads\/2021\/04\/TP-TO_CE-300x211.jpeg\" alt=\"\" width=\"218\" height=\"153\" \/><\/a><\/p>\n","protected":false},"featured_media":4753,"comment_status":"open","ping_status":"closed","template":"","meta":[],"product_cat":[166],"product_tag":[297,296,294,295],"yoast_head":"<!-- This site is optimized with the Yoast SEO Premium plugin v18.9 (Yoast SEO v19.3) - https:\/\/yoast.com\/wordpress\/plugins\/seo\/ -->\n<title>Yleisruuvi TP-TO uppokanta, useita eri kokoja | Nopea toimitus | JV Tuonti<\/title>\n<meta name=\"description\" content=\"Yleisruuvi TP-TO keltapassivoitu, uppokanta. Soveltuu k\u00e4ytett\u00e4v\u00e4ksi:     Metallin kiinnitt\u00e4miseen puuhun.\u00a0   Puun kiinnitt\u00e4minen puuhun.\" \/>\n<meta name=\"robots\" content=\"index, follow, max-snippet:-1, max-image-preview:large, max-video-preview:-1\" \/>\n<link rel=\"canonical\" href=\"https:\/\/hotelli03.domainhotelli.fi\/~lsdoecli\/tuote\/yleisruuvi-tp-to-uppokanta-useita-eri-kokoja\/\" \/>\n<meta property=\"og:locale\" content=\"fi_FI\" \/>\n<meta property=\"og:type\" content=\"article\" \/>\n<meta property=\"og:title\" content=\"Yleisruuvi TP-TO uppokanta, useita eri kokoja\" \/>\n<meta property=\"og:description\" content=\"Yleisruuvi TP-TO keltapassivoitu, uppokanta. Soveltuu k\u00e4ytett\u00e4v\u00e4ksi:     Metallin kiinnitt\u00e4miseen puuhun.\u00a0   Puun kiinnitt\u00e4minen puuhun.\" \/>\n<meta property=\"og:url\" content=\"https:\/\/hotelli03.domainhotelli.fi\/~lsdoecli\/tuote\/yleisruuvi-tp-to-uppokanta-useita-eri-kokoja\/\" \/>\n<meta property=\"og:site_name\" content=\"JV Tuonti\" \/>\n<meta property=\"article:publisher\" content=\"https:\/\/www.facebook.com\/JVTuontiOy\" \/>\n<meta property=\"article:modified_time\" content=\"2022-05-18T13:28:51+00:00\" \/>\n<meta property=\"og:image\" content=\"https:\/\/hotelli03.domainhotelli.fi\/~lsdoecli\/wp-content\/uploads\/2021\/05\/TP-TO.jpg\" \/>\n\t<meta property=\"og:image:width\" content=\"1200\" \/>\n\t<meta property=\"og:image:height\" content=\"1200\" \/>\n\t<meta property=\"og:image:type\" content=\"image\/jpeg\" \/>\n<meta name=\"twitter:card\" content=\"summary_large_image\" \/>\n<meta name=\"twitter:label1\" content=\"Availability\" \/>\n\t<meta name=\"twitter:data1\" content=\"In stock\" \/>\n<script type=\"application\/ld+json\" class=\"yoast-schema-graph\">{\"@context\":\"https:\/\/schema.org\",\"@graph\":[{\"@type\":[\"Organization\",\"Place\",\"WholesaleStore\"],\"@id\":\"https:\/\/hotelli03.domainhotelli.fi\/~lsdoecli\/#organization\",\"name\":\"JV Tuonti Oy\",\"url\":\"https:\/\/hotelli03.domainhotelli.fi\/~lsdoecli\/\",\"sameAs\":[\"https:\/\/instagram.com\/jvtuontioy?utm_medium=copy_link\",\"https:\/\/www.facebook.com\/JVTuontiOy\"],\"logo\":{\"@id\":\"https:\/\/hotelli03.domainhotelli.fi\/~lsdoecli\/tuote\/yleisruuvi-tp-to-uppokanta-useita-eri-kokoja\/#local-main-organization-logo\"},\"image\":{\"@id\":\"https:\/\/hotelli03.domainhotelli.fi\/~lsdoecli\/tuote\/yleisruuvi-tp-to-uppokanta-useita-eri-kokoja\/#local-main-organization-logo\"},\"address\":{\"@id\":\"https:\/\/hotelli03.domainhotelli.fi\/~lsdoecli\/tuote\/yleisruuvi-tp-to-uppokanta-useita-eri-kokoja\/#local-main-place-address\"},\"geo\":{\"@type\":\"GeoCoordinates\",\"latitude\":\"60.28431\",\"longitude\":\"24.81654\"},\"telephone\":[\"0408369980\"],\"openingHoursSpecification\":[{\"@type\":\"OpeningHoursSpecification\",\"dayOfWeek\":[\"Monday\",\"Tuesday\",\"Wednesday\",\"Thursday\",\"Friday\"],\"opens\":\"08:00\",\"closes\":\"16:00\"},{\"@type\":\"OpeningHoursSpecification\",\"dayOfWeek\":[\"Saturday\",\"Sunday\"],\"opens\":\"00:00\",\"closes\":\"00:00\"}],\"email\":\"myynti@hotelli03.domainhotelli.fi\",\"areaServed\":\"Suomi, Ruotsi\",\"vatID\":\"FI30178387\",\"priceRange\":\"$$\",\"currenciesAccepted\":\"\u20ac\",\"paymentAccepted\":\"Lasku, pankkikortti\"},{\"@type\":\"WebSite\",\"@id\":\"https:\/\/hotelli03.domainhotelli.fi\/~lsdoecli\/#website\",\"url\":\"https:\/\/hotelli03.domainhotelli.fi\/~lsdoecli\/\",\"name\":\"JV Tuonti\",\"description\":\"JV Tuonti Oy:n verkkokauppa\",\"publisher\":{\"@id\":\"https:\/\/hotelli03.domainhotelli.fi\/~lsdoecli\/#organization\"},\"potentialAction\":[{\"@type\":\"SearchAction\",\"target\":{\"@type\":\"EntryPoint\",\"urlTemplate\":\"https:\/\/hotelli03.domainhotelli.fi\/~lsdoecli\/?s={search_term_string}\"},\"query-input\":\"required name=search_term_string\"}],\"inLanguage\":\"fi\"},{\"@type\":\"ImageObject\",\"inLanguage\":\"fi\",\"@id\":\"https:\/\/hotelli03.domainhotelli.fi\/~lsdoecli\/tuote\/yleisruuvi-tp-to-uppokanta-useita-eri-kokoja\/#primaryimage\",\"url\":\"https:\/\/hotelli03.domainhotelli.fi\/~lsdoecli\/wp-content\/uploads\/2021\/05\/TP-TO.jpg\",\"contentUrl\":\"https:\/\/hotelli03.domainhotelli.fi\/~lsdoecli\/wp-content\/uploads\/2021\/05\/TP-TO.jpg\",\"width\":1200,\"height\":1200,\"caption\":\"Yleisruuvi TP-TO\"},{\"@type\":\"WebPage\",\"@id\":\"https:\/\/hotelli03.domainhotelli.fi\/~lsdoecli\/tuote\/yleisruuvi-tp-to-uppokanta-useita-eri-kokoja\/\",\"url\":\"https:\/\/hotelli03.domainhotelli.fi\/~lsdoecli\/tuote\/yleisruuvi-tp-to-uppokanta-useita-eri-kokoja\/\",\"name\":\"Yleisruuvi TP-TO uppokanta, useita eri kokoja | Nopea toimitus | JV Tuonti\",\"isPartOf\":{\"@id\":\"https:\/\/hotelli03.domainhotelli.fi\/~lsdoecli\/#website\"},\"primaryImageOfPage\":{\"@id\":\"https:\/\/hotelli03.domainhotelli.fi\/~lsdoecli\/tuote\/yleisruuvi-tp-to-uppokanta-useita-eri-kokoja\/#primaryimage\"},\"datePublished\":\"2021-04-27T09:56:08+00:00\",\"dateModified\":\"2022-05-18T13:28:51+00:00\",\"description\":\"Yleisruuvi TP-TO keltapassivoitu, uppokanta. Soveltuu k\u00e4ytett\u00e4v\u00e4ksi: Metallin kiinnitt\u00e4miseen puuhun.\u00a0 Puun kiinnitt\u00e4minen puuhun.\",\"breadcrumb\":{\"@id\":\"https:\/\/hotelli03.domainhotelli.fi\/~lsdoecli\/tuote\/yleisruuvi-tp-to-uppokanta-useita-eri-kokoja\/#breadcrumb\"},\"inLanguage\":\"fi\",\"potentialAction\":[{\"@type\":\"ReadAction\",\"target\":[\"https:\/\/hotelli03.domainhotelli.fi\/~lsdoecli\/tuote\/yleisruuvi-tp-to-uppokanta-useita-eri-kokoja\/\"]}]},{\"@type\":\"BreadcrumbList\",\"@id\":\"https:\/\/hotelli03.domainhotelli.fi\/~lsdoecli\/tuote\/yleisruuvi-tp-to-uppokanta-useita-eri-kokoja\/#breadcrumb\",\"itemListElement\":[{\"@type\":\"ListItem\",\"position\":1,\"name\":\"Etusivu\",\"item\":\"https:\/\/hotelli03.domainhotelli.fi\/~lsdoecli\/\"},{\"@type\":\"ListItem\",\"position\":2,\"name\":\"Kauppa\",\"item\":\"https:\/\/hotelli03.domainhotelli.fi\/~lsdoecli\/kauppa\/\"},{\"@type\":\"ListItem\",\"position\":3,\"name\":\"Yleisruuvi TP-TO uppokanta, useita eri kokoja\"}]},{\"@type\":\"PostalAddress\",\"@id\":\"https:\/\/hotelli03.domainhotelli.fi\/~lsdoecli\/tuote\/yleisruuvi-tp-to-uppokanta-useita-eri-kokoja\/#local-main-place-address\",\"streetAddress\":\"Pyymosantie 5a\",\"addressLocality\":\"Vantaa\",\"postalCode\":\"01720\",\"addressCountry\":\"FI\"},{\"@type\":\"ImageObject\",\"inLanguage\":\"fi\",\"@id\":\"https:\/\/hotelli03.domainhotelli.fi\/~lsdoecli\/tuote\/yleisruuvi-tp-to-uppokanta-useita-eri-kokoja\/#local-main-organization-logo\",\"url\":\"https:\/\/hotelli03.domainhotelli.fi\/~lsdoecli\/wp-content\/uploads\/2021\/08\/JVTuonti_logo_nelio.jpg\",\"contentUrl\":\"https:\/\/hotelli03.domainhotelli.fi\/~lsdoecli\/wp-content\/uploads\/2021\/08\/JVTuonti_logo_nelio.jpg\",\"width\":550,\"height\":550,\"caption\":\"JV Tuonti Oy\"}]}<\/script>\n<meta property=\"og:availability\" content=\"instock\" \/>\n<meta property=\"product:availability\" content=\"instock\" \/>\n<meta property=\"product:condition\" content=\"new\" \/>\n<meta name=\"geo.placename\" content=\"Vantaa\" \/>\n<meta name=\"geo.position\" content=\"60.28431;24.81654\" \/>\n<meta name=\"geo.region\" content=\"Suomi\" \/>\n<!-- \/ Yoast SEO Premium plugin. -->","yoast_head_json":{"title":"Yleisruuvi TP-TO uppokanta, useita eri kokoja | Nopea toimitus | JV Tuonti","description":"Yleisruuvi TP-TO keltapassivoitu, uppokanta. Soveltuu k\u00e4ytett\u00e4v\u00e4ksi:     Metallin kiinnitt\u00e4miseen puuhun.\u00a0   Puun kiinnitt\u00e4minen puuhun.","robots":{"index":"index","follow":"follow","max-snippet":"max-snippet:-1","max-image-preview":"max-image-preview:large","max-video-preview":"max-video-preview:-1"},"canonical":"https:\/\/hotelli03.domainhotelli.fi\/~lsdoecli\/tuote\/yleisruuvi-tp-to-uppokanta-useita-eri-kokoja\/","og_locale":"fi_FI","og_type":"article","og_title":"Yleisruuvi TP-TO uppokanta, useita eri kokoja","og_description":"Yleisruuvi TP-TO keltapassivoitu, uppokanta. Soveltuu k\u00e4ytett\u00e4v\u00e4ksi:     Metallin kiinnitt\u00e4miseen puuhun.\u00a0   Puun kiinnitt\u00e4minen puuhun.","og_url":"https:\/\/hotelli03.domainhotelli.fi\/~lsdoecli\/tuote\/yleisruuvi-tp-to-uppokanta-useita-eri-kokoja\/","og_site_name":"JV Tuonti","article_publisher":"https:\/\/www.facebook.com\/JVTuontiOy","article_modified_time":"2022-05-18T13:28:51+00:00","og_image":[{"width":1200,"height":1200,"url":"https:\/\/hotelli03.domainhotelli.fi\/~lsdoecli\/wp-content\/uploads\/2021\/05\/TP-TO.jpg","type":"image\/jpeg"}],"twitter_card":"summary_large_image","twitter_misc":{"Availability":"In stock"},"schema":{"@context":"https:\/\/schema.org","@graph":[{"@type":["Organization","Place","WholesaleStore"],"@id":"https:\/\/hotelli03.domainhotelli.fi\/~lsdoecli\/#organization","name":"JV Tuonti Oy","url":"https:\/\/hotelli03.domainhotelli.fi\/~lsdoecli\/","sameAs":["https:\/\/instagram.com\/jvtuontioy?utm_medium=copy_link","https:\/\/www.facebook.com\/JVTuontiOy"],"logo":{"@id":"https:\/\/hotelli03.domainhotelli.fi\/~lsdoecli\/tuote\/yleisruuvi-tp-to-uppokanta-useita-eri-kokoja\/#local-main-organization-logo"},"image":{"@id":"https:\/\/hotelli03.domainhotelli.fi\/~lsdoecli\/tuote\/yleisruuvi-tp-to-uppokanta-useita-eri-kokoja\/#local-main-organization-logo"},"address":{"@id":"https:\/\/hotelli03.domainhotelli.fi\/~lsdoecli\/tuote\/yleisruuvi-tp-to-uppokanta-useita-eri-kokoja\/#local-main-place-address"},"geo":{"@type":"GeoCoordinates","latitude":"60.28431","longitude":"24.81654"},"telephone":["0408369980"],"openingHoursSpecification":[{"@type":"OpeningHoursSpecification","dayOfWeek":["Monday","Tuesday","Wednesday","Thursday","Friday"],"opens":"08:00","closes":"16:00"},{"@type":"OpeningHoursSpecification","dayOfWeek":["Saturday","Sunday"],"opens":"00:00","closes":"00:00"}],"email":"myynti@hotelli03.domainhotelli.fi","areaServed":"Suomi, Ruotsi","vatID":"FI30178387","priceRange":"$$","currenciesAccepted":"\u20ac","paymentAccepted":"Lasku, pankkikortti"},{"@type":"WebSite","@id":"https:\/\/hotelli03.domainhotelli.fi\/~lsdoecli\/#website","url":"https:\/\/hotelli03.domainhotelli.fi\/~lsdoecli\/","name":"JV Tuonti","description":"JV Tuonti Oy:n verkkokauppa","publisher":{"@id":"https:\/\/hotelli03.domainhotelli.fi\/~lsdoecli\/#organization"},"potentialAction":[{"@type":"SearchAction","target":{"@type":"EntryPoint","urlTemplate":"https:\/\/hotelli03.domainhotelli.fi\/~lsdoecli\/?s={search_term_string}"},"query-input":"required name=search_term_string"}],"inLanguage":"fi"},{"@type":"ImageObject","inLanguage":"fi","@id":"https:\/\/hotelli03.domainhotelli.fi\/~lsdoecli\/tuote\/yleisruuvi-tp-to-uppokanta-useita-eri-kokoja\/#primaryimage","url":"https:\/\/hotelli03.domainhotelli.fi\/~lsdoecli\/wp-content\/uploads\/2021\/05\/TP-TO.jpg","contentUrl":"https:\/\/hotelli03.domainhotelli.fi\/~lsdoecli\/wp-content\/uploads\/2021\/05\/TP-TO.jpg","width":1200,"height":1200,"caption":"Yleisruuvi TP-TO"},{"@type":"WebPage","@id":"https:\/\/hotelli03.domainhotelli.fi\/~lsdoecli\/tuote\/yleisruuvi-tp-to-uppokanta-useita-eri-kokoja\/","url":"https:\/\/hotelli03.domainhotelli.fi\/~lsdoecli\/tuote\/yleisruuvi-tp-to-uppokanta-useita-eri-kokoja\/","name":"Yleisruuvi TP-TO uppokanta, useita eri kokoja | Nopea toimitus | JV Tuonti","isPartOf":{"@id":"https:\/\/hotelli03.domainhotelli.fi\/~lsdoecli\/#website"},"primaryImageOfPage":{"@id":"https:\/\/hotelli03.domainhotelli.fi\/~lsdoecli\/tuote\/yleisruuvi-tp-to-uppokanta-useita-eri-kokoja\/#primaryimage"},"datePublished":"2021-04-27T09:56:08+00:00","dateModified":"2022-05-18T13:28:51+00:00","description":"Yleisruuvi TP-TO keltapassivoitu, uppokanta. Soveltuu k\u00e4ytett\u00e4v\u00e4ksi: Metallin kiinnitt\u00e4miseen puuhun.\u00a0 Puun kiinnitt\u00e4minen puuhun.","breadcrumb":{"@id":"https:\/\/hotelli03.domainhotelli.fi\/~lsdoecli\/tuote\/yleisruuvi-tp-to-uppokanta-useita-eri-kokoja\/#breadcrumb"},"inLanguage":"fi","potentialAction":[{"@type":"ReadAction","target":["https:\/\/hotelli03.domainhotelli.fi\/~lsdoecli\/tuote\/yleisruuvi-tp-to-uppokanta-useita-eri-kokoja\/"]}]},{"@type":"BreadcrumbList","@id":"https:\/\/hotelli03.domainhotelli.fi\/~lsdoecli\/tuote\/yleisruuvi-tp-to-uppokanta-useita-eri-kokoja\/#breadcrumb","itemListElement":[{"@type":"ListItem","position":1,"name":"Etusivu","item":"https:\/\/hotelli03.domainhotelli.fi\/~lsdoecli\/"},{"@type":"ListItem","position":2,"name":"Kauppa","item":"https:\/\/hotelli03.domainhotelli.fi\/~lsdoecli\/kauppa\/"},{"@type":"ListItem","position":3,"name":"Yleisruuvi TP-TO uppokanta, useita eri kokoja"}]},{"@type":"PostalAddress","@id":"https:\/\/hotelli03.domainhotelli.fi\/~lsdoecli\/tuote\/yleisruuvi-tp-to-uppokanta-useita-eri-kokoja\/#local-main-place-address","streetAddress":"Pyymosantie 5a","addressLocality":"Vantaa","postalCode":"01720","addressCountry":"FI"},{"@type":"ImageObject","inLanguage":"fi","@id":"https:\/\/hotelli03.domainhotelli.fi\/~lsdoecli\/tuote\/yleisruuvi-tp-to-uppokanta-useita-eri-kokoja\/#local-main-organization-logo","url":"https:\/\/hotelli03.domainhotelli.fi\/~lsdoecli\/wp-content\/uploads\/2021\/08\/JVTuonti_logo_nelio.jpg","contentUrl":"https:\/\/hotelli03.domainhotelli.fi\/~lsdoecli\/wp-content\/uploads\/2021\/08\/JVTuonti_logo_nelio.jpg","width":550,"height":550,"caption":"JV Tuonti Oy"}]},"og_availability":"instock","product_availability":"instock","product_condition":"new","geo.placename":"Vantaa","geo.position":{"lat":"60.28431","long":"24.81654"},"geo.region":"Suomi"},"_links":{"self":[{"href":"https:\/\/hotelli03.domainhotelli.fi\/~lsdoecli\/wp-json\/wp\/v2\/product\/3381"}],"collection":[{"href":"https:\/\/hotelli03.domainhotelli.fi\/~lsdoecli\/wp-json\/wp\/v2\/product"}],"about":[{"href":"https:\/\/hotelli03.domainhotelli.fi\/~lsdoecli\/wp-json\/wp\/v2\/types\/product"}],"replies":[{"embeddable":true,"href":"https:\/\/hotelli03.domainhotelli.fi\/~lsdoecli\/wp-json\/wp\/v2\/comments?post=3381"}],"wp:featuredmedia":[{"embeddable":true,"href":"https:\/\/hotelli03.domainhotelli.fi\/~lsdoecli\/wp-json\/wp\/v2\/media\/4753"}],"wp:attachment":[{"href":"https:\/\/hotelli03.domainhotelli.fi\/~lsdoecli\/wp-json\/wp\/v2\/media?parent=3381"}],"wp:term":[{"taxonomy":"product_cat","embeddable":true,"href":"https:\/\/hotelli03.domainhotelli.fi\/~lsdoecli\/wp-json\/wp\/v2\/product_cat?post=3381"},{"taxonomy":"product_tag","embeddable":true,"href":"https:\/\/hotelli03.domainhotelli.fi\/~lsdoecli\/wp-json\/wp\/v2\/product_tag?post=3381"}],"curies":[{"name":"wp","href":"https:\/\/api.w.org\/{rel}","templated":true}]}}