{"id":3320,"date":"2021-04-23T11:36:09","date_gmt":"2021-04-23T11:36:09","guid":{"rendered":"https:\/\/hotelli03.domainhotelli.fi\/~lsdoecli\/woocommerce\/?post_type=product&#038;p=3320"},"modified":"2021-09-20T08:41:13","modified_gmt":"2021-09-20T08:41:13","slug":"silikoni-homesuojattu-index-280-mm-professional-saniteetti","status":"publish","type":"product","link":"https:\/\/hotelli03.domainhotelli.fi\/~lsdoecli\/tuote\/silikoni-homesuojattu-index-280-mm-professional-saniteetti\/","title":{"rendered":"Homesuojattu silikoni Professional SI-PRS Index 280 ml"},"content":{"rendered":"<h1>Homesuojattu silikoni Professional SI-PRS suoraan verkkokaupasta<\/h1>\n<p>Homesuojattu silikoni SI-PRS Professional on saniteettisilikoni, joka on tarkoitettu kylpyhuoneen, keitti\u00f6n, kodinhoitohuoneen, wc tilan ja ulkona oleviin saumoihin ja rakoihin, jotka ovat kastuvat usein. Saniteettisilikoni sis\u00e4lt\u00e4\u00e4 ainesosia, jotka est\u00e4v\u00e4t homeen ja sienien kasvun.<\/p>\n<h2><strong>Silikoni homesuojattu Profesionnal SI-PRS tuote-ominaisuudet:<\/strong><\/h2>\n<ul>\n<li>Helppo levitt\u00e4\u00e4 ja viimeistell\u00e4<\/li>\n<li>silikoni est\u00e4\u00e4 homeen muodostumisen silikonin pinnalle homeenestoaineen ansiosta<\/li>\n<li>kest\u00e4\u00e4 UV-valoa, ei haalistu<\/li>\n<li>erinomainen kest\u00e4vyys, kest\u00e4\u00e4 ik\u00e4\u00e4ntymist\u00e4<\/li>\n<li>hyv\u00e4t mekaaniset ominaisuudet, elastinen ja joustava<\/li>\n<li>homesuojattu silikoni professional e<span class=\"Y2IQFc\" lang=\"fi\">i vapauta haitallisia aineita kovettumisen aikana, eik\u00e4 aiheuta korroosiota<\/span><\/li>\n<li>soveltuu sis\u00e4- ja ulkok\u00e4ytt\u00f6\u00f6n<\/li>\n<li>murtovenym\u00e4 20 % asti<\/li>\n<li>ei valumaj\u00e4lki\u00e4<\/li>\n<li>v\u00e4rivaihtoehdot valkoinen ja l\u00e4pin\u00e4kyv\u00e4<\/li>\n<li>erinomainen tarttuvuus erilaisiin materiaaleihin, kuten lasiin, keraamiseen, vaahtomuoviin, alumiini, betoni, tiili, kipsilevy jne.<\/li>\n<li>kest\u00e4\u00e4 erilaisia \u200b\u200bkemikaaleja ja puhdistusaineita<\/li>\n<li>kest\u00e4\u00e4 \u00e4\u00e4rimm\u00e4isi\u00e4 ilmasto-olosuhteita, sadetta ja lunta<\/li>\n<li>k\u00e4ytt\u00f6l\u00e4mp\u00f6tila: -40 \u00baC + 150 \u00baC<\/li>\n<\/ul>\n<p><b>Saniteettisilikoni homesuojattu Professional Index SI-PRS 280 ml soveltuu saumaukseen ja tiivistykseen:<\/b><\/p>\n<ul>\n<li dir=\"ltr\" data-placeholder=\"K\u00e4\u00e4nn\u00f6s\">ikkunoiden ja lasien kittaus, suihkusein\u00e4n kittaus<\/li>\n<li id=\"tw-target-text\" class=\"tw-data-text tw-text-large XcVN5d tw-ta\" dir=\"ltr\" data-placeholder=\"K\u00e4\u00e4nn\u00f6s\"><span class=\"Y2IQFc\" lang=\"fi\">kosteudelle alttiiden rakojen saumaus (ikkunalautojen raon tiivist\u00e4minen)<\/span><\/li>\n<li dir=\"ltr\" data-placeholder=\"K\u00e4\u00e4nn\u00f6s\">saumojen tiivist\u00e4miseen kylpyhuoneessa (laatta saumat, pesualtaan sauman tiivistys, wc istuimen kittaus, oven kynnyksen ja ovikarmin kittaus) ja keitti\u00f6iss\u00e4 (tiskialtaan ja p\u00f6yt\u00e4levyn raon tiivistys), joissa yleens\u00e4 hometta voi esiinty\u00e4.<\/li>\n<li dir=\"ltr\" data-placeholder=\"K\u00e4\u00e4nn\u00f6s\">erinomainen tarttuvuus seuraaville materiaaleille: betoni, tiili, puu, ter\u00e4, muovi, laatat, keraamiset materiaalit, kipsilevy, lasi, karkaistu lasi, EPS, emali<\/li>\n<\/ul>\n<h2>\u00a0Silikonin SI-PRS k\u00e4ytt\u00f6ohje<\/h2>\n<ol>\n<li>Varmista ett\u00e4 tiivistett\u00e4v\u00e4 sauman pinta on kuiva, ehj\u00e4, puhdas (pinnalla ei ole p\u00f6ly\u00e4 tai rasvaa). Poista irtonaiset ja huonosti kiinnitetyt materiaalit.<\/li>\n<li>Suojaa tarvittaessa sauman reunat maalarinteipill\u00e4. Saumasta tulee n\u00e4in siistimm\u00e4n n\u00e4k\u00f6inen ja teippi est\u00e4\u00e4 silikonin levi\u00e4misen viereisille pinnoille.<\/li>\n<li>Leikkaa patruunan p\u00e4\u00e4ss\u00e4 oleva suutin auki ja aseta patruuna <a href=\"https:\/\/hotelli03.domainhotelli.fi\/~lsdoecli\/tuote\/index-silikonipuristin-300ml-mopissi\/\">silikonipistooliin<\/a>. Leikkaa suutin siit\u00e4 kohdasta poikki, mik\u00e4 vastaa kitattavan sauman leveytt\u00e4. Leikkaa k\u00e4rki viistosti poikki. Leikkaaminen onnistuu parhaiten mattoveitsell\u00e4.<\/li>\n<li>T\u00e4yt\u00e4 tiivistett\u00e4v\u00e4 rako hitaasti ja tasaisesti silikonilla, niin ett\u00e4 siihen ei j\u00e4\u00e4 rakoja tai koloja. Sauman tiivistys tehd\u00e4\u00e4n yhten\u00e4isell\u00e4 liikkeell\u00e4.<\/li>\n<li>Paina silikoni silikonilastalla tai saumauskumilla tiivistett\u00e4v\u00e4n raon pohjalle. Viimeistele pinta sormella, j\u00e4\u00e4tel\u00f6tikulla tai saumauskumilla. Ennen viimeistely\u00e4 kastele sormi tai ty\u00f6kalu veteen johon on sekoitettu tiski ainetta.<\/li>\n<li>Poista teippi ennen silikonin kovettumista. Tuore silikoni voidaan puhdistaa pinnalta siihen sopivalla puhdistusaineella, kovettunut silikoni l\u00e4htee ainoastaan mekaanisesti poistamalla pinnasta irti.<\/li>\n<\/ol>\n<p>S\u00e4ilyt\u00e4 saniteettisilikoni kuivassa paikassa. \u00c4l\u00e4 s\u00e4ilyt\u00e4 suorassa auringonvalossa, suositeltu s\u00e4ilytysl\u00e4mp\u00f6tila on +5 oC and +25 oC. Tarkista ennen k\u00e4ytt\u00f6\u00e4 tuotteen viimeinen k\u00e4ytt\u00f6p\u00e4iv\u00e4 pakkauksesta. Silikonin s\u00e4ilyvyys on 15 kuukautta valmistusp\u00e4iv\u00e4st\u00e4.<\/p>\n<p>&nbsp;<\/p>\n<p>Silikoni homesuojattu SI-PRS on CE hyv\u00e4ksytty tuote. <a href=\"https:\/\/www.indexfix.com\/docs\/dop-siprs-en.pdf\">Lataa suoritustasoilmoitus (Dop) t\u00e4st\u00e4<\/a><\/p>\n","protected":false},"excerpt":{"rendered":"<p>Saniteettisilikoni 280ml, sis\u00e4- ja ulkok\u00e4ytt\u00f6\u00f6n, valkoinen ja l\u00e4pin\u00e4kyv\u00e4<\/p>\n<p>&nbsp;<\/p>\n<h4>Valitse v\u00e4ri alta:<\/h4>\n<p>&nbsp;<\/p>\n","protected":false},"featured_media":5445,"comment_status":"open","ping_status":"closed","template":"","meta":[],"product_cat":[261],"product_tag":[286,264,285,284,265,811,810,263],"yoast_head":"<!-- This site is optimized with the Yoast SEO Premium plugin v18.9 (Yoast SEO v19.3) - https:\/\/yoast.com\/wordpress\/plugins\/seo\/ -->\n<title>Homesuojattu silikoni Professional SI-PRS Index 280 ml JV Tuonti |<\/title>\n<meta name=\"description\" content=\"Homesuojattu silikoni Professional Index 280 ml saniteettitiloihin ja ulkok\u00e4ytt\u00f6\u00f6n. Helppo levitt\u00e4\u00e4, UV suojattu silikoni ei haalistu.\" \/>\n<meta name=\"robots\" content=\"index, follow, max-snippet:-1, max-image-preview:large, max-video-preview:-1\" \/>\n<link rel=\"canonical\" href=\"https:\/\/hotelli03.domainhotelli.fi\/~lsdoecli\/tuote\/silikoni-homesuojattu-index-280-mm-professional-saniteetti\/\" \/>\n<meta property=\"og:locale\" content=\"fi_FI\" \/>\n<meta property=\"og:type\" content=\"article\" \/>\n<meta property=\"og:title\" content=\"Homesuojattu silikoni Professional SI-PRS Index 280 ml\" \/>\n<meta property=\"og:description\" content=\"Homesuojattu silikoni Professional Index 280 ml saniteettitiloihin ja ulkok\u00e4ytt\u00f6\u00f6n. Helppo levitt\u00e4\u00e4, UV suojattu silikoni ei haalistu.\" \/>\n<meta property=\"og:url\" content=\"https:\/\/hotelli03.domainhotelli.fi\/~lsdoecli\/tuote\/silikoni-homesuojattu-index-280-mm-professional-saniteetti\/\" \/>\n<meta property=\"og:site_name\" content=\"JV Tuonti\" \/>\n<meta property=\"article:publisher\" content=\"https:\/\/www.facebook.com\/JVTuontiOy\" \/>\n<meta property=\"article:modified_time\" content=\"2021-09-20T08:41:13+00:00\" \/>\n<meta property=\"og:image\" content=\"https:\/\/hotelli03.domainhotelli.fi\/~lsdoecli\/wp-content\/uploads\/2021\/04\/Silikoni-homesuojattu-SI-PRS-280-ml-Index.png\" \/>\n\t<meta property=\"og:image:width\" content=\"320\" \/>\n\t<meta property=\"og:image:height\" content=\"480\" \/>\n\t<meta property=\"og:image:type\" content=\"image\/png\" \/>\n<meta name=\"twitter:card\" content=\"summary_large_image\" \/>\n<meta name=\"twitter:label1\" content=\"Availability\" \/>\n\t<meta name=\"twitter:data1\" content=\"In stock\" \/>\n<script type=\"application\/ld+json\" class=\"yoast-schema-graph\">{\"@context\":\"https:\/\/schema.org\",\"@graph\":[{\"@type\":[\"Organization\",\"Place\",\"WholesaleStore\"],\"@id\":\"https:\/\/hotelli03.domainhotelli.fi\/~lsdoecli\/#organization\",\"name\":\"JV Tuonti Oy\",\"url\":\"https:\/\/hotelli03.domainhotelli.fi\/~lsdoecli\/\",\"sameAs\":[\"https:\/\/instagram.com\/jvtuontioy?utm_medium=copy_link\",\"https:\/\/www.facebook.com\/JVTuontiOy\"],\"logo\":{\"@id\":\"https:\/\/hotelli03.domainhotelli.fi\/~lsdoecli\/tuote\/silikoni-homesuojattu-index-280-mm-professional-saniteetti\/#local-main-organization-logo\"},\"image\":{\"@id\":\"https:\/\/hotelli03.domainhotelli.fi\/~lsdoecli\/tuote\/silikoni-homesuojattu-index-280-mm-professional-saniteetti\/#local-main-organization-logo\"},\"address\":{\"@id\":\"https:\/\/hotelli03.domainhotelli.fi\/~lsdoecli\/tuote\/silikoni-homesuojattu-index-280-mm-professional-saniteetti\/#local-main-place-address\"},\"geo\":{\"@type\":\"GeoCoordinates\",\"latitude\":\"60.28431\",\"longitude\":\"24.81654\"},\"telephone\":[\"0408369980\"],\"openingHoursSpecification\":[{\"@type\":\"OpeningHoursSpecification\",\"dayOfWeek\":[\"Monday\",\"Tuesday\",\"Wednesday\",\"Thursday\",\"Friday\"],\"opens\":\"08:00\",\"closes\":\"16:00\"},{\"@type\":\"OpeningHoursSpecification\",\"dayOfWeek\":[\"Saturday\",\"Sunday\"],\"opens\":\"00:00\",\"closes\":\"00:00\"}],\"email\":\"myynti@hotelli03.domainhotelli.fi\",\"areaServed\":\"Suomi, Ruotsi\",\"vatID\":\"FI30178387\",\"priceRange\":\"$$\",\"currenciesAccepted\":\"\u20ac\",\"paymentAccepted\":\"Lasku, pankkikortti\"},{\"@type\":\"WebSite\",\"@id\":\"https:\/\/hotelli03.domainhotelli.fi\/~lsdoecli\/#website\",\"url\":\"https:\/\/hotelli03.domainhotelli.fi\/~lsdoecli\/\",\"name\":\"JV Tuonti\",\"description\":\"JV Tuonti Oy:n verkkokauppa\",\"publisher\":{\"@id\":\"https:\/\/hotelli03.domainhotelli.fi\/~lsdoecli\/#organization\"},\"potentialAction\":[{\"@type\":\"SearchAction\",\"target\":{\"@type\":\"EntryPoint\",\"urlTemplate\":\"https:\/\/hotelli03.domainhotelli.fi\/~lsdoecli\/?s={search_term_string}\"},\"query-input\":\"required name=search_term_string\"}],\"inLanguage\":\"fi\"},{\"@type\":\"ImageObject\",\"inLanguage\":\"fi\",\"@id\":\"https:\/\/hotelli03.domainhotelli.fi\/~lsdoecli\/tuote\/silikoni-homesuojattu-index-280-mm-professional-saniteetti\/#primaryimage\",\"url\":\"https:\/\/hotelli03.domainhotelli.fi\/~lsdoecli\/wp-content\/uploads\/2021\/04\/Silikoni-homesuojattu-SI-PRS-280-ml-Index.png\",\"contentUrl\":\"https:\/\/hotelli03.domainhotelli.fi\/~lsdoecli\/wp-content\/uploads\/2021\/04\/Silikoni-homesuojattu-SI-PRS-280-ml-Index.png\",\"width\":320,\"height\":480,\"caption\":\"Silikoni homesuojattu SI-PRS 280 ml Index valkoinen\"},{\"@type\":\"WebPage\",\"@id\":\"https:\/\/hotelli03.domainhotelli.fi\/~lsdoecli\/tuote\/silikoni-homesuojattu-index-280-mm-professional-saniteetti\/\",\"url\":\"https:\/\/hotelli03.domainhotelli.fi\/~lsdoecli\/tuote\/silikoni-homesuojattu-index-280-mm-professional-saniteetti\/\",\"name\":\"Homesuojattu silikoni Professional SI-PRS Index 280 ml JV Tuonti |\",\"isPartOf\":{\"@id\":\"https:\/\/hotelli03.domainhotelli.fi\/~lsdoecli\/#website\"},\"primaryImageOfPage\":{\"@id\":\"https:\/\/hotelli03.domainhotelli.fi\/~lsdoecli\/tuote\/silikoni-homesuojattu-index-280-mm-professional-saniteetti\/#primaryimage\"},\"datePublished\":\"2021-04-23T11:36:09+00:00\",\"dateModified\":\"2021-09-20T08:41:13+00:00\",\"description\":\"Homesuojattu silikoni Professional Index 280 ml saniteettitiloihin ja ulkok\u00e4ytt\u00f6\u00f6n. Helppo levitt\u00e4\u00e4, UV suojattu silikoni ei haalistu.\",\"breadcrumb\":{\"@id\":\"https:\/\/hotelli03.domainhotelli.fi\/~lsdoecli\/tuote\/silikoni-homesuojattu-index-280-mm-professional-saniteetti\/#breadcrumb\"},\"inLanguage\":\"fi\",\"potentialAction\":[{\"@type\":\"ReadAction\",\"target\":[\"https:\/\/hotelli03.domainhotelli.fi\/~lsdoecli\/tuote\/silikoni-homesuojattu-index-280-mm-professional-saniteetti\/\"]}]},{\"@type\":\"BreadcrumbList\",\"@id\":\"https:\/\/hotelli03.domainhotelli.fi\/~lsdoecli\/tuote\/silikoni-homesuojattu-index-280-mm-professional-saniteetti\/#breadcrumb\",\"itemListElement\":[{\"@type\":\"ListItem\",\"position\":1,\"name\":\"Etusivu\",\"item\":\"https:\/\/hotelli03.domainhotelli.fi\/~lsdoecli\/\"},{\"@type\":\"ListItem\",\"position\":2,\"name\":\"Kauppa\",\"item\":\"https:\/\/hotelli03.domainhotelli.fi\/~lsdoecli\/kauppa\/\"},{\"@type\":\"ListItem\",\"position\":3,\"name\":\"Homesuojattu silikoni Professional SI-PRS Index 280 ml\"}]},{\"@type\":\"PostalAddress\",\"@id\":\"https:\/\/hotelli03.domainhotelli.fi\/~lsdoecli\/tuote\/silikoni-homesuojattu-index-280-mm-professional-saniteetti\/#local-main-place-address\",\"streetAddress\":\"Pyymosantie 5a\",\"addressLocality\":\"Vantaa\",\"postalCode\":\"01720\",\"addressCountry\":\"FI\"},{\"@type\":\"ImageObject\",\"inLanguage\":\"fi\",\"@id\":\"https:\/\/hotelli03.domainhotelli.fi\/~lsdoecli\/tuote\/silikoni-homesuojattu-index-280-mm-professional-saniteetti\/#local-main-organization-logo\",\"url\":\"https:\/\/hotelli03.domainhotelli.fi\/~lsdoecli\/wp-content\/uploads\/2021\/08\/JVTuonti_logo_nelio.jpg\",\"contentUrl\":\"https:\/\/hotelli03.domainhotelli.fi\/~lsdoecli\/wp-content\/uploads\/2021\/08\/JVTuonti_logo_nelio.jpg\",\"width\":550,\"height\":550,\"caption\":\"JV Tuonti Oy\"}]}<\/script>\n<meta property=\"og:availability\" content=\"instock\" \/>\n<meta property=\"product:availability\" content=\"instock\" \/>\n<meta property=\"product:condition\" content=\"new\" \/>\n<meta name=\"geo.placename\" content=\"Vantaa\" \/>\n<meta name=\"geo.position\" content=\"60.28431;24.81654\" \/>\n<meta name=\"geo.region\" content=\"Suomi\" \/>\n<!-- \/ Yoast SEO Premium plugin. -->","yoast_head_json":{"title":"Homesuojattu silikoni Professional SI-PRS Index 280 ml JV Tuonti |","description":"Homesuojattu silikoni Professional Index 280 ml saniteettitiloihin ja ulkok\u00e4ytt\u00f6\u00f6n. Helppo levitt\u00e4\u00e4, UV suojattu silikoni ei haalistu.","robots":{"index":"index","follow":"follow","max-snippet":"max-snippet:-1","max-image-preview":"max-image-preview:large","max-video-preview":"max-video-preview:-1"},"canonical":"https:\/\/hotelli03.domainhotelli.fi\/~lsdoecli\/tuote\/silikoni-homesuojattu-index-280-mm-professional-saniteetti\/","og_locale":"fi_FI","og_type":"article","og_title":"Homesuojattu silikoni Professional SI-PRS Index 280 ml","og_description":"Homesuojattu silikoni Professional Index 280 ml saniteettitiloihin ja ulkok\u00e4ytt\u00f6\u00f6n. Helppo levitt\u00e4\u00e4, UV suojattu silikoni ei haalistu.","og_url":"https:\/\/hotelli03.domainhotelli.fi\/~lsdoecli\/tuote\/silikoni-homesuojattu-index-280-mm-professional-saniteetti\/","og_site_name":"JV Tuonti","article_publisher":"https:\/\/www.facebook.com\/JVTuontiOy","article_modified_time":"2021-09-20T08:41:13+00:00","og_image":[{"width":320,"height":480,"url":"https:\/\/hotelli03.domainhotelli.fi\/~lsdoecli\/wp-content\/uploads\/2021\/04\/Silikoni-homesuojattu-SI-PRS-280-ml-Index.png","type":"image\/png"}],"twitter_card":"summary_large_image","twitter_misc":{"Availability":"In stock"},"schema":{"@context":"https:\/\/schema.org","@graph":[{"@type":["Organization","Place","WholesaleStore"],"@id":"https:\/\/hotelli03.domainhotelli.fi\/~lsdoecli\/#organization","name":"JV Tuonti Oy","url":"https:\/\/hotelli03.domainhotelli.fi\/~lsdoecli\/","sameAs":["https:\/\/instagram.com\/jvtuontioy?utm_medium=copy_link","https:\/\/www.facebook.com\/JVTuontiOy"],"logo":{"@id":"https:\/\/hotelli03.domainhotelli.fi\/~lsdoecli\/tuote\/silikoni-homesuojattu-index-280-mm-professional-saniteetti\/#local-main-organization-logo"},"image":{"@id":"https:\/\/hotelli03.domainhotelli.fi\/~lsdoecli\/tuote\/silikoni-homesuojattu-index-280-mm-professional-saniteetti\/#local-main-organization-logo"},"address":{"@id":"https:\/\/hotelli03.domainhotelli.fi\/~lsdoecli\/tuote\/silikoni-homesuojattu-index-280-mm-professional-saniteetti\/#local-main-place-address"},"geo":{"@type":"GeoCoordinates","latitude":"60.28431","longitude":"24.81654"},"telephone":["0408369980"],"openingHoursSpecification":[{"@type":"OpeningHoursSpecification","dayOfWeek":["Monday","Tuesday","Wednesday","Thursday","Friday"],"opens":"08:00","closes":"16:00"},{"@type":"OpeningHoursSpecification","dayOfWeek":["Saturday","Sunday"],"opens":"00:00","closes":"00:00"}],"email":"myynti@hotelli03.domainhotelli.fi","areaServed":"Suomi, Ruotsi","vatID":"FI30178387","priceRange":"$$","currenciesAccepted":"\u20ac","paymentAccepted":"Lasku, pankkikortti"},{"@type":"WebSite","@id":"https:\/\/hotelli03.domainhotelli.fi\/~lsdoecli\/#website","url":"https:\/\/hotelli03.domainhotelli.fi\/~lsdoecli\/","name":"JV Tuonti","description":"JV Tuonti Oy:n verkkokauppa","publisher":{"@id":"https:\/\/hotelli03.domainhotelli.fi\/~lsdoecli\/#organization"},"potentialAction":[{"@type":"SearchAction","target":{"@type":"EntryPoint","urlTemplate":"https:\/\/hotelli03.domainhotelli.fi\/~lsdoecli\/?s={search_term_string}"},"query-input":"required name=search_term_string"}],"inLanguage":"fi"},{"@type":"ImageObject","inLanguage":"fi","@id":"https:\/\/hotelli03.domainhotelli.fi\/~lsdoecli\/tuote\/silikoni-homesuojattu-index-280-mm-professional-saniteetti\/#primaryimage","url":"https:\/\/hotelli03.domainhotelli.fi\/~lsdoecli\/wp-content\/uploads\/2021\/04\/Silikoni-homesuojattu-SI-PRS-280-ml-Index.png","contentUrl":"https:\/\/hotelli03.domainhotelli.fi\/~lsdoecli\/wp-content\/uploads\/2021\/04\/Silikoni-homesuojattu-SI-PRS-280-ml-Index.png","width":320,"height":480,"caption":"Silikoni homesuojattu SI-PRS 280 ml Index valkoinen"},{"@type":"WebPage","@id":"https:\/\/hotelli03.domainhotelli.fi\/~lsdoecli\/tuote\/silikoni-homesuojattu-index-280-mm-professional-saniteetti\/","url":"https:\/\/hotelli03.domainhotelli.fi\/~lsdoecli\/tuote\/silikoni-homesuojattu-index-280-mm-professional-saniteetti\/","name":"Homesuojattu silikoni Professional SI-PRS Index 280 ml JV Tuonti |","isPartOf":{"@id":"https:\/\/hotelli03.domainhotelli.fi\/~lsdoecli\/#website"},"primaryImageOfPage":{"@id":"https:\/\/hotelli03.domainhotelli.fi\/~lsdoecli\/tuote\/silikoni-homesuojattu-index-280-mm-professional-saniteetti\/#primaryimage"},"datePublished":"2021-04-23T11:36:09+00:00","dateModified":"2021-09-20T08:41:13+00:00","description":"Homesuojattu silikoni Professional Index 280 ml saniteettitiloihin ja ulkok\u00e4ytt\u00f6\u00f6n. Helppo levitt\u00e4\u00e4, UV suojattu silikoni ei haalistu.","breadcrumb":{"@id":"https:\/\/hotelli03.domainhotelli.fi\/~lsdoecli\/tuote\/silikoni-homesuojattu-index-280-mm-professional-saniteetti\/#breadcrumb"},"inLanguage":"fi","potentialAction":[{"@type":"ReadAction","target":["https:\/\/hotelli03.domainhotelli.fi\/~lsdoecli\/tuote\/silikoni-homesuojattu-index-280-mm-professional-saniteetti\/"]}]},{"@type":"BreadcrumbList","@id":"https:\/\/hotelli03.domainhotelli.fi\/~lsdoecli\/tuote\/silikoni-homesuojattu-index-280-mm-professional-saniteetti\/#breadcrumb","itemListElement":[{"@type":"ListItem","position":1,"name":"Etusivu","item":"https:\/\/hotelli03.domainhotelli.fi\/~lsdoecli\/"},{"@type":"ListItem","position":2,"name":"Kauppa","item":"https:\/\/hotelli03.domainhotelli.fi\/~lsdoecli\/kauppa\/"},{"@type":"ListItem","position":3,"name":"Homesuojattu silikoni Professional SI-PRS Index 280 ml"}]},{"@type":"PostalAddress","@id":"https:\/\/hotelli03.domainhotelli.fi\/~lsdoecli\/tuote\/silikoni-homesuojattu-index-280-mm-professional-saniteetti\/#local-main-place-address","streetAddress":"Pyymosantie 5a","addressLocality":"Vantaa","postalCode":"01720","addressCountry":"FI"},{"@type":"ImageObject","inLanguage":"fi","@id":"https:\/\/hotelli03.domainhotelli.fi\/~lsdoecli\/tuote\/silikoni-homesuojattu-index-280-mm-professional-saniteetti\/#local-main-organization-logo","url":"https:\/\/hotelli03.domainhotelli.fi\/~lsdoecli\/wp-content\/uploads\/2021\/08\/JVTuonti_logo_nelio.jpg","contentUrl":"https:\/\/hotelli03.domainhotelli.fi\/~lsdoecli\/wp-content\/uploads\/2021\/08\/JVTuonti_logo_nelio.jpg","width":550,"height":550,"caption":"JV Tuonti Oy"}]},"og_availability":"instock","product_availability":"instock","product_condition":"new","geo.placename":"Vantaa","geo.position":{"lat":"60.28431","long":"24.81654"},"geo.region":"Suomi"},"_links":{"self":[{"href":"https:\/\/hotelli03.domainhotelli.fi\/~lsdoecli\/wp-json\/wp\/v2\/product\/3320"}],"collection":[{"href":"https:\/\/hotelli03.domainhotelli.fi\/~lsdoecli\/wp-json\/wp\/v2\/product"}],"about":[{"href":"https:\/\/hotelli03.domainhotelli.fi\/~lsdoecli\/wp-json\/wp\/v2\/types\/product"}],"replies":[{"embeddable":true,"href":"https:\/\/hotelli03.domainhotelli.fi\/~lsdoecli\/wp-json\/wp\/v2\/comments?post=3320"}],"wp:featuredmedia":[{"embeddable":true,"href":"https:\/\/hotelli03.domainhotelli.fi\/~lsdoecli\/wp-json\/wp\/v2\/media\/5445"}],"wp:attachment":[{"href":"https:\/\/hotelli03.domainhotelli.fi\/~lsdoecli\/wp-json\/wp\/v2\/media?parent=3320"}],"wp:term":[{"taxonomy":"product_cat","embeddable":true,"href":"https:\/\/hotelli03.domainhotelli.fi\/~lsdoecli\/wp-json\/wp\/v2\/product_cat?post=3320"},{"taxonomy":"product_tag","embeddable":true,"href":"https:\/\/hotelli03.domainhotelli.fi\/~lsdoecli\/wp-json\/wp\/v2\/product_tag?post=3320"}],"curies":[{"name":"wp","href":"https:\/\/api.w.org\/{rel}","templated":true}]}}