{"id":3296,"date":"2021-04-23T10:35:51","date_gmt":"2021-04-23T10:35:51","guid":{"rendered":"https:\/\/hotelli03.domainhotelli.fi\/~lsdoecli\/woocommerce\/?post_type=product&#038;p=3296"},"modified":"2021-12-26T10:47:06","modified_gmt":"2021-12-26T10:47:06","slug":"musta-kertakayttomaski-10kpl-jvt","status":"publish","type":"product","link":"https:\/\/hotelli03.domainhotelli.fi\/~lsdoecli\/tuote\/musta-kertakayttomaski-10kpl-jvt\/","title":{"rendered":"Musta kertak\u00e4ytt\u00f6maski JVT 10 kpl matkoille"},"content":{"rendered":"<h1>Musta kertak\u00e4ytt\u00f6maski JTV 10 kpl matkoille<\/h1>\n<p>Musta kertak\u00e4ytt\u00f6maski JVT k\u00e4tev\u00e4ss\u00e4 10 kpl pakkaus:<\/p>\n<ul>\n<li>kolmikerroksinen kertak\u00e4ytt\u00f6inen maski<\/li>\n<li>hajuton<\/li>\n<li>ihoyst\u00e4v\u00e4llinen kangas<\/li>\n<li>s\u00e4\u00e4dett\u00e4v\u00e4 nen\u00e4tuki<\/li>\n<li>hygieninen uudelleensuljettava muovipakkaus, helppo pit\u00e4\u00e4 mukana<\/li>\n<li>suomenkielinen ja ruotsinkielinen pakkaus<\/li>\n<li>testattu suodatustehokkkus &gt; 90 %<\/li>\n<\/ul>\n<h2>Musta kertak\u00e4ytt\u00f6maski JVT suojaa muita henkil\u00f6it\u00e4 pisaratartunnalta<\/h2>\n<p>Kasvomaski est\u00e4\u00e4 pisaroiden levi\u00e4misen sis\u00e4tiloissa ja ulkotiloissa miss\u00e4 on runsaasti ihmisi\u00e4. \u00a0JVT musta kertak\u00e4ytt\u00f6maski kulkee helposti mukana lentokoneessa, julkisessa liikenteess\u00e4, ty\u00f6paikalla, tai matkustaessa.<\/p>\n<p>JVT mustan kertak\u00e4ytt\u00f6maskin 10 kpl pakkaus on pienempi, kun 50 kpl pakkauksen laatikko ja se mahtuu takin taskuun tai reppuun ja sit\u00e4 on helppo kuljettaa mukana. Pakkaus on helppo jakaa ty\u00f6ntekij\u00f6ille ja oppilaille, n\u00e4in jokaisella on omat henkil\u00f6kohtaiset maskit ja v\u00e4lt\u00e4t ristiintartuntoja.<\/p>\n<p>THL suosittelee k\u00e4ytt\u00e4m\u00e4\u00e4n maskia julkisissa tiloissa, miss\u00e4 on paljon muita ihmisi\u00e4. Lentokoneessa maskin k\u00e4ytt\u00f6 lennon aikana on pakollinen. Lue t\u00e4st\u00e4 lis\u00e4\u00e4 maskien k\u00e4yt\u00f6st\u00e4:\u00a0<a href=\"https:\/\/thl.fi\/fi\/web\/infektiotaudit-ja-rokotukset\/ajankohtaista\/ajankohtaista-koronaviruksesta-covid-19\/tarttuminen-ja-suojautuminen-koronavirus\/suositus-kasvomaskien-kaytosta-kansalaisille\">THL:n suositus kasvomaskien k\u00e4yt\u00f6st\u00e4 kansalaisille<\/a>.<\/p>\n<p>Helppok\u00e4ytt\u00f6isess\u00e4 JVT mustassa kertak\u00e4ytt\u00f6maskissa on kolme suojaavaa kerrosta ja sit\u00e4 on miellytt\u00e4v\u00e4 k\u00e4ytt\u00e4\u00e4 pienen hengitysvastuksen ansiosta. Maski on helppo pukea p\u00e4\u00e4lle ja sen saa muotoiltua hyvin erikokoisille kasvoille. JVT musta kertak\u00e4ytt\u00e4maskin suodatustehokkuus on yli 90 &gt; %.<\/p>\n<p>JVT musta kertak\u00e4ytt\u00f6maski on jokap\u00e4iv\u00e4iseen kuluttajak\u00e4ytt\u00f6\u00f6n tarkoitettu kertak\u00e4ytt\u00f6inen suu nen\u00e4suojus, joten siin\u00e4 ei vaadita CE merkint\u00e4\u00e4 kuten ammattik\u00e4ytt\u00f6\u00f6n soveltuvissa suu nen\u00e4suojuksissa.<\/p>\n<p>JVT musta kertak\u00e4ytt\u00f6maski voi lis\u00e4ksi k\u00e4ytt\u00e4\u00e4 esimerkiksi v\u00e4kijoukoissa, joissa kunnollista turvav\u00e4li\u00e4 ei voida pit\u00e4\u00e4 ja se suojaa my\u00f6s katup\u00f6lyilt\u00e4 kaupungilla liikkuessa.<\/p>\n<h2>Kertak\u00e4ytt\u00f6isen kasvomaskin k\u00e4ytt\u00f6 (est\u00e4\u00e4 p\u00e4rskeiden levi\u00e4misen)<\/h2>\n<ul>\n<li>julkinen liikenne (juna, bussi, metro, raitiovaunu, lentokone)<\/li>\n<li>asiakaspalvelu<\/li>\n<li>koulut ja oppilaitokset<\/li>\n<li>toimistot ja tehtaat<\/li>\n<li>muut sis\u00e4tilat jossa on useita henkil\u00f6it\u00e4 samanaikaisesti<\/li>\n<li>hissi<\/li>\n<li>ostoskeskukset, kaupat<\/li>\n<\/ul>\n<h2><strong>JVT mustan kertak\u00e4ytt\u00f6maskin k\u00e4ytt\u00f6ohje<\/strong><\/h2>\n<ul>\n<li>Ennen kun k\u00e4yt\u00e4t maskia, pese tai desinfoi k\u00e4det.<\/li>\n<li>Pue suusuojain kasvoille ja muotoile nen\u00e4pidikett\u00e4 k\u00e4sill\u00e4, niin ett\u00e4 maski asettuu nen\u00e4n p\u00e4\u00e4lle.<\/li>\n<li>Kasvomaskin tulee peitt\u00e4\u00e4 leuka, nen\u00e4 ja suun alueen ja asettua mahdollisellisemman tiivisti kasvoja vasten.<\/li>\n<li>Riisu JVT musta kertak\u00e4ytt\u00f6maski ottamalla korvalenkeist\u00e4 kiinni ja laita se roskiin.<\/li>\n<li>Jos maski tuntuu kostealta tai suu-nen\u00e4suojus likaantuu, vaihda uuteen.<\/li>\n<\/ul>\n<p>Kasvomaski ei suojaa k\u00e4ytt\u00e4j\u00e4\u00e4 koronavirustartunnalta, katso t\u00e4st\u00e4\u00a0<a href=\"https:\/\/hotelli03.domainhotelli.fi\/~lsdoecli\/tuote\/ffp2-luokan-hengityssuojain-sj7899-ilman-venttiilia\/\">FFP2-luokan hengityssuojain<\/a>\u00a0joka suodattaa virukset hengitysilmasta.<\/p>\n<p><strong>Musta maski JVT 10 kpl tuotetiedot<\/strong><\/p>\n<ul>\n<li>Valmistaja: JVT Premium Masks<\/li>\n<li>Malli: musta kertak\u00e4ytt\u00f6maski<\/li>\n<li>Pakkauskoko: 10 kpl<\/li>\n<li>Tukkupakkaus: 2000 kpl<\/li>\n<li>Tuotteen EAN koodi (GTIN-13) 6429810323194<\/li>\n<li>Materiaali: Kuitukangas ja meltblown kuitunkangas. Ei sis\u00e4ll\u00e4 nikkeli\u00e4 tai lateksia.<\/li>\n<\/ul>\n<p>&nbsp;<\/p>\n<p>&nbsp;<\/p>\n","protected":false},"excerpt":{"rendered":"<div class=\"short-description \">\n<ul>\n<li id=\"product_shortdescription_643954501\">musta kertak\u00e4ytt\u00f6maski 10kpl paketissa<\/li>\n<li>helppo pit\u00e4\u00e4 mukana julkisessa liikenteess\u00e4 ja matkoilla<\/li>\n<li>3-kerroksinen materiaali ja muotoiltava nen\u00e4kappale<\/li>\n<li>korvien taakse asetettavat kumilenkit<\/li>\n<li>helppo ja miellytt\u00e4v\u00e4 k\u00e4ytt\u00e4\u00e4 pienen hengitysvastuksen ansiosta.<\/li>\n<\/ul>\n<\/div>\n<div class=\"bazaarvoice-stars\">\n<div data-bv-show=\"inline_rating\" data-bv-product-id=\"643954501\" data-bv-ready=\"true\">\n<div>\n<div id=\"5dcd3215-2fa6-4685-94c6-6c7de7c41952\" class=\"bv_main_container\">\n<div class=\"bv_stars_component_container\" aria-hidden=\"true\">\n<div class=\"bv_stars_button_container\"><\/div>\n<\/div>\n<div class=\"bv_averageRating_component_container\" aria-hidden=\"true\"><\/div>\n<div class=\"bv_numReviews_component_container\" aria-hidden=\"true\"><\/div>\n<\/div>\n<\/div>\n<\/div>\n<\/div>\n","protected":false},"featured_media":3606,"comment_status":"open","ping_status":"closed","template":"","meta":[],"product_cat":[756],"product_tag":[281,788],"yoast_head":"<!-- This site is optimized with the Yoast SEO Premium plugin v18.9 (Yoast SEO v19.3) - https:\/\/yoast.com\/wordpress\/plugins\/seo\/ -->\n<title>Musta kertak\u00e4ytt\u00f6maski JVT 10 kpl matkoille | JV Tuonti<\/title>\n<meta name=\"description\" content=\"Musta kertak\u00e4ytt\u00f6maski JVT 10 kpl uudelleensuljettava pakkaus. Kulkee helposti mukana lennolla ja matkoilla. Tilaa maskit netist\u00e4!\" \/>\n<meta name=\"robots\" content=\"index, follow, max-snippet:-1, max-image-preview:large, max-video-preview:-1\" \/>\n<link rel=\"canonical\" href=\"https:\/\/hotelli03.domainhotelli.fi\/~lsdoecli\/tuote\/musta-kertakayttomaski-10kpl-jvt\/\" \/>\n<meta property=\"og:locale\" content=\"fi_FI\" \/>\n<meta property=\"og:type\" content=\"article\" \/>\n<meta property=\"og:title\" content=\"Musta kertak\u00e4ytt\u00f6maski JVT 10 kpl matkoille\" \/>\n<meta property=\"og:description\" content=\"Musta kertak\u00e4ytt\u00f6maski JVT 10 kpl uudelleensuljettava pakkaus. Kulkee helposti mukana lennolla ja matkoilla. Tilaa maskit netist\u00e4!\" \/>\n<meta property=\"og:url\" content=\"https:\/\/hotelli03.domainhotelli.fi\/~lsdoecli\/tuote\/musta-kertakayttomaski-10kpl-jvt\/\" \/>\n<meta property=\"og:site_name\" content=\"JV Tuonti\" \/>\n<meta property=\"article:publisher\" content=\"https:\/\/www.facebook.com\/JVTuontiOy\" \/>\n<meta property=\"article:modified_time\" content=\"2021-12-26T10:47:06+00:00\" \/>\n<meta property=\"og:image\" content=\"https:\/\/hotelli03.domainhotelli.fi\/~lsdoecli\/wp-content\/uploads\/2021\/04\/WhatsApp-Image-2021-04-28-at-11.57.31-1.jpeg\" \/>\n\t<meta property=\"og:image:width\" content=\"1024\" \/>\n\t<meta property=\"og:image:height\" content=\"683\" \/>\n\t<meta property=\"og:image:type\" content=\"image\/jpeg\" \/>\n<meta name=\"twitter:card\" content=\"summary_large_image\" \/>\n<meta name=\"twitter:label1\" content=\"Price\" \/>\n\t<meta name=\"twitter:data1\" content=\"1,24&nbsp;&euro; 0,99&nbsp;&euro; Alv 24%N\u00e4yt\u00e4 veroton hinta0,80&nbsp;&euro; Alv 0%N\u00e4yt\u00e4 verollinen hinta\" \/>\n\t<meta name=\"twitter:label2\" content=\"Availability\" \/>\n\t<meta name=\"twitter:data2\" content=\"In stock\" \/>\n<script type=\"application\/ld+json\" class=\"yoast-schema-graph\">{\"@context\":\"https:\/\/schema.org\",\"@graph\":[{\"@type\":[\"Organization\",\"Place\",\"WholesaleStore\"],\"@id\":\"https:\/\/hotelli03.domainhotelli.fi\/~lsdoecli\/#organization\",\"name\":\"JV Tuonti Oy\",\"url\":\"https:\/\/hotelli03.domainhotelli.fi\/~lsdoecli\/\",\"sameAs\":[\"https:\/\/instagram.com\/jvtuontioy?utm_medium=copy_link\",\"https:\/\/www.facebook.com\/JVTuontiOy\"],\"logo\":{\"@id\":\"https:\/\/hotelli03.domainhotelli.fi\/~lsdoecli\/tuote\/musta-kertakayttomaski-10kpl-jvt\/#local-main-organization-logo\"},\"image\":{\"@id\":\"https:\/\/hotelli03.domainhotelli.fi\/~lsdoecli\/tuote\/musta-kertakayttomaski-10kpl-jvt\/#local-main-organization-logo\"},\"address\":{\"@id\":\"https:\/\/hotelli03.domainhotelli.fi\/~lsdoecli\/tuote\/musta-kertakayttomaski-10kpl-jvt\/#local-main-place-address\"},\"geo\":{\"@type\":\"GeoCoordinates\",\"latitude\":\"60.28431\",\"longitude\":\"24.81654\"},\"telephone\":[\"0408369980\"],\"openingHoursSpecification\":[{\"@type\":\"OpeningHoursSpecification\",\"dayOfWeek\":[\"Monday\",\"Tuesday\",\"Wednesday\",\"Thursday\",\"Friday\"],\"opens\":\"08:00\",\"closes\":\"16:00\"},{\"@type\":\"OpeningHoursSpecification\",\"dayOfWeek\":[\"Saturday\",\"Sunday\"],\"opens\":\"00:00\",\"closes\":\"00:00\"}],\"email\":\"myynti@hotelli03.domainhotelli.fi\",\"areaServed\":\"Suomi, Ruotsi\",\"vatID\":\"FI30178387\",\"priceRange\":\"$$\",\"currenciesAccepted\":\"\u20ac\",\"paymentAccepted\":\"Lasku, pankkikortti\"},{\"@type\":\"WebSite\",\"@id\":\"https:\/\/hotelli03.domainhotelli.fi\/~lsdoecli\/#website\",\"url\":\"https:\/\/hotelli03.domainhotelli.fi\/~lsdoecli\/\",\"name\":\"JV Tuonti\",\"description\":\"JV Tuonti Oy:n verkkokauppa\",\"publisher\":{\"@id\":\"https:\/\/hotelli03.domainhotelli.fi\/~lsdoecli\/#organization\"},\"potentialAction\":[{\"@type\":\"SearchAction\",\"target\":{\"@type\":\"EntryPoint\",\"urlTemplate\":\"https:\/\/hotelli03.domainhotelli.fi\/~lsdoecli\/?s={search_term_string}\"},\"query-input\":\"required name=search_term_string\"}],\"inLanguage\":\"fi\"},{\"@type\":\"ImageObject\",\"inLanguage\":\"fi\",\"@id\":\"https:\/\/hotelli03.domainhotelli.fi\/~lsdoecli\/tuote\/musta-kertakayttomaski-10kpl-jvt\/#primaryimage\",\"url\":\"https:\/\/hotelli03.domainhotelli.fi\/~lsdoecli\/wp-content\/uploads\/2021\/04\/WhatsApp-Image-2021-04-28-at-11.57.31-1.jpeg\",\"contentUrl\":\"https:\/\/hotelli03.domainhotelli.fi\/~lsdoecli\/wp-content\/uploads\/2021\/04\/WhatsApp-Image-2021-04-28-at-11.57.31-1.jpeg\",\"width\":1024,\"height\":683,\"caption\":\"Musta kertak\u00e4ytt\u00f6maski JVT 10 kpl pakkaus\"},{\"@type\":\"WebPage\",\"@id\":\"https:\/\/hotelli03.domainhotelli.fi\/~lsdoecli\/tuote\/musta-kertakayttomaski-10kpl-jvt\/\",\"url\":\"https:\/\/hotelli03.domainhotelli.fi\/~lsdoecli\/tuote\/musta-kertakayttomaski-10kpl-jvt\/\",\"name\":\"Musta kertak\u00e4ytt\u00f6maski JVT 10 kpl matkoille | JV Tuonti\",\"isPartOf\":{\"@id\":\"https:\/\/hotelli03.domainhotelli.fi\/~lsdoecli\/#website\"},\"primaryImageOfPage\":{\"@id\":\"https:\/\/hotelli03.domainhotelli.fi\/~lsdoecli\/tuote\/musta-kertakayttomaski-10kpl-jvt\/#primaryimage\"},\"datePublished\":\"2021-04-23T10:35:51+00:00\",\"dateModified\":\"2021-12-26T10:47:06+00:00\",\"description\":\"Musta kertak\u00e4ytt\u00f6maski JVT 10 kpl uudelleensuljettava pakkaus. Kulkee helposti mukana lennolla ja matkoilla. Tilaa maskit netist\u00e4!\",\"breadcrumb\":{\"@id\":\"https:\/\/hotelli03.domainhotelli.fi\/~lsdoecli\/tuote\/musta-kertakayttomaski-10kpl-jvt\/#breadcrumb\"},\"inLanguage\":\"fi\",\"potentialAction\":[{\"@type\":\"ReadAction\",\"target\":[\"https:\/\/hotelli03.domainhotelli.fi\/~lsdoecli\/tuote\/musta-kertakayttomaski-10kpl-jvt\/\"]}]},{\"@type\":\"BreadcrumbList\",\"@id\":\"https:\/\/hotelli03.domainhotelli.fi\/~lsdoecli\/tuote\/musta-kertakayttomaski-10kpl-jvt\/#breadcrumb\",\"itemListElement\":[{\"@type\":\"ListItem\",\"position\":1,\"name\":\"Etusivu\",\"item\":\"https:\/\/hotelli03.domainhotelli.fi\/~lsdoecli\/\"},{\"@type\":\"ListItem\",\"position\":2,\"name\":\"Kauppa\",\"item\":\"https:\/\/hotelli03.domainhotelli.fi\/~lsdoecli\/kauppa\/\"},{\"@type\":\"ListItem\",\"position\":3,\"name\":\"Musta kertak\u00e4ytt\u00f6maski JVT 10 kpl matkoille\"}]},{\"@type\":\"PostalAddress\",\"@id\":\"https:\/\/hotelli03.domainhotelli.fi\/~lsdoecli\/tuote\/musta-kertakayttomaski-10kpl-jvt\/#local-main-place-address\",\"streetAddress\":\"Pyymosantie 5a\",\"addressLocality\":\"Vantaa\",\"postalCode\":\"01720\",\"addressCountry\":\"FI\"},{\"@type\":\"ImageObject\",\"inLanguage\":\"fi\",\"@id\":\"https:\/\/hotelli03.domainhotelli.fi\/~lsdoecli\/tuote\/musta-kertakayttomaski-10kpl-jvt\/#local-main-organization-logo\",\"url\":\"https:\/\/hotelli03.domainhotelli.fi\/~lsdoecli\/wp-content\/uploads\/2021\/08\/JVTuonti_logo_nelio.jpg\",\"contentUrl\":\"https:\/\/hotelli03.domainhotelli.fi\/~lsdoecli\/wp-content\/uploads\/2021\/08\/JVTuonti_logo_nelio.jpg\",\"width\":550,\"height\":550,\"caption\":\"JV Tuonti Oy\"}]}<\/script>\n<meta property=\"product:price:amount\" content=\"0.99\" \/>\n<meta property=\"product:price:currency\" content=\"EUR\" \/>\n<meta property=\"og:availability\" content=\"instock\" \/>\n<meta property=\"product:availability\" content=\"instock\" \/>\n<meta property=\"product:retailer_item_id\" content=\"JVTFM02\" \/>\n<meta property=\"product:condition\" content=\"new\" \/>\n<meta name=\"geo.placename\" content=\"Vantaa\" \/>\n<meta name=\"geo.position\" content=\"60.28431;24.81654\" \/>\n<meta name=\"geo.region\" content=\"Suomi\" \/>\n<!-- \/ Yoast SEO Premium plugin. -->","yoast_head_json":{"title":"Musta kertak\u00e4ytt\u00f6maski JVT 10 kpl matkoille | JV Tuonti","description":"Musta kertak\u00e4ytt\u00f6maski JVT 10 kpl uudelleensuljettava pakkaus. Kulkee helposti mukana lennolla ja matkoilla. Tilaa maskit netist\u00e4!","robots":{"index":"index","follow":"follow","max-snippet":"max-snippet:-1","max-image-preview":"max-image-preview:large","max-video-preview":"max-video-preview:-1"},"canonical":"https:\/\/hotelli03.domainhotelli.fi\/~lsdoecli\/tuote\/musta-kertakayttomaski-10kpl-jvt\/","og_locale":"fi_FI","og_type":"article","og_title":"Musta kertak\u00e4ytt\u00f6maski JVT 10 kpl matkoille","og_description":"Musta kertak\u00e4ytt\u00f6maski JVT 10 kpl uudelleensuljettava pakkaus. Kulkee helposti mukana lennolla ja matkoilla. Tilaa maskit netist\u00e4!","og_url":"https:\/\/hotelli03.domainhotelli.fi\/~lsdoecli\/tuote\/musta-kertakayttomaski-10kpl-jvt\/","og_site_name":"JV Tuonti","article_publisher":"https:\/\/www.facebook.com\/JVTuontiOy","article_modified_time":"2021-12-26T10:47:06+00:00","og_image":[{"width":1024,"height":683,"url":"https:\/\/hotelli03.domainhotelli.fi\/~lsdoecli\/wp-content\/uploads\/2021\/04\/WhatsApp-Image-2021-04-28-at-11.57.31-1.jpeg","type":"image\/jpeg"}],"twitter_card":"summary_large_image","twitter_misc":{"Price":"1,24&nbsp;&euro; 0,99&nbsp;&euro; Alv 24%N\u00e4yt\u00e4 veroton hinta0,80&nbsp;&euro; Alv 0%N\u00e4yt\u00e4 verollinen hinta","Availability":"In stock"},"schema":{"@context":"https:\/\/schema.org","@graph":[{"@type":["Organization","Place","WholesaleStore"],"@id":"https:\/\/hotelli03.domainhotelli.fi\/~lsdoecli\/#organization","name":"JV Tuonti Oy","url":"https:\/\/hotelli03.domainhotelli.fi\/~lsdoecli\/","sameAs":["https:\/\/instagram.com\/jvtuontioy?utm_medium=copy_link","https:\/\/www.facebook.com\/JVTuontiOy"],"logo":{"@id":"https:\/\/hotelli03.domainhotelli.fi\/~lsdoecli\/tuote\/musta-kertakayttomaski-10kpl-jvt\/#local-main-organization-logo"},"image":{"@id":"https:\/\/hotelli03.domainhotelli.fi\/~lsdoecli\/tuote\/musta-kertakayttomaski-10kpl-jvt\/#local-main-organization-logo"},"address":{"@id":"https:\/\/hotelli03.domainhotelli.fi\/~lsdoecli\/tuote\/musta-kertakayttomaski-10kpl-jvt\/#local-main-place-address"},"geo":{"@type":"GeoCoordinates","latitude":"60.28431","longitude":"24.81654"},"telephone":["0408369980"],"openingHoursSpecification":[{"@type":"OpeningHoursSpecification","dayOfWeek":["Monday","Tuesday","Wednesday","Thursday","Friday"],"opens":"08:00","closes":"16:00"},{"@type":"OpeningHoursSpecification","dayOfWeek":["Saturday","Sunday"],"opens":"00:00","closes":"00:00"}],"email":"myynti@hotelli03.domainhotelli.fi","areaServed":"Suomi, Ruotsi","vatID":"FI30178387","priceRange":"$$","currenciesAccepted":"\u20ac","paymentAccepted":"Lasku, pankkikortti"},{"@type":"WebSite","@id":"https:\/\/hotelli03.domainhotelli.fi\/~lsdoecli\/#website","url":"https:\/\/hotelli03.domainhotelli.fi\/~lsdoecli\/","name":"JV Tuonti","description":"JV Tuonti Oy:n verkkokauppa","publisher":{"@id":"https:\/\/hotelli03.domainhotelli.fi\/~lsdoecli\/#organization"},"potentialAction":[{"@type":"SearchAction","target":{"@type":"EntryPoint","urlTemplate":"https:\/\/hotelli03.domainhotelli.fi\/~lsdoecli\/?s={search_term_string}"},"query-input":"required name=search_term_string"}],"inLanguage":"fi"},{"@type":"ImageObject","inLanguage":"fi","@id":"https:\/\/hotelli03.domainhotelli.fi\/~lsdoecli\/tuote\/musta-kertakayttomaski-10kpl-jvt\/#primaryimage","url":"https:\/\/hotelli03.domainhotelli.fi\/~lsdoecli\/wp-content\/uploads\/2021\/04\/WhatsApp-Image-2021-04-28-at-11.57.31-1.jpeg","contentUrl":"https:\/\/hotelli03.domainhotelli.fi\/~lsdoecli\/wp-content\/uploads\/2021\/04\/WhatsApp-Image-2021-04-28-at-11.57.31-1.jpeg","width":1024,"height":683,"caption":"Musta kertak\u00e4ytt\u00f6maski JVT 10 kpl pakkaus"},{"@type":"WebPage","@id":"https:\/\/hotelli03.domainhotelli.fi\/~lsdoecli\/tuote\/musta-kertakayttomaski-10kpl-jvt\/","url":"https:\/\/hotelli03.domainhotelli.fi\/~lsdoecli\/tuote\/musta-kertakayttomaski-10kpl-jvt\/","name":"Musta kertak\u00e4ytt\u00f6maski JVT 10 kpl matkoille | JV Tuonti","isPartOf":{"@id":"https:\/\/hotelli03.domainhotelli.fi\/~lsdoecli\/#website"},"primaryImageOfPage":{"@id":"https:\/\/hotelli03.domainhotelli.fi\/~lsdoecli\/tuote\/musta-kertakayttomaski-10kpl-jvt\/#primaryimage"},"datePublished":"2021-04-23T10:35:51+00:00","dateModified":"2021-12-26T10:47:06+00:00","description":"Musta kertak\u00e4ytt\u00f6maski JVT 10 kpl uudelleensuljettava pakkaus. Kulkee helposti mukana lennolla ja matkoilla. Tilaa maskit netist\u00e4!","breadcrumb":{"@id":"https:\/\/hotelli03.domainhotelli.fi\/~lsdoecli\/tuote\/musta-kertakayttomaski-10kpl-jvt\/#breadcrumb"},"inLanguage":"fi","potentialAction":[{"@type":"ReadAction","target":["https:\/\/hotelli03.domainhotelli.fi\/~lsdoecli\/tuote\/musta-kertakayttomaski-10kpl-jvt\/"]}]},{"@type":"BreadcrumbList","@id":"https:\/\/hotelli03.domainhotelli.fi\/~lsdoecli\/tuote\/musta-kertakayttomaski-10kpl-jvt\/#breadcrumb","itemListElement":[{"@type":"ListItem","position":1,"name":"Etusivu","item":"https:\/\/hotelli03.domainhotelli.fi\/~lsdoecli\/"},{"@type":"ListItem","position":2,"name":"Kauppa","item":"https:\/\/hotelli03.domainhotelli.fi\/~lsdoecli\/kauppa\/"},{"@type":"ListItem","position":3,"name":"Musta kertak\u00e4ytt\u00f6maski JVT 10 kpl matkoille"}]},{"@type":"PostalAddress","@id":"https:\/\/hotelli03.domainhotelli.fi\/~lsdoecli\/tuote\/musta-kertakayttomaski-10kpl-jvt\/#local-main-place-address","streetAddress":"Pyymosantie 5a","addressLocality":"Vantaa","postalCode":"01720","addressCountry":"FI"},{"@type":"ImageObject","inLanguage":"fi","@id":"https:\/\/hotelli03.domainhotelli.fi\/~lsdoecli\/tuote\/musta-kertakayttomaski-10kpl-jvt\/#local-main-organization-logo","url":"https:\/\/hotelli03.domainhotelli.fi\/~lsdoecli\/wp-content\/uploads\/2021\/08\/JVTuonti_logo_nelio.jpg","contentUrl":"https:\/\/hotelli03.domainhotelli.fi\/~lsdoecli\/wp-content\/uploads\/2021\/08\/JVTuonti_logo_nelio.jpg","width":550,"height":550,"caption":"JV Tuonti Oy"}]},"product_price_amount":"0.99","product_price_currency":"EUR","og_availability":"instock","product_availability":"instock","product_retailer_item_id":"JVTFM02","product_condition":"new","geo.placename":"Vantaa","geo.position":{"lat":"60.28431","long":"24.81654"},"geo.region":"Suomi"},"_links":{"self":[{"href":"https:\/\/hotelli03.domainhotelli.fi\/~lsdoecli\/wp-json\/wp\/v2\/product\/3296"}],"collection":[{"href":"https:\/\/hotelli03.domainhotelli.fi\/~lsdoecli\/wp-json\/wp\/v2\/product"}],"about":[{"href":"https:\/\/hotelli03.domainhotelli.fi\/~lsdoecli\/wp-json\/wp\/v2\/types\/product"}],"replies":[{"embeddable":true,"href":"https:\/\/hotelli03.domainhotelli.fi\/~lsdoecli\/wp-json\/wp\/v2\/comments?post=3296"}],"wp:featuredmedia":[{"embeddable":true,"href":"https:\/\/hotelli03.domainhotelli.fi\/~lsdoecli\/wp-json\/wp\/v2\/media\/3606"}],"wp:attachment":[{"href":"https:\/\/hotelli03.domainhotelli.fi\/~lsdoecli\/wp-json\/wp\/v2\/media?parent=3296"}],"wp:term":[{"taxonomy":"product_cat","embeddable":true,"href":"https:\/\/hotelli03.domainhotelli.fi\/~lsdoecli\/wp-json\/wp\/v2\/product_cat?post=3296"},{"taxonomy":"product_tag","embeddable":true,"href":"https:\/\/hotelli03.domainhotelli.fi\/~lsdoecli\/wp-json\/wp\/v2\/product_tag?post=3296"}],"curies":[{"name":"wp","href":"https:\/\/api.w.org\/{rel}","templated":true}]}}