{"id":3293,"date":"2021-04-23T10:10:04","date_gmt":"2021-04-23T10:10:04","guid":{"rendered":"https:\/\/hotelli03.domainhotelli.fi\/~lsdoecli\/woocommerce\/?post_type=product&#038;p=3293"},"modified":"2022-09-04T07:19:21","modified_gmt":"2022-09-04T07:19:21","slug":"ffp2-luokan-hengityssuojain-sj7899-ilman-venttiilia-20-kpl","status":"publish","type":"product","link":"https:\/\/hotelli03.domainhotelli.fi\/~lsdoecli\/tuote\/ffp2-luokan-hengityssuojain-sj7899-ilman-venttiilia-20-kpl\/","title":{"rendered":"FFP2-luokan hengityssuojain SJ7899 ilman venttiili\u00e4 20 kpl"},"content":{"rendered":"<h1><strong>FFP2-luokan hengityssuojain SJ7899 20 kpl\u00a0ilman venttiili\u00e4\u00a0<\/strong><\/h1>\n<p>Kertak\u00e4ytt\u00f6inen FFP2-luokan hengityssuojain ilman venttiili\u00e4 SJ7899.<\/p>\n<ul>\n<li>varma ja tiivis FFP2-luokan hengityssuojain<\/li>\n<li>suojausaste: FFP2 suojaa terveydelle haitallisilta bakteereilta, viruksilta, hiukkasilta, p\u00f6lylt\u00e4<\/li>\n<li>t\u00e4ytt\u00e4\u00e4 <a href=\"https:\/\/sales.sfs.fi\/fi\/index\/tuotteet\/SFS\/CEN\/ID2\/1\/194846.html.stx\">EN149: 2001 + A1: 2009 \u00a0standardin vaatimukset (Hengityksensuojaimet. Hiukkasilta suojaavat suodattavat puolinaamarit. Vaatimukset, testaus, merkint\u00e4)<\/a><\/li>\n<li>CE merkint\u00e4,\u00a0<a href=\"https:\/\/ec.europa.eu\/growth\/tools-databases\/nando\/index.cfm?fuseaction=directive.nb&amp;body_type=NB&amp;refe_cd=NANDO_INPUT_249325\">ilmoitettu laitos: CE 2834<\/a><\/li>\n<li>FFP2 hengityssuojaimessa on s\u00e4\u00e4dett\u00e4v\u00e4 nen\u00e4pidike<\/li>\n<li>suomenkieliset ja ruotsinkieliset k\u00e4ytt\u00f6ohjeet, suomen- ja ruotsinkielinen pakkaus<\/li>\n<li><a href=\"https:\/\/tukes.fi\/tuotteet-ja-palvelut\/vaatimustenmukaisuus\/eu-vaatimustenmukaisuusvakuutus\">EU vaatimuksenmukaisuusvakuutus<\/a><\/li>\n<li>20 kpl pakkaus (sis\u00e4lt\u00e4\u00e4 20 kpl yksitt\u00e4ispakattuja suojaimia)<\/li>\n<\/ul>\n<h2>FFP2-luokan hengityssuojain SJ7899 suojaa terveydelt\u00e4 haitallisilta hiukkasilta ja suojaa tehokkaasti Delta ja Omikron variantilta<\/h2>\n<p>FFP2-luokka on toiseksi korkein suojausluokka ja hengityssuojaimen suodatusteho ylt\u00e4\u00e4 94 %. FFP2 NR tason hengityssuojain suojaa mm. koronalta, viruksilta, terveydelle vaarallisilta kiinteilt\u00e4 ja nestem\u00e4isilt\u00e4 hiukkasilta, siite- ja katup\u00f6lyilt\u00e4, sek\u00e4 rakennusp\u00f6lylt\u00e4 ja suodattaa muut ep\u00e4puhtaudet hengitysilmasta.<\/p>\n<p>FFP2 ja\u00a0<a href=\"https:\/\/hotelli03.domainhotelli.fi\/~lsdoecli\/tuote-osasto\/hengityssuojaimet\/ffp3-hengityssuojaimet\/\">FFP3 hengitys suojaimet<\/a>\u00a0suojaavat paremmin koronavirukselta, deltavirukselta ja omikron variantin viruksilta, kun kasvomaskit tai kirurginen suu-nen\u00e4suojus IIR tai type II.\u00a0Kasvomaski est\u00e4\u00e4 ainoastaan p\u00e4rskeiden levi\u00e4misen &#8211; toisin sanoen kasvomaskin k\u00e4ytt\u00f6 suojaa muita henkil\u00f6it\u00e4 rajoitetusti.<\/p>\n<p>FFP2 hengityssuojaimet est\u00e4v\u00e4t tehokkaasti p\u00e4rskeiden levi\u00e4misen ja suodattavat virukset hengitysilmasta, eli ne suojaavat sek\u00e4 muita henkil\u00f6it\u00e4 ett\u00e4 k\u00e4ytt\u00e4j\u00e4\u00e4 itse.<\/p>\n<p>FFP2-luokan suojain suodattaa virukset ja muut ep\u00e4puhtaudet hengitysilmasta. SJ7899 FFP2 istuu tiivisti kasvoja vasten, mik\u00e4 on yksi t\u00e4rkeimmist\u00e4 ominaisuuksista hengityssuojaimen toiminnan kannalta.<\/p>\n<p>Katso t\u00e4st\u00e4 ajankohtaista\u00a0<a href=\"https:\/\/www.hs.fi\/hyvinvointi\/art-2000008161774.html\">tietoa Delta-variantista ja FFP2 hengityssuojaimista<\/a><\/p>\n<h2><strong>FFP2-luokan hengityssuojain SJ7899 soveltuu\u00a0<\/strong><\/h2>\n<ul>\n<li>terveydenhuollon k\u00e4ytt\u00f6\u00f6n, kun ollaan tekemisess\u00e4 potilaan kanssa, joka sairastaa ilmateitse tarttuvaa tautia (esim. koronavirus, Delta-variantti, Omikron-variantti, tuberkuloosi, lintuinfluenssa, MERS, SARS, vesirokko, vy\u00f6ruusu)<\/li>\n<li>jokap\u00e4iv\u00e4isen k\u00e4ytt\u00f6\u00f6n ja henkil\u00f6kohtaiseen suojautuminen viruksilta ja bakteereilta joukkoliikenteess\u00e4, ty\u00f6paikalla, asiakaspalvelutilanteessa, kaupassa, lentokoneessa<\/li>\n<li>teollisuuden k\u00e4ytt\u00f6\u00f6n, suojautuminen p\u00f6lylt\u00e4 ja kemikaaleilta.<\/li>\n<li>rakennusty\u00f6maa k\u00e4ytt\u00f6\u00f6n, suojautumiseen betonip\u00f6lylt\u00e4 joka syntyy rakenteiden purkut\u00f6iden, reikien poraamisen, pintojen ty\u00f6st\u00e4misen ja siivouksen yhteydess\u00e4, puun sahauksessa ja hionnassa syntyv\u00e4lt\u00e4 puup\u00f6lylt\u00e4, l\u00e4mm\u00f6neristeiden eristevillap\u00f6lylt\u00e4, kuivalaastien sekoituksen yhteydess\u00e4 syntyv\u00e4lt\u00e4 sementtip\u00f6lylt\u00e4, metallip\u00f6lylt\u00e4, sein\u00e4p\u00e4\u00e4llysteiden ty\u00f6st\u00e4misen yhteydess\u00e4 syntyvilt\u00e4 tasoitep\u00f6lylt\u00e4, hiontap\u00f6lylt\u00e4 ja maalip\u00f6lylt\u00e4.<\/li>\n<li>suojautumiseen katu- ja siitep\u00f6lylt\u00e4, ilmansaasteilta.<\/li>\n<\/ul>\n<h2><strong>FFP2 hengityssuojain SJ7899 k\u00e4ytt\u00f6ohje<\/strong><\/h2>\n<p>Lue pakkauksen k\u00e4ytt\u00f6ohje huolellisesti ja seuraa siin\u00e4 annettuja ohjeita.<\/p>\n<ul>\n<li>Varmista, ett\u00e4 FFP2-luokan hengityssuojain soveltuu k\u00e4ytt\u00f6tilanteeseen ja se suodattaa haitallisia partikkeleita riitt\u00e4v\u00e4sti.<\/li>\n<li>Varmista, ett\u00e4 FFP2 hengityssuojain istuu tiivisti kasvoille, eik\u00e4 se vuoda sivuilta tai nen\u00e4klipsin kohdalla.<\/li>\n<li>Maskin tiiveys tarkistetaan asettamalla molemmat k\u00e4det hengityssuojaimen ymp\u00e4rille ja hengitt\u00e4m\u00e4ll\u00e4 voimakkaasti sis\u00e4\u00e4n ja ulos.<\/li>\n<li>Jos hengityksen suojain vuotaa reunoilta tai nen\u00e4n alueelta, tunnet ilmavirtauksen.<\/li>\n<li>S\u00e4\u00e4d\u00e4 tarvittaessa kiinnitysnauhoja tiukemmaksi tai muotoile nen\u00e4pidikett\u00e4 uudelleen, niin ett\u00e4 FFP-maski istuu paremmin ja on tiivis.<\/li>\n<\/ul>\n<p>T\u00e4m\u00e4 FFP2 suojain on kertak\u00e4ytt\u00f6inen (merkint\u00e4 NR) tuote ja se tulee vaihtaa ty\u00f6vuoron j\u00e4lkeen. Vaihda hengityssuojain my\u00f6s, jos suojain likaantuu tai alkaa haisemaan.<\/p>\n<h3>FFP2-luokan hengityssuojain SJ7899 tuotetiedot<\/h3>\n<ul>\n<li>Valmistaja:\u00a0<a href=\"http:\/\/www.sj-mask.com\/\">Shengjie Mask<\/a><\/li>\n<li>Malli: SJ7899 valkoinen<\/li>\n<li>Pakkauskoko: 20 kpl, yksitt\u00e4ispakattuja maskeja<\/li>\n<li>Tukkupakkaus: 400 kpl<\/li>\n<li>Tuotteen EAN koodi (GTIN-13): 6430077580985<\/li>\n<li>Materiaali: Kuitukangas, Meltblown kuitukangas<\/li>\n<li>Koko: 16 x 10.8 cm<\/li>\n<\/ul>\n<h3>Katso muut kasvosuojat ja kasvomaskit:<\/h3>\n<p><a href=\"https:\/\/hotelli03.domainhotelli.fi\/~lsdoecli\/tuote\/ffp2-hengityssuojain-sj7899v-venttiililla-20-kpl\/\">Hengityssuojain FFP2 SJ7899V venttiilill\u00e4<\/a><\/p>\n<p><a href=\"https:\/\/hotelli03.domainhotelli.fi\/~lsdoecli\/tuote\/kirurginen-suu-nenasuojus-type-iir-50-kpl-tuoyouda\/\">Kirurginen suu-nen\u00e4suojus type IIR 50 kpl<\/a><\/p>\n<p><a href=\"https:\/\/hotelli03.domainhotelli.fi\/~lsdoecli\/tuote\/kirurginen-maski-tyyppi-iir-intco-50-kpl-pakkaus\/\">Kirurginen maski tyyppi IIR sininen Intco, 50 kpl pakkaus<\/a><\/p>\n<p><a href=\"https:\/\/hotelli03.domainhotelli.fi\/~lsdoecli\/tuote\/musta-kasvomaski-kirurginen-10-kpl-iir-tuoyouda\/\">Musta kirurginen kasvomaski IIR Tuoyouda 10 kpl lennolle<\/a><\/p>\n<p><iframe loading=\"lazy\" title=\"FFP2-luokan  hengityssuojain SJ7899 ilman venttiili\u00e4 20 kpl\" width=\"1140\" height=\"641\" src=\"https:\/\/www.youtube.com\/embed\/Jd91V4haW_s?feature=oembed\" frameborder=\"0\" allow=\"accelerometer; autoplay; clipboard-write; encrypted-media; gyroscope; picture-in-picture\" allowfullscreen><\/iframe><\/p>\n","protected":false},"excerpt":{"rendered":"<p>FFP2-luokan hengityssuojain SJ7899 ilman venttiili\u00e4 20 kpl. Suojaa viruksilta, terveydelle vaarallisilta kiinteilt\u00e4 ja nestem\u00e4isilt\u00e4 hiukkasilta, siite- ja katup\u00f6lyilt\u00e4, sek\u00e4 rakennusp\u00f6lylt\u00e4.<\/p>\n<p><strong>Toimitettu yli 1.000.000 kpl! varma ja tiivis hengityssuojain.<\/strong><\/p>\n<p>&nbsp;<\/p>\n<p>&nbsp;<\/p>\n","protected":false},"featured_media":3294,"comment_status":"open","ping_status":"closed","template":"","meta":[],"product_cat":[94],"product_tag":[823,241,239,757,760,240,758,145,759],"yoast_head":"<!-- This site is optimized with the Yoast SEO Premium plugin v18.9 (Yoast SEO v19.3) - https:\/\/yoast.com\/wordpress\/plugins\/seo\/ -->\n<title>FFP2-luokan hengityssuojain SJ7899 ilman venttiili\u00e4 20 kpl<\/title>\n<meta name=\"description\" content=\"FFP2-luokan hengityssuojain SJ7899 ilman venttili\u00e4. Suojaa tehokkaasti viruksilta, bakteereilta ja p\u00f6lylt\u00e4. Tilaa FFP2 verkkokaupasta!\" \/>\n<meta name=\"robots\" content=\"index, follow, max-snippet:-1, max-image-preview:large, max-video-preview:-1\" \/>\n<link rel=\"canonical\" href=\"https:\/\/hotelli03.domainhotelli.fi\/~lsdoecli\/tuote\/ffp2-luokan-hengityssuojain-sj7899-ilman-venttiilia-20-kpl\/\" \/>\n<meta property=\"og:locale\" content=\"fi_FI\" \/>\n<meta property=\"og:type\" content=\"article\" \/>\n<meta property=\"og:title\" content=\"FFP2-luokan hengityssuojain SJ7899 ilman venttiili\u00e4 20 kpl\" \/>\n<meta property=\"og:description\" content=\"FFP2-luokan hengityssuojain SJ7899 ilman venttili\u00e4. Suojaa tehokkaasti viruksilta, bakteereilta ja p\u00f6lylt\u00e4. Tilaa FFP2 verkkokaupasta!\" \/>\n<meta property=\"og:url\" content=\"https:\/\/hotelli03.domainhotelli.fi\/~lsdoecli\/tuote\/ffp2-luokan-hengityssuojain-sj7899-ilman-venttiilia-20-kpl\/\" \/>\n<meta property=\"og:site_name\" content=\"JV Tuonti\" \/>\n<meta property=\"article:publisher\" content=\"https:\/\/www.facebook.com\/JVTuontiOy\" \/>\n<meta property=\"article:modified_time\" content=\"2022-09-04T07:19:21+00:00\" \/>\n<meta property=\"og:image\" content=\"https:\/\/hotelli03.domainhotelli.fi\/~lsdoecli\/wp-content\/uploads\/2021\/04\/Hengityssuojain-FFFP2-SJ7899-taittomaski.png\" \/>\n\t<meta property=\"og:image:width\" content=\"481\" \/>\n\t<meta property=\"og:image:height\" content=\"570\" \/>\n\t<meta property=\"og:image:type\" content=\"image\/png\" \/>\n<meta name=\"twitter:card\" content=\"summary_large_image\" \/>\n<meta name=\"twitter:label1\" content=\"Price\" \/>\n\t<meta name=\"twitter:data1\" content=\"6,94&nbsp;&euro; Alv 24%N\u00e4yt\u00e4 veroton hinta5,60&nbsp;&euro; Alv 0%N\u00e4yt\u00e4 verollinen hinta\" \/>\n\t<meta name=\"twitter:label2\" content=\"Availability\" \/>\n\t<meta name=\"twitter:data2\" content=\"In stock\" \/>\n<script type=\"application\/ld+json\" class=\"yoast-schema-graph\">{\"@context\":\"https:\/\/schema.org\",\"@graph\":[{\"@type\":[\"Organization\",\"Place\",\"WholesaleStore\"],\"@id\":\"https:\/\/hotelli03.domainhotelli.fi\/~lsdoecli\/#organization\",\"name\":\"JV Tuonti Oy\",\"url\":\"https:\/\/hotelli03.domainhotelli.fi\/~lsdoecli\/\",\"sameAs\":[\"https:\/\/instagram.com\/jvtuontioy?utm_medium=copy_link\",\"https:\/\/www.facebook.com\/JVTuontiOy\"],\"logo\":{\"@id\":\"https:\/\/hotelli03.domainhotelli.fi\/~lsdoecli\/tuote\/ffp2-luokan-hengityssuojain-sj7899-ilman-venttiilia-20-kpl\/#local-main-organization-logo\"},\"image\":{\"@id\":\"https:\/\/hotelli03.domainhotelli.fi\/~lsdoecli\/tuote\/ffp2-luokan-hengityssuojain-sj7899-ilman-venttiilia-20-kpl\/#local-main-organization-logo\"},\"address\":{\"@id\":\"https:\/\/hotelli03.domainhotelli.fi\/~lsdoecli\/tuote\/ffp2-luokan-hengityssuojain-sj7899-ilman-venttiilia-20-kpl\/#local-main-place-address\"},\"geo\":{\"@type\":\"GeoCoordinates\",\"latitude\":\"60.28431\",\"longitude\":\"24.81654\"},\"telephone\":[\"0408369980\"],\"openingHoursSpecification\":[{\"@type\":\"OpeningHoursSpecification\",\"dayOfWeek\":[\"Monday\",\"Tuesday\",\"Wednesday\",\"Thursday\",\"Friday\"],\"opens\":\"08:00\",\"closes\":\"16:00\"},{\"@type\":\"OpeningHoursSpecification\",\"dayOfWeek\":[\"Saturday\",\"Sunday\"],\"opens\":\"00:00\",\"closes\":\"00:00\"}],\"email\":\"myynti@hotelli03.domainhotelli.fi\",\"areaServed\":\"Suomi, Ruotsi\",\"vatID\":\"FI30178387\",\"priceRange\":\"$$\",\"currenciesAccepted\":\"\u20ac\",\"paymentAccepted\":\"Lasku, pankkikortti\"},{\"@type\":\"WebSite\",\"@id\":\"https:\/\/hotelli03.domainhotelli.fi\/~lsdoecli\/#website\",\"url\":\"https:\/\/hotelli03.domainhotelli.fi\/~lsdoecli\/\",\"name\":\"JV Tuonti\",\"description\":\"JV Tuonti Oy:n verkkokauppa\",\"publisher\":{\"@id\":\"https:\/\/hotelli03.domainhotelli.fi\/~lsdoecli\/#organization\"},\"potentialAction\":[{\"@type\":\"SearchAction\",\"target\":{\"@type\":\"EntryPoint\",\"urlTemplate\":\"https:\/\/hotelli03.domainhotelli.fi\/~lsdoecli\/?s={search_term_string}\"},\"query-input\":\"required name=search_term_string\"}],\"inLanguage\":\"fi\"},{\"@type\":\"ImageObject\",\"inLanguage\":\"fi\",\"@id\":\"https:\/\/hotelli03.domainhotelli.fi\/~lsdoecli\/tuote\/ffp2-luokan-hengityssuojain-sj7899-ilman-venttiilia-20-kpl\/#primaryimage\",\"url\":\"https:\/\/hotelli03.domainhotelli.fi\/~lsdoecli\/wp-content\/uploads\/2021\/04\/Hengityssuojain-FFFP2-SJ7899-taittomaski.png\",\"contentUrl\":\"https:\/\/hotelli03.domainhotelli.fi\/~lsdoecli\/wp-content\/uploads\/2021\/04\/Hengityssuojain-FFFP2-SJ7899-taittomaski.png\",\"width\":481,\"height\":570,\"caption\":\"FFP2-luokan hengityssuojain SJ7899 ilman venttiili\u00e4 20 kpl\"},{\"@type\":\"WebPage\",\"@id\":\"https:\/\/hotelli03.domainhotelli.fi\/~lsdoecli\/tuote\/ffp2-luokan-hengityssuojain-sj7899-ilman-venttiilia-20-kpl\/\",\"url\":\"https:\/\/hotelli03.domainhotelli.fi\/~lsdoecli\/tuote\/ffp2-luokan-hengityssuojain-sj7899-ilman-venttiilia-20-kpl\/\",\"name\":\"FFP2-luokan hengityssuojain SJ7899 ilman venttiili\u00e4 20 kpl\",\"isPartOf\":{\"@id\":\"https:\/\/hotelli03.domainhotelli.fi\/~lsdoecli\/#website\"},\"primaryImageOfPage\":{\"@id\":\"https:\/\/hotelli03.domainhotelli.fi\/~lsdoecli\/tuote\/ffp2-luokan-hengityssuojain-sj7899-ilman-venttiilia-20-kpl\/#primaryimage\"},\"datePublished\":\"2021-04-23T10:10:04+00:00\",\"dateModified\":\"2022-09-04T07:19:21+00:00\",\"description\":\"FFP2-luokan hengityssuojain SJ7899 ilman venttili\u00e4. Suojaa tehokkaasti viruksilta, bakteereilta ja p\u00f6lylt\u00e4. Tilaa FFP2 verkkokaupasta!\",\"breadcrumb\":{\"@id\":\"https:\/\/hotelli03.domainhotelli.fi\/~lsdoecli\/tuote\/ffp2-luokan-hengityssuojain-sj7899-ilman-venttiilia-20-kpl\/#breadcrumb\"},\"inLanguage\":\"fi\",\"potentialAction\":[{\"@type\":\"ReadAction\",\"target\":[\"https:\/\/hotelli03.domainhotelli.fi\/~lsdoecli\/tuote\/ffp2-luokan-hengityssuojain-sj7899-ilman-venttiilia-20-kpl\/\"]}]},{\"@type\":\"BreadcrumbList\",\"@id\":\"https:\/\/hotelli03.domainhotelli.fi\/~lsdoecli\/tuote\/ffp2-luokan-hengityssuojain-sj7899-ilman-venttiilia-20-kpl\/#breadcrumb\",\"itemListElement\":[{\"@type\":\"ListItem\",\"position\":1,\"name\":\"Etusivu\",\"item\":\"https:\/\/hotelli03.domainhotelli.fi\/~lsdoecli\/\"},{\"@type\":\"ListItem\",\"position\":2,\"name\":\"Kauppa\",\"item\":\"https:\/\/hotelli03.domainhotelli.fi\/~lsdoecli\/kauppa\/\"},{\"@type\":\"ListItem\",\"position\":3,\"name\":\"FFP2-luokan hengityssuojain SJ7899 ilman venttiili\u00e4 20 kpl\"}]},{\"@type\":\"PostalAddress\",\"@id\":\"https:\/\/hotelli03.domainhotelli.fi\/~lsdoecli\/tuote\/ffp2-luokan-hengityssuojain-sj7899-ilman-venttiilia-20-kpl\/#local-main-place-address\",\"streetAddress\":\"Pyymosantie 5a\",\"addressLocality\":\"Vantaa\",\"postalCode\":\"01720\",\"addressCountry\":\"FI\"},{\"@type\":\"ImageObject\",\"inLanguage\":\"fi\",\"@id\":\"https:\/\/hotelli03.domainhotelli.fi\/~lsdoecli\/tuote\/ffp2-luokan-hengityssuojain-sj7899-ilman-venttiilia-20-kpl\/#local-main-organization-logo\",\"url\":\"https:\/\/hotelli03.domainhotelli.fi\/~lsdoecli\/wp-content\/uploads\/2021\/08\/JVTuonti_logo_nelio.jpg\",\"contentUrl\":\"https:\/\/hotelli03.domainhotelli.fi\/~lsdoecli\/wp-content\/uploads\/2021\/08\/JVTuonti_logo_nelio.jpg\",\"width\":550,\"height\":550,\"caption\":\"JV Tuonti Oy\"}]}<\/script>\n<meta property=\"og:video\" content=\"https:\/\/www.youtube.com\/embed\/Jd91V4haW_s\" \/>\n<meta property=\"og:video:type\" content=\"text\/html\" \/>\n<meta property=\"og:video:duration\" content=\"11\" \/>\n<meta property=\"og:video:width\" content=\"480\" \/>\n<meta property=\"og:video:height\" content=\"270\" \/>\n<meta property=\"ya:ovs:adult\" content=\"false\" \/>\n<meta property=\"ya:ovs:upload_date\" content=\"2021-04-23T10:10:04+00:00\" \/>\n<meta property=\"ya:ovs:allow_embed\" content=\"true\" \/>\n<meta property=\"product:brand\" content=\"SJ hengityssuojaimet\" \/>\n<meta property=\"product:price:amount\" content=\"6.94\" \/>\n<meta property=\"product:price:currency\" content=\"EUR\" \/>\n<meta property=\"og:availability\" content=\"instock\" \/>\n<meta property=\"product:availability\" content=\"instock\" \/>\n<meta property=\"product:retailer_item_id\" content=\"SJ7899\" \/>\n<meta property=\"product:condition\" content=\"new\" \/>\n<meta name=\"geo.placename\" content=\"Vantaa\" \/>\n<meta name=\"geo.position\" content=\"60.28431;24.81654\" \/>\n<meta name=\"geo.region\" content=\"Suomi\" \/>\n<!-- \/ Yoast SEO Premium plugin. -->","yoast_head_json":{"title":"FFP2-luokan hengityssuojain SJ7899 ilman venttiili\u00e4 20 kpl","description":"FFP2-luokan hengityssuojain SJ7899 ilman venttili\u00e4. Suojaa tehokkaasti viruksilta, bakteereilta ja p\u00f6lylt\u00e4. Tilaa FFP2 verkkokaupasta!","robots":{"index":"index","follow":"follow","max-snippet":"max-snippet:-1","max-image-preview":"max-image-preview:large","max-video-preview":"max-video-preview:-1"},"canonical":"https:\/\/hotelli03.domainhotelli.fi\/~lsdoecli\/tuote\/ffp2-luokan-hengityssuojain-sj7899-ilman-venttiilia-20-kpl\/","og_locale":"fi_FI","og_type":"article","og_title":"FFP2-luokan hengityssuojain SJ7899 ilman venttiili\u00e4 20 kpl","og_description":"FFP2-luokan hengityssuojain SJ7899 ilman venttili\u00e4. Suojaa tehokkaasti viruksilta, bakteereilta ja p\u00f6lylt\u00e4. Tilaa FFP2 verkkokaupasta!","og_url":"https:\/\/hotelli03.domainhotelli.fi\/~lsdoecli\/tuote\/ffp2-luokan-hengityssuojain-sj7899-ilman-venttiilia-20-kpl\/","og_site_name":"JV Tuonti","article_publisher":"https:\/\/www.facebook.com\/JVTuontiOy","article_modified_time":"2022-09-04T07:19:21+00:00","og_image":[{"width":481,"height":570,"url":"https:\/\/hotelli03.domainhotelli.fi\/~lsdoecli\/wp-content\/uploads\/2021\/04\/Hengityssuojain-FFFP2-SJ7899-taittomaski.png","type":"image\/png"}],"twitter_card":"summary_large_image","twitter_misc":{"Price":"6,94&nbsp;&euro; Alv 24%N\u00e4yt\u00e4 veroton hinta5,60&nbsp;&euro; Alv 0%N\u00e4yt\u00e4 verollinen hinta","Availability":"In stock"},"schema":{"@context":"https:\/\/schema.org","@graph":[{"@type":["Organization","Place","WholesaleStore"],"@id":"https:\/\/hotelli03.domainhotelli.fi\/~lsdoecli\/#organization","name":"JV Tuonti Oy","url":"https:\/\/hotelli03.domainhotelli.fi\/~lsdoecli\/","sameAs":["https:\/\/instagram.com\/jvtuontioy?utm_medium=copy_link","https:\/\/www.facebook.com\/JVTuontiOy"],"logo":{"@id":"https:\/\/hotelli03.domainhotelli.fi\/~lsdoecli\/tuote\/ffp2-luokan-hengityssuojain-sj7899-ilman-venttiilia-20-kpl\/#local-main-organization-logo"},"image":{"@id":"https:\/\/hotelli03.domainhotelli.fi\/~lsdoecli\/tuote\/ffp2-luokan-hengityssuojain-sj7899-ilman-venttiilia-20-kpl\/#local-main-organization-logo"},"address":{"@id":"https:\/\/hotelli03.domainhotelli.fi\/~lsdoecli\/tuote\/ffp2-luokan-hengityssuojain-sj7899-ilman-venttiilia-20-kpl\/#local-main-place-address"},"geo":{"@type":"GeoCoordinates","latitude":"60.28431","longitude":"24.81654"},"telephone":["0408369980"],"openingHoursSpecification":[{"@type":"OpeningHoursSpecification","dayOfWeek":["Monday","Tuesday","Wednesday","Thursday","Friday"],"opens":"08:00","closes":"16:00"},{"@type":"OpeningHoursSpecification","dayOfWeek":["Saturday","Sunday"],"opens":"00:00","closes":"00:00"}],"email":"myynti@hotelli03.domainhotelli.fi","areaServed":"Suomi, Ruotsi","vatID":"FI30178387","priceRange":"$$","currenciesAccepted":"\u20ac","paymentAccepted":"Lasku, pankkikortti"},{"@type":"WebSite","@id":"https:\/\/hotelli03.domainhotelli.fi\/~lsdoecli\/#website","url":"https:\/\/hotelli03.domainhotelli.fi\/~lsdoecli\/","name":"JV Tuonti","description":"JV Tuonti Oy:n verkkokauppa","publisher":{"@id":"https:\/\/hotelli03.domainhotelli.fi\/~lsdoecli\/#organization"},"potentialAction":[{"@type":"SearchAction","target":{"@type":"EntryPoint","urlTemplate":"https:\/\/hotelli03.domainhotelli.fi\/~lsdoecli\/?s={search_term_string}"},"query-input":"required name=search_term_string"}],"inLanguage":"fi"},{"@type":"ImageObject","inLanguage":"fi","@id":"https:\/\/hotelli03.domainhotelli.fi\/~lsdoecli\/tuote\/ffp2-luokan-hengityssuojain-sj7899-ilman-venttiilia-20-kpl\/#primaryimage","url":"https:\/\/hotelli03.domainhotelli.fi\/~lsdoecli\/wp-content\/uploads\/2021\/04\/Hengityssuojain-FFFP2-SJ7899-taittomaski.png","contentUrl":"https:\/\/hotelli03.domainhotelli.fi\/~lsdoecli\/wp-content\/uploads\/2021\/04\/Hengityssuojain-FFFP2-SJ7899-taittomaski.png","width":481,"height":570,"caption":"FFP2-luokan hengityssuojain SJ7899 ilman venttiili\u00e4 20 kpl"},{"@type":"WebPage","@id":"https:\/\/hotelli03.domainhotelli.fi\/~lsdoecli\/tuote\/ffp2-luokan-hengityssuojain-sj7899-ilman-venttiilia-20-kpl\/","url":"https:\/\/hotelli03.domainhotelli.fi\/~lsdoecli\/tuote\/ffp2-luokan-hengityssuojain-sj7899-ilman-venttiilia-20-kpl\/","name":"FFP2-luokan hengityssuojain SJ7899 ilman venttiili\u00e4 20 kpl","isPartOf":{"@id":"https:\/\/hotelli03.domainhotelli.fi\/~lsdoecli\/#website"},"primaryImageOfPage":{"@id":"https:\/\/hotelli03.domainhotelli.fi\/~lsdoecli\/tuote\/ffp2-luokan-hengityssuojain-sj7899-ilman-venttiilia-20-kpl\/#primaryimage"},"datePublished":"2021-04-23T10:10:04+00:00","dateModified":"2022-09-04T07:19:21+00:00","description":"FFP2-luokan hengityssuojain SJ7899 ilman venttili\u00e4. Suojaa tehokkaasti viruksilta, bakteereilta ja p\u00f6lylt\u00e4. Tilaa FFP2 verkkokaupasta!","breadcrumb":{"@id":"https:\/\/hotelli03.domainhotelli.fi\/~lsdoecli\/tuote\/ffp2-luokan-hengityssuojain-sj7899-ilman-venttiilia-20-kpl\/#breadcrumb"},"inLanguage":"fi","potentialAction":[{"@type":"ReadAction","target":["https:\/\/hotelli03.domainhotelli.fi\/~lsdoecli\/tuote\/ffp2-luokan-hengityssuojain-sj7899-ilman-venttiilia-20-kpl\/"]}]},{"@type":"BreadcrumbList","@id":"https:\/\/hotelli03.domainhotelli.fi\/~lsdoecli\/tuote\/ffp2-luokan-hengityssuojain-sj7899-ilman-venttiilia-20-kpl\/#breadcrumb","itemListElement":[{"@type":"ListItem","position":1,"name":"Etusivu","item":"https:\/\/hotelli03.domainhotelli.fi\/~lsdoecli\/"},{"@type":"ListItem","position":2,"name":"Kauppa","item":"https:\/\/hotelli03.domainhotelli.fi\/~lsdoecli\/kauppa\/"},{"@type":"ListItem","position":3,"name":"FFP2-luokan hengityssuojain SJ7899 ilman venttiili\u00e4 20 kpl"}]},{"@type":"PostalAddress","@id":"https:\/\/hotelli03.domainhotelli.fi\/~lsdoecli\/tuote\/ffp2-luokan-hengityssuojain-sj7899-ilman-venttiilia-20-kpl\/#local-main-place-address","streetAddress":"Pyymosantie 5a","addressLocality":"Vantaa","postalCode":"01720","addressCountry":"FI"},{"@type":"ImageObject","inLanguage":"fi","@id":"https:\/\/hotelli03.domainhotelli.fi\/~lsdoecli\/tuote\/ffp2-luokan-hengityssuojain-sj7899-ilman-venttiilia-20-kpl\/#local-main-organization-logo","url":"https:\/\/hotelli03.domainhotelli.fi\/~lsdoecli\/wp-content\/uploads\/2021\/08\/JVTuonti_logo_nelio.jpg","contentUrl":"https:\/\/hotelli03.domainhotelli.fi\/~lsdoecli\/wp-content\/uploads\/2021\/08\/JVTuonti_logo_nelio.jpg","width":550,"height":550,"caption":"JV Tuonti Oy"}]},"og_video":"https:\/\/www.youtube.com\/embed\/Jd91V4haW_s","og_video_type":"text\/html","og_video_duration":"11","og_video_width":"480","og_video_height":"270","ya_ovs_adult":"false","ya_ovs_upload_date":"2021-04-23T10:10:04+00:00","ya_ovs_allow_embed":"true","product_brand":"SJ hengityssuojaimet","product_price_amount":"6.94","product_price_currency":"EUR","og_availability":"instock","product_availability":"instock","product_retailer_item_id":"SJ7899","product_condition":"new","geo.placename":"Vantaa","geo.position":{"lat":"60.28431","long":"24.81654"},"geo.region":"Suomi"},"_links":{"self":[{"href":"https:\/\/hotelli03.domainhotelli.fi\/~lsdoecli\/wp-json\/wp\/v2\/product\/3293"}],"collection":[{"href":"https:\/\/hotelli03.domainhotelli.fi\/~lsdoecli\/wp-json\/wp\/v2\/product"}],"about":[{"href":"https:\/\/hotelli03.domainhotelli.fi\/~lsdoecli\/wp-json\/wp\/v2\/types\/product"}],"replies":[{"embeddable":true,"href":"https:\/\/hotelli03.domainhotelli.fi\/~lsdoecli\/wp-json\/wp\/v2\/comments?post=3293"}],"wp:featuredmedia":[{"embeddable":true,"href":"https:\/\/hotelli03.domainhotelli.fi\/~lsdoecli\/wp-json\/wp\/v2\/media\/3294"}],"wp:attachment":[{"href":"https:\/\/hotelli03.domainhotelli.fi\/~lsdoecli\/wp-json\/wp\/v2\/media?parent=3293"}],"wp:term":[{"taxonomy":"product_cat","embeddable":true,"href":"https:\/\/hotelli03.domainhotelli.fi\/~lsdoecli\/wp-json\/wp\/v2\/product_cat?post=3293"},{"taxonomy":"product_tag","embeddable":true,"href":"https:\/\/hotelli03.domainhotelli.fi\/~lsdoecli\/wp-json\/wp\/v2\/product_tag?post=3293"}],"curies":[{"name":"wp","href":"https:\/\/api.w.org\/{rel}","templated":true}]}}