{"id":3290,"date":"2021-04-23T09:37:48","date_gmt":"2021-04-23T09:37:48","guid":{"rendered":"https:\/\/hotelli03.domainhotelli.fi\/~lsdoecli\/woocommerce\/?post_type=product&#038;p=3290"},"modified":"2022-10-02T03:58:01","modified_gmt":"2022-10-02T03:58:01","slug":"ffp2-hengityssuojain-venttiililla-sj7899v-20-kpl","status":"publish","type":"product","link":"https:\/\/hotelli03.domainhotelli.fi\/~lsdoecli\/tuote\/ffp2-hengityssuojain-venttiililla-sj7899v-20-kpl\/","title":{"rendered":"FFP2 hengityssuojain venttiilill\u00e4 SJ7899V 20 kpl"},"content":{"rendered":"<h1><strong>FFP2 hengityssuojain venttiilill\u00e4 SJ7899V 20 kpl \u00a0<\/strong><\/h1>\n<h2><strong>FFP2 hengityssuojain venttiilill\u00e4 SJ7899V &#8211; terveydenhuollon testivoittaja! <\/strong><\/h2>\n<p>FFP2 hengityssuojain venttiilill\u00e4 SJ7899V valittiin Tuomi logistiikan testiryhm\u00e4n testiss\u00e4 parhaaksi terveydenhuollon tarkoitukseen soveltuvaksi FFP2 hengityssuojaimeksi venttiilill\u00e4. Testiryhm\u00e4ss\u00e4 arvioitiin FFP2 hengityssuojain seuraavien kriteerien perusteella:<\/p>\n<ul>\n<li>hengityssuojain istuu tiivisti kasvoille<\/li>\n<li>suojaimen k\u00e4ytt\u00f6 silm\u00e4lasien kanssa ja ett\u00e4 silm\u00e4lasit eiv\u00e4t huurru kohtuuttomasti<\/li>\n<li>FFP2-luokan hengityssuojaimen hajusteettomuutta<\/li>\n<li>suojaimen sopivuutta terveydenhuollon ammattik\u00e4ytt\u00f6\u00f6n.<\/li>\n<\/ul>\n<h3>FFP2 suodattava hengityssuojain venttiilill\u00e4 SJ7899V<\/h3>\n<ul>\n<li>Suojausaste: FFP2 taso (suojaa bakteereilta, viruksilta, hiukkasilta, p\u00f6lylt\u00e4)<\/li>\n<li>t\u00e4ytt\u00e4\u00e4 standardi <a href=\"https:\/\/sales.sfs.fi\/fi\/index\/tuotteet\/SFS\/CEN\/ID2\/1\/194846.html.stx\">EN149: 2001 + A1: 2009 vaatimukset<\/a><\/li>\n<li>CE merkint\u00e4. <a href=\"https:\/\/ec.europa.eu\/growth\/tools-databases\/nando\/index.cfm?fuseaction=directive.nb&amp;body_type=NB&amp;refe_cd=NANDO_INPUT_249325\">Ilmoitettu laitos: CE 2834<\/a><\/li>\n<li><a href=\"https:\/\/eur-lex.europa.eu\/legal-content\/FI\/TXT\/?uri=CELEX%3A32016R0425\">EU 2016\/425 asetuksen henkil\u00f6nsuojaimista<\/a> mukainen henkil\u00f6nsuojain<\/li>\n<li>s\u00e4\u00e4dett\u00e4v\u00e4 nen\u00e4tuki<\/li>\n<li>FFP2 hengityssuojain venttiilill\u00e4<\/li>\n<li>pakkaus suomen- ja ruotsinkielinen,\u00a0suomenkieliset ja ruotsinkieliset k\u00e4ytt\u00f6ohjeet<\/li>\n<li><a href=\"https:\/\/tukes.fi\/tuotteet-ja-palvelut\/vaatimustenmukaisuus\/eu-vaatimustenmukaisuusvakuutus#85793f1d\">EU vaatimuksenmukaisuusvakuutus<\/a><\/li>\n<\/ul>\n<p>&nbsp;<\/p>\n<h2>FFP2 hengityssuojaimen SJ7899V suodatustehokkuus on testattu Suomessa<\/h2>\n<p>EN149:2001 + A1:2009 standardin mukaiset hengityssuojaimien FFP luokat ovat: FFP1, FFP2 ja FFP3. FFP3 on korkein suojausluokka ja FFP2-taso on toiseksi korkein. <a href=\"https:\/\/hotelli03.domainhotelli.fi\/~lsdoecli\/tuote-osasto\/hengityssuojain-hengityssuojaimet\/ffp2-hengityssuojaimet\/\">FFP2 hengityssuojaimien<\/a> suodatusteho on yli 94 % ja niiden sallittu maksimivuoto on 11 %. FFP2 NR tason hengityssuojain suojaa mm. hienolta p\u00f6lylt\u00e4, rakennusp\u00f6lylt\u00e4, bakteereilta, viruksilta, terveydelle vaarallisilta kiinteilt\u00e4 ja nestem\u00e4isilt\u00e4 hiukkasilta sek\u00e4 siitep\u00f6lylt\u00e4.<\/p>\n<p>Hengityssuojaimen SJ7899V suodatustehokkuus (hiukkaserotusaste) on testattu <a href=\"https:\/\/www.vttresearch.com\/fi\/palvelut\/vtt-todentaa-hengityksensuojainten-ja-kirurgisten-suu-nenasuojusten-suorituskykya\">suomalaisen tutkimuskeskuksen<\/a> toimesta. Suodatustehokkuus testattiinstandardin<a href=\"https:\/\/sales.sfs.fi\/fi\/index\/tuotteet\/SFS\/CENISO\/ID2\/2\/712197.html.stx\"> SFS-EN ISO 29463-3:2018<\/a> (High-efficiency filters and filter media for removing particles in air. Part 3: Testing flat sheet filter media) mittausmenetelm\u00e4ll\u00e4.<\/p>\n<p>Testiss\u00e4 hiukkaserotusaste m\u00e4\u00e4ritettiin l\u00e4pivirtausmenetelm\u00e4ll\u00e4. Testi tehtiin k\u00e4ytt\u00e4m\u00e4ll\u00e4 DEHS (di-etyyliheksyylisebakaatti)-partikkeleita aerosolina ja testiaerosoli sekoitettiin tasaisesti HEPA -suodatettuun tuloilmaan. Hengityssuojaimen suodatustehokkuuden m\u00e4\u00e4ritys tehtiin mittaamalla hiukkaspitoisuus ilmasta vuorotellen ennen suojainta (suodattamaton ilma) ja suojaimen j\u00e4lkeen (suodatettu ilma). Ilmanvirtaus hengityssuojaimen l\u00e4pi oli EN 149:2001 + A1:2009 standardin mukaisesti 95\/l min. Mittaus tehtiin optisella huikkasanalysaattorilla (huikkaskokoalue\u00a00,1 &#8211; 3,0 \u03bcm) ja tulos ilmoitetttiin standardin SFS-EN 149:2001\u00a00,6 \u03bcm:n hiukkaskokoluokan erotusasteen mukaisesti.<\/p>\n<p>Hiukkaserotusaste hengityssuojain SJ7899V FFP2 on Suomessa tehdyn tutkimuksen mukaisesti 99,3 %, mik\u00e4 vastaa <a href=\"https:\/\/hotelli03.domainhotelli.fi\/~lsdoecli\/tuote\/hengityssuojain-ffp3-tintele-9301-venttiililla-10kpl\/\">FFP3<\/a> suodatustehokkuutta.<\/p>\n<h2><strong>SJ7899V FFP2 hengityssuojain venttiilill\u00e4 soveltuu<\/strong><\/h2>\n<ul>\n<li>terveydenhuollon k\u00e4ytt\u00f6\u00f6n, k\u00e4ytet\u00e4\u00e4n ilmavarotoimien yhteydess\u00e4, kun ollaan tekemisess\u00e4 ilmav\u00e4litteisesti levi\u00e4vien tautien kanssa kuten tuberkuloosi, lintuinfluenssa, SARS, MERS, vesirokko<\/li>\n<li>teollisuuden k\u00e4ytt\u00f6\u00f6n suojautumaan p\u00f6lylt\u00e4, kemikaaleilta ja nestesumuilta<\/li>\n<li>rakennusalan k\u00e4ytt\u00f6\u00f6n suojatumaan hienolta p\u00f6lylt\u00e4, tasoitep\u00f6lylt\u00e4, kipsip\u00f6lylt\u00e4, maalip\u00f6lylt\u00e4, murskep\u00f6lylt\u00e4, eristevillan p\u00f6lylt\u00e4, hiontap\u00f6lylt\u00e4 ja reikien teon yhteydess\u00e4 syntyv\u00e4lt\u00e4 p\u00f6lylt\u00e4<\/li>\n<li>maataloudessa suojautumiseen lintuinfluenssalta, MRSA suojatumiseen p\u00f6lylt\u00e4 ja mikrobeilta sikalassa, kryptosporidioosin torjuntaan lypsykarjatiloilla<\/li>\n<li>arkik\u00e4yt\u00f6ss\u00e4 suojautumiseen katu- ja siitep\u00f6lylt\u00e4, ilmansaasteilta<\/li>\n<\/ul>\n<h3><strong>Hengityssuojain venttiilill\u00e4 SJ7899V k\u00e4ytt\u00f6ohje<\/strong><\/h3>\n<p>Tutustu ennen k\u00e4ytt\u00f6\u00e4 pakkauksen k\u00e4ytt\u00f6-ohjeeseen huolellisesti ja noudata siin\u00e4 annettuja ohjeita. Tarkista ett\u00e4 suojain on ehj\u00e4 ja siin\u00e4 ei ole n\u00e4kyvi\u00e4 vaurioita. Ota hengityssuojain SJ7899V pakkauksesta ja aseta se kasvoille, niin ett\u00e4 CE-merkint\u00e4 on ulkopuolella. Ved\u00e4 kuminauhat p\u00e4\u00e4n taakse. FFP2 suojaimen toimivuuden kannalta on t\u00e4rke\u00e4, ett\u00e4 se istuu tiiviisti kasvoja vasten, eik\u00e4 vuoda reunoilta tai nen\u00e4n kohdalla. Varmista tiiveys asettamalla molemmat k\u00e4det maskin ymp\u00e4rille ja hengitt\u00e4m\u00e4ll\u00e4 voimakkaasti sis\u00e4\u00e4n ja ulos. Jos tunnet ilmavirtausta nen\u00e4n alueella tai hengityssuojaimen reunoilla, sovita hengityssuojain paremmin ja s\u00e4\u00e4d\u00e4 tarpeen mukaisesti kuminauhoja tai nentukea, niin ett\u00e4 maski on tiivis ja ilmavirtaus h\u00e4vi\u00e4.<\/p>\n<h3>Hengityssuojain SJ7899V tuotetiedot<\/h3>\n<ul>\n<li>Valmistaja: <a href=\"http:\/\/www.sj-mask.com\">Shengjie Mask<\/a><\/li>\n<li>Malli: SJ7899V venttiilill\u00e4 valkoinen<\/li>\n<li>Pakkauskoko: 20 kpl<\/li>\n<li>Tukkupakkaus: 400 kpl<\/li>\n<li>Tuotteen EAN koodi (GTIN-13): 6430077581005<\/li>\n<li>Materiaali: Kuitukangas, Meltblown kuitukangas<\/li>\n<li>FFP2 hengityssuojain \u00a0koko: 16 x 10.8 cm<\/li>\n<\/ul>\n<p>Ostamassa suurempi\u00e4 m\u00e4\u00e4ri\u00e4 kerralla? Pyyd\u00e4n tarjous FFP2 terveydenhuollon k\u00e4ytt\u00f6\u00f6n, ty\u00f6maak\u00e4ytt\u00f6\u00f6n tai j\u00e4lleenmyyntiin suoraan JV Tuonnin asiakaspalvelusta <a href=\"mailto:myynti@hotelli03.domainhotelli.fi\">myynti@hotelli03.domainhotelli.fi<\/a><\/p>\n<p><iframe loading=\"lazy\" title=\"Hengityssuojain venttiilill\u00e4 FFP2 SJ7899V 20 kpl\" width=\"1140\" height=\"641\" src=\"https:\/\/www.youtube.com\/embed\/sIVS-lTll-4?feature=oembed\" frameborder=\"0\" allow=\"accelerometer; autoplay; clipboard-write; encrypted-media; gyroscope; picture-in-picture\" allowfullscreen><\/iframe><\/p>\n","protected":false},"excerpt":{"rendered":"<p>SJ7899V FFP2 hengityssuojain venttiilill\u00e4 &#8211; suojaa viruksilta, terveydelle vaarallisilta kiinteilt\u00e4 ja nestem\u00e4isilt\u00e4 hiukkasilta, siite- ja katup\u00f6lyilt\u00e4, sek\u00e4 rakennusp\u00f6lylt\u00e4.<\/p>\n<p>20kpl paketissa.<\/p>\n<p>CE-merkint\u00e4.<\/p>\n<p>&nbsp;<\/p>\n<p>&nbsp;<\/p>\n<p>&nbsp;<\/p>\n<p>&nbsp;<\/p>\n","protected":false},"featured_media":3291,"comment_status":"open","ping_status":"closed","template":"","meta":[],"product_cat":[94],"product_tag":[243,241,239,757,760,240,145,242],"yoast_head":"<!-- This site is optimized with the Yoast SEO Premium plugin v18.9 (Yoast SEO v19.3) - https:\/\/yoast.com\/wordpress\/plugins\/seo\/ -->\n<title>FFP2 hengityssuojain venttiilill\u00e4 SJ7899V 20 kpl | JV Tuonti<\/title>\n<meta name=\"description\" content=\"Hengityssuojain SJ7899V FFP2 venttiilill\u00e4. Testiryhm\u00e4n suosikki paras terveydenhuollon FFP2-luokan hengityssuojain, istuu tiivisti. Tilaa!\" \/>\n<meta name=\"robots\" content=\"index, follow, max-snippet:-1, max-image-preview:large, max-video-preview:-1\" \/>\n<link rel=\"canonical\" href=\"https:\/\/hotelli03.domainhotelli.fi\/~lsdoecli\/tuote\/ffp2-hengityssuojain-venttiililla-sj7899v-20-kpl\/\" \/>\n<meta property=\"og:locale\" content=\"fi_FI\" \/>\n<meta property=\"og:type\" content=\"article\" \/>\n<meta property=\"og:title\" content=\"FFP2 hengityssuojain venttiilill\u00e4 SJ7899V 20 kpl\" \/>\n<meta property=\"og:description\" content=\"Hengityssuojain SJ7899V FFP2 venttiilill\u00e4. Testiryhm\u00e4n suosikki paras terveydenhuollon FFP2-luokan hengityssuojain, istuu tiivisti. Tilaa!\" \/>\n<meta property=\"og:url\" content=\"https:\/\/hotelli03.domainhotelli.fi\/~lsdoecli\/tuote\/ffp2-hengityssuojain-venttiililla-sj7899v-20-kpl\/\" \/>\n<meta property=\"og:site_name\" content=\"JV Tuonti\" \/>\n<meta property=\"article:publisher\" content=\"https:\/\/www.facebook.com\/JVTuontiOy\" \/>\n<meta property=\"article:modified_time\" content=\"2022-10-02T03:58:01+00:00\" \/>\n<meta property=\"og:image\" content=\"https:\/\/hotelli03.domainhotelli.fi\/~lsdoecli\/wp-content\/uploads\/2021\/04\/SJ7899V-FFP2-hengityssuojain.png\" \/>\n\t<meta property=\"og:image:width\" content=\"481\" \/>\n\t<meta property=\"og:image:height\" content=\"481\" \/>\n\t<meta property=\"og:image:type\" content=\"image\/png\" \/>\n<meta name=\"twitter:card\" content=\"summary_large_image\" \/>\n<meta name=\"twitter:label1\" content=\"Price\" \/>\n\t<meta name=\"twitter:data1\" content=\"10,29&nbsp;&euro; Alv 24%N\u00e4yt\u00e4 veroton hinta8,30&nbsp;&euro; Alv 0%N\u00e4yt\u00e4 verollinen hinta\" \/>\n\t<meta name=\"twitter:label2\" content=\"Availability\" \/>\n\t<meta name=\"twitter:data2\" content=\"In stock\" \/>\n<script type=\"application\/ld+json\" class=\"yoast-schema-graph\">{\"@context\":\"https:\/\/schema.org\",\"@graph\":[{\"@type\":[\"Organization\",\"Place\",\"WholesaleStore\"],\"@id\":\"https:\/\/hotelli03.domainhotelli.fi\/~lsdoecli\/#organization\",\"name\":\"JV Tuonti Oy\",\"url\":\"https:\/\/hotelli03.domainhotelli.fi\/~lsdoecli\/\",\"sameAs\":[\"https:\/\/instagram.com\/jvtuontioy?utm_medium=copy_link\",\"https:\/\/www.facebook.com\/JVTuontiOy\"],\"logo\":{\"@id\":\"https:\/\/hotelli03.domainhotelli.fi\/~lsdoecli\/tuote\/ffp2-hengityssuojain-venttiililla-sj7899v-20-kpl\/#local-main-organization-logo\"},\"image\":{\"@id\":\"https:\/\/hotelli03.domainhotelli.fi\/~lsdoecli\/tuote\/ffp2-hengityssuojain-venttiililla-sj7899v-20-kpl\/#local-main-organization-logo\"},\"address\":{\"@id\":\"https:\/\/hotelli03.domainhotelli.fi\/~lsdoecli\/tuote\/ffp2-hengityssuojain-venttiililla-sj7899v-20-kpl\/#local-main-place-address\"},\"geo\":{\"@type\":\"GeoCoordinates\",\"latitude\":\"60.28431\",\"longitude\":\"24.81654\"},\"telephone\":[\"0408369980\"],\"openingHoursSpecification\":[{\"@type\":\"OpeningHoursSpecification\",\"dayOfWeek\":[\"Monday\",\"Tuesday\",\"Wednesday\",\"Thursday\",\"Friday\"],\"opens\":\"08:00\",\"closes\":\"16:00\"},{\"@type\":\"OpeningHoursSpecification\",\"dayOfWeek\":[\"Saturday\",\"Sunday\"],\"opens\":\"00:00\",\"closes\":\"00:00\"}],\"email\":\"myynti@hotelli03.domainhotelli.fi\",\"areaServed\":\"Suomi, Ruotsi\",\"vatID\":\"FI30178387\",\"priceRange\":\"$$\",\"currenciesAccepted\":\"\u20ac\",\"paymentAccepted\":\"Lasku, pankkikortti\"},{\"@type\":\"WebSite\",\"@id\":\"https:\/\/hotelli03.domainhotelli.fi\/~lsdoecli\/#website\",\"url\":\"https:\/\/hotelli03.domainhotelli.fi\/~lsdoecli\/\",\"name\":\"JV Tuonti\",\"description\":\"JV Tuonti Oy:n verkkokauppa\",\"publisher\":{\"@id\":\"https:\/\/hotelli03.domainhotelli.fi\/~lsdoecli\/#organization\"},\"potentialAction\":[{\"@type\":\"SearchAction\",\"target\":{\"@type\":\"EntryPoint\",\"urlTemplate\":\"https:\/\/hotelli03.domainhotelli.fi\/~lsdoecli\/?s={search_term_string}\"},\"query-input\":\"required name=search_term_string\"}],\"inLanguage\":\"fi\"},{\"@type\":\"ImageObject\",\"inLanguage\":\"fi\",\"@id\":\"https:\/\/hotelli03.domainhotelli.fi\/~lsdoecli\/tuote\/ffp2-hengityssuojain-venttiililla-sj7899v-20-kpl\/#primaryimage\",\"url\":\"https:\/\/hotelli03.domainhotelli.fi\/~lsdoecli\/wp-content\/uploads\/2021\/04\/SJ7899V-FFP2-hengityssuojain.png\",\"contentUrl\":\"https:\/\/hotelli03.domainhotelli.fi\/~lsdoecli\/wp-content\/uploads\/2021\/04\/SJ7899V-FFP2-hengityssuojain.png\",\"width\":481,\"height\":481,\"caption\":\"FFP2 Hengityssuojain\"},{\"@type\":\"WebPage\",\"@id\":\"https:\/\/hotelli03.domainhotelli.fi\/~lsdoecli\/tuote\/ffp2-hengityssuojain-venttiililla-sj7899v-20-kpl\/\",\"url\":\"https:\/\/hotelli03.domainhotelli.fi\/~lsdoecli\/tuote\/ffp2-hengityssuojain-venttiililla-sj7899v-20-kpl\/\",\"name\":\"FFP2 hengityssuojain venttiilill\u00e4 SJ7899V 20 kpl | JV Tuonti\",\"isPartOf\":{\"@id\":\"https:\/\/hotelli03.domainhotelli.fi\/~lsdoecli\/#website\"},\"primaryImageOfPage\":{\"@id\":\"https:\/\/hotelli03.domainhotelli.fi\/~lsdoecli\/tuote\/ffp2-hengityssuojain-venttiililla-sj7899v-20-kpl\/#primaryimage\"},\"datePublished\":\"2021-04-23T09:37:48+00:00\",\"dateModified\":\"2022-10-02T03:58:01+00:00\",\"description\":\"Hengityssuojain SJ7899V FFP2 venttiilill\u00e4. Testiryhm\u00e4n suosikki paras terveydenhuollon FFP2-luokan hengityssuojain, istuu tiivisti. Tilaa!\",\"breadcrumb\":{\"@id\":\"https:\/\/hotelli03.domainhotelli.fi\/~lsdoecli\/tuote\/ffp2-hengityssuojain-venttiililla-sj7899v-20-kpl\/#breadcrumb\"},\"inLanguage\":\"fi\",\"potentialAction\":[{\"@type\":\"ReadAction\",\"target\":[\"https:\/\/hotelli03.domainhotelli.fi\/~lsdoecli\/tuote\/ffp2-hengityssuojain-venttiililla-sj7899v-20-kpl\/\"]}]},{\"@type\":\"BreadcrumbList\",\"@id\":\"https:\/\/hotelli03.domainhotelli.fi\/~lsdoecli\/tuote\/ffp2-hengityssuojain-venttiililla-sj7899v-20-kpl\/#breadcrumb\",\"itemListElement\":[{\"@type\":\"ListItem\",\"position\":1,\"name\":\"Etusivu\",\"item\":\"https:\/\/hotelli03.domainhotelli.fi\/~lsdoecli\/\"},{\"@type\":\"ListItem\",\"position\":2,\"name\":\"Kauppa\",\"item\":\"https:\/\/hotelli03.domainhotelli.fi\/~lsdoecli\/kauppa\/\"},{\"@type\":\"ListItem\",\"position\":3,\"name\":\"FFP2 hengityssuojain venttiilill\u00e4 SJ7899V 20 kpl\"}]},{\"@type\":\"PostalAddress\",\"@id\":\"https:\/\/hotelli03.domainhotelli.fi\/~lsdoecli\/tuote\/ffp2-hengityssuojain-venttiililla-sj7899v-20-kpl\/#local-main-place-address\",\"streetAddress\":\"Pyymosantie 5a\",\"addressLocality\":\"Vantaa\",\"postalCode\":\"01720\",\"addressCountry\":\"FI\"},{\"@type\":\"ImageObject\",\"inLanguage\":\"fi\",\"@id\":\"https:\/\/hotelli03.domainhotelli.fi\/~lsdoecli\/tuote\/ffp2-hengityssuojain-venttiililla-sj7899v-20-kpl\/#local-main-organization-logo\",\"url\":\"https:\/\/hotelli03.domainhotelli.fi\/~lsdoecli\/wp-content\/uploads\/2021\/08\/JVTuonti_logo_nelio.jpg\",\"contentUrl\":\"https:\/\/hotelli03.domainhotelli.fi\/~lsdoecli\/wp-content\/uploads\/2021\/08\/JVTuonti_logo_nelio.jpg\",\"width\":550,\"height\":550,\"caption\":\"JV Tuonti Oy\"}]}<\/script>\n<meta property=\"og:video\" content=\"https:\/\/www.youtube.com\/embed\/sIVS-lTll-4\" \/>\n<meta property=\"og:video:type\" content=\"text\/html\" \/>\n<meta property=\"og:video:duration\" content=\"23\" \/>\n<meta property=\"og:video:width\" content=\"480\" \/>\n<meta property=\"og:video:height\" content=\"270\" \/>\n<meta property=\"ya:ovs:adult\" content=\"false\" \/>\n<meta property=\"ya:ovs:upload_date\" content=\"2021-04-23T09:37:48+00:00\" \/>\n<meta property=\"ya:ovs:allow_embed\" content=\"true\" \/>\n<meta property=\"product:brand\" content=\"SJ hengityssuojaimet\" \/>\n<meta property=\"product:price:amount\" content=\"10.29\" \/>\n<meta property=\"product:price:currency\" content=\"EUR\" \/>\n<meta property=\"og:availability\" content=\"instock\" \/>\n<meta property=\"product:availability\" content=\"instock\" \/>\n<meta property=\"product:retailer_item_id\" content=\"SJ7899V\" \/>\n<meta property=\"product:condition\" content=\"new\" \/>\n<meta name=\"geo.placename\" content=\"Vantaa\" \/>\n<meta name=\"geo.position\" content=\"60.28431;24.81654\" \/>\n<meta name=\"geo.region\" content=\"Suomi\" \/>\n<!-- \/ Yoast SEO Premium plugin. -->","yoast_head_json":{"title":"FFP2 hengityssuojain venttiilill\u00e4 SJ7899V 20 kpl | JV Tuonti","description":"Hengityssuojain SJ7899V FFP2 venttiilill\u00e4. Testiryhm\u00e4n suosikki paras terveydenhuollon FFP2-luokan hengityssuojain, istuu tiivisti. Tilaa!","robots":{"index":"index","follow":"follow","max-snippet":"max-snippet:-1","max-image-preview":"max-image-preview:large","max-video-preview":"max-video-preview:-1"},"canonical":"https:\/\/hotelli03.domainhotelli.fi\/~lsdoecli\/tuote\/ffp2-hengityssuojain-venttiililla-sj7899v-20-kpl\/","og_locale":"fi_FI","og_type":"article","og_title":"FFP2 hengityssuojain venttiilill\u00e4 SJ7899V 20 kpl","og_description":"Hengityssuojain SJ7899V FFP2 venttiilill\u00e4. Testiryhm\u00e4n suosikki paras terveydenhuollon FFP2-luokan hengityssuojain, istuu tiivisti. Tilaa!","og_url":"https:\/\/hotelli03.domainhotelli.fi\/~lsdoecli\/tuote\/ffp2-hengityssuojain-venttiililla-sj7899v-20-kpl\/","og_site_name":"JV Tuonti","article_publisher":"https:\/\/www.facebook.com\/JVTuontiOy","article_modified_time":"2022-10-02T03:58:01+00:00","og_image":[{"width":481,"height":481,"url":"https:\/\/hotelli03.domainhotelli.fi\/~lsdoecli\/wp-content\/uploads\/2021\/04\/SJ7899V-FFP2-hengityssuojain.png","type":"image\/png"}],"twitter_card":"summary_large_image","twitter_misc":{"Price":"10,29&nbsp;&euro; Alv 24%N\u00e4yt\u00e4 veroton hinta8,30&nbsp;&euro; Alv 0%N\u00e4yt\u00e4 verollinen hinta","Availability":"In stock"},"schema":{"@context":"https:\/\/schema.org","@graph":[{"@type":["Organization","Place","WholesaleStore"],"@id":"https:\/\/hotelli03.domainhotelli.fi\/~lsdoecli\/#organization","name":"JV Tuonti Oy","url":"https:\/\/hotelli03.domainhotelli.fi\/~lsdoecli\/","sameAs":["https:\/\/instagram.com\/jvtuontioy?utm_medium=copy_link","https:\/\/www.facebook.com\/JVTuontiOy"],"logo":{"@id":"https:\/\/hotelli03.domainhotelli.fi\/~lsdoecli\/tuote\/ffp2-hengityssuojain-venttiililla-sj7899v-20-kpl\/#local-main-organization-logo"},"image":{"@id":"https:\/\/hotelli03.domainhotelli.fi\/~lsdoecli\/tuote\/ffp2-hengityssuojain-venttiililla-sj7899v-20-kpl\/#local-main-organization-logo"},"address":{"@id":"https:\/\/hotelli03.domainhotelli.fi\/~lsdoecli\/tuote\/ffp2-hengityssuojain-venttiililla-sj7899v-20-kpl\/#local-main-place-address"},"geo":{"@type":"GeoCoordinates","latitude":"60.28431","longitude":"24.81654"},"telephone":["0408369980"],"openingHoursSpecification":[{"@type":"OpeningHoursSpecification","dayOfWeek":["Monday","Tuesday","Wednesday","Thursday","Friday"],"opens":"08:00","closes":"16:00"},{"@type":"OpeningHoursSpecification","dayOfWeek":["Saturday","Sunday"],"opens":"00:00","closes":"00:00"}],"email":"myynti@hotelli03.domainhotelli.fi","areaServed":"Suomi, Ruotsi","vatID":"FI30178387","priceRange":"$$","currenciesAccepted":"\u20ac","paymentAccepted":"Lasku, pankkikortti"},{"@type":"WebSite","@id":"https:\/\/hotelli03.domainhotelli.fi\/~lsdoecli\/#website","url":"https:\/\/hotelli03.domainhotelli.fi\/~lsdoecli\/","name":"JV Tuonti","description":"JV Tuonti Oy:n verkkokauppa","publisher":{"@id":"https:\/\/hotelli03.domainhotelli.fi\/~lsdoecli\/#organization"},"potentialAction":[{"@type":"SearchAction","target":{"@type":"EntryPoint","urlTemplate":"https:\/\/hotelli03.domainhotelli.fi\/~lsdoecli\/?s={search_term_string}"},"query-input":"required name=search_term_string"}],"inLanguage":"fi"},{"@type":"ImageObject","inLanguage":"fi","@id":"https:\/\/hotelli03.domainhotelli.fi\/~lsdoecli\/tuote\/ffp2-hengityssuojain-venttiililla-sj7899v-20-kpl\/#primaryimage","url":"https:\/\/hotelli03.domainhotelli.fi\/~lsdoecli\/wp-content\/uploads\/2021\/04\/SJ7899V-FFP2-hengityssuojain.png","contentUrl":"https:\/\/hotelli03.domainhotelli.fi\/~lsdoecli\/wp-content\/uploads\/2021\/04\/SJ7899V-FFP2-hengityssuojain.png","width":481,"height":481,"caption":"FFP2 Hengityssuojain"},{"@type":"WebPage","@id":"https:\/\/hotelli03.domainhotelli.fi\/~lsdoecli\/tuote\/ffp2-hengityssuojain-venttiililla-sj7899v-20-kpl\/","url":"https:\/\/hotelli03.domainhotelli.fi\/~lsdoecli\/tuote\/ffp2-hengityssuojain-venttiililla-sj7899v-20-kpl\/","name":"FFP2 hengityssuojain venttiilill\u00e4 SJ7899V 20 kpl | JV Tuonti","isPartOf":{"@id":"https:\/\/hotelli03.domainhotelli.fi\/~lsdoecli\/#website"},"primaryImageOfPage":{"@id":"https:\/\/hotelli03.domainhotelli.fi\/~lsdoecli\/tuote\/ffp2-hengityssuojain-venttiililla-sj7899v-20-kpl\/#primaryimage"},"datePublished":"2021-04-23T09:37:48+00:00","dateModified":"2022-10-02T03:58:01+00:00","description":"Hengityssuojain SJ7899V FFP2 venttiilill\u00e4. Testiryhm\u00e4n suosikki paras terveydenhuollon FFP2-luokan hengityssuojain, istuu tiivisti. Tilaa!","breadcrumb":{"@id":"https:\/\/hotelli03.domainhotelli.fi\/~lsdoecli\/tuote\/ffp2-hengityssuojain-venttiililla-sj7899v-20-kpl\/#breadcrumb"},"inLanguage":"fi","potentialAction":[{"@type":"ReadAction","target":["https:\/\/hotelli03.domainhotelli.fi\/~lsdoecli\/tuote\/ffp2-hengityssuojain-venttiililla-sj7899v-20-kpl\/"]}]},{"@type":"BreadcrumbList","@id":"https:\/\/hotelli03.domainhotelli.fi\/~lsdoecli\/tuote\/ffp2-hengityssuojain-venttiililla-sj7899v-20-kpl\/#breadcrumb","itemListElement":[{"@type":"ListItem","position":1,"name":"Etusivu","item":"https:\/\/hotelli03.domainhotelli.fi\/~lsdoecli\/"},{"@type":"ListItem","position":2,"name":"Kauppa","item":"https:\/\/hotelli03.domainhotelli.fi\/~lsdoecli\/kauppa\/"},{"@type":"ListItem","position":3,"name":"FFP2 hengityssuojain venttiilill\u00e4 SJ7899V 20 kpl"}]},{"@type":"PostalAddress","@id":"https:\/\/hotelli03.domainhotelli.fi\/~lsdoecli\/tuote\/ffp2-hengityssuojain-venttiililla-sj7899v-20-kpl\/#local-main-place-address","streetAddress":"Pyymosantie 5a","addressLocality":"Vantaa","postalCode":"01720","addressCountry":"FI"},{"@type":"ImageObject","inLanguage":"fi","@id":"https:\/\/hotelli03.domainhotelli.fi\/~lsdoecli\/tuote\/ffp2-hengityssuojain-venttiililla-sj7899v-20-kpl\/#local-main-organization-logo","url":"https:\/\/hotelli03.domainhotelli.fi\/~lsdoecli\/wp-content\/uploads\/2021\/08\/JVTuonti_logo_nelio.jpg","contentUrl":"https:\/\/hotelli03.domainhotelli.fi\/~lsdoecli\/wp-content\/uploads\/2021\/08\/JVTuonti_logo_nelio.jpg","width":550,"height":550,"caption":"JV Tuonti Oy"}]},"og_video":"https:\/\/www.youtube.com\/embed\/sIVS-lTll-4","og_video_type":"text\/html","og_video_duration":"23","og_video_width":"480","og_video_height":"270","ya_ovs_adult":"false","ya_ovs_upload_date":"2021-04-23T09:37:48+00:00","ya_ovs_allow_embed":"true","product_brand":"SJ hengityssuojaimet","product_price_amount":"10.29","product_price_currency":"EUR","og_availability":"instock","product_availability":"instock","product_retailer_item_id":"SJ7899V","product_condition":"new","geo.placename":"Vantaa","geo.position":{"lat":"60.28431","long":"24.81654"},"geo.region":"Suomi"},"_links":{"self":[{"href":"https:\/\/hotelli03.domainhotelli.fi\/~lsdoecli\/wp-json\/wp\/v2\/product\/3290"}],"collection":[{"href":"https:\/\/hotelli03.domainhotelli.fi\/~lsdoecli\/wp-json\/wp\/v2\/product"}],"about":[{"href":"https:\/\/hotelli03.domainhotelli.fi\/~lsdoecli\/wp-json\/wp\/v2\/types\/product"}],"replies":[{"embeddable":true,"href":"https:\/\/hotelli03.domainhotelli.fi\/~lsdoecli\/wp-json\/wp\/v2\/comments?post=3290"}],"wp:featuredmedia":[{"embeddable":true,"href":"https:\/\/hotelli03.domainhotelli.fi\/~lsdoecli\/wp-json\/wp\/v2\/media\/3291"}],"wp:attachment":[{"href":"https:\/\/hotelli03.domainhotelli.fi\/~lsdoecli\/wp-json\/wp\/v2\/media?parent=3290"}],"wp:term":[{"taxonomy":"product_cat","embeddable":true,"href":"https:\/\/hotelli03.domainhotelli.fi\/~lsdoecli\/wp-json\/wp\/v2\/product_cat?post=3290"},{"taxonomy":"product_tag","embeddable":true,"href":"https:\/\/hotelli03.domainhotelli.fi\/~lsdoecli\/wp-json\/wp\/v2\/product_tag?post=3290"}],"curies":[{"name":"wp","href":"https:\/\/api.w.org\/{rel}","templated":true}]}}