{"id":3287,"date":"2021-04-23T09:14:37","date_gmt":"2021-04-23T09:14:37","guid":{"rendered":"https:\/\/hotelli03.domainhotelli.fi\/~lsdoecli\/woocommerce\/?post_type=product&#038;p=3287"},"modified":"2022-07-31T17:31:12","modified_gmt":"2022-07-31T17:31:12","slug":"musta-kasvomaski-kirurginen-10-kpl-iir-tuoyouda","status":"publish","type":"product","link":"https:\/\/hotelli03.domainhotelli.fi\/~lsdoecli\/tuote\/musta-kasvomaski-kirurginen-10-kpl-iir-tuoyouda\/","title":{"rendered":"Musta kirurginen kasvomaski IIR Tuoyouda 10 kpl lennolle"},"content":{"rendered":"<h1><strong>Musta kirurginen\u00a0<\/strong><strong>kasvomaski IIR\u00a0<\/strong><strong>Tuoyouda 10 kpl lennolle<\/strong><\/h1>\n<p>Musta kasvomaski Tuoyoda tyyppi IIR:<\/p>\n<ul>\n<li>suodatustehokkuus (BFE Bacteria Filtration Efficiency) &gt; 98 %<\/li>\n<li>roiskesuojattu musta maski<\/li>\n<li>CE-merkint\u00e4<\/li>\n<li><a href=\"https:\/\/sales.sfs.fi\/fi\/index\/tuotteet\/SFS\/CEN\/ID2\/1\/798521.html.stx\">EN 14683:2019 + AC2019 standardin<\/a>\u00a0standardin mukainen kirurginen kasvomaski<\/li>\n<li><a href=\"https:\/\/www.sgsgroup.com.cn\/en\/our-company\/about-sgs\/sgs-in-brief\/sgs-in-china\">SGS-CSTC Standards Technical Services<\/a>\u00a0testiraportti<\/li>\n<li>l\u00e4\u00e4kinn\u00e4llinen laite<\/li>\n<li>EU vaatimustenmukaisuusvakuutus<\/li>\n<li>kolmikerroksinen musta maski<\/li>\n<li>hajuton ja ihoyst\u00e4v\u00e4llinen, sopii silm\u00e4lasien kanssa k\u00e4ytett\u00e4v\u00e4ksi<\/li>\n<li>suomen- ja ruotsinkielinen pakkaus<\/li>\n<\/ul>\n<h2>Kasvomaski est\u00e4\u00e4 pisaroiden levi\u00e4misen ja suojaa roiskeilta<\/h2>\n<p>Kasvomaski suojaa pisaratartunnalta ja siin\u00e4 on lis\u00e4ksi roiskesuoja, joka suojaa veriroiskeilta ja muilta eriteroiskeilta. Kertak\u00e4ytt\u00f6inen musta kasvomaski est\u00e4\u00e4 pisaroiden levi\u00e4mist\u00e4 hengitysilman kautta ja suojaa muita henkil\u00f6it\u00e4 k\u00e4ytt\u00e4j\u00e4n aerosoleilta. Tuoyouda kasvomaski tyyppi IIR suodatustehokkuus on yli 98 % ja se on kirurgisen suu-nen\u00e4suojuksen\u00a0<a href=\"https:\/\/hotelli03.domainhotelli.fi\/~lsdoecli\/tuote\/kasvomaski-tyyppi-ii-50kpl-pakkaus\/\">type II<\/a>\u00a0kanssa yleisin terveydenhuollossa k\u00e4ytetty maski.<\/p>\n<p>Musta kasvomaski IIR istuu mukavasti ja est\u00e4\u00e4 silm\u00e4lasien huurtumista. Maskin l\u00e4pi on helppo hengitt\u00e4\u00e4 ja se on pakattu k\u00e4tev\u00e4\u00e4n 10 kpl pakkaukseen, joka kulkee k\u00e4tev\u00e4sti mukana taskussa tai laukaussa. Pakkaus on helppo jakaa henkil\u00f6kunnalle, oppilaille tai asiakkaille ilman ristikontaminaation riski\u00e4.<\/p>\n<h2>Tilaa musta kasvomaski netist\u00e4<\/h2>\n<p>Toyouda tyyppi IIR on\u00a0<a href=\"https:\/\/sales.sfs.fi\/fi\/index\/tuotteet\/SFS\/CEN\/ID2\/1\/798521.html.stx\">EN 14683:2019 (Medical face masks \u2013 Requirements and test methods)<\/a>\u00a0standardin mukainen kirurginen \u00a0kasvomaski ja se on tarkoitettu l\u00e4\u00e4kin\u00e4lliseksi laitteeksi terveydenhuollon ammattilaisille ja asiakaspalvelutilanteissa. Tuoyouda IIR maskissa on CE-merkint\u00e4.<\/p>\n<p>Terveydenhuollossa kirurgisia maskeja k\u00e4ytet\u00e4\u00e4n esimerkiksi leikkaussaleissa ja toimenpideyksik\u00f6iss\u00e4, sek\u00e4 suun terveydenhuollossa suojaamaan henkil\u00f6kuntaa pisaratartunnalta ja suojaamaan potilasta.<\/p>\n<p>Soveltuu henkil\u00f6kohtaiseen k\u00e4ytt\u00f6\u00f6n tilanteissa, joissa samassa tilassa on useita henkil\u00f6it\u00e4, est\u00e4m\u00e4\u00e4n p\u00e4rskeiden levi\u00e4mist\u00e4.<\/p>\n<p><a href=\"https:\/\/hotelli03.domainhotelli.fi\/~lsdoecli\/koronavirus-ja-suojautuminen\/miksi-koronavirus-tartuntamaarat-ovat-suomessa-ja-euroopassa-kasvussa-rokotteista-huolimatta-ja-mika-on-paras-tapa-suojautua-delta-virusta-vastaan\/\">Mik\u00e4 on paras tapa suojautua Delta virusta vastaan? Lue lis\u00e4\u00e4 t\u00e4st\u00e4!<\/a><\/p>\n<p><strong>Musta kasvomaski IIR<\/strong>\u00a0suositellaan k\u00e4ytett\u00e4v\u00e4ksi \u00a0tilanteissa, miss\u00e4 suositeltu 2 metrin turvav\u00e4lin pit\u00e4minen ei ole mahdollista. Koronavirus levi\u00e4 yleens\u00e4 pisaratartuntana, kun sairastunut henkil\u00f6 yskii, aivastaa, puhuu tai laulaa.<\/p>\n<h2><strong>Kasvomaskin k\u00e4ytt\u00f6ohje<\/strong><\/h2>\n<p>Pese tai desinfioi k\u00e4det ennen kun k\u00e4ytt\u00f6\u00e4. Aseta musta maski kasvoille ja muotoile k\u00e4sill\u00e4 nen\u00e4pidike, niin ett\u00e4 se asettuu nen\u00e4n p\u00e4\u00e4lle. Tarkista ja s\u00e4\u00e4d\u00e4 mustaa kasvomaskia, niin ett\u00e4 se istuu tiivisti kasvoille ja peitt\u00e4\u00e4 suun, nen\u00e4n ja leuan. Korvalenkit kiinnitet\u00e4\u00e4n korvien taakse. Riisu maski pit\u00e4m\u00e4ll\u00e4 korvalenkeist\u00e4 kiinni ja heit\u00e4 se roskiin. Vaihda musta maski, jos se tuntuu kostealta tai likaantuu.<\/p>\n<p>Katso\u00a0<a href=\"https:\/\/hotelli03.domainhotelli.fi\/~lsdoecli\/tuote-osasto\/kasvomaskit\/\">muut maskit t\u00e4\u00e4lt\u00e4<\/a>.<\/p>\n<p><strong>Tuoyouda tuotetiedot<\/strong><\/p>\n<ul>\n<li>Valmistaja: Tuoyouda<\/li>\n<li>Malli: TYD-KZ04<\/li>\n<li>Pakkauskoko: 10 kpl<\/li>\n<li>Tukkupakkaus: 2000 kpl<\/li>\n<li>Tuotteen EAN koodi (GTIN-13):\u00a06430077580947<\/li>\n<li>Materiaali: kuitukangas ja sulapuhallettu kangas. Ei sis\u00e4ll\u00e4 lateksia tai nikkeli\u00e4. Korvalenkit elastinen materiaali.<\/li>\n<\/ul>\n<p><iframe loading=\"lazy\" title=\"Kasvomaski Musta IIR (kirurginen) Tuoyouda 10 kpl pakkaus\" width=\"1140\" height=\"855\" src=\"https:\/\/www.youtube.com\/embed\/MtAw3as_Q_c?feature=oembed\" frameborder=\"0\" allow=\"accelerometer; autoplay; clipboard-write; encrypted-media; gyroscope; picture-in-picture\" allowfullscreen><\/iframe><\/p>\n","protected":false},"excerpt":{"rendered":"<p>Musta kasvomaski IIR 10 kpl pakkaus.<\/p>\n<p>K\u00e4tev\u00e4 10kpl pakkaus lennolle, uudelleensuljettava pussi, joten kasvomaskit voi s\u00e4ilytt\u00e4\u00e4 hygienisesti taskussa.<\/p>\n","protected":false},"featured_media":3288,"comment_status":"open","ping_status":"closed","template":"","meta":[],"product_cat":[756],"product_tag":[210,281,211,208,209,813,1083],"yoast_head":"<!-- This site is optimized with the Yoast SEO Premium plugin v18.9 (Yoast SEO v19.3) - https:\/\/yoast.com\/wordpress\/plugins\/seo\/ -->\n<title>Musta kirurginen kasvomaski IIR Tuoyouda 10 kpl lennolle JV Tuonti<\/title>\n<meta name=\"description\" content=\"Musta kasvomaski IIR, 10kpl pakkaus, uudelleensuljettava pussi, helppo pit\u00e4\u00e4 mukana. Ihoyst\u00e4v\u00e4llinen ja hajuton. Tilaa kasvomaski netist\u00e4!\" \/>\n<meta name=\"robots\" content=\"index, follow, max-snippet:-1, max-image-preview:large, max-video-preview:-1\" \/>\n<link rel=\"canonical\" href=\"https:\/\/hotelli03.domainhotelli.fi\/~lsdoecli\/tuote\/musta-kasvomaski-kirurginen-10-kpl-iir-tuoyouda\/\" \/>\n<meta property=\"og:locale\" content=\"fi_FI\" \/>\n<meta property=\"og:type\" content=\"article\" \/>\n<meta property=\"og:title\" content=\"Musta kirurginen kasvomaski IIR Tuoyouda 10 kpl lennolle\" \/>\n<meta property=\"og:description\" content=\"Musta kasvomaski IIR, 10kpl pakkaus, uudelleensuljettava pussi, helppo pit\u00e4\u00e4 mukana. Ihoyst\u00e4v\u00e4llinen ja hajuton. Tilaa kasvomaski netist\u00e4!\" \/>\n<meta property=\"og:url\" content=\"https:\/\/hotelli03.domainhotelli.fi\/~lsdoecli\/tuote\/musta-kasvomaski-kirurginen-10-kpl-iir-tuoyouda\/\" \/>\n<meta property=\"og:site_name\" content=\"JV Tuonti\" \/>\n<meta property=\"article:publisher\" content=\"https:\/\/www.facebook.com\/JVTuontiOy\" \/>\n<meta property=\"article:modified_time\" content=\"2022-07-31T17:31:12+00:00\" \/>\n<meta property=\"og:image\" content=\"https:\/\/hotelli03.domainhotelli.fi\/~lsdoecli\/wp-content\/uploads\/2021\/04\/Kirurginen-suu-ja-nena\u0308suojus.png\" \/>\n\t<meta property=\"og:image:width\" content=\"640\" \/>\n\t<meta property=\"og:image:height\" content=\"427\" \/>\n\t<meta property=\"og:image:type\" content=\"image\/png\" \/>\n<meta name=\"twitter:card\" content=\"summary_large_image\" \/>\n<meta name=\"twitter:label1\" content=\"Price\" \/>\n\t<meta name=\"twitter:data1\" content=\"1,49&nbsp;&euro; Alv 24%N\u00e4yt\u00e4 veroton hinta1,20&nbsp;&euro; Alv 0%N\u00e4yt\u00e4 verollinen hinta\" \/>\n\t<meta name=\"twitter:label2\" content=\"Availability\" \/>\n\t<meta name=\"twitter:data2\" content=\"In stock\" \/>\n<script type=\"application\/ld+json\" class=\"yoast-schema-graph\">{\"@context\":\"https:\/\/schema.org\",\"@graph\":[{\"@type\":[\"Organization\",\"Place\",\"WholesaleStore\"],\"@id\":\"https:\/\/hotelli03.domainhotelli.fi\/~lsdoecli\/#organization\",\"name\":\"JV Tuonti Oy\",\"url\":\"https:\/\/hotelli03.domainhotelli.fi\/~lsdoecli\/\",\"sameAs\":[\"https:\/\/instagram.com\/jvtuontioy?utm_medium=copy_link\",\"https:\/\/www.facebook.com\/JVTuontiOy\"],\"logo\":{\"@id\":\"https:\/\/hotelli03.domainhotelli.fi\/~lsdoecli\/tuote\/musta-kasvomaski-kirurginen-10-kpl-iir-tuoyouda\/#local-main-organization-logo\"},\"image\":{\"@id\":\"https:\/\/hotelli03.domainhotelli.fi\/~lsdoecli\/tuote\/musta-kasvomaski-kirurginen-10-kpl-iir-tuoyouda\/#local-main-organization-logo\"},\"address\":{\"@id\":\"https:\/\/hotelli03.domainhotelli.fi\/~lsdoecli\/tuote\/musta-kasvomaski-kirurginen-10-kpl-iir-tuoyouda\/#local-main-place-address\"},\"geo\":{\"@type\":\"GeoCoordinates\",\"latitude\":\"60.28431\",\"longitude\":\"24.81654\"},\"telephone\":[\"0408369980\"],\"openingHoursSpecification\":[{\"@type\":\"OpeningHoursSpecification\",\"dayOfWeek\":[\"Monday\",\"Tuesday\",\"Wednesday\",\"Thursday\",\"Friday\"],\"opens\":\"08:00\",\"closes\":\"16:00\"},{\"@type\":\"OpeningHoursSpecification\",\"dayOfWeek\":[\"Saturday\",\"Sunday\"],\"opens\":\"00:00\",\"closes\":\"00:00\"}],\"email\":\"myynti@hotelli03.domainhotelli.fi\",\"areaServed\":\"Suomi, Ruotsi\",\"vatID\":\"FI30178387\",\"priceRange\":\"$$\",\"currenciesAccepted\":\"\u20ac\",\"paymentAccepted\":\"Lasku, pankkikortti\"},{\"@type\":\"WebSite\",\"@id\":\"https:\/\/hotelli03.domainhotelli.fi\/~lsdoecli\/#website\",\"url\":\"https:\/\/hotelli03.domainhotelli.fi\/~lsdoecli\/\",\"name\":\"JV Tuonti\",\"description\":\"JV Tuonti Oy:n verkkokauppa\",\"publisher\":{\"@id\":\"https:\/\/hotelli03.domainhotelli.fi\/~lsdoecli\/#organization\"},\"potentialAction\":[{\"@type\":\"SearchAction\",\"target\":{\"@type\":\"EntryPoint\",\"urlTemplate\":\"https:\/\/hotelli03.domainhotelli.fi\/~lsdoecli\/?s={search_term_string}\"},\"query-input\":\"required name=search_term_string\"}],\"inLanguage\":\"fi\"},{\"@type\":\"ImageObject\",\"inLanguage\":\"fi\",\"@id\":\"https:\/\/hotelli03.domainhotelli.fi\/~lsdoecli\/tuote\/musta-kasvomaski-kirurginen-10-kpl-iir-tuoyouda\/#primaryimage\",\"url\":\"https:\/\/hotelli03.domainhotelli.fi\/~lsdoecli\/wp-content\/uploads\/2021\/04\/Kirurginen-suu-ja-nena\u0308suojus.png\",\"contentUrl\":\"https:\/\/hotelli03.domainhotelli.fi\/~lsdoecli\/wp-content\/uploads\/2021\/04\/Kirurginen-suu-ja-nena\u0308suojus.png\",\"width\":640,\"height\":427,\"caption\":\"Musta kirurginen kasvomaski IIR Tuoyouda 10 kpl lennolle\"},{\"@type\":\"WebPage\",\"@id\":\"https:\/\/hotelli03.domainhotelli.fi\/~lsdoecli\/tuote\/musta-kasvomaski-kirurginen-10-kpl-iir-tuoyouda\/\",\"url\":\"https:\/\/hotelli03.domainhotelli.fi\/~lsdoecli\/tuote\/musta-kasvomaski-kirurginen-10-kpl-iir-tuoyouda\/\",\"name\":\"Musta kirurginen kasvomaski IIR Tuoyouda 10 kpl lennolle JV Tuonti\",\"isPartOf\":{\"@id\":\"https:\/\/hotelli03.domainhotelli.fi\/~lsdoecli\/#website\"},\"primaryImageOfPage\":{\"@id\":\"https:\/\/hotelli03.domainhotelli.fi\/~lsdoecli\/tuote\/musta-kasvomaski-kirurginen-10-kpl-iir-tuoyouda\/#primaryimage\"},\"datePublished\":\"2021-04-23T09:14:37+00:00\",\"dateModified\":\"2022-07-31T17:31:12+00:00\",\"description\":\"Musta kasvomaski IIR, 10kpl pakkaus, uudelleensuljettava pussi, helppo pit\u00e4\u00e4 mukana. Ihoyst\u00e4v\u00e4llinen ja hajuton. Tilaa kasvomaski netist\u00e4!\",\"breadcrumb\":{\"@id\":\"https:\/\/hotelli03.domainhotelli.fi\/~lsdoecli\/tuote\/musta-kasvomaski-kirurginen-10-kpl-iir-tuoyouda\/#breadcrumb\"},\"inLanguage\":\"fi\",\"potentialAction\":[{\"@type\":\"ReadAction\",\"target\":[\"https:\/\/hotelli03.domainhotelli.fi\/~lsdoecli\/tuote\/musta-kasvomaski-kirurginen-10-kpl-iir-tuoyouda\/\"]}]},{\"@type\":\"BreadcrumbList\",\"@id\":\"https:\/\/hotelli03.domainhotelli.fi\/~lsdoecli\/tuote\/musta-kasvomaski-kirurginen-10-kpl-iir-tuoyouda\/#breadcrumb\",\"itemListElement\":[{\"@type\":\"ListItem\",\"position\":1,\"name\":\"Etusivu\",\"item\":\"https:\/\/hotelli03.domainhotelli.fi\/~lsdoecli\/\"},{\"@type\":\"ListItem\",\"position\":2,\"name\":\"Kauppa\",\"item\":\"https:\/\/hotelli03.domainhotelli.fi\/~lsdoecli\/kauppa\/\"},{\"@type\":\"ListItem\",\"position\":3,\"name\":\"Musta kirurginen kasvomaski IIR Tuoyouda 10 kpl lennolle\"}]},{\"@type\":\"PostalAddress\",\"@id\":\"https:\/\/hotelli03.domainhotelli.fi\/~lsdoecli\/tuote\/musta-kasvomaski-kirurginen-10-kpl-iir-tuoyouda\/#local-main-place-address\",\"streetAddress\":\"Pyymosantie 5a\",\"addressLocality\":\"Vantaa\",\"postalCode\":\"01720\",\"addressCountry\":\"FI\"},{\"@type\":\"ImageObject\",\"inLanguage\":\"fi\",\"@id\":\"https:\/\/hotelli03.domainhotelli.fi\/~lsdoecli\/tuote\/musta-kasvomaski-kirurginen-10-kpl-iir-tuoyouda\/#local-main-organization-logo\",\"url\":\"https:\/\/hotelli03.domainhotelli.fi\/~lsdoecli\/wp-content\/uploads\/2021\/08\/JVTuonti_logo_nelio.jpg\",\"contentUrl\":\"https:\/\/hotelli03.domainhotelli.fi\/~lsdoecli\/wp-content\/uploads\/2021\/08\/JVTuonti_logo_nelio.jpg\",\"width\":550,\"height\":550,\"caption\":\"JV Tuonti Oy\"}]}<\/script>\n<meta property=\"og:video\" content=\"https:\/\/www.youtube.com\/embed\/MtAw3as_Q_c\" \/>\n<meta property=\"og:video:type\" content=\"text\/html\" \/>\n<meta property=\"og:video:duration\" content=\"7\" \/>\n<meta property=\"og:video:width\" content=\"480\" \/>\n<meta property=\"og:video:height\" content=\"360\" \/>\n<meta property=\"ya:ovs:adult\" content=\"false\" \/>\n<meta property=\"ya:ovs:upload_date\" content=\"2021-04-23T09:14:37+00:00\" \/>\n<meta property=\"ya:ovs:allow_embed\" content=\"true\" \/>\n<meta property=\"product:price:amount\" content=\"1.49\" \/>\n<meta property=\"product:price:currency\" content=\"EUR\" \/>\n<meta property=\"og:availability\" content=\"instock\" \/>\n<meta property=\"product:availability\" content=\"instock\" \/>\n<meta property=\"product:retailer_item_id\" content=\"TUOIIR10M\" \/>\n<meta property=\"product:condition\" content=\"new\" \/>\n<meta name=\"geo.placename\" content=\"Vantaa\" \/>\n<meta name=\"geo.position\" content=\"60.28431;24.81654\" \/>\n<meta name=\"geo.region\" content=\"Suomi\" \/>\n<!-- \/ Yoast SEO Premium plugin. -->","yoast_head_json":{"title":"Musta kirurginen kasvomaski IIR Tuoyouda 10 kpl lennolle JV Tuonti","description":"Musta kasvomaski IIR, 10kpl pakkaus, uudelleensuljettava pussi, helppo pit\u00e4\u00e4 mukana. Ihoyst\u00e4v\u00e4llinen ja hajuton. Tilaa kasvomaski netist\u00e4!","robots":{"index":"index","follow":"follow","max-snippet":"max-snippet:-1","max-image-preview":"max-image-preview:large","max-video-preview":"max-video-preview:-1"},"canonical":"https:\/\/hotelli03.domainhotelli.fi\/~lsdoecli\/tuote\/musta-kasvomaski-kirurginen-10-kpl-iir-tuoyouda\/","og_locale":"fi_FI","og_type":"article","og_title":"Musta kirurginen kasvomaski IIR Tuoyouda 10 kpl lennolle","og_description":"Musta kasvomaski IIR, 10kpl pakkaus, uudelleensuljettava pussi, helppo pit\u00e4\u00e4 mukana. Ihoyst\u00e4v\u00e4llinen ja hajuton. Tilaa kasvomaski netist\u00e4!","og_url":"https:\/\/hotelli03.domainhotelli.fi\/~lsdoecli\/tuote\/musta-kasvomaski-kirurginen-10-kpl-iir-tuoyouda\/","og_site_name":"JV Tuonti","article_publisher":"https:\/\/www.facebook.com\/JVTuontiOy","article_modified_time":"2022-07-31T17:31:12+00:00","og_image":[{"width":640,"height":427,"url":"https:\/\/hotelli03.domainhotelli.fi\/~lsdoecli\/wp-content\/uploads\/2021\/04\/Kirurginen-suu-ja-nena\u0308suojus.png","type":"image\/png"}],"twitter_card":"summary_large_image","twitter_misc":{"Price":"1,49&nbsp;&euro; Alv 24%N\u00e4yt\u00e4 veroton hinta1,20&nbsp;&euro; Alv 0%N\u00e4yt\u00e4 verollinen hinta","Availability":"In stock"},"schema":{"@context":"https:\/\/schema.org","@graph":[{"@type":["Organization","Place","WholesaleStore"],"@id":"https:\/\/hotelli03.domainhotelli.fi\/~lsdoecli\/#organization","name":"JV Tuonti Oy","url":"https:\/\/hotelli03.domainhotelli.fi\/~lsdoecli\/","sameAs":["https:\/\/instagram.com\/jvtuontioy?utm_medium=copy_link","https:\/\/www.facebook.com\/JVTuontiOy"],"logo":{"@id":"https:\/\/hotelli03.domainhotelli.fi\/~lsdoecli\/tuote\/musta-kasvomaski-kirurginen-10-kpl-iir-tuoyouda\/#local-main-organization-logo"},"image":{"@id":"https:\/\/hotelli03.domainhotelli.fi\/~lsdoecli\/tuote\/musta-kasvomaski-kirurginen-10-kpl-iir-tuoyouda\/#local-main-organization-logo"},"address":{"@id":"https:\/\/hotelli03.domainhotelli.fi\/~lsdoecli\/tuote\/musta-kasvomaski-kirurginen-10-kpl-iir-tuoyouda\/#local-main-place-address"},"geo":{"@type":"GeoCoordinates","latitude":"60.28431","longitude":"24.81654"},"telephone":["0408369980"],"openingHoursSpecification":[{"@type":"OpeningHoursSpecification","dayOfWeek":["Monday","Tuesday","Wednesday","Thursday","Friday"],"opens":"08:00","closes":"16:00"},{"@type":"OpeningHoursSpecification","dayOfWeek":["Saturday","Sunday"],"opens":"00:00","closes":"00:00"}],"email":"myynti@hotelli03.domainhotelli.fi","areaServed":"Suomi, Ruotsi","vatID":"FI30178387","priceRange":"$$","currenciesAccepted":"\u20ac","paymentAccepted":"Lasku, pankkikortti"},{"@type":"WebSite","@id":"https:\/\/hotelli03.domainhotelli.fi\/~lsdoecli\/#website","url":"https:\/\/hotelli03.domainhotelli.fi\/~lsdoecli\/","name":"JV Tuonti","description":"JV Tuonti Oy:n verkkokauppa","publisher":{"@id":"https:\/\/hotelli03.domainhotelli.fi\/~lsdoecli\/#organization"},"potentialAction":[{"@type":"SearchAction","target":{"@type":"EntryPoint","urlTemplate":"https:\/\/hotelli03.domainhotelli.fi\/~lsdoecli\/?s={search_term_string}"},"query-input":"required name=search_term_string"}],"inLanguage":"fi"},{"@type":"ImageObject","inLanguage":"fi","@id":"https:\/\/hotelli03.domainhotelli.fi\/~lsdoecli\/tuote\/musta-kasvomaski-kirurginen-10-kpl-iir-tuoyouda\/#primaryimage","url":"https:\/\/hotelli03.domainhotelli.fi\/~lsdoecli\/wp-content\/uploads\/2021\/04\/Kirurginen-suu-ja-nena\u0308suojus.png","contentUrl":"https:\/\/hotelli03.domainhotelli.fi\/~lsdoecli\/wp-content\/uploads\/2021\/04\/Kirurginen-suu-ja-nena\u0308suojus.png","width":640,"height":427,"caption":"Musta kirurginen kasvomaski IIR Tuoyouda 10 kpl lennolle"},{"@type":"WebPage","@id":"https:\/\/hotelli03.domainhotelli.fi\/~lsdoecli\/tuote\/musta-kasvomaski-kirurginen-10-kpl-iir-tuoyouda\/","url":"https:\/\/hotelli03.domainhotelli.fi\/~lsdoecli\/tuote\/musta-kasvomaski-kirurginen-10-kpl-iir-tuoyouda\/","name":"Musta kirurginen kasvomaski IIR Tuoyouda 10 kpl lennolle JV Tuonti","isPartOf":{"@id":"https:\/\/hotelli03.domainhotelli.fi\/~lsdoecli\/#website"},"primaryImageOfPage":{"@id":"https:\/\/hotelli03.domainhotelli.fi\/~lsdoecli\/tuote\/musta-kasvomaski-kirurginen-10-kpl-iir-tuoyouda\/#primaryimage"},"datePublished":"2021-04-23T09:14:37+00:00","dateModified":"2022-07-31T17:31:12+00:00","description":"Musta kasvomaski IIR, 10kpl pakkaus, uudelleensuljettava pussi, helppo pit\u00e4\u00e4 mukana. Ihoyst\u00e4v\u00e4llinen ja hajuton. Tilaa kasvomaski netist\u00e4!","breadcrumb":{"@id":"https:\/\/hotelli03.domainhotelli.fi\/~lsdoecli\/tuote\/musta-kasvomaski-kirurginen-10-kpl-iir-tuoyouda\/#breadcrumb"},"inLanguage":"fi","potentialAction":[{"@type":"ReadAction","target":["https:\/\/hotelli03.domainhotelli.fi\/~lsdoecli\/tuote\/musta-kasvomaski-kirurginen-10-kpl-iir-tuoyouda\/"]}]},{"@type":"BreadcrumbList","@id":"https:\/\/hotelli03.domainhotelli.fi\/~lsdoecli\/tuote\/musta-kasvomaski-kirurginen-10-kpl-iir-tuoyouda\/#breadcrumb","itemListElement":[{"@type":"ListItem","position":1,"name":"Etusivu","item":"https:\/\/hotelli03.domainhotelli.fi\/~lsdoecli\/"},{"@type":"ListItem","position":2,"name":"Kauppa","item":"https:\/\/hotelli03.domainhotelli.fi\/~lsdoecli\/kauppa\/"},{"@type":"ListItem","position":3,"name":"Musta kirurginen kasvomaski IIR Tuoyouda 10 kpl lennolle"}]},{"@type":"PostalAddress","@id":"https:\/\/hotelli03.domainhotelli.fi\/~lsdoecli\/tuote\/musta-kasvomaski-kirurginen-10-kpl-iir-tuoyouda\/#local-main-place-address","streetAddress":"Pyymosantie 5a","addressLocality":"Vantaa","postalCode":"01720","addressCountry":"FI"},{"@type":"ImageObject","inLanguage":"fi","@id":"https:\/\/hotelli03.domainhotelli.fi\/~lsdoecli\/tuote\/musta-kasvomaski-kirurginen-10-kpl-iir-tuoyouda\/#local-main-organization-logo","url":"https:\/\/hotelli03.domainhotelli.fi\/~lsdoecli\/wp-content\/uploads\/2021\/08\/JVTuonti_logo_nelio.jpg","contentUrl":"https:\/\/hotelli03.domainhotelli.fi\/~lsdoecli\/wp-content\/uploads\/2021\/08\/JVTuonti_logo_nelio.jpg","width":550,"height":550,"caption":"JV Tuonti Oy"}]},"og_video":"https:\/\/www.youtube.com\/embed\/MtAw3as_Q_c","og_video_type":"text\/html","og_video_duration":"7","og_video_width":"480","og_video_height":"360","ya_ovs_adult":"false","ya_ovs_upload_date":"2021-04-23T09:14:37+00:00","ya_ovs_allow_embed":"true","product_price_amount":"1.49","product_price_currency":"EUR","og_availability":"instock","product_availability":"instock","product_retailer_item_id":"TUOIIR10M","product_condition":"new","geo.placename":"Vantaa","geo.position":{"lat":"60.28431","long":"24.81654"},"geo.region":"Suomi"},"_links":{"self":[{"href":"https:\/\/hotelli03.domainhotelli.fi\/~lsdoecli\/wp-json\/wp\/v2\/product\/3287"}],"collection":[{"href":"https:\/\/hotelli03.domainhotelli.fi\/~lsdoecli\/wp-json\/wp\/v2\/product"}],"about":[{"href":"https:\/\/hotelli03.domainhotelli.fi\/~lsdoecli\/wp-json\/wp\/v2\/types\/product"}],"replies":[{"embeddable":true,"href":"https:\/\/hotelli03.domainhotelli.fi\/~lsdoecli\/wp-json\/wp\/v2\/comments?post=3287"}],"wp:featuredmedia":[{"embeddable":true,"href":"https:\/\/hotelli03.domainhotelli.fi\/~lsdoecli\/wp-json\/wp\/v2\/media\/3288"}],"wp:attachment":[{"href":"https:\/\/hotelli03.domainhotelli.fi\/~lsdoecli\/wp-json\/wp\/v2\/media?parent=3287"}],"wp:term":[{"taxonomy":"product_cat","embeddable":true,"href":"https:\/\/hotelli03.domainhotelli.fi\/~lsdoecli\/wp-json\/wp\/v2\/product_cat?post=3287"},{"taxonomy":"product_tag","embeddable":true,"href":"https:\/\/hotelli03.domainhotelli.fi\/~lsdoecli\/wp-json\/wp\/v2\/product_tag?post=3287"}],"curies":[{"name":"wp","href":"https:\/\/api.w.org\/{rel}","templated":true}]}}