{"id":3252,"date":"2021-04-23T08:51:46","date_gmt":"2021-04-23T08:51:46","guid":{"rendered":"https:\/\/hotelli03.domainhotelli.fi\/~lsdoecli\/woocommerce\/?post_type=product&#038;p=3252"},"modified":"2022-01-27T16:48:30","modified_gmt":"2022-01-27T16:48:30","slug":"jvt-4g-lahettava-riistakamera","status":"publish","type":"product","link":"https:\/\/hotelli03.domainhotelli.fi\/~lsdoecli\/tuote\/jvt-4g-lahettava-riistakamera\/","title":{"rendered":"L\u00e4hett\u00e4v\u00e4 riistakamera 4G JVT Adventure Gear 12 MP suomenkielinen"},"content":{"rendered":"<h1>L\u00e4hett\u00e4v\u00e4 riistakamera 4G JVT Adventure Gear 12MP suomenkielinen<\/h1>\n<p>Riistakamera JVT Adventure Gear on huippulaadukas 4G l\u00e4hett\u00e4v\u00e4 riistakamera, jonka toimivuus on testattu Lapin syrj\u00e4isimmiss\u00e4 paikoissa ja jossa on helppok\u00e4ytt\u00f6inen suomenkielinen k\u00e4ytt\u00f6j\u00e4rjestelm\u00e4.<\/p>\n<p>JVT Adventure Gear riistakameralla saat todella tarkkoja kuvia jopa 12 MP resoluutiolla. Riistakameran 4G videoiden resoluutio on FHD 1080P, mik\u00e4 tarjoa eritt\u00e4in korkealaatuisia ja tarkkoja videokuvia riistan liikkeist\u00e4.<\/p>\n<p>Riistakamera l\u00e4hett\u00e4\u00e4 valokuvia ja videoita joko k\u00e4ytt\u00e4j\u00e4n s\u00e4hk\u00f6postiin tai multimediaviestin\u00e4 puhelimeen, kun se havaitsee liikett\u00e4. Kuvalaadun suhteen JVT Adenture Gear 4G l\u00e4hett\u00e4v\u00e4 riistakamera on t\u00e4ysin ylivoimainen verrattuna muihin markkinoilla oleviin malleihin.<\/p>\n<p>&nbsp;<\/p>\n<p><a href=\"https:\/\/hotelli03.domainhotelli.fi\/~lsdoecli\/wp-content\/uploads\/2021\/04\/Riista8.jpeg\"><img loading=\"lazy\" class=\"alignnone wp-image-3267 size-full\" src=\"https:\/\/hotelli03.domainhotelli.fi\/~lsdoecli\/wp-content\/uploads\/2021\/04\/Riista8.jpeg\" alt=\"Riistakamera JVT Adventure Gear 4G l\u00e4hett\u00e4v\u00e4 12 MP kuva lapista\" width=\"640\" height=\"481\" srcset=\"https:\/\/hotelli03.domainhotelli.fi\/~lsdoecli\/wp-content\/uploads\/2021\/04\/Riista8.jpeg 640w, https:\/\/hotelli03.domainhotelli.fi\/~lsdoecli\/wp-content\/uploads\/2021\/04\/Riista8-463x348.jpeg 463w, https:\/\/hotelli03.domainhotelli.fi\/~lsdoecli\/wp-content\/uploads\/2021\/04\/Riista8-400x300.jpeg 400w, https:\/\/hotelli03.domainhotelli.fi\/~lsdoecli\/wp-content\/uploads\/2021\/04\/Riista8-600x451.jpeg 600w\" sizes=\"(max-width: 640px) 100vw, 640px\" \/><\/a><\/p>\n<p>Riistakamera toimii sek\u00e4 p\u00e4iv\u00e4ll\u00e4, ett\u00e4 pime\u00e4ll\u00e4. Pime\u00e4kuvausta varten JVT Adventure Gear 4G riistakamera on varustettu 57 inframusta salamoilla. Infrapunamusta salama on n\u00e4kym\u00e4t\u00f6n salama, eik\u00e4 el\u00e4imet s\u00e4ik\u00e4hd\u00e4 sit\u00e4. Inframusta salamoiden ansiosta kamera ottaa my\u00f6s pime\u00e4ll\u00e4 huipputarkkoja kuvia ja videoita.<\/p>\n<p>&nbsp;<\/p>\n<p><a href=\"https:\/\/hotelli03.domainhotelli.fi\/~lsdoecli\/wp-content\/uploads\/2021\/04\/Riista5.jpeg\"><img loading=\"lazy\" class=\"alignnone wp-image-3261 size-full\" src=\"https:\/\/hotelli03.domainhotelli.fi\/~lsdoecli\/wp-content\/uploads\/2021\/04\/Riista5.jpeg\" alt=\"Riistakamera JVT Adventure Gear 4G l\u00e4hett\u00e4v\u00e4 12 MP kuva lapista y\u00f6ll\u00e4\" width=\"640\" height=\"481\" srcset=\"https:\/\/hotelli03.domainhotelli.fi\/~lsdoecli\/wp-content\/uploads\/2021\/04\/Riista5.jpeg 640w, https:\/\/hotelli03.domainhotelli.fi\/~lsdoecli\/wp-content\/uploads\/2021\/04\/Riista5-463x348.jpeg 463w, https:\/\/hotelli03.domainhotelli.fi\/~lsdoecli\/wp-content\/uploads\/2021\/04\/Riista5-400x300.jpeg 400w, https:\/\/hotelli03.domainhotelli.fi\/~lsdoecli\/wp-content\/uploads\/2021\/04\/Riista5-600x451.jpeg 600w\" sizes=\"(max-width: 640px) 100vw, 640px\" \/><\/a><\/p>\n<p>&nbsp;<\/p>\n<p>JVT Adventure Gear 4G l\u00e4hett\u00e4v\u00e4 riistakamera soveltuu el\u00e4inten tarkkailuun tai valvontak\u00e4ytt\u00f6\u00f6n. \u00a0Riistakamera voidaan asentaa esimerkiksi tarkkailemaan alueella olevia riista-el\u00e4imi\u00e4, mink\u00e4 vuoksi niiden suosio on kasvanut erityisesti mets\u00e4st\u00e4jien keskuudessa. L\u00e4hett\u00e4vi\u00e4 riistakameroita k\u00e4ytet\u00e4\u00e4n my\u00f6s m\u00f6kkien, ty\u00f6maiden tai oman pihan valvonnassa. \u00a0Tarvitset teleoperaattorilta avattavan dataliittym\u00e4n kuvien ja videoiden l\u00e4hett\u00e4mist\u00e4 varten.<\/p>\n<p>Huom: voit l\u00e4hett\u00e4\u00e4 kuvia ristakamerasta nelj\u00e4\u00e4n puhelimeen ja nelj\u00e4\u00e4n s\u00e4hk\u00f6postiin. Kuvat l\u00e4hetet\u00e4\u00e4n puhelimeen MMS viestin\u00e4 ja kuvat\/videot s\u00e4hk\u00f6postiin SMTP (data) kautta.<\/p>\n<h2>Riistakamera JVT Adventure Gear 4G 12MP tekniset tiedot<\/h2>\n<table width=\"585\">\n<tbody>\n<tr>\n<td width=\"215\">Kuvakenno<\/td>\n<td width=\"369\">5 megapikselin v\u00e4rillinen CMOS<\/td>\n<\/tr>\n<tr>\n<td width=\"215\">Pikselit<\/td>\n<td width=\"369\">2560&#215;1920<\/td>\n<\/tr>\n<tr>\n<td width=\"215\">P\u00e4iv\u00e4\/Y\u00f6 kuvas tila<\/td>\n<td width=\"369\">Kyll\u00e4<\/td>\n<\/tr>\n<tr>\n<td width=\"215\">Inframusta salaman kantama<\/td>\n<td width=\"369\">20m<\/td>\n<\/tr>\n<tr>\n<td width=\"215\">Inframusta salama<\/td>\n<td width=\"369\">Yl\u00e4osa: 27 LED, Alaosa: 30 LED<\/td>\n<\/tr>\n<tr>\n<td width=\"215\">Muisti<\/td>\n<td width=\"369\">SD Card (4GB \u2013 32GB)<\/td>\n<\/tr>\n<tr>\n<td width=\"215\">Toimintopainikkeet<\/td>\n<td width=\"369\">7<\/td>\n<\/tr>\n<tr>\n<td width=\"215\">Linssi<\/td>\n<td width=\"369\">F=3.0; FOV=52\u00b0\/100\u00b0; Auto IR-Cut-Remove (y\u00f6ll\u00e4)<\/td>\n<\/tr>\n<tr>\n<td width=\"215\">Liiketunnistimen kulma<\/td>\n<td width=\"369\">65\u00b0\/100\u00b0<\/td>\n<\/tr>\n<tr>\n<td width=\"215\">LCD n\u00e4ytt\u00f6<\/td>\n<td width=\"369\">2\u201d TFT, RGB, 262k<\/td>\n<\/tr>\n<tr>\n<td width=\"215\">Liiketunnistimen kantama<\/td>\n<td width=\"369\">20m (65feet)<\/td>\n<\/tr>\n<tr>\n<td width=\"215\">Kuva resoluutio<\/td>\n<td width=\"369\">5MP\/8MP\/12MP = 2560&#215;1920\/3264&#215;2448\/4032&#215;3024<\/td>\n<\/tr>\n<tr>\n<td width=\"215\">Kuva muoto<\/td>\n<td width=\"369\">JPEG<\/td>\n<\/tr>\n<tr>\n<td width=\"215\">Video resoluutio<\/td>\n<td width=\"369\">FHD (1920&#215;1080), HD (1280&#215;720), WVGA(848&#215;480)<\/td>\n<\/tr>\n<tr>\n<td width=\"215\">Video muoto<\/td>\n<td width=\"369\">MOV<\/td>\n<\/tr>\n<tr>\n<td width=\"215\">Video pituus<\/td>\n<td width=\"369\">05-10 sec. langaton l\u00e4hetys;<\/p>\n<p>05-59 sec. muu kun langaton l\u00e4hetys;<\/td>\n<\/tr>\n<tr>\n<td width=\"215\">Kuva resoluutio langaton l\u00e4hetys<\/td>\n<td width=\"369\">640&#215;480\/ 1920&#215;1440\/ 5MP\/ 8MP or 12MP (riippuen asetuksista)<\/td>\n<\/tr>\n<tr>\n<td width=\"215\">Kuvasarja<\/td>\n<td width=\"369\">1-5<\/td>\n<\/tr>\n<tr>\n<td width=\"215\">Laukaisuaika<\/td>\n<td width=\"369\">0.4s<\/td>\n<\/tr>\n<tr>\n<td width=\"215\">Laukaisuv\u00e4li<\/td>\n<td width=\"369\">4s-7s<\/td>\n<\/tr>\n<tr>\n<td width=\"215\">Kamera + Video<\/td>\n<td width=\"369\">Kyll\u00e4<\/td>\n<\/tr>\n<tr>\n<td width=\"215\">Kameran sarjanumer<\/td>\n<td width=\"369\">Kyll\u00e4<\/td>\n<\/tr>\n<tr>\n<td width=\"215\">Time Lapse<\/td>\n<td width=\"369\">Kyll\u00e4<\/td>\n<\/tr>\n<tr>\n<td width=\"215\">SD Card cycle<\/td>\n<td width=\"369\">P\u00e4\u00e4ll\u00e4\/Pois p\u00e4\u00e4lt\u00e4<\/td>\n<\/tr>\n<tr>\n<td width=\"215\">Virtal\u00e4hde<\/td>\n<td width=\"369\">Paristot: 9V; DC: 12V<\/td>\n<\/tr>\n<tr>\n<td width=\"215\">Paristotyyppi<\/td>\n<td width=\"369\">12 x AA<\/td>\n<\/tr>\n<tr>\n<td width=\"215\">Ulkoinen virtal\u00e4hde<\/td>\n<td width=\"369\">12V<\/td>\n<\/tr>\n<tr>\n<td width=\"215\">Valmiustilan virrankulutus<\/td>\n<td width=\"369\">0.135mA<\/td>\n<\/tr>\n<tr>\n<td width=\"215\">Valmiustila aika<\/td>\n<td width=\"369\">5~8 kuukautta (6\u00d7AA~12\u00d7AA)<\/td>\n<\/tr>\n<tr>\n<td width=\"215\">Automaattinen sammutus<\/td>\n<td width=\"369\">Kamera sammuu automaattisesti 3 minuutin j\u00e4lkeen, jos n\u00e4ytt\u00f6\u00e4 ei kosketa<\/td>\n<\/tr>\n<tr>\n<td width=\"215\">Langaton moduulu<\/td>\n<td width=\"369\">LTE Cat.4 moduuli; 2G &amp; 3G verkkoja tuetaan joissain maissa.<\/td>\n<\/tr>\n<tr>\n<td width=\"215\">Liit\u00e4nt\u00e4<\/td>\n<td width=\"369\">USB\/SD Card\/DC Port<\/td>\n<\/tr>\n<tr>\n<td width=\"215\">Asennus<\/td>\n<td width=\"369\">Kiinnityshihna; Kolmijalka<\/td>\n<\/tr>\n<tr>\n<td width=\"215\">Toimintal\u00e4mp\u00f6tila<\/td>\n<td width=\"369\">-25\u00b0C &#8211; 60\u00b0C<\/td>\n<\/tr>\n<tr>\n<td width=\"215\">S\u00e4ilytysl\u00e4mp\u00f6tila<\/td>\n<td width=\"369\">-30\u00b0C &#8211; 70\u00b0C<\/td>\n<\/tr>\n<tr>\n<td width=\"215\">K\u00e4ytt\u00f6kosteus (RH)<\/td>\n<td width=\"369\">5%-90%<\/td>\n<\/tr>\n<tr>\n<td width=\"215\">Suojausluokka<\/td>\n<td width=\"369\">IP66<\/td>\n<\/tr>\n<tr>\n<td width=\"215\">Mitat<\/td>\n<td width=\"369\">148*117*78 mm<\/td>\n<\/tr>\n<tr>\n<td width=\"215\">Paino<\/td>\n<td width=\"369\">448 g<\/td>\n<\/tr>\n<tr>\n<td width=\"215\">Riistakameran sertifointi<\/td>\n<td width=\"369\">CE FCC RoHs<\/td>\n<\/tr>\n<\/tbody>\n<\/table>\n<p>&nbsp;<\/p>\n<p><a href=\"https:\/\/hotelli03.domainhotelli.fi\/~lsdoecli\/wp-content\/uploads\/2021\/04\/JVT_4G_QR.png\"><img loading=\"lazy\" class=\"alignnone size-medium wp-image-3281\" src=\"https:\/\/hotelli03.domainhotelli.fi\/~lsdoecli\/wp-content\/uploads\/2021\/04\/JVT_4G_QR-300x213.png\" alt=\"\" width=\"300\" height=\"213\" \/><\/a><\/p>\n<p><strong>\u00a0<\/strong><\/p>\n","protected":false},"excerpt":{"rendered":"<p><strong>4G-yhteytt\u00e4 hy\u00f6dynt\u00e4v\u00e4 l\u00e4hett\u00e4v\u00e4 riistakamera.<\/strong><\/p>\n<ul>\n<li>12MP 1080P FHD<\/li>\n<li>0.35 s Laukaisunopeus<\/li>\n<li>L\u00e4hetetyn videon pituus 10 s<\/li>\n<li>Suomenkielinen k\u00e4ytt\u00f6j\u00e4rjestelm\u00e4<\/li>\n<li>Android &amp; IOS APP (TrailCamera)<\/li>\n<li>IP66 Suojausluokka<\/li>\n<li>GPS<\/li>\n<\/ul>\n<p>&nbsp;<\/p>\n<p><a href=\"https:\/\/hotelli03.domainhotelli.fi\/~lsdoecli\/wp-content\/uploads\/2021\/04\/JVT-Riista-CE.png\"><img loading=\"lazy\" class=\"alignnone size-full wp-image-3277\" src=\"https:\/\/hotelli03.domainhotelli.fi\/~lsdoecli\/wp-content\/uploads\/2021\/04\/JVT-Riista-CE.png\" alt=\"\" width=\"122\" height=\"104\" \/><\/a><\/p>\n","protected":false},"featured_media":3279,"comment_status":"open","ping_status":"closed","template":"","meta":[],"product_cat":[276,279],"product_tag":[277,374,278,280,373,375],"yoast_head":"<!-- This site is optimized with the Yoast SEO Premium plugin v18.9 (Yoast SEO v19.3) - https:\/\/yoast.com\/wordpress\/plugins\/seo\/ -->\n<title>Riistakamera JVT Adventure Gear 4G l\u00e4hett\u00e4v\u00e4 12MP suomenkielinen<\/title>\n<meta name=\"description\" content=\"Riistakamera JVT Adventure Gear 4G 12MP l\u00e4hett\u00e4v\u00e4. Ainoa markkinoilla oleva riistakamera suomenkielisell\u00e4 k\u00e4ytt\u00f6j\u00e4rjestelm\u00e4ll\u00e4. Tilaa t\u00e4st\u00e4\" \/>\n<meta name=\"robots\" content=\"index, follow, max-snippet:-1, max-image-preview:large, max-video-preview:-1\" \/>\n<link rel=\"canonical\" href=\"https:\/\/hotelli03.domainhotelli.fi\/~lsdoecli\/tuote\/jvt-4g-lahettava-riistakamera\/\" \/>\n<meta property=\"og:locale\" content=\"fi_FI\" \/>\n<meta property=\"og:type\" content=\"article\" \/>\n<meta property=\"og:title\" content=\"L\u00e4hett\u00e4v\u00e4 riistakamera 4G JVT Adventure Gear 12 MP suomenkielinen\" \/>\n<meta property=\"og:description\" content=\"Riistakamera JVT Adventure Gear 4G 12MP l\u00e4hett\u00e4v\u00e4. Ainoa markkinoilla oleva riistakamera suomenkielisell\u00e4 k\u00e4ytt\u00f6j\u00e4rjestelm\u00e4ll\u00e4. Tilaa t\u00e4st\u00e4\" \/>\n<meta property=\"og:url\" content=\"https:\/\/hotelli03.domainhotelli.fi\/~lsdoecli\/tuote\/jvt-4g-lahettava-riistakamera\/\" \/>\n<meta property=\"og:site_name\" content=\"JV Tuonti\" \/>\n<meta property=\"article:publisher\" content=\"https:\/\/www.facebook.com\/JVTuontiOy\" \/>\n<meta property=\"article:modified_time\" content=\"2022-01-27T16:48:30+00:00\" \/>\n<meta property=\"og:image\" content=\"https:\/\/hotelli03.domainhotelli.fi\/~lsdoecli\/wp-content\/uploads\/2021\/04\/JVT_4G_Riistakamera.png\" \/>\n\t<meta property=\"og:image:width\" content=\"1189\" \/>\n\t<meta property=\"og:image:height\" content=\"1189\" \/>\n\t<meta property=\"og:image:type\" content=\"image\/png\" \/>\n<meta name=\"twitter:card\" content=\"summary_large_image\" \/>\n<meta name=\"twitter:label1\" content=\"Price\" \/>\n\t<meta name=\"twitter:data1\" content=\"248,00&nbsp;&euro; Alv 24%N\u00e4yt\u00e4 veroton hinta200,00&nbsp;&euro; Alv 0%N\u00e4yt\u00e4 verollinen hinta\" \/>\n\t<meta name=\"twitter:label2\" content=\"Availability\" \/>\n\t<meta name=\"twitter:data2\" content=\"In stock\" \/>\n<script type=\"application\/ld+json\" class=\"yoast-schema-graph\">{\"@context\":\"https:\/\/schema.org\",\"@graph\":[{\"@type\":[\"Organization\",\"Place\",\"WholesaleStore\"],\"@id\":\"https:\/\/hotelli03.domainhotelli.fi\/~lsdoecli\/#organization\",\"name\":\"JV Tuonti Oy\",\"url\":\"https:\/\/hotelli03.domainhotelli.fi\/~lsdoecli\/\",\"sameAs\":[\"https:\/\/instagram.com\/jvtuontioy?utm_medium=copy_link\",\"https:\/\/www.facebook.com\/JVTuontiOy\"],\"logo\":{\"@id\":\"https:\/\/hotelli03.domainhotelli.fi\/~lsdoecli\/tuote\/jvt-4g-lahettava-riistakamera\/#local-main-organization-logo\"},\"image\":{\"@id\":\"https:\/\/hotelli03.domainhotelli.fi\/~lsdoecli\/tuote\/jvt-4g-lahettava-riistakamera\/#local-main-organization-logo\"},\"address\":{\"@id\":\"https:\/\/hotelli03.domainhotelli.fi\/~lsdoecli\/tuote\/jvt-4g-lahettava-riistakamera\/#local-main-place-address\"},\"geo\":{\"@type\":\"GeoCoordinates\",\"latitude\":\"60.28431\",\"longitude\":\"24.81654\"},\"telephone\":[\"0408369980\"],\"openingHoursSpecification\":[{\"@type\":\"OpeningHoursSpecification\",\"dayOfWeek\":[\"Monday\",\"Tuesday\",\"Wednesday\",\"Thursday\",\"Friday\"],\"opens\":\"08:00\",\"closes\":\"16:00\"},{\"@type\":\"OpeningHoursSpecification\",\"dayOfWeek\":[\"Saturday\",\"Sunday\"],\"opens\":\"00:00\",\"closes\":\"00:00\"}],\"email\":\"myynti@hotelli03.domainhotelli.fi\",\"areaServed\":\"Suomi, Ruotsi\",\"vatID\":\"FI30178387\",\"priceRange\":\"$$\",\"currenciesAccepted\":\"\u20ac\",\"paymentAccepted\":\"Lasku, pankkikortti\"},{\"@type\":\"WebSite\",\"@id\":\"https:\/\/hotelli03.domainhotelli.fi\/~lsdoecli\/#website\",\"url\":\"https:\/\/hotelli03.domainhotelli.fi\/~lsdoecli\/\",\"name\":\"JV Tuonti\",\"description\":\"JV Tuonti Oy:n verkkokauppa\",\"publisher\":{\"@id\":\"https:\/\/hotelli03.domainhotelli.fi\/~lsdoecli\/#organization\"},\"potentialAction\":[{\"@type\":\"SearchAction\",\"target\":{\"@type\":\"EntryPoint\",\"urlTemplate\":\"https:\/\/hotelli03.domainhotelli.fi\/~lsdoecli\/?s={search_term_string}\"},\"query-input\":\"required name=search_term_string\"}],\"inLanguage\":\"fi\"},{\"@type\":\"ImageObject\",\"inLanguage\":\"fi\",\"@id\":\"https:\/\/hotelli03.domainhotelli.fi\/~lsdoecli\/tuote\/jvt-4g-lahettava-riistakamera\/#primaryimage\",\"url\":\"https:\/\/hotelli03.domainhotelli.fi\/~lsdoecli\/wp-content\/uploads\/2021\/04\/JVT_4G_Riistakamera.png\",\"contentUrl\":\"https:\/\/hotelli03.domainhotelli.fi\/~lsdoecli\/wp-content\/uploads\/2021\/04\/JVT_4G_Riistakamera.png\",\"width\":1189,\"height\":1189,\"caption\":\"L\u00e4hett\u00e4v\u00e4 riistakamera 4G JVT Adventure Gear 12 MP\"},{\"@type\":\"WebPage\",\"@id\":\"https:\/\/hotelli03.domainhotelli.fi\/~lsdoecli\/tuote\/jvt-4g-lahettava-riistakamera\/\",\"url\":\"https:\/\/hotelli03.domainhotelli.fi\/~lsdoecli\/tuote\/jvt-4g-lahettava-riistakamera\/\",\"name\":\"Riistakamera JVT Adventure Gear 4G l\u00e4hett\u00e4v\u00e4 12MP suomenkielinen\",\"isPartOf\":{\"@id\":\"https:\/\/hotelli03.domainhotelli.fi\/~lsdoecli\/#website\"},\"primaryImageOfPage\":{\"@id\":\"https:\/\/hotelli03.domainhotelli.fi\/~lsdoecli\/tuote\/jvt-4g-lahettava-riistakamera\/#primaryimage\"},\"datePublished\":\"2021-04-23T08:51:46+00:00\",\"dateModified\":\"2022-01-27T16:48:30+00:00\",\"description\":\"Riistakamera JVT Adventure Gear 4G 12MP l\u00e4hett\u00e4v\u00e4. Ainoa markkinoilla oleva riistakamera suomenkielisell\u00e4 k\u00e4ytt\u00f6j\u00e4rjestelm\u00e4ll\u00e4. Tilaa t\u00e4st\u00e4\",\"breadcrumb\":{\"@id\":\"https:\/\/hotelli03.domainhotelli.fi\/~lsdoecli\/tuote\/jvt-4g-lahettava-riistakamera\/#breadcrumb\"},\"inLanguage\":\"fi\",\"potentialAction\":[{\"@type\":\"ReadAction\",\"target\":[\"https:\/\/hotelli03.domainhotelli.fi\/~lsdoecli\/tuote\/jvt-4g-lahettava-riistakamera\/\"]}]},{\"@type\":\"BreadcrumbList\",\"@id\":\"https:\/\/hotelli03.domainhotelli.fi\/~lsdoecli\/tuote\/jvt-4g-lahettava-riistakamera\/#breadcrumb\",\"itemListElement\":[{\"@type\":\"ListItem\",\"position\":1,\"name\":\"Etusivu\",\"item\":\"https:\/\/hotelli03.domainhotelli.fi\/~lsdoecli\/\"},{\"@type\":\"ListItem\",\"position\":2,\"name\":\"Kauppa\",\"item\":\"https:\/\/hotelli03.domainhotelli.fi\/~lsdoecli\/kauppa\/\"},{\"@type\":\"ListItem\",\"position\":3,\"name\":\"L\u00e4hett\u00e4v\u00e4 riistakamera 4G JVT Adventure Gear 12 MP suomenkielinen\"}]},{\"@type\":\"PostalAddress\",\"@id\":\"https:\/\/hotelli03.domainhotelli.fi\/~lsdoecli\/tuote\/jvt-4g-lahettava-riistakamera\/#local-main-place-address\",\"streetAddress\":\"Pyymosantie 5a\",\"addressLocality\":\"Vantaa\",\"postalCode\":\"01720\",\"addressCountry\":\"FI\"},{\"@type\":\"ImageObject\",\"inLanguage\":\"fi\",\"@id\":\"https:\/\/hotelli03.domainhotelli.fi\/~lsdoecli\/tuote\/jvt-4g-lahettava-riistakamera\/#local-main-organization-logo\",\"url\":\"https:\/\/hotelli03.domainhotelli.fi\/~lsdoecli\/wp-content\/uploads\/2021\/08\/JVTuonti_logo_nelio.jpg\",\"contentUrl\":\"https:\/\/hotelli03.domainhotelli.fi\/~lsdoecli\/wp-content\/uploads\/2021\/08\/JVTuonti_logo_nelio.jpg\",\"width\":550,\"height\":550,\"caption\":\"JV Tuonti Oy\"}]}<\/script>\n<meta property=\"product:price:amount\" content=\"248.00\" \/>\n<meta property=\"product:price:currency\" content=\"EUR\" \/>\n<meta property=\"og:availability\" content=\"instock\" \/>\n<meta property=\"product:availability\" content=\"instock\" \/>\n<meta property=\"product:retailer_item_id\" content=\"JVT4GR\" \/>\n<meta property=\"product:condition\" content=\"new\" \/>\n<meta name=\"geo.placename\" content=\"Vantaa\" \/>\n<meta name=\"geo.position\" content=\"60.28431;24.81654\" \/>\n<meta name=\"geo.region\" content=\"Suomi\" \/>\n<!-- \/ Yoast SEO Premium plugin. -->","yoast_head_json":{"title":"Riistakamera JVT Adventure Gear 4G l\u00e4hett\u00e4v\u00e4 12MP suomenkielinen","description":"Riistakamera JVT Adventure Gear 4G 12MP l\u00e4hett\u00e4v\u00e4. Ainoa markkinoilla oleva riistakamera suomenkielisell\u00e4 k\u00e4ytt\u00f6j\u00e4rjestelm\u00e4ll\u00e4. Tilaa t\u00e4st\u00e4","robots":{"index":"index","follow":"follow","max-snippet":"max-snippet:-1","max-image-preview":"max-image-preview:large","max-video-preview":"max-video-preview:-1"},"canonical":"https:\/\/hotelli03.domainhotelli.fi\/~lsdoecli\/tuote\/jvt-4g-lahettava-riistakamera\/","og_locale":"fi_FI","og_type":"article","og_title":"L\u00e4hett\u00e4v\u00e4 riistakamera 4G JVT Adventure Gear 12 MP suomenkielinen","og_description":"Riistakamera JVT Adventure Gear 4G 12MP l\u00e4hett\u00e4v\u00e4. Ainoa markkinoilla oleva riistakamera suomenkielisell\u00e4 k\u00e4ytt\u00f6j\u00e4rjestelm\u00e4ll\u00e4. Tilaa t\u00e4st\u00e4","og_url":"https:\/\/hotelli03.domainhotelli.fi\/~lsdoecli\/tuote\/jvt-4g-lahettava-riistakamera\/","og_site_name":"JV Tuonti","article_publisher":"https:\/\/www.facebook.com\/JVTuontiOy","article_modified_time":"2022-01-27T16:48:30+00:00","og_image":[{"width":1189,"height":1189,"url":"https:\/\/hotelli03.domainhotelli.fi\/~lsdoecli\/wp-content\/uploads\/2021\/04\/JVT_4G_Riistakamera.png","type":"image\/png"}],"twitter_card":"summary_large_image","twitter_misc":{"Price":"248,00&nbsp;&euro; Alv 24%N\u00e4yt\u00e4 veroton hinta200,00&nbsp;&euro; Alv 0%N\u00e4yt\u00e4 verollinen hinta","Availability":"In stock"},"schema":{"@context":"https:\/\/schema.org","@graph":[{"@type":["Organization","Place","WholesaleStore"],"@id":"https:\/\/hotelli03.domainhotelli.fi\/~lsdoecli\/#organization","name":"JV Tuonti Oy","url":"https:\/\/hotelli03.domainhotelli.fi\/~lsdoecli\/","sameAs":["https:\/\/instagram.com\/jvtuontioy?utm_medium=copy_link","https:\/\/www.facebook.com\/JVTuontiOy"],"logo":{"@id":"https:\/\/hotelli03.domainhotelli.fi\/~lsdoecli\/tuote\/jvt-4g-lahettava-riistakamera\/#local-main-organization-logo"},"image":{"@id":"https:\/\/hotelli03.domainhotelli.fi\/~lsdoecli\/tuote\/jvt-4g-lahettava-riistakamera\/#local-main-organization-logo"},"address":{"@id":"https:\/\/hotelli03.domainhotelli.fi\/~lsdoecli\/tuote\/jvt-4g-lahettava-riistakamera\/#local-main-place-address"},"geo":{"@type":"GeoCoordinates","latitude":"60.28431","longitude":"24.81654"},"telephone":["0408369980"],"openingHoursSpecification":[{"@type":"OpeningHoursSpecification","dayOfWeek":["Monday","Tuesday","Wednesday","Thursday","Friday"],"opens":"08:00","closes":"16:00"},{"@type":"OpeningHoursSpecification","dayOfWeek":["Saturday","Sunday"],"opens":"00:00","closes":"00:00"}],"email":"myynti@hotelli03.domainhotelli.fi","areaServed":"Suomi, Ruotsi","vatID":"FI30178387","priceRange":"$$","currenciesAccepted":"\u20ac","paymentAccepted":"Lasku, pankkikortti"},{"@type":"WebSite","@id":"https:\/\/hotelli03.domainhotelli.fi\/~lsdoecli\/#website","url":"https:\/\/hotelli03.domainhotelli.fi\/~lsdoecli\/","name":"JV Tuonti","description":"JV Tuonti Oy:n verkkokauppa","publisher":{"@id":"https:\/\/hotelli03.domainhotelli.fi\/~lsdoecli\/#organization"},"potentialAction":[{"@type":"SearchAction","target":{"@type":"EntryPoint","urlTemplate":"https:\/\/hotelli03.domainhotelli.fi\/~lsdoecli\/?s={search_term_string}"},"query-input":"required name=search_term_string"}],"inLanguage":"fi"},{"@type":"ImageObject","inLanguage":"fi","@id":"https:\/\/hotelli03.domainhotelli.fi\/~lsdoecli\/tuote\/jvt-4g-lahettava-riistakamera\/#primaryimage","url":"https:\/\/hotelli03.domainhotelli.fi\/~lsdoecli\/wp-content\/uploads\/2021\/04\/JVT_4G_Riistakamera.png","contentUrl":"https:\/\/hotelli03.domainhotelli.fi\/~lsdoecli\/wp-content\/uploads\/2021\/04\/JVT_4G_Riistakamera.png","width":1189,"height":1189,"caption":"L\u00e4hett\u00e4v\u00e4 riistakamera 4G JVT Adventure Gear 12 MP"},{"@type":"WebPage","@id":"https:\/\/hotelli03.domainhotelli.fi\/~lsdoecli\/tuote\/jvt-4g-lahettava-riistakamera\/","url":"https:\/\/hotelli03.domainhotelli.fi\/~lsdoecli\/tuote\/jvt-4g-lahettava-riistakamera\/","name":"Riistakamera JVT Adventure Gear 4G l\u00e4hett\u00e4v\u00e4 12MP suomenkielinen","isPartOf":{"@id":"https:\/\/hotelli03.domainhotelli.fi\/~lsdoecli\/#website"},"primaryImageOfPage":{"@id":"https:\/\/hotelli03.domainhotelli.fi\/~lsdoecli\/tuote\/jvt-4g-lahettava-riistakamera\/#primaryimage"},"datePublished":"2021-04-23T08:51:46+00:00","dateModified":"2022-01-27T16:48:30+00:00","description":"Riistakamera JVT Adventure Gear 4G 12MP l\u00e4hett\u00e4v\u00e4. Ainoa markkinoilla oleva riistakamera suomenkielisell\u00e4 k\u00e4ytt\u00f6j\u00e4rjestelm\u00e4ll\u00e4. Tilaa t\u00e4st\u00e4","breadcrumb":{"@id":"https:\/\/hotelli03.domainhotelli.fi\/~lsdoecli\/tuote\/jvt-4g-lahettava-riistakamera\/#breadcrumb"},"inLanguage":"fi","potentialAction":[{"@type":"ReadAction","target":["https:\/\/hotelli03.domainhotelli.fi\/~lsdoecli\/tuote\/jvt-4g-lahettava-riistakamera\/"]}]},{"@type":"BreadcrumbList","@id":"https:\/\/hotelli03.domainhotelli.fi\/~lsdoecli\/tuote\/jvt-4g-lahettava-riistakamera\/#breadcrumb","itemListElement":[{"@type":"ListItem","position":1,"name":"Etusivu","item":"https:\/\/hotelli03.domainhotelli.fi\/~lsdoecli\/"},{"@type":"ListItem","position":2,"name":"Kauppa","item":"https:\/\/hotelli03.domainhotelli.fi\/~lsdoecli\/kauppa\/"},{"@type":"ListItem","position":3,"name":"L\u00e4hett\u00e4v\u00e4 riistakamera 4G JVT Adventure Gear 12 MP suomenkielinen"}]},{"@type":"PostalAddress","@id":"https:\/\/hotelli03.domainhotelli.fi\/~lsdoecli\/tuote\/jvt-4g-lahettava-riistakamera\/#local-main-place-address","streetAddress":"Pyymosantie 5a","addressLocality":"Vantaa","postalCode":"01720","addressCountry":"FI"},{"@type":"ImageObject","inLanguage":"fi","@id":"https:\/\/hotelli03.domainhotelli.fi\/~lsdoecli\/tuote\/jvt-4g-lahettava-riistakamera\/#local-main-organization-logo","url":"https:\/\/hotelli03.domainhotelli.fi\/~lsdoecli\/wp-content\/uploads\/2021\/08\/JVTuonti_logo_nelio.jpg","contentUrl":"https:\/\/hotelli03.domainhotelli.fi\/~lsdoecli\/wp-content\/uploads\/2021\/08\/JVTuonti_logo_nelio.jpg","width":550,"height":550,"caption":"JV Tuonti Oy"}]},"product_price_amount":"248.00","product_price_currency":"EUR","og_availability":"instock","product_availability":"instock","product_retailer_item_id":"JVT4GR","product_condition":"new","geo.placename":"Vantaa","geo.position":{"lat":"60.28431","long":"24.81654"},"geo.region":"Suomi"},"_links":{"self":[{"href":"https:\/\/hotelli03.domainhotelli.fi\/~lsdoecli\/wp-json\/wp\/v2\/product\/3252"}],"collection":[{"href":"https:\/\/hotelli03.domainhotelli.fi\/~lsdoecli\/wp-json\/wp\/v2\/product"}],"about":[{"href":"https:\/\/hotelli03.domainhotelli.fi\/~lsdoecli\/wp-json\/wp\/v2\/types\/product"}],"replies":[{"embeddable":true,"href":"https:\/\/hotelli03.domainhotelli.fi\/~lsdoecli\/wp-json\/wp\/v2\/comments?post=3252"}],"wp:featuredmedia":[{"embeddable":true,"href":"https:\/\/hotelli03.domainhotelli.fi\/~lsdoecli\/wp-json\/wp\/v2\/media\/3279"}],"wp:attachment":[{"href":"https:\/\/hotelli03.domainhotelli.fi\/~lsdoecli\/wp-json\/wp\/v2\/media?parent=3252"}],"wp:term":[{"taxonomy":"product_cat","embeddable":true,"href":"https:\/\/hotelli03.domainhotelli.fi\/~lsdoecli\/wp-json\/wp\/v2\/product_cat?post=3252"},{"taxonomy":"product_tag","embeddable":true,"href":"https:\/\/hotelli03.domainhotelli.fi\/~lsdoecli\/wp-json\/wp\/v2\/product_tag?post=3252"}],"curies":[{"name":"wp","href":"https:\/\/api.w.org\/{rel}","templated":true}]}}