{"id":3213,"date":"2021-04-23T07:14:34","date_gmt":"2021-04-23T07:14:34","guid":{"rendered":"https:\/\/hotelli03.domainhotelli.fi\/~lsdoecli\/woocommerce\/?post_type=product&#038;p=3213"},"modified":"2021-11-14T16:46:35","modified_gmt":"2021-11-14T16:46:35","slug":"led-taskulamppu-trustfire-mini3-350-lumenia","status":"publish","type":"product","link":"https:\/\/hotelli03.domainhotelli.fi\/~lsdoecli\/tuote\/led-taskulamppu-trustfire-mini3-350-lumenia\/","title":{"rendered":"Led taskulamppu Trustfire Mini3, 350 lumenia"},"content":{"rendered":"<h1>Led taskulamppu Trustfire Mini3, 350 lumenia<\/h1>\n<p>Led taskulamppu Trustfire Mini3 on markkinoiden tehokkain minitaskulamppu &#8211; avaimen kokoinen, mutta siin\u00e4 on silti uskomaton 350 lumenen maksimi valoteho. T\u00e4m\u00e4 on yli 3,5 kertaa enemm\u00e4n kun muilla vastaavilla led taskulampuilla!<\/p>\n<p>Eritt\u00e4in k\u00e4tev\u00e4 lis\u00e4valo, joka kulkee helposti mukana avaimenper\u00e4ss\u00e4 miss\u00e4 tahansa. Koko on h\u00e4mm\u00e4stytt\u00e4v\u00e4n pieni (mitat 60 x 14 mm) ja se painaa pariston kanssa ainostaan 20 g. Mainio lasten taskulamppu, sen pienen koonsa vuoksi.<\/p>\n<h2><a href=\"https:\/\/hotelli03.domainhotelli.fi\/~lsdoecli\/wp-content\/uploads\/2021\/04\/Trustfire-MINI3-led-taskulamppu-350-lumen-.jpg\"><img loading=\"lazy\" class=\"alignnone wp-image-6278 size-full\" src=\"https:\/\/hotelli03.domainhotelli.fi\/~lsdoecli\/wp-content\/uploads\/2021\/04\/Trustfire-MINI3-led-taskulamppu-350-lumen-.jpg\" alt=\"Led taskulamppu Trustfire Mini3\" width=\"700\" height=\"345\" srcset=\"https:\/\/hotelli03.domainhotelli.fi\/~lsdoecli\/wp-content\/uploads\/2021\/04\/Trustfire-MINI3-led-taskulamppu-350-lumen-.jpg 700w, https:\/\/hotelli03.domainhotelli.fi\/~lsdoecli\/wp-content\/uploads\/2021\/04\/Trustfire-MINI3-led-taskulamppu-350-lumen--640x315.jpg 640w, https:\/\/hotelli03.domainhotelli.fi\/~lsdoecli\/wp-content\/uploads\/2021\/04\/Trustfire-MINI3-led-taskulamppu-350-lumen--400x197.jpg 400w, https:\/\/hotelli03.domainhotelli.fi\/~lsdoecli\/wp-content\/uploads\/2021\/04\/Trustfire-MINI3-led-taskulamppu-350-lumen--600x296.jpg 600w\" sizes=\"(max-width: 700px) 100vw, 700px\" \/><\/a><\/h2>\n<h2>Trustfire Mini3 uskomaton 350 lumenen valoteho ja 108 metrin kantama<\/h2>\n<p>Trustfire Mini3 hakkaa kilpailevat merkit valotehon ja kantaman suhteen mennen tullen. Mik\u00e4\u00e4n muu markkinoilla oleva led taskulamppu t\u00e4ss\u00e4 koossa ei yll\u00e4 vastaaviin lukuihin. 350 lumenen valoteho ja 108 metrin kantama t\u00e4m\u00e4n kokoiselle pienelle \u00a0led taskulampulle on suorastaan \u00e4llistytt\u00e4v\u00e4 ja se on enemm\u00e4n, mihin monet suuremman koon taskulamput tai otsalamput pystyv\u00e4t.<\/p>\n<p>Led taskulampun valokeilan s\u00e4de on 170\u00b0, eli se on tosi laaja ja fikkari soveltuu laajan valokeilan ansiosta mainiosti k\u00e4velyille pime\u00e4ss\u00e4, telttailuun ja vaeltamiseen. Pieni kokoinen led taskulamppu kulkee aina mukana. Lampun takap\u00e4\u00e4ss\u00e4 on avainlenkki, josta led taskulampun saa helposti kiinni avaimenper\u00e4\u00e4n.<\/p>\n<h2>Led taskulamppu Trustfire Mini3 toimii jopa veden alla, suojausluokka IPX-8<\/h2>\n<p>Pienen koonsa ja \u00e4llistytt\u00e4v\u00e4n 350 lumenen valotehon lis\u00e4ksi valaisin toimii tarpeen vaatiessa my\u00f6s veden alla. <a href=\"https:\/\/stek.fi\/perustietoa-sahkosta\/sahkojarjestelmat\/ip-luokitus\/\">IPX-8 suojausluokka<\/a> tarkoittaa, ett\u00e4 led taskulamppu kest\u00e4\u00e4 pysyv\u00e4n upotuksen vedess\u00e4. Eli ei huolta, vaikka fikkari kastuu, sen on suunniteltu kest\u00e4m\u00e4\u00e4n rankkoja olosuhteita.<\/p>\n<p>Led taskulampun runko on valmistettu kest\u00e4v\u00e4st\u00e4 alumiinista. Vesitiiviin rakenteen, kest\u00e4v\u00e4n rungon ja pienen koon vuoksi t\u00e4m\u00e4 on mainio lasten taskulamppu. Valoa on eritt\u00e4in helppo k\u00e4ytt\u00e4\u00e4, valo k\u00e4ynnistyy k\u00e4\u00e4nt\u00e4m\u00e4ll\u00e4 led taskulampun p\u00e4\u00e4t\u00e4 my\u00f6t\u00e4p\u00e4iv\u00e4\u00e4n ja sammuu k\u00e4\u00e4nt\u00e4m\u00e4ll\u00e4 toiseen suuntaan.<\/p>\n<p>Fikkari toimii AAA paristolla tai 10440 ladattavalla akkuparistolla. AAA pariston kanssa k\u00e4ytettyn\u00e4 maksimivaloteho on 100 lumenen ja 10440 ladattavalla 3.7 V paristolla k\u00e4ytettyn\u00e4 maksimivaloteho on 350 lumenia ja siin\u00e4 on pitk\u00e4 60 minuutin k\u00e4ytt\u00f6aika. Suosittelemme <a href=\"https:\/\/hotelli03.domainhotelli.fi\/~lsdoecli\/tuote\/paristo-aaa-allmax-24-kpl\/\">Allmax AAA paristoa<\/a>! Led taskulamppu k\u00e4ytt\u00e4\u00e4 CA18-3X Led poltinta, mik\u00e4 mahdollistaa uskomattoman 350 lumenen valotehon.<\/p>\n<p>&nbsp;<\/p>\n<h4>Led taskulampun tekniset tiedot<\/h4>\n<ul>\n<li>Malli Trustfire Mini3<\/li>\n<li>paino ilman paristoa 10g, paino pariston kanssa 20 g<\/li>\n<li>koko 60 x 14 mm<\/li>\n<li>toimii AAA paristolla tai ladattavalla 10440 paristolla<\/li>\n<li>valoteho: maksimi 350 lumenen<\/li>\n<li>kantama: 108 metri\u00e4<\/li>\n<li>valokeila:\u00a0170 \u00b0<\/li>\n<li>runko: kest\u00e4v\u00e4 alumiinirunko<\/li>\n<li>suojausluokka: IPX-8 kest\u00e4\u00e4 jatkuvan upotuksen veteen<\/li>\n<li>takuu: 3 vuotta<\/li>\n<\/ul>\n<p>&nbsp;<\/p>\n<h3>Pakkauksen sis\u00e4lt\u00f6:<\/h3>\n<ul>\n<li>Led taskulamppu Trustfire Mini3<\/li>\n<li>k\u00e4ytt\u00f6ohje<\/li>\n<\/ul>\n<p>&nbsp;<\/p>\n<p><a href=\"https:\/\/hotelli03.domainhotelli.fi\/~lsdoecli\/wp-content\/uploads\/2021\/04\/MINI3-TrustFire-nice-pic-9.jpg\"><img loading=\"lazy\" class=\"alignnone size-medium wp-image-3250\" src=\"https:\/\/hotelli03.domainhotelli.fi\/~lsdoecli\/wp-content\/uploads\/2021\/04\/MINI3-TrustFire-nice-pic-9-300x169.jpg\" alt=\"\" width=\"300\" height=\"169\" \/><\/a> <a href=\"https:\/\/hotelli03.domainhotelli.fi\/~lsdoecli\/wp-content\/uploads\/2021\/04\/MINI3-TrustFire-nice-pic-8.jpg\"><img loading=\"lazy\" class=\"alignnone size-medium wp-image-3248\" src=\"https:\/\/hotelli03.domainhotelli.fi\/~lsdoecli\/wp-content\/uploads\/2021\/04\/MINI3-TrustFire-nice-pic-8-300x169.jpg\" alt=\"\" width=\"300\" height=\"169\" \/><\/a> <a href=\"https:\/\/hotelli03.domainhotelli.fi\/~lsdoecli\/wp-content\/uploads\/2021\/04\/MINI3-TrustFire-nice-pic-7.jpg\"><img loading=\"lazy\" class=\"alignnone size-medium wp-image-3246\" src=\"https:\/\/hotelli03.domainhotelli.fi\/~lsdoecli\/wp-content\/uploads\/2021\/04\/MINI3-TrustFire-nice-pic-7-300x169.jpg\" alt=\"\" width=\"300\" height=\"169\" \/><\/a> <a href=\"https:\/\/hotelli03.domainhotelli.fi\/~lsdoecli\/wp-content\/uploads\/2021\/04\/MINI3-TrustFire-nice-pic-6.jpg\"><img loading=\"lazy\" class=\"alignnone size-medium wp-image-3244\" src=\"https:\/\/hotelli03.domainhotelli.fi\/~lsdoecli\/wp-content\/uploads\/2021\/04\/MINI3-TrustFire-nice-pic-6-300x169.jpg\" alt=\"\" width=\"300\" height=\"169\" \/><\/a> <a href=\"https:\/\/hotelli03.domainhotelli.fi\/~lsdoecli\/wp-content\/uploads\/2021\/04\/MINI3-TrustFire-nice-pic-5.jpg\"><img loading=\"lazy\" class=\"alignnone size-medium wp-image-3242\" src=\"https:\/\/hotelli03.domainhotelli.fi\/~lsdoecli\/wp-content\/uploads\/2021\/04\/MINI3-TrustFire-nice-pic-5-300x169.jpg\" alt=\"\" width=\"300\" height=\"169\" \/><\/a> <a href=\"https:\/\/hotelli03.domainhotelli.fi\/~lsdoecli\/wp-content\/uploads\/2021\/04\/MINI3-TrustFire-nice-pic-4.jpg\"><img loading=\"lazy\" class=\"alignnone size-medium wp-image-3240\" src=\"https:\/\/hotelli03.domainhotelli.fi\/~lsdoecli\/wp-content\/uploads\/2021\/04\/MINI3-TrustFire-nice-pic-4-300x169.jpg\" alt=\"\" width=\"300\" height=\"169\" \/><\/a> <a href=\"https:\/\/hotelli03.domainhotelli.fi\/~lsdoecli\/wp-content\/uploads\/2021\/04\/MINI3-TrustFire-nice-pic-3.jpg\"><img loading=\"lazy\" class=\"alignnone size-medium wp-image-3238\" src=\"https:\/\/hotelli03.domainhotelli.fi\/~lsdoecli\/wp-content\/uploads\/2021\/04\/MINI3-TrustFire-nice-pic-3-300x169.jpg\" alt=\"\" width=\"300\" height=\"169\" \/><\/a> <a href=\"https:\/\/hotelli03.domainhotelli.fi\/~lsdoecli\/wp-content\/uploads\/2021\/04\/MINI3-TrustFire-nice-pic-2.jpg\"><img loading=\"lazy\" class=\"alignnone size-medium wp-image-3236\" src=\"https:\/\/hotelli03.domainhotelli.fi\/~lsdoecli\/wp-content\/uploads\/2021\/04\/MINI3-TrustFire-nice-pic-2-300x169.jpg\" alt=\"\" width=\"300\" height=\"169\" \/><\/a> <a href=\"https:\/\/hotelli03.domainhotelli.fi\/~lsdoecli\/wp-content\/uploads\/2021\/04\/MINI3-TrustFire-nice-pic-1.jpg\"><img loading=\"lazy\" class=\"alignnone size-medium wp-image-3234\" src=\"https:\/\/hotelli03.domainhotelli.fi\/~lsdoecli\/wp-content\/uploads\/2021\/04\/MINI3-TrustFire-nice-pic-1-300x169.jpg\" alt=\"\" width=\"300\" height=\"169\" \/><\/a><\/p>\n","protected":false},"excerpt":{"rendered":"<p>Markkinoiden tehokkain minitaskulamppu &#8211; avaimen kokoinen pieni mutta pippurinen, maksimivaloteho \u00e4llistytt\u00e4v\u00e4 350 lumenia ja 108 metrin kantama! K\u00e4tev\u00e4 avaimenper\u00e4lamppu Trustfire Mini 3 taskulamppu, 3 vuoden takuulla.<\/p>\n","protected":false},"featured_media":3226,"comment_status":"open","ping_status":"closed","template":"","meta":[],"product_cat":[244],"product_tag":[274,249,273,272,250],"yoast_head":"<!-- This site is optimized with the Yoast SEO Premium plugin v18.9 (Yoast SEO v19.3) - https:\/\/yoast.com\/wordpress\/plugins\/seo\/ -->\n<title>Led taskulamppu Trustfire Mini3 350 lm, 108 metrin kantama | JV Tuonti<\/title>\n<meta name=\"description\" content=\"Led taskulamppu Tustfire Mini3 avaimen kokoinen, uskomaton 350 lumenen valoteho ja 108 metrin kantama. Markkinoiden tehokkain. Tilaa t\u00e4st\u00e4!\" \/>\n<meta name=\"robots\" content=\"index, follow, max-snippet:-1, max-image-preview:large, max-video-preview:-1\" \/>\n<link rel=\"canonical\" href=\"https:\/\/hotelli03.domainhotelli.fi\/~lsdoecli\/tuote\/led-taskulamppu-trustfire-mini3-350-lumenia\/\" \/>\n<meta property=\"og:locale\" content=\"fi_FI\" \/>\n<meta property=\"og:type\" content=\"article\" \/>\n<meta property=\"og:title\" content=\"Led taskulamppu Trustfire Mini3, 350 lumenia\" \/>\n<meta property=\"og:description\" content=\"Led taskulamppu Tustfire Mini3 avaimen kokoinen, uskomaton 350 lumenen valoteho ja 108 metrin kantama. Markkinoiden tehokkain. Tilaa t\u00e4st\u00e4!\" \/>\n<meta property=\"og:url\" content=\"https:\/\/hotelli03.domainhotelli.fi\/~lsdoecli\/tuote\/led-taskulamppu-trustfire-mini3-350-lumenia\/\" \/>\n<meta property=\"og:site_name\" content=\"JV Tuonti\" \/>\n<meta property=\"article:publisher\" content=\"https:\/\/www.facebook.com\/JVTuontiOy\" \/>\n<meta property=\"article:modified_time\" content=\"2021-11-14T16:46:35+00:00\" \/>\n<meta property=\"og:image\" content=\"https:\/\/hotelli03.domainhotelli.fi\/~lsdoecli\/wp-content\/uploads\/2021\/04\/MINI3-2560-size-5.jpg\" \/>\n\t<meta property=\"og:image:width\" content=\"2560\" \/>\n\t<meta property=\"og:image:height\" content=\"2560\" \/>\n\t<meta property=\"og:image:type\" content=\"image\/jpeg\" \/>\n<meta name=\"twitter:card\" content=\"summary_large_image\" \/>\n<meta name=\"twitter:label1\" content=\"Price\" \/>\n\t<meta name=\"twitter:data1\" content=\"17,42&nbsp;&euro; Alv 24%N\u00e4yt\u00e4 veroton hinta14,05&nbsp;&euro; Alv 0%N\u00e4yt\u00e4 verollinen hinta\" \/>\n\t<meta name=\"twitter:label2\" content=\"Availability\" \/>\n\t<meta name=\"twitter:data2\" content=\"In stock\" \/>\n<script type=\"application\/ld+json\" class=\"yoast-schema-graph\">{\"@context\":\"https:\/\/schema.org\",\"@graph\":[{\"@type\":[\"Organization\",\"Place\",\"WholesaleStore\"],\"@id\":\"https:\/\/hotelli03.domainhotelli.fi\/~lsdoecli\/#organization\",\"name\":\"JV Tuonti Oy\",\"url\":\"https:\/\/hotelli03.domainhotelli.fi\/~lsdoecli\/\",\"sameAs\":[\"https:\/\/instagram.com\/jvtuontioy?utm_medium=copy_link\",\"https:\/\/www.facebook.com\/JVTuontiOy\"],\"logo\":{\"@id\":\"https:\/\/hotelli03.domainhotelli.fi\/~lsdoecli\/tuote\/led-taskulamppu-trustfire-mini3-350-lumenia\/#local-main-organization-logo\"},\"image\":{\"@id\":\"https:\/\/hotelli03.domainhotelli.fi\/~lsdoecli\/tuote\/led-taskulamppu-trustfire-mini3-350-lumenia\/#local-main-organization-logo\"},\"address\":{\"@id\":\"https:\/\/hotelli03.domainhotelli.fi\/~lsdoecli\/tuote\/led-taskulamppu-trustfire-mini3-350-lumenia\/#local-main-place-address\"},\"geo\":{\"@type\":\"GeoCoordinates\",\"latitude\":\"60.28431\",\"longitude\":\"24.81654\"},\"telephone\":[\"0408369980\"],\"openingHoursSpecification\":[{\"@type\":\"OpeningHoursSpecification\",\"dayOfWeek\":[\"Monday\",\"Tuesday\",\"Wednesday\",\"Thursday\",\"Friday\"],\"opens\":\"08:00\",\"closes\":\"16:00\"},{\"@type\":\"OpeningHoursSpecification\",\"dayOfWeek\":[\"Saturday\",\"Sunday\"],\"opens\":\"00:00\",\"closes\":\"00:00\"}],\"email\":\"myynti@hotelli03.domainhotelli.fi\",\"areaServed\":\"Suomi, Ruotsi\",\"vatID\":\"FI30178387\",\"priceRange\":\"$$\",\"currenciesAccepted\":\"\u20ac\",\"paymentAccepted\":\"Lasku, pankkikortti\"},{\"@type\":\"WebSite\",\"@id\":\"https:\/\/hotelli03.domainhotelli.fi\/~lsdoecli\/#website\",\"url\":\"https:\/\/hotelli03.domainhotelli.fi\/~lsdoecli\/\",\"name\":\"JV Tuonti\",\"description\":\"JV Tuonti Oy:n verkkokauppa\",\"publisher\":{\"@id\":\"https:\/\/hotelli03.domainhotelli.fi\/~lsdoecli\/#organization\"},\"potentialAction\":[{\"@type\":\"SearchAction\",\"target\":{\"@type\":\"EntryPoint\",\"urlTemplate\":\"https:\/\/hotelli03.domainhotelli.fi\/~lsdoecli\/?s={search_term_string}\"},\"query-input\":\"required name=search_term_string\"}],\"inLanguage\":\"fi\"},{\"@type\":\"ImageObject\",\"inLanguage\":\"fi\",\"@id\":\"https:\/\/hotelli03.domainhotelli.fi\/~lsdoecli\/tuote\/led-taskulamppu-trustfire-mini3-350-lumenia\/#primaryimage\",\"url\":\"https:\/\/hotelli03.domainhotelli.fi\/~lsdoecli\/wp-content\/uploads\/2021\/04\/MINI3-2560-size-5.jpg\",\"contentUrl\":\"https:\/\/hotelli03.domainhotelli.fi\/~lsdoecli\/wp-content\/uploads\/2021\/04\/MINI3-2560-size-5.jpg\",\"width\":2560,\"height\":2560,\"caption\":\"Led taskulamppu Trustfire Mini3 350 lumenia\"},{\"@type\":\"WebPage\",\"@id\":\"https:\/\/hotelli03.domainhotelli.fi\/~lsdoecli\/tuote\/led-taskulamppu-trustfire-mini3-350-lumenia\/\",\"url\":\"https:\/\/hotelli03.domainhotelli.fi\/~lsdoecli\/tuote\/led-taskulamppu-trustfire-mini3-350-lumenia\/\",\"name\":\"Led taskulamppu Trustfire Mini3 350 lm, 108 metrin kantama | JV Tuonti\",\"isPartOf\":{\"@id\":\"https:\/\/hotelli03.domainhotelli.fi\/~lsdoecli\/#website\"},\"primaryImageOfPage\":{\"@id\":\"https:\/\/hotelli03.domainhotelli.fi\/~lsdoecli\/tuote\/led-taskulamppu-trustfire-mini3-350-lumenia\/#primaryimage\"},\"datePublished\":\"2021-04-23T07:14:34+00:00\",\"dateModified\":\"2021-11-14T16:46:35+00:00\",\"description\":\"Led taskulamppu Tustfire Mini3 avaimen kokoinen, uskomaton 350 lumenen valoteho ja 108 metrin kantama. Markkinoiden tehokkain. Tilaa t\u00e4st\u00e4!\",\"breadcrumb\":{\"@id\":\"https:\/\/hotelli03.domainhotelli.fi\/~lsdoecli\/tuote\/led-taskulamppu-trustfire-mini3-350-lumenia\/#breadcrumb\"},\"inLanguage\":\"fi\",\"potentialAction\":[{\"@type\":\"ReadAction\",\"target\":[\"https:\/\/hotelli03.domainhotelli.fi\/~lsdoecli\/tuote\/led-taskulamppu-trustfire-mini3-350-lumenia\/\"]}]},{\"@type\":\"BreadcrumbList\",\"@id\":\"https:\/\/hotelli03.domainhotelli.fi\/~lsdoecli\/tuote\/led-taskulamppu-trustfire-mini3-350-lumenia\/#breadcrumb\",\"itemListElement\":[{\"@type\":\"ListItem\",\"position\":1,\"name\":\"Etusivu\",\"item\":\"https:\/\/hotelli03.domainhotelli.fi\/~lsdoecli\/\"},{\"@type\":\"ListItem\",\"position\":2,\"name\":\"Kauppa\",\"item\":\"https:\/\/hotelli03.domainhotelli.fi\/~lsdoecli\/kauppa\/\"},{\"@type\":\"ListItem\",\"position\":3,\"name\":\"Led taskulamppu Trustfire Mini3, 350 lumenia\"}]},{\"@type\":\"PostalAddress\",\"@id\":\"https:\/\/hotelli03.domainhotelli.fi\/~lsdoecli\/tuote\/led-taskulamppu-trustfire-mini3-350-lumenia\/#local-main-place-address\",\"streetAddress\":\"Pyymosantie 5a\",\"addressLocality\":\"Vantaa\",\"postalCode\":\"01720\",\"addressCountry\":\"FI\"},{\"@type\":\"ImageObject\",\"inLanguage\":\"fi\",\"@id\":\"https:\/\/hotelli03.domainhotelli.fi\/~lsdoecli\/tuote\/led-taskulamppu-trustfire-mini3-350-lumenia\/#local-main-organization-logo\",\"url\":\"https:\/\/hotelli03.domainhotelli.fi\/~lsdoecli\/wp-content\/uploads\/2021\/08\/JVTuonti_logo_nelio.jpg\",\"contentUrl\":\"https:\/\/hotelli03.domainhotelli.fi\/~lsdoecli\/wp-content\/uploads\/2021\/08\/JVTuonti_logo_nelio.jpg\",\"width\":550,\"height\":550,\"caption\":\"JV Tuonti Oy\"}]}<\/script>\n<meta property=\"product:price:amount\" content=\"17.42\" \/>\n<meta property=\"product:price:currency\" content=\"EUR\" \/>\n<meta property=\"og:availability\" content=\"instock\" \/>\n<meta property=\"product:availability\" content=\"instock\" \/>\n<meta property=\"product:retailer_item_id\" content=\"TFMINI3\" \/>\n<meta property=\"product:condition\" content=\"new\" \/>\n<meta name=\"geo.placename\" content=\"Vantaa\" \/>\n<meta name=\"geo.position\" content=\"60.28431;24.81654\" \/>\n<meta name=\"geo.region\" content=\"Suomi\" \/>\n<!-- \/ Yoast SEO Premium plugin. -->","yoast_head_json":{"title":"Led taskulamppu Trustfire Mini3 350 lm, 108 metrin kantama | JV Tuonti","description":"Led taskulamppu Tustfire Mini3 avaimen kokoinen, uskomaton 350 lumenen valoteho ja 108 metrin kantama. Markkinoiden tehokkain. Tilaa t\u00e4st\u00e4!","robots":{"index":"index","follow":"follow","max-snippet":"max-snippet:-1","max-image-preview":"max-image-preview:large","max-video-preview":"max-video-preview:-1"},"canonical":"https:\/\/hotelli03.domainhotelli.fi\/~lsdoecli\/tuote\/led-taskulamppu-trustfire-mini3-350-lumenia\/","og_locale":"fi_FI","og_type":"article","og_title":"Led taskulamppu Trustfire Mini3, 350 lumenia","og_description":"Led taskulamppu Tustfire Mini3 avaimen kokoinen, uskomaton 350 lumenen valoteho ja 108 metrin kantama. Markkinoiden tehokkain. Tilaa t\u00e4st\u00e4!","og_url":"https:\/\/hotelli03.domainhotelli.fi\/~lsdoecli\/tuote\/led-taskulamppu-trustfire-mini3-350-lumenia\/","og_site_name":"JV Tuonti","article_publisher":"https:\/\/www.facebook.com\/JVTuontiOy","article_modified_time":"2021-11-14T16:46:35+00:00","og_image":[{"width":2560,"height":2560,"url":"https:\/\/hotelli03.domainhotelli.fi\/~lsdoecli\/wp-content\/uploads\/2021\/04\/MINI3-2560-size-5.jpg","type":"image\/jpeg"}],"twitter_card":"summary_large_image","twitter_misc":{"Price":"17,42&nbsp;&euro; Alv 24%N\u00e4yt\u00e4 veroton hinta14,05&nbsp;&euro; Alv 0%N\u00e4yt\u00e4 verollinen hinta","Availability":"In stock"},"schema":{"@context":"https:\/\/schema.org","@graph":[{"@type":["Organization","Place","WholesaleStore"],"@id":"https:\/\/hotelli03.domainhotelli.fi\/~lsdoecli\/#organization","name":"JV Tuonti Oy","url":"https:\/\/hotelli03.domainhotelli.fi\/~lsdoecli\/","sameAs":["https:\/\/instagram.com\/jvtuontioy?utm_medium=copy_link","https:\/\/www.facebook.com\/JVTuontiOy"],"logo":{"@id":"https:\/\/hotelli03.domainhotelli.fi\/~lsdoecli\/tuote\/led-taskulamppu-trustfire-mini3-350-lumenia\/#local-main-organization-logo"},"image":{"@id":"https:\/\/hotelli03.domainhotelli.fi\/~lsdoecli\/tuote\/led-taskulamppu-trustfire-mini3-350-lumenia\/#local-main-organization-logo"},"address":{"@id":"https:\/\/hotelli03.domainhotelli.fi\/~lsdoecli\/tuote\/led-taskulamppu-trustfire-mini3-350-lumenia\/#local-main-place-address"},"geo":{"@type":"GeoCoordinates","latitude":"60.28431","longitude":"24.81654"},"telephone":["0408369980"],"openingHoursSpecification":[{"@type":"OpeningHoursSpecification","dayOfWeek":["Monday","Tuesday","Wednesday","Thursday","Friday"],"opens":"08:00","closes":"16:00"},{"@type":"OpeningHoursSpecification","dayOfWeek":["Saturday","Sunday"],"opens":"00:00","closes":"00:00"}],"email":"myynti@hotelli03.domainhotelli.fi","areaServed":"Suomi, Ruotsi","vatID":"FI30178387","priceRange":"$$","currenciesAccepted":"\u20ac","paymentAccepted":"Lasku, pankkikortti"},{"@type":"WebSite","@id":"https:\/\/hotelli03.domainhotelli.fi\/~lsdoecli\/#website","url":"https:\/\/hotelli03.domainhotelli.fi\/~lsdoecli\/","name":"JV Tuonti","description":"JV Tuonti Oy:n verkkokauppa","publisher":{"@id":"https:\/\/hotelli03.domainhotelli.fi\/~lsdoecli\/#organization"},"potentialAction":[{"@type":"SearchAction","target":{"@type":"EntryPoint","urlTemplate":"https:\/\/hotelli03.domainhotelli.fi\/~lsdoecli\/?s={search_term_string}"},"query-input":"required name=search_term_string"}],"inLanguage":"fi"},{"@type":"ImageObject","inLanguage":"fi","@id":"https:\/\/hotelli03.domainhotelli.fi\/~lsdoecli\/tuote\/led-taskulamppu-trustfire-mini3-350-lumenia\/#primaryimage","url":"https:\/\/hotelli03.domainhotelli.fi\/~lsdoecli\/wp-content\/uploads\/2021\/04\/MINI3-2560-size-5.jpg","contentUrl":"https:\/\/hotelli03.domainhotelli.fi\/~lsdoecli\/wp-content\/uploads\/2021\/04\/MINI3-2560-size-5.jpg","width":2560,"height":2560,"caption":"Led taskulamppu Trustfire Mini3 350 lumenia"},{"@type":"WebPage","@id":"https:\/\/hotelli03.domainhotelli.fi\/~lsdoecli\/tuote\/led-taskulamppu-trustfire-mini3-350-lumenia\/","url":"https:\/\/hotelli03.domainhotelli.fi\/~lsdoecli\/tuote\/led-taskulamppu-trustfire-mini3-350-lumenia\/","name":"Led taskulamppu Trustfire Mini3 350 lm, 108 metrin kantama | JV Tuonti","isPartOf":{"@id":"https:\/\/hotelli03.domainhotelli.fi\/~lsdoecli\/#website"},"primaryImageOfPage":{"@id":"https:\/\/hotelli03.domainhotelli.fi\/~lsdoecli\/tuote\/led-taskulamppu-trustfire-mini3-350-lumenia\/#primaryimage"},"datePublished":"2021-04-23T07:14:34+00:00","dateModified":"2021-11-14T16:46:35+00:00","description":"Led taskulamppu Tustfire Mini3 avaimen kokoinen, uskomaton 350 lumenen valoteho ja 108 metrin kantama. Markkinoiden tehokkain. Tilaa t\u00e4st\u00e4!","breadcrumb":{"@id":"https:\/\/hotelli03.domainhotelli.fi\/~lsdoecli\/tuote\/led-taskulamppu-trustfire-mini3-350-lumenia\/#breadcrumb"},"inLanguage":"fi","potentialAction":[{"@type":"ReadAction","target":["https:\/\/hotelli03.domainhotelli.fi\/~lsdoecli\/tuote\/led-taskulamppu-trustfire-mini3-350-lumenia\/"]}]},{"@type":"BreadcrumbList","@id":"https:\/\/hotelli03.domainhotelli.fi\/~lsdoecli\/tuote\/led-taskulamppu-trustfire-mini3-350-lumenia\/#breadcrumb","itemListElement":[{"@type":"ListItem","position":1,"name":"Etusivu","item":"https:\/\/hotelli03.domainhotelli.fi\/~lsdoecli\/"},{"@type":"ListItem","position":2,"name":"Kauppa","item":"https:\/\/hotelli03.domainhotelli.fi\/~lsdoecli\/kauppa\/"},{"@type":"ListItem","position":3,"name":"Led taskulamppu Trustfire Mini3, 350 lumenia"}]},{"@type":"PostalAddress","@id":"https:\/\/hotelli03.domainhotelli.fi\/~lsdoecli\/tuote\/led-taskulamppu-trustfire-mini3-350-lumenia\/#local-main-place-address","streetAddress":"Pyymosantie 5a","addressLocality":"Vantaa","postalCode":"01720","addressCountry":"FI"},{"@type":"ImageObject","inLanguage":"fi","@id":"https:\/\/hotelli03.domainhotelli.fi\/~lsdoecli\/tuote\/led-taskulamppu-trustfire-mini3-350-lumenia\/#local-main-organization-logo","url":"https:\/\/hotelli03.domainhotelli.fi\/~lsdoecli\/wp-content\/uploads\/2021\/08\/JVTuonti_logo_nelio.jpg","contentUrl":"https:\/\/hotelli03.domainhotelli.fi\/~lsdoecli\/wp-content\/uploads\/2021\/08\/JVTuonti_logo_nelio.jpg","width":550,"height":550,"caption":"JV Tuonti Oy"}]},"product_price_amount":"17.42","product_price_currency":"EUR","og_availability":"instock","product_availability":"instock","product_retailer_item_id":"TFMINI3","product_condition":"new","geo.placename":"Vantaa","geo.position":{"lat":"60.28431","long":"24.81654"},"geo.region":"Suomi"},"_links":{"self":[{"href":"https:\/\/hotelli03.domainhotelli.fi\/~lsdoecli\/wp-json\/wp\/v2\/product\/3213"}],"collection":[{"href":"https:\/\/hotelli03.domainhotelli.fi\/~lsdoecli\/wp-json\/wp\/v2\/product"}],"about":[{"href":"https:\/\/hotelli03.domainhotelli.fi\/~lsdoecli\/wp-json\/wp\/v2\/types\/product"}],"replies":[{"embeddable":true,"href":"https:\/\/hotelli03.domainhotelli.fi\/~lsdoecli\/wp-json\/wp\/v2\/comments?post=3213"}],"wp:featuredmedia":[{"embeddable":true,"href":"https:\/\/hotelli03.domainhotelli.fi\/~lsdoecli\/wp-json\/wp\/v2\/media\/3226"}],"wp:attachment":[{"href":"https:\/\/hotelli03.domainhotelli.fi\/~lsdoecli\/wp-json\/wp\/v2\/media?parent=3213"}],"wp:term":[{"taxonomy":"product_cat","embeddable":true,"href":"https:\/\/hotelli03.domainhotelli.fi\/~lsdoecli\/wp-json\/wp\/v2\/product_cat?post=3213"},{"taxonomy":"product_tag","embeddable":true,"href":"https:\/\/hotelli03.domainhotelli.fi\/~lsdoecli\/wp-json\/wp\/v2\/product_tag?post=3213"}],"curies":[{"name":"wp","href":"https:\/\/api.w.org\/{rel}","templated":true}]}}