{"id":3185,"date":"2021-04-22T12:56:51","date_gmt":"2021-04-22T12:56:51","guid":{"rendered":"https:\/\/hotelli03.domainhotelli.fi\/~lsdoecli\/woocommerce\/?post_type=product&#038;p=3185"},"modified":"2021-08-12T11:18:10","modified_gmt":"2021-08-12T11:18:10","slug":"silikoni-universal-etikkapohjainen-si-uni-index","status":"publish","type":"product","link":"https:\/\/hotelli03.domainhotelli.fi\/~lsdoecli\/tuote\/silikoni-universal-etikkapohjainen-si-uni-index\/","title":{"rendered":"Silikoni etikkapohjainen Universal SI-UNI Index 280 ml"},"content":{"rendered":"<h1>Silikoni etikkapohjainen\u00a0Universal\u00a0SI-UNI Index 280 ml<\/h1>\n<p>Silikoni Universal SI-Uni Index on etikkapohjainen rakennussilikoni joka soveltuu rakojen ja saumojen tiivist\u00e4miseen sis\u00e4- ja ulkotiloissa.<\/p>\n<h2><strong>Silikoni etikkapohjainen Universal SI-UNI tuoteominaisuudet<\/strong><\/h2>\n<ul>\n<li>helppok\u00e4ytt\u00f6inen<\/li>\n<li>kest\u00e4\u00e4 UV-valoa, ei haalistu<\/li>\n<li>erinomainen kest\u00e4vyys, kest\u00e4\u00e4 ik\u00e4\u00e4ntymist\u00e4<\/li>\n<li>hyv\u00e4t mekaaniset ominaisuudet, kimmoisa ja joustava<\/li>\n<li>hyv\u00e4 tarttuvuus alumiiniin, laattoihin, lasiin, lasitettuihin pintoihin, lasiprofiilit, klinkkeri ja posliini. Tuote ei sovellu tinapitoisten materiaalien saumaukseen.<\/li>\n<li>sis\u00e4- ja ulkok\u00e4ytt\u00f6\u00f6n<\/li>\n<li>ei valumaj\u00e4lki\u00e4 pystysuorissa saumoissa<\/li>\n<li>vapauttaa etikkahappoa kovettumisen aikana<\/li>\n<li>kest\u00e4\u00e4 erilaisia \u200b\u200bkemikaaleja ja puhdistusaineita<\/li>\n<li>kest\u00e4\u00e4 \u00e4\u00e4rimm\u00e4isi\u00e4 ilmasto-olosuhteita, sadetta ja lunta<\/li>\n<li>k\u00e4ytt\u00f6l\u00e4mp\u00f6tila: -40 \u00baC + 150 \u00baC<\/li>\n<\/ul>\n<p><strong>K\u00e4ytt\u00f6esimerkkej\u00e4<\/strong><\/p>\n<ul>\n<li><strong>\u00a0<\/strong>Ikkunoiden asennus ja tiivistus, lasituslistojen asennus, lasin ja karkaistu lasi asennus alumiinirunkoon<\/li>\n<li>PVC-liitokset, lakattu puu, keraamiset pinnat, alumiini jne.<\/li>\n<li>ei sovellu liikuntasaumojen tiivist\u00e4miseen<\/li>\n<\/ul>\n<p>&nbsp;<\/p>\n<p>Katso my\u00f6s muut silikonit <a href=\"https:\/\/hotelli03.domainhotelli.fi\/~lsdoecli\/tuote-osasto\/rakennustarvikkeet\/silikonit\/\">t\u00e4st\u00e4!<\/a><\/p>\n","protected":false},"excerpt":{"rendered":"<p>Yleissilikoni 280ml, valkoinen ja l\u00e4pin\u00e4kyv\u00e4<\/p>\n<p>&nbsp;<\/p>\n<p>&nbsp;<\/p>\n","protected":false},"featured_media":4741,"comment_status":"open","ping_status":"closed","template":"","meta":[],"product_cat":[261],"product_tag":[264,265,263],"yoast_head":"<!-- This site is optimized with the Yoast SEO Premium plugin v18.9 (Yoast SEO v19.3) - https:\/\/yoast.com\/wordpress\/plugins\/seo\/ -->\n<title>Silikoni etikkapohjainen Universal SI-UNI Index 280 ml | JV Tuonti<\/title>\n<meta name=\"description\" content=\"Silikoni Universal etikkapohjainen SI-UNI Index 280 ml. Sis\u00e4- ja ulkok\u00e4ytt\u00f6\u00f6n rakojen tiivist\u00e4miseen. Tilaa t\u00e4st\u00e4 edullinen yleissilikoni!\" \/>\n<meta name=\"robots\" content=\"index, follow, max-snippet:-1, max-image-preview:large, max-video-preview:-1\" \/>\n<link rel=\"canonical\" href=\"https:\/\/hotelli03.domainhotelli.fi\/~lsdoecli\/tuote\/silikoni-universal-etikkapohjainen-si-uni-index\/\" \/>\n<meta property=\"og:locale\" content=\"fi_FI\" \/>\n<meta property=\"og:type\" content=\"article\" \/>\n<meta property=\"og:title\" content=\"Silikoni etikkapohjainen Universal SI-UNI Index 280 ml\" \/>\n<meta property=\"og:description\" content=\"Silikoni Universal etikkapohjainen SI-UNI Index 280 ml. Sis\u00e4- ja ulkok\u00e4ytt\u00f6\u00f6n rakojen tiivist\u00e4miseen. Tilaa t\u00e4st\u00e4 edullinen yleissilikoni!\" \/>\n<meta property=\"og:url\" content=\"https:\/\/hotelli03.domainhotelli.fi\/~lsdoecli\/tuote\/silikoni-universal-etikkapohjainen-si-uni-index\/\" \/>\n<meta property=\"og:site_name\" content=\"JV Tuonti\" \/>\n<meta property=\"article:publisher\" content=\"https:\/\/www.facebook.com\/JVTuontiOy\" \/>\n<meta property=\"article:modified_time\" content=\"2021-08-12T11:18:10+00:00\" \/>\n<meta property=\"og:image\" content=\"https:\/\/hotelli03.domainhotelli.fi\/~lsdoecli\/wp-content\/uploads\/2021\/05\/SIUNIT280.jpg\" \/>\n\t<meta property=\"og:image:width\" content=\"1200\" \/>\n\t<meta property=\"og:image:height\" content=\"1200\" \/>\n\t<meta property=\"og:image:type\" content=\"image\/jpeg\" \/>\n<meta name=\"twitter:card\" content=\"summary_large_image\" \/>\n<meta name=\"twitter:label1\" content=\"Availability\" \/>\n\t<meta name=\"twitter:data1\" content=\"In stock\" \/>\n<script type=\"application\/ld+json\" class=\"yoast-schema-graph\">{\"@context\":\"https:\/\/schema.org\",\"@graph\":[{\"@type\":[\"Organization\",\"Place\",\"WholesaleStore\"],\"@id\":\"https:\/\/hotelli03.domainhotelli.fi\/~lsdoecli\/#organization\",\"name\":\"JV Tuonti Oy\",\"url\":\"https:\/\/hotelli03.domainhotelli.fi\/~lsdoecli\/\",\"sameAs\":[\"https:\/\/instagram.com\/jvtuontioy?utm_medium=copy_link\",\"https:\/\/www.facebook.com\/JVTuontiOy\"],\"logo\":{\"@id\":\"https:\/\/hotelli03.domainhotelli.fi\/~lsdoecli\/tuote\/silikoni-universal-etikkapohjainen-si-uni-index\/#local-main-organization-logo\"},\"image\":{\"@id\":\"https:\/\/hotelli03.domainhotelli.fi\/~lsdoecli\/tuote\/silikoni-universal-etikkapohjainen-si-uni-index\/#local-main-organization-logo\"},\"address\":{\"@id\":\"https:\/\/hotelli03.domainhotelli.fi\/~lsdoecli\/tuote\/silikoni-universal-etikkapohjainen-si-uni-index\/#local-main-place-address\"},\"geo\":{\"@type\":\"GeoCoordinates\",\"latitude\":\"60.28431\",\"longitude\":\"24.81654\"},\"telephone\":[\"0408369980\"],\"openingHoursSpecification\":[{\"@type\":\"OpeningHoursSpecification\",\"dayOfWeek\":[\"Monday\",\"Tuesday\",\"Wednesday\",\"Thursday\",\"Friday\"],\"opens\":\"08:00\",\"closes\":\"16:00\"},{\"@type\":\"OpeningHoursSpecification\",\"dayOfWeek\":[\"Saturday\",\"Sunday\"],\"opens\":\"00:00\",\"closes\":\"00:00\"}],\"email\":\"myynti@hotelli03.domainhotelli.fi\",\"areaServed\":\"Suomi, Ruotsi\",\"vatID\":\"FI30178387\",\"priceRange\":\"$$\",\"currenciesAccepted\":\"\u20ac\",\"paymentAccepted\":\"Lasku, pankkikortti\"},{\"@type\":\"WebSite\",\"@id\":\"https:\/\/hotelli03.domainhotelli.fi\/~lsdoecli\/#website\",\"url\":\"https:\/\/hotelli03.domainhotelli.fi\/~lsdoecli\/\",\"name\":\"JV Tuonti\",\"description\":\"JV Tuonti Oy:n verkkokauppa\",\"publisher\":{\"@id\":\"https:\/\/hotelli03.domainhotelli.fi\/~lsdoecli\/#organization\"},\"potentialAction\":[{\"@type\":\"SearchAction\",\"target\":{\"@type\":\"EntryPoint\",\"urlTemplate\":\"https:\/\/hotelli03.domainhotelli.fi\/~lsdoecli\/?s={search_term_string}\"},\"query-input\":\"required name=search_term_string\"}],\"inLanguage\":\"fi\"},{\"@type\":\"ImageObject\",\"inLanguage\":\"fi\",\"@id\":\"https:\/\/hotelli03.domainhotelli.fi\/~lsdoecli\/tuote\/silikoni-universal-etikkapohjainen-si-uni-index\/#primaryimage\",\"url\":\"https:\/\/hotelli03.domainhotelli.fi\/~lsdoecli\/wp-content\/uploads\/2021\/05\/SIUNIT280.jpg\",\"contentUrl\":\"https:\/\/hotelli03.domainhotelli.fi\/~lsdoecli\/wp-content\/uploads\/2021\/05\/SIUNIT280.jpg\",\"width\":1200,\"height\":1200,\"caption\":\"Silikoni etikkapohjainen Universal SI-UNI\"},{\"@type\":\"WebPage\",\"@id\":\"https:\/\/hotelli03.domainhotelli.fi\/~lsdoecli\/tuote\/silikoni-universal-etikkapohjainen-si-uni-index\/\",\"url\":\"https:\/\/hotelli03.domainhotelli.fi\/~lsdoecli\/tuote\/silikoni-universal-etikkapohjainen-si-uni-index\/\",\"name\":\"Silikoni etikkapohjainen Universal SI-UNI Index 280 ml | JV Tuonti\",\"isPartOf\":{\"@id\":\"https:\/\/hotelli03.domainhotelli.fi\/~lsdoecli\/#website\"},\"primaryImageOfPage\":{\"@id\":\"https:\/\/hotelli03.domainhotelli.fi\/~lsdoecli\/tuote\/silikoni-universal-etikkapohjainen-si-uni-index\/#primaryimage\"},\"datePublished\":\"2021-04-22T12:56:51+00:00\",\"dateModified\":\"2021-08-12T11:18:10+00:00\",\"description\":\"Silikoni Universal etikkapohjainen SI-UNI Index 280 ml. Sis\u00e4- ja ulkok\u00e4ytt\u00f6\u00f6n rakojen tiivist\u00e4miseen. Tilaa t\u00e4st\u00e4 edullinen yleissilikoni!\",\"breadcrumb\":{\"@id\":\"https:\/\/hotelli03.domainhotelli.fi\/~lsdoecli\/tuote\/silikoni-universal-etikkapohjainen-si-uni-index\/#breadcrumb\"},\"inLanguage\":\"fi\",\"potentialAction\":[{\"@type\":\"ReadAction\",\"target\":[\"https:\/\/hotelli03.domainhotelli.fi\/~lsdoecli\/tuote\/silikoni-universal-etikkapohjainen-si-uni-index\/\"]}]},{\"@type\":\"BreadcrumbList\",\"@id\":\"https:\/\/hotelli03.domainhotelli.fi\/~lsdoecli\/tuote\/silikoni-universal-etikkapohjainen-si-uni-index\/#breadcrumb\",\"itemListElement\":[{\"@type\":\"ListItem\",\"position\":1,\"name\":\"Etusivu\",\"item\":\"https:\/\/hotelli03.domainhotelli.fi\/~lsdoecli\/\"},{\"@type\":\"ListItem\",\"position\":2,\"name\":\"Kauppa\",\"item\":\"https:\/\/hotelli03.domainhotelli.fi\/~lsdoecli\/kauppa\/\"},{\"@type\":\"ListItem\",\"position\":3,\"name\":\"Silikoni etikkapohjainen Universal SI-UNI Index 280 ml\"}]},{\"@type\":\"PostalAddress\",\"@id\":\"https:\/\/hotelli03.domainhotelli.fi\/~lsdoecli\/tuote\/silikoni-universal-etikkapohjainen-si-uni-index\/#local-main-place-address\",\"streetAddress\":\"Pyymosantie 5a\",\"addressLocality\":\"Vantaa\",\"postalCode\":\"01720\",\"addressCountry\":\"FI\"},{\"@type\":\"ImageObject\",\"inLanguage\":\"fi\",\"@id\":\"https:\/\/hotelli03.domainhotelli.fi\/~lsdoecli\/tuote\/silikoni-universal-etikkapohjainen-si-uni-index\/#local-main-organization-logo\",\"url\":\"https:\/\/hotelli03.domainhotelli.fi\/~lsdoecli\/wp-content\/uploads\/2021\/08\/JVTuonti_logo_nelio.jpg\",\"contentUrl\":\"https:\/\/hotelli03.domainhotelli.fi\/~lsdoecli\/wp-content\/uploads\/2021\/08\/JVTuonti_logo_nelio.jpg\",\"width\":550,\"height\":550,\"caption\":\"JV Tuonti Oy\"}]}<\/script>\n<meta property=\"og:availability\" content=\"instock\" \/>\n<meta property=\"product:availability\" content=\"instock\" \/>\n<meta property=\"product:condition\" content=\"new\" \/>\n<meta name=\"geo.placename\" content=\"Vantaa\" \/>\n<meta name=\"geo.position\" content=\"60.28431;24.81654\" \/>\n<meta name=\"geo.region\" content=\"Suomi\" \/>\n<!-- \/ Yoast SEO Premium plugin. -->","yoast_head_json":{"title":"Silikoni etikkapohjainen Universal SI-UNI Index 280 ml | JV Tuonti","description":"Silikoni Universal etikkapohjainen SI-UNI Index 280 ml. Sis\u00e4- ja ulkok\u00e4ytt\u00f6\u00f6n rakojen tiivist\u00e4miseen. Tilaa t\u00e4st\u00e4 edullinen yleissilikoni!","robots":{"index":"index","follow":"follow","max-snippet":"max-snippet:-1","max-image-preview":"max-image-preview:large","max-video-preview":"max-video-preview:-1"},"canonical":"https:\/\/hotelli03.domainhotelli.fi\/~lsdoecli\/tuote\/silikoni-universal-etikkapohjainen-si-uni-index\/","og_locale":"fi_FI","og_type":"article","og_title":"Silikoni etikkapohjainen Universal SI-UNI Index 280 ml","og_description":"Silikoni Universal etikkapohjainen SI-UNI Index 280 ml. Sis\u00e4- ja ulkok\u00e4ytt\u00f6\u00f6n rakojen tiivist\u00e4miseen. Tilaa t\u00e4st\u00e4 edullinen yleissilikoni!","og_url":"https:\/\/hotelli03.domainhotelli.fi\/~lsdoecli\/tuote\/silikoni-universal-etikkapohjainen-si-uni-index\/","og_site_name":"JV Tuonti","article_publisher":"https:\/\/www.facebook.com\/JVTuontiOy","article_modified_time":"2021-08-12T11:18:10+00:00","og_image":[{"width":1200,"height":1200,"url":"https:\/\/hotelli03.domainhotelli.fi\/~lsdoecli\/wp-content\/uploads\/2021\/05\/SIUNIT280.jpg","type":"image\/jpeg"}],"twitter_card":"summary_large_image","twitter_misc":{"Availability":"In stock"},"schema":{"@context":"https:\/\/schema.org","@graph":[{"@type":["Organization","Place","WholesaleStore"],"@id":"https:\/\/hotelli03.domainhotelli.fi\/~lsdoecli\/#organization","name":"JV Tuonti Oy","url":"https:\/\/hotelli03.domainhotelli.fi\/~lsdoecli\/","sameAs":["https:\/\/instagram.com\/jvtuontioy?utm_medium=copy_link","https:\/\/www.facebook.com\/JVTuontiOy"],"logo":{"@id":"https:\/\/hotelli03.domainhotelli.fi\/~lsdoecli\/tuote\/silikoni-universal-etikkapohjainen-si-uni-index\/#local-main-organization-logo"},"image":{"@id":"https:\/\/hotelli03.domainhotelli.fi\/~lsdoecli\/tuote\/silikoni-universal-etikkapohjainen-si-uni-index\/#local-main-organization-logo"},"address":{"@id":"https:\/\/hotelli03.domainhotelli.fi\/~lsdoecli\/tuote\/silikoni-universal-etikkapohjainen-si-uni-index\/#local-main-place-address"},"geo":{"@type":"GeoCoordinates","latitude":"60.28431","longitude":"24.81654"},"telephone":["0408369980"],"openingHoursSpecification":[{"@type":"OpeningHoursSpecification","dayOfWeek":["Monday","Tuesday","Wednesday","Thursday","Friday"],"opens":"08:00","closes":"16:00"},{"@type":"OpeningHoursSpecification","dayOfWeek":["Saturday","Sunday"],"opens":"00:00","closes":"00:00"}],"email":"myynti@hotelli03.domainhotelli.fi","areaServed":"Suomi, Ruotsi","vatID":"FI30178387","priceRange":"$$","currenciesAccepted":"\u20ac","paymentAccepted":"Lasku, pankkikortti"},{"@type":"WebSite","@id":"https:\/\/hotelli03.domainhotelli.fi\/~lsdoecli\/#website","url":"https:\/\/hotelli03.domainhotelli.fi\/~lsdoecli\/","name":"JV Tuonti","description":"JV Tuonti Oy:n verkkokauppa","publisher":{"@id":"https:\/\/hotelli03.domainhotelli.fi\/~lsdoecli\/#organization"},"potentialAction":[{"@type":"SearchAction","target":{"@type":"EntryPoint","urlTemplate":"https:\/\/hotelli03.domainhotelli.fi\/~lsdoecli\/?s={search_term_string}"},"query-input":"required name=search_term_string"}],"inLanguage":"fi"},{"@type":"ImageObject","inLanguage":"fi","@id":"https:\/\/hotelli03.domainhotelli.fi\/~lsdoecli\/tuote\/silikoni-universal-etikkapohjainen-si-uni-index\/#primaryimage","url":"https:\/\/hotelli03.domainhotelli.fi\/~lsdoecli\/wp-content\/uploads\/2021\/05\/SIUNIT280.jpg","contentUrl":"https:\/\/hotelli03.domainhotelli.fi\/~lsdoecli\/wp-content\/uploads\/2021\/05\/SIUNIT280.jpg","width":1200,"height":1200,"caption":"Silikoni etikkapohjainen Universal SI-UNI"},{"@type":"WebPage","@id":"https:\/\/hotelli03.domainhotelli.fi\/~lsdoecli\/tuote\/silikoni-universal-etikkapohjainen-si-uni-index\/","url":"https:\/\/hotelli03.domainhotelli.fi\/~lsdoecli\/tuote\/silikoni-universal-etikkapohjainen-si-uni-index\/","name":"Silikoni etikkapohjainen Universal SI-UNI Index 280 ml | JV Tuonti","isPartOf":{"@id":"https:\/\/hotelli03.domainhotelli.fi\/~lsdoecli\/#website"},"primaryImageOfPage":{"@id":"https:\/\/hotelli03.domainhotelli.fi\/~lsdoecli\/tuote\/silikoni-universal-etikkapohjainen-si-uni-index\/#primaryimage"},"datePublished":"2021-04-22T12:56:51+00:00","dateModified":"2021-08-12T11:18:10+00:00","description":"Silikoni Universal etikkapohjainen SI-UNI Index 280 ml. Sis\u00e4- ja ulkok\u00e4ytt\u00f6\u00f6n rakojen tiivist\u00e4miseen. Tilaa t\u00e4st\u00e4 edullinen yleissilikoni!","breadcrumb":{"@id":"https:\/\/hotelli03.domainhotelli.fi\/~lsdoecli\/tuote\/silikoni-universal-etikkapohjainen-si-uni-index\/#breadcrumb"},"inLanguage":"fi","potentialAction":[{"@type":"ReadAction","target":["https:\/\/hotelli03.domainhotelli.fi\/~lsdoecli\/tuote\/silikoni-universal-etikkapohjainen-si-uni-index\/"]}]},{"@type":"BreadcrumbList","@id":"https:\/\/hotelli03.domainhotelli.fi\/~lsdoecli\/tuote\/silikoni-universal-etikkapohjainen-si-uni-index\/#breadcrumb","itemListElement":[{"@type":"ListItem","position":1,"name":"Etusivu","item":"https:\/\/hotelli03.domainhotelli.fi\/~lsdoecli\/"},{"@type":"ListItem","position":2,"name":"Kauppa","item":"https:\/\/hotelli03.domainhotelli.fi\/~lsdoecli\/kauppa\/"},{"@type":"ListItem","position":3,"name":"Silikoni etikkapohjainen Universal SI-UNI Index 280 ml"}]},{"@type":"PostalAddress","@id":"https:\/\/hotelli03.domainhotelli.fi\/~lsdoecli\/tuote\/silikoni-universal-etikkapohjainen-si-uni-index\/#local-main-place-address","streetAddress":"Pyymosantie 5a","addressLocality":"Vantaa","postalCode":"01720","addressCountry":"FI"},{"@type":"ImageObject","inLanguage":"fi","@id":"https:\/\/hotelli03.domainhotelli.fi\/~lsdoecli\/tuote\/silikoni-universal-etikkapohjainen-si-uni-index\/#local-main-organization-logo","url":"https:\/\/hotelli03.domainhotelli.fi\/~lsdoecli\/wp-content\/uploads\/2021\/08\/JVTuonti_logo_nelio.jpg","contentUrl":"https:\/\/hotelli03.domainhotelli.fi\/~lsdoecli\/wp-content\/uploads\/2021\/08\/JVTuonti_logo_nelio.jpg","width":550,"height":550,"caption":"JV Tuonti Oy"}]},"og_availability":"instock","product_availability":"instock","product_condition":"new","geo.placename":"Vantaa","geo.position":{"lat":"60.28431","long":"24.81654"},"geo.region":"Suomi"},"_links":{"self":[{"href":"https:\/\/hotelli03.domainhotelli.fi\/~lsdoecli\/wp-json\/wp\/v2\/product\/3185"}],"collection":[{"href":"https:\/\/hotelli03.domainhotelli.fi\/~lsdoecli\/wp-json\/wp\/v2\/product"}],"about":[{"href":"https:\/\/hotelli03.domainhotelli.fi\/~lsdoecli\/wp-json\/wp\/v2\/types\/product"}],"replies":[{"embeddable":true,"href":"https:\/\/hotelli03.domainhotelli.fi\/~lsdoecli\/wp-json\/wp\/v2\/comments?post=3185"}],"wp:featuredmedia":[{"embeddable":true,"href":"https:\/\/hotelli03.domainhotelli.fi\/~lsdoecli\/wp-json\/wp\/v2\/media\/4741"}],"wp:attachment":[{"href":"https:\/\/hotelli03.domainhotelli.fi\/~lsdoecli\/wp-json\/wp\/v2\/media?parent=3185"}],"wp:term":[{"taxonomy":"product_cat","embeddable":true,"href":"https:\/\/hotelli03.domainhotelli.fi\/~lsdoecli\/wp-json\/wp\/v2\/product_cat?post=3185"},{"taxonomy":"product_tag","embeddable":true,"href":"https:\/\/hotelli03.domainhotelli.fi\/~lsdoecli\/wp-json\/wp\/v2\/product_tag?post=3185"}],"curies":[{"name":"wp","href":"https:\/\/api.w.org\/{rel}","templated":true}]}}