{"id":2991,"date":"2021-04-23T07:15:55","date_gmt":"2021-04-23T07:15:55","guid":{"rendered":"https:\/\/hotelli03.domainhotelli.fi\/~lsdoecli\/woocommerce\/?post_type=product&#038;p=2991"},"modified":"2022-01-16T06:06:47","modified_gmt":"2022-01-16T06:06:47","slug":"kirurginen-suu-nenasuojus-type-iir-50-kpl-tuoyouda","status":"publish","type":"product","link":"https:\/\/hotelli03.domainhotelli.fi\/~lsdoecli\/tuote\/kirurginen-suu-nenasuojus-type-iir-50-kpl-tuoyouda\/","title":{"rendered":"Kirurginen suu-nen\u00e4suojus type IIR, 50 kpl Tuoyouda"},"content":{"rendered":"<h1><strong>K<\/strong><strong>irurginen suu-nen\u00e4suojus type IIR, 50 kpl Tuoyouda<\/strong><\/h1>\n<p>Kirurginen suu-nen\u00e4suojus type IIR Tuoyouda:<\/p>\n<ul>\n<li>suodatustehokkuus &gt; 98 % (BFE)<\/li>\n<li>roiskesuojattu suu-nen\u00e4suojus<\/li>\n<li>CE merkitty l\u00e4\u00e4kinn\u00e4llinen laite<\/li>\n<li><a href=\"https:\/\/www.edana.org\/docs\/default-source\/international-standards\/nbn-en-14683_2019-ac-2019_e.pdf?sfvrsn=3797c92b_4\">EN14683:2019 + AC2019 standardin<\/a> mukainen suu-nen\u00e4suojain<\/li>\n<li>EU vaatimustenmukaisuuvakuutus<\/li>\n<li>3-kerroksinen maski<\/li>\n<li>ihoyst\u00e4v\u00e4llinen ja\u00a0hajuton<\/li>\n<li>suu-nen\u00e4suojain sopii k\u00e4ytett\u00e4v\u00e4ksi silm\u00e4lasien kanssa<\/li>\n<li>suomenkielinen ja ruotsinkielinen pakkaus, sek\u00e4 k\u00e4ytt\u00f6hjeet<\/li>\n<li>paras kasvomaski asiakkaiden mielest\u00e4<\/li>\n<\/ul>\n<h2>Hajuton ja ihoyst\u00e4v\u00e4llinen kirurginen suu-nen\u00e4suojus IIR<\/h2>\n<p>Kirurginen suu-nen\u00e4suojus Tuoyouda IIR on kertak\u00e4ytt\u00f6inen kolmekerroksinen roiskesuojattu kasvomaski. Suojus on tarkoitettu suojaamaan asiakasta terveydenhuollon eritteilt\u00e4 ja siin\u00e4 on lis\u00e4ksi roiskesuoja, joka suojaa henkil\u00f6kuntaa veriroiskeilta ja muilta roiskeilta leikkaussalissa.<\/p>\n<p>Kirurginen suu-nen\u00e4suojain IIR est\u00e4\u00e4 pisaroiden levi\u00e4mist\u00e4 hengitysilman kautta ja suojaa muita k\u00e4ytt\u00e4j\u00e4n aerosoleilta. Sen suodatustehokkuus on yli 98 % ja se on yleisin terveydenhuollossa k\u00e4ytetty suu-nen\u00e4suojain.<\/p>\n<p>Tuoyouda kasvomaski on EN14683:2019 (Medical face masks \u2013 requirements and tests methods) standardin mukaisesti hyv\u00e4ksytty ja CE merkitty l\u00e4\u00e4kin\u00e4llinen laite, joka soveltuu terveydenhuollon ammattilaisten k\u00e4ytt\u00f6\u00f6n. Terveydenhuollossa suu-nen\u00e4suojuksia k\u00e4ytet\u00e4\u00e4n toimenpideyksik\u00f6iss\u00e4 ja leikkaussalissa, sek\u00e4 suun terveydenhuollossa.<\/p>\n<p>Suu-nen\u00e4suojus Tuoyouda on ihoyst\u00e4v\u00e4llinen testattu tuote, joka sopii silm\u00e4lasien kanssa k\u00e4ytett\u00e4v\u00e4ksi ja joka on t\u00e4ysin hajuton. T\u00e4m\u00e4 malli on asiakkaidemme suosikki ja on paras kasvomaski terveydenhuollon ja vapaajank\u00e4ytt\u00f6\u00f6n.<\/p>\n<p>Suojaimen k\u00e4ytt\u00f6\u00e4 suositellaan julkisissa sis\u00e4tiloissa, joissa on paljon ihmisi\u00e4 l\u00e4hell\u00e4 toisiaan ja tilanteissa, miss\u00e4 turvav\u00e4lin pit\u00e4minen ei ole mahdollista. \u00a0N\u00e4iss\u00e4 tilanteissa suojainten k\u00e4ytt\u00f6 est\u00e4\u00e4 pisaroiden levi\u00e4misen ymp\u00e4rist\u00f6\u00f6n, mik\u00e4 auttaa v\u00e4hent\u00e4m\u00e4\u00e4n tartuntoja.<\/p>\n<h2><strong>Kirurgisen suu-nen\u00e4suojus k\u00e4ytt\u00f6ohje<\/strong><\/h2>\n<ul>\n<li>Pese tai desinfioi k\u00e4det ennen kun k\u00e4yt\u00e4t kasvomaskia<\/li>\n<li>Aseta suu-nen\u00e4suojain kasvoille ja muotoile nen\u00e4tuki sormilla, niin ett\u00e4 se istuu hyvin nen\u00e4n p\u00e4\u00e4lle<\/li>\n<li>S\u00e4\u00e4d\u00e4 kasvomaski niin, ett\u00e4 se peitt\u00e4\u00e4 suun, nen\u00e4n ja leuan ja\u00a0istuu tiivisti kasvoille.<\/li>\n<li>Maski riisutaan korvalenkeist\u00e4 \u00a0ja se heitet\u00e4\u00e4n roskiin k\u00e4yt\u00f6n j\u00e4lkeen.<\/li>\n<li>Vaihda suusuojain, jos se tuntuu kostealta tai likaantuu.<\/li>\n<li>Muista ett\u00e4 kirurgimaski on kertak\u00e4ytt\u00f6inen.<\/li>\n<\/ul>\n<p><strong>Kirurginen suu-nen\u00e4suojus Tuyouda tuotetiedot<\/strong><\/p>\n<ul>\n<li>Valmistaja: Tuoyouda<\/li>\n<li>Malli: TYD-KZC04<\/li>\n<li>V\u00e4ri: sininen<\/li>\n<li>Pakkauskoko:. 50 kpl rasia<\/li>\n<li>Tukkupakkaus: 2000 kpl<\/li>\n<li>Tuotteen EAN koodi (GTIN-13): 6430077580572<\/li>\n<li>Materiaali: Kuitukangas ja Meltblown kangas<\/li>\n<\/ul>\n<p>Ota varman p\u00e4\u00e4lle ja katso tiivis <a href=\"https:\/\/hotelli03.domainhotelli.fi\/~lsdoecli\/tuote\/ffp2-luokan-hengityssuojain-sj7899-ilman-venttiilia-20-kpl\/\">FFP2-luokan hengityssuojain<\/a> t\u00e4st\u00e4. Hengityssuojain suojaa kaksisuuntaisesti!<\/p>\n","protected":false},"excerpt":{"rendered":"<ul>\n<li>Kirurginen suu-nen\u00e4suojus tyyppi IIR, 50 kpl pakkaus.<\/li>\n<li>Ihoyst\u00e4v\u00e4llinen ja hajuton<\/li>\n<li>sopii silm\u00e4lasien kanssa<\/li>\n<li>suodatustehokkuus &gt; 98 %<\/li>\n<li>asiakkaiden suosikki &#8211; myyty yli 5.000.000 kpl<\/li>\n<\/ul>\n","protected":false},"featured_media":8646,"comment_status":"open","ping_status":"closed","template":"","meta":[],"product_cat":[756],"product_tag":[210,281,211,208,209],"yoast_head":"<!-- This site is optimized with the Yoast SEO Premium plugin v18.9 (Yoast SEO v19.3) - https:\/\/yoast.com\/wordpress\/plugins\/seo\/ -->\n<title>Kirurginen suu-nen\u00e4suojus type IIR, 50 kpl Tuoyouda | JV Tuonti<\/title>\n<meta name=\"description\" content=\"Kirurginen suu-nen\u00e4suojus type IIR, 50 kpl pakkaus. Ihoyst\u00e4v\u00e4llinen ja helppo hengitt\u00e4\u00e4, hajuton kasvomaski. Tilaa suu-nen\u00e4suojus netist\u00e4.\" \/>\n<meta name=\"robots\" content=\"index, follow, max-snippet:-1, max-image-preview:large, max-video-preview:-1\" \/>\n<link rel=\"canonical\" href=\"https:\/\/hotelli03.domainhotelli.fi\/~lsdoecli\/tuote\/kirurginen-suu-nenasuojus-type-iir-50-kpl-tuoyouda\/\" \/>\n<meta property=\"og:locale\" content=\"fi_FI\" \/>\n<meta property=\"og:type\" content=\"article\" \/>\n<meta property=\"og:title\" content=\"Kirurginen suu-nen\u00e4suojus type IIR, 50 kpl Tuoyouda\" \/>\n<meta property=\"og:description\" content=\"Kirurginen suu-nen\u00e4suojus type IIR, 50 kpl pakkaus. Ihoyst\u00e4v\u00e4llinen ja helppo hengitt\u00e4\u00e4, hajuton kasvomaski. Tilaa suu-nen\u00e4suojus netist\u00e4.\" \/>\n<meta property=\"og:url\" content=\"https:\/\/hotelli03.domainhotelli.fi\/~lsdoecli\/tuote\/kirurginen-suu-nenasuojus-type-iir-50-kpl-tuoyouda\/\" \/>\n<meta property=\"og:site_name\" content=\"JV Tuonti\" \/>\n<meta property=\"article:publisher\" content=\"https:\/\/www.facebook.com\/JVTuontiOy\" \/>\n<meta property=\"article:modified_time\" content=\"2022-01-16T06:06:47+00:00\" \/>\n<meta property=\"og:image\" content=\"https:\/\/hotelli03.domainhotelli.fi\/~lsdoecli\/wp-content\/uploads\/2021\/04\/Tuoyouda-kasvomaski-kirurginen-suu-nenasuojus-type-IIR-50-kpl-scaled.jpg\" \/>\n\t<meta property=\"og:image:width\" content=\"1994\" \/>\n\t<meta property=\"og:image:height\" content=\"2560\" \/>\n\t<meta property=\"og:image:type\" content=\"image\/jpeg\" \/>\n<meta name=\"twitter:card\" content=\"summary_large_image\" \/>\n<meta name=\"twitter:label1\" content=\"Price\" \/>\n\t<meta name=\"twitter:data1\" content=\"7,60&nbsp;&euro; 5,60&nbsp;&euro; Alv 24%N\u00e4yt\u00e4 veroton hinta4,52&nbsp;&euro; Alv 0%N\u00e4yt\u00e4 verollinen hinta\" \/>\n\t<meta name=\"twitter:label2\" content=\"Availability\" \/>\n\t<meta name=\"twitter:data2\" content=\"In stock\" \/>\n<script type=\"application\/ld+json\" class=\"yoast-schema-graph\">{\"@context\":\"https:\/\/schema.org\",\"@graph\":[{\"@type\":[\"Organization\",\"Place\",\"WholesaleStore\"],\"@id\":\"https:\/\/hotelli03.domainhotelli.fi\/~lsdoecli\/#organization\",\"name\":\"JV Tuonti Oy\",\"url\":\"https:\/\/hotelli03.domainhotelli.fi\/~lsdoecli\/\",\"sameAs\":[\"https:\/\/instagram.com\/jvtuontioy?utm_medium=copy_link\",\"https:\/\/www.facebook.com\/JVTuontiOy\"],\"logo\":{\"@id\":\"https:\/\/hotelli03.domainhotelli.fi\/~lsdoecli\/tuote\/kirurginen-suu-nenasuojus-type-iir-50-kpl-tuoyouda\/#local-main-organization-logo\"},\"image\":{\"@id\":\"https:\/\/hotelli03.domainhotelli.fi\/~lsdoecli\/tuote\/kirurginen-suu-nenasuojus-type-iir-50-kpl-tuoyouda\/#local-main-organization-logo\"},\"address\":{\"@id\":\"https:\/\/hotelli03.domainhotelli.fi\/~lsdoecli\/tuote\/kirurginen-suu-nenasuojus-type-iir-50-kpl-tuoyouda\/#local-main-place-address\"},\"geo\":{\"@type\":\"GeoCoordinates\",\"latitude\":\"60.28431\",\"longitude\":\"24.81654\"},\"telephone\":[\"0408369980\"],\"openingHoursSpecification\":[{\"@type\":\"OpeningHoursSpecification\",\"dayOfWeek\":[\"Monday\",\"Tuesday\",\"Wednesday\",\"Thursday\",\"Friday\"],\"opens\":\"08:00\",\"closes\":\"16:00\"},{\"@type\":\"OpeningHoursSpecification\",\"dayOfWeek\":[\"Saturday\",\"Sunday\"],\"opens\":\"00:00\",\"closes\":\"00:00\"}],\"email\":\"myynti@hotelli03.domainhotelli.fi\",\"areaServed\":\"Suomi, Ruotsi\",\"vatID\":\"FI30178387\",\"priceRange\":\"$$\",\"currenciesAccepted\":\"\u20ac\",\"paymentAccepted\":\"Lasku, pankkikortti\"},{\"@type\":\"WebSite\",\"@id\":\"https:\/\/hotelli03.domainhotelli.fi\/~lsdoecli\/#website\",\"url\":\"https:\/\/hotelli03.domainhotelli.fi\/~lsdoecli\/\",\"name\":\"JV Tuonti\",\"description\":\"JV Tuonti Oy:n verkkokauppa\",\"publisher\":{\"@id\":\"https:\/\/hotelli03.domainhotelli.fi\/~lsdoecli\/#organization\"},\"potentialAction\":[{\"@type\":\"SearchAction\",\"target\":{\"@type\":\"EntryPoint\",\"urlTemplate\":\"https:\/\/hotelli03.domainhotelli.fi\/~lsdoecli\/?s={search_term_string}\"},\"query-input\":\"required name=search_term_string\"}],\"inLanguage\":\"fi\"},{\"@type\":\"ImageObject\",\"inLanguage\":\"fi\",\"@id\":\"https:\/\/hotelli03.domainhotelli.fi\/~lsdoecli\/tuote\/kirurginen-suu-nenasuojus-type-iir-50-kpl-tuoyouda\/#primaryimage\",\"url\":\"https:\/\/hotelli03.domainhotelli.fi\/~lsdoecli\/wp-content\/uploads\/2021\/04\/Tuoyouda-kasvomaski-kirurginen-suu-nenasuojus-type-IIR-50-kpl-scaled.jpg\",\"contentUrl\":\"https:\/\/hotelli03.domainhotelli.fi\/~lsdoecli\/wp-content\/uploads\/2021\/04\/Tuoyouda-kasvomaski-kirurginen-suu-nenasuojus-type-IIR-50-kpl-scaled.jpg\",\"width\":1994,\"height\":2560,\"caption\":\"Kirurginen suu-nen\u00e4suojus type IIR, 50 kpl Tuoyouda\"},{\"@type\":\"WebPage\",\"@id\":\"https:\/\/hotelli03.domainhotelli.fi\/~lsdoecli\/tuote\/kirurginen-suu-nenasuojus-type-iir-50-kpl-tuoyouda\/\",\"url\":\"https:\/\/hotelli03.domainhotelli.fi\/~lsdoecli\/tuote\/kirurginen-suu-nenasuojus-type-iir-50-kpl-tuoyouda\/\",\"name\":\"Kirurginen suu-nen\u00e4suojus type IIR, 50 kpl Tuoyouda | JV Tuonti\",\"isPartOf\":{\"@id\":\"https:\/\/hotelli03.domainhotelli.fi\/~lsdoecli\/#website\"},\"primaryImageOfPage\":{\"@id\":\"https:\/\/hotelli03.domainhotelli.fi\/~lsdoecli\/tuote\/kirurginen-suu-nenasuojus-type-iir-50-kpl-tuoyouda\/#primaryimage\"},\"datePublished\":\"2021-04-23T07:15:55+00:00\",\"dateModified\":\"2022-01-16T06:06:47+00:00\",\"description\":\"Kirurginen suu-nen\u00e4suojus type IIR, 50 kpl pakkaus. Ihoyst\u00e4v\u00e4llinen ja helppo hengitt\u00e4\u00e4, hajuton kasvomaski. Tilaa suu-nen\u00e4suojus netist\u00e4.\",\"breadcrumb\":{\"@id\":\"https:\/\/hotelli03.domainhotelli.fi\/~lsdoecli\/tuote\/kirurginen-suu-nenasuojus-type-iir-50-kpl-tuoyouda\/#breadcrumb\"},\"inLanguage\":\"fi\",\"potentialAction\":[{\"@type\":\"ReadAction\",\"target\":[\"https:\/\/hotelli03.domainhotelli.fi\/~lsdoecli\/tuote\/kirurginen-suu-nenasuojus-type-iir-50-kpl-tuoyouda\/\"]}]},{\"@type\":\"BreadcrumbList\",\"@id\":\"https:\/\/hotelli03.domainhotelli.fi\/~lsdoecli\/tuote\/kirurginen-suu-nenasuojus-type-iir-50-kpl-tuoyouda\/#breadcrumb\",\"itemListElement\":[{\"@type\":\"ListItem\",\"position\":1,\"name\":\"Etusivu\",\"item\":\"https:\/\/hotelli03.domainhotelli.fi\/~lsdoecli\/\"},{\"@type\":\"ListItem\",\"position\":2,\"name\":\"Kauppa\",\"item\":\"https:\/\/hotelli03.domainhotelli.fi\/~lsdoecli\/kauppa\/\"},{\"@type\":\"ListItem\",\"position\":3,\"name\":\"Kirurginen suu-nen\u00e4suojus type IIR, 50 kpl Tuoyouda\"}]},{\"@type\":\"PostalAddress\",\"@id\":\"https:\/\/hotelli03.domainhotelli.fi\/~lsdoecli\/tuote\/kirurginen-suu-nenasuojus-type-iir-50-kpl-tuoyouda\/#local-main-place-address\",\"streetAddress\":\"Pyymosantie 5a\",\"addressLocality\":\"Vantaa\",\"postalCode\":\"01720\",\"addressCountry\":\"FI\"},{\"@type\":\"ImageObject\",\"inLanguage\":\"fi\",\"@id\":\"https:\/\/hotelli03.domainhotelli.fi\/~lsdoecli\/tuote\/kirurginen-suu-nenasuojus-type-iir-50-kpl-tuoyouda\/#local-main-organization-logo\",\"url\":\"https:\/\/hotelli03.domainhotelli.fi\/~lsdoecli\/wp-content\/uploads\/2021\/08\/JVTuonti_logo_nelio.jpg\",\"contentUrl\":\"https:\/\/hotelli03.domainhotelli.fi\/~lsdoecli\/wp-content\/uploads\/2021\/08\/JVTuonti_logo_nelio.jpg\",\"width\":550,\"height\":550,\"caption\":\"JV Tuonti Oy\"}]}<\/script>\n<meta property=\"product:price:amount\" content=\"5.60\" \/>\n<meta property=\"product:price:currency\" content=\"EUR\" \/>\n<meta property=\"og:availability\" content=\"instock\" \/>\n<meta property=\"product:availability\" content=\"instock\" \/>\n<meta property=\"product:retailer_item_id\" content=\"TUOIIR\" \/>\n<meta property=\"product:condition\" content=\"new\" \/>\n<meta name=\"geo.placename\" content=\"Vantaa\" \/>\n<meta name=\"geo.position\" content=\"60.28431;24.81654\" \/>\n<meta name=\"geo.region\" content=\"Suomi\" \/>\n<!-- \/ Yoast SEO Premium plugin. -->","yoast_head_json":{"title":"Kirurginen suu-nen\u00e4suojus type IIR, 50 kpl Tuoyouda | JV Tuonti","description":"Kirurginen suu-nen\u00e4suojus type IIR, 50 kpl pakkaus. Ihoyst\u00e4v\u00e4llinen ja helppo hengitt\u00e4\u00e4, hajuton kasvomaski. Tilaa suu-nen\u00e4suojus netist\u00e4.","robots":{"index":"index","follow":"follow","max-snippet":"max-snippet:-1","max-image-preview":"max-image-preview:large","max-video-preview":"max-video-preview:-1"},"canonical":"https:\/\/hotelli03.domainhotelli.fi\/~lsdoecli\/tuote\/kirurginen-suu-nenasuojus-type-iir-50-kpl-tuoyouda\/","og_locale":"fi_FI","og_type":"article","og_title":"Kirurginen suu-nen\u00e4suojus type IIR, 50 kpl Tuoyouda","og_description":"Kirurginen suu-nen\u00e4suojus type IIR, 50 kpl pakkaus. Ihoyst\u00e4v\u00e4llinen ja helppo hengitt\u00e4\u00e4, hajuton kasvomaski. Tilaa suu-nen\u00e4suojus netist\u00e4.","og_url":"https:\/\/hotelli03.domainhotelli.fi\/~lsdoecli\/tuote\/kirurginen-suu-nenasuojus-type-iir-50-kpl-tuoyouda\/","og_site_name":"JV Tuonti","article_publisher":"https:\/\/www.facebook.com\/JVTuontiOy","article_modified_time":"2022-01-16T06:06:47+00:00","og_image":[{"width":1994,"height":2560,"url":"https:\/\/hotelli03.domainhotelli.fi\/~lsdoecli\/wp-content\/uploads\/2021\/04\/Tuoyouda-kasvomaski-kirurginen-suu-nenasuojus-type-IIR-50-kpl-scaled.jpg","type":"image\/jpeg"}],"twitter_card":"summary_large_image","twitter_misc":{"Price":"7,60&nbsp;&euro; 5,60&nbsp;&euro; Alv 24%N\u00e4yt\u00e4 veroton hinta4,52&nbsp;&euro; Alv 0%N\u00e4yt\u00e4 verollinen hinta","Availability":"In stock"},"schema":{"@context":"https:\/\/schema.org","@graph":[{"@type":["Organization","Place","WholesaleStore"],"@id":"https:\/\/hotelli03.domainhotelli.fi\/~lsdoecli\/#organization","name":"JV Tuonti Oy","url":"https:\/\/hotelli03.domainhotelli.fi\/~lsdoecli\/","sameAs":["https:\/\/instagram.com\/jvtuontioy?utm_medium=copy_link","https:\/\/www.facebook.com\/JVTuontiOy"],"logo":{"@id":"https:\/\/hotelli03.domainhotelli.fi\/~lsdoecli\/tuote\/kirurginen-suu-nenasuojus-type-iir-50-kpl-tuoyouda\/#local-main-organization-logo"},"image":{"@id":"https:\/\/hotelli03.domainhotelli.fi\/~lsdoecli\/tuote\/kirurginen-suu-nenasuojus-type-iir-50-kpl-tuoyouda\/#local-main-organization-logo"},"address":{"@id":"https:\/\/hotelli03.domainhotelli.fi\/~lsdoecli\/tuote\/kirurginen-suu-nenasuojus-type-iir-50-kpl-tuoyouda\/#local-main-place-address"},"geo":{"@type":"GeoCoordinates","latitude":"60.28431","longitude":"24.81654"},"telephone":["0408369980"],"openingHoursSpecification":[{"@type":"OpeningHoursSpecification","dayOfWeek":["Monday","Tuesday","Wednesday","Thursday","Friday"],"opens":"08:00","closes":"16:00"},{"@type":"OpeningHoursSpecification","dayOfWeek":["Saturday","Sunday"],"opens":"00:00","closes":"00:00"}],"email":"myynti@hotelli03.domainhotelli.fi","areaServed":"Suomi, Ruotsi","vatID":"FI30178387","priceRange":"$$","currenciesAccepted":"\u20ac","paymentAccepted":"Lasku, pankkikortti"},{"@type":"WebSite","@id":"https:\/\/hotelli03.domainhotelli.fi\/~lsdoecli\/#website","url":"https:\/\/hotelli03.domainhotelli.fi\/~lsdoecli\/","name":"JV Tuonti","description":"JV Tuonti Oy:n verkkokauppa","publisher":{"@id":"https:\/\/hotelli03.domainhotelli.fi\/~lsdoecli\/#organization"},"potentialAction":[{"@type":"SearchAction","target":{"@type":"EntryPoint","urlTemplate":"https:\/\/hotelli03.domainhotelli.fi\/~lsdoecli\/?s={search_term_string}"},"query-input":"required name=search_term_string"}],"inLanguage":"fi"},{"@type":"ImageObject","inLanguage":"fi","@id":"https:\/\/hotelli03.domainhotelli.fi\/~lsdoecli\/tuote\/kirurginen-suu-nenasuojus-type-iir-50-kpl-tuoyouda\/#primaryimage","url":"https:\/\/hotelli03.domainhotelli.fi\/~lsdoecli\/wp-content\/uploads\/2021\/04\/Tuoyouda-kasvomaski-kirurginen-suu-nenasuojus-type-IIR-50-kpl-scaled.jpg","contentUrl":"https:\/\/hotelli03.domainhotelli.fi\/~lsdoecli\/wp-content\/uploads\/2021\/04\/Tuoyouda-kasvomaski-kirurginen-suu-nenasuojus-type-IIR-50-kpl-scaled.jpg","width":1994,"height":2560,"caption":"Kirurginen suu-nen\u00e4suojus type IIR, 50 kpl Tuoyouda"},{"@type":"WebPage","@id":"https:\/\/hotelli03.domainhotelli.fi\/~lsdoecli\/tuote\/kirurginen-suu-nenasuojus-type-iir-50-kpl-tuoyouda\/","url":"https:\/\/hotelli03.domainhotelli.fi\/~lsdoecli\/tuote\/kirurginen-suu-nenasuojus-type-iir-50-kpl-tuoyouda\/","name":"Kirurginen suu-nen\u00e4suojus type IIR, 50 kpl Tuoyouda | JV Tuonti","isPartOf":{"@id":"https:\/\/hotelli03.domainhotelli.fi\/~lsdoecli\/#website"},"primaryImageOfPage":{"@id":"https:\/\/hotelli03.domainhotelli.fi\/~lsdoecli\/tuote\/kirurginen-suu-nenasuojus-type-iir-50-kpl-tuoyouda\/#primaryimage"},"datePublished":"2021-04-23T07:15:55+00:00","dateModified":"2022-01-16T06:06:47+00:00","description":"Kirurginen suu-nen\u00e4suojus type IIR, 50 kpl pakkaus. Ihoyst\u00e4v\u00e4llinen ja helppo hengitt\u00e4\u00e4, hajuton kasvomaski. Tilaa suu-nen\u00e4suojus netist\u00e4.","breadcrumb":{"@id":"https:\/\/hotelli03.domainhotelli.fi\/~lsdoecli\/tuote\/kirurginen-suu-nenasuojus-type-iir-50-kpl-tuoyouda\/#breadcrumb"},"inLanguage":"fi","potentialAction":[{"@type":"ReadAction","target":["https:\/\/hotelli03.domainhotelli.fi\/~lsdoecli\/tuote\/kirurginen-suu-nenasuojus-type-iir-50-kpl-tuoyouda\/"]}]},{"@type":"BreadcrumbList","@id":"https:\/\/hotelli03.domainhotelli.fi\/~lsdoecli\/tuote\/kirurginen-suu-nenasuojus-type-iir-50-kpl-tuoyouda\/#breadcrumb","itemListElement":[{"@type":"ListItem","position":1,"name":"Etusivu","item":"https:\/\/hotelli03.domainhotelli.fi\/~lsdoecli\/"},{"@type":"ListItem","position":2,"name":"Kauppa","item":"https:\/\/hotelli03.domainhotelli.fi\/~lsdoecli\/kauppa\/"},{"@type":"ListItem","position":3,"name":"Kirurginen suu-nen\u00e4suojus type IIR, 50 kpl Tuoyouda"}]},{"@type":"PostalAddress","@id":"https:\/\/hotelli03.domainhotelli.fi\/~lsdoecli\/tuote\/kirurginen-suu-nenasuojus-type-iir-50-kpl-tuoyouda\/#local-main-place-address","streetAddress":"Pyymosantie 5a","addressLocality":"Vantaa","postalCode":"01720","addressCountry":"FI"},{"@type":"ImageObject","inLanguage":"fi","@id":"https:\/\/hotelli03.domainhotelli.fi\/~lsdoecli\/tuote\/kirurginen-suu-nenasuojus-type-iir-50-kpl-tuoyouda\/#local-main-organization-logo","url":"https:\/\/hotelli03.domainhotelli.fi\/~lsdoecli\/wp-content\/uploads\/2021\/08\/JVTuonti_logo_nelio.jpg","contentUrl":"https:\/\/hotelli03.domainhotelli.fi\/~lsdoecli\/wp-content\/uploads\/2021\/08\/JVTuonti_logo_nelio.jpg","width":550,"height":550,"caption":"JV Tuonti Oy"}]},"product_price_amount":"5.60","product_price_currency":"EUR","og_availability":"instock","product_availability":"instock","product_retailer_item_id":"TUOIIR","product_condition":"new","geo.placename":"Vantaa","geo.position":{"lat":"60.28431","long":"24.81654"},"geo.region":"Suomi"},"_links":{"self":[{"href":"https:\/\/hotelli03.domainhotelli.fi\/~lsdoecli\/wp-json\/wp\/v2\/product\/2991"}],"collection":[{"href":"https:\/\/hotelli03.domainhotelli.fi\/~lsdoecli\/wp-json\/wp\/v2\/product"}],"about":[{"href":"https:\/\/hotelli03.domainhotelli.fi\/~lsdoecli\/wp-json\/wp\/v2\/types\/product"}],"replies":[{"embeddable":true,"href":"https:\/\/hotelli03.domainhotelli.fi\/~lsdoecli\/wp-json\/wp\/v2\/comments?post=2991"}],"wp:featuredmedia":[{"embeddable":true,"href":"https:\/\/hotelli03.domainhotelli.fi\/~lsdoecli\/wp-json\/wp\/v2\/media\/8646"}],"wp:attachment":[{"href":"https:\/\/hotelli03.domainhotelli.fi\/~lsdoecli\/wp-json\/wp\/v2\/media?parent=2991"}],"wp:term":[{"taxonomy":"product_cat","embeddable":true,"href":"https:\/\/hotelli03.domainhotelli.fi\/~lsdoecli\/wp-json\/wp\/v2\/product_cat?post=2991"},{"taxonomy":"product_tag","embeddable":true,"href":"https:\/\/hotelli03.domainhotelli.fi\/~lsdoecli\/wp-json\/wp\/v2\/product_tag?post=2991"}],"curies":[{"name":"wp","href":"https:\/\/api.w.org\/{rel}","templated":true}]}}