{"id":2974,"date":"2021-04-22T09:28:11","date_gmt":"2021-04-22T09:28:11","guid":{"rendered":"https:\/\/hotelli03.domainhotelli.fi\/~lsdoecli\/woocommerce\/?post_type=product&#038;p=2974"},"modified":"2021-08-12T12:15:33","modified_gmt":"2021-08-12T12:15:33","slug":"pu-vaahto-index-pu-sp-750-ml-pistoolivaahto","status":"publish","type":"product","link":"https:\/\/hotelli03.domainhotelli.fi\/~lsdoecli\/tuote\/pu-vaahto-index-pu-sp-750-ml-pistoolivaahto\/","title":{"rendered":"PU-vaahto Index PU-SP 750 ml pistoolivaahto"},"content":{"rendered":"<h1>PU-vaahto Index PU-SP 750 ml pistoolivaahto<\/h1>\n<p>Monik\u00e4ytt\u00f6inen uretaanivaahto tiivist\u00e4miseen, asentamiseen, t\u00e4ytt\u00f6\u00f6n ja erist\u00e4miseen.<\/p>\n<p>\u2022 Helppo k\u00e4sitell\u00e4.<br \/>\n\u2022 Tarkka annostus &#8211; taloudellinen kulutus.<br \/>\n\u2022 Sis\u00e4- ja ulkok\u00e4ytt\u00f6\u00f6n tarkoitettu PU-vaahto.<br \/>\n\u2022 Ammattik\u00e4ytt\u00f6n tarkoitettu, korkealaatuinen polyuretaanivaahto.<br \/>\n\u2022 Erinomainen suorituskyky, vahva tarttuvuus ja pitk\u00e4aikainen tiivistys.<br \/>\n\u2022 Hyv\u00e4 l\u00e4mm\u00f6n ja \u00e4\u00e4nen eristys.<br \/>\n\u2022 Ei vuotoja tai valumista suuttimesta.<\/p>\n<table>\n<tbody>\n<tr>\n<td colspan=\"4\" width=\"682\"><strong>PU-vaahto Index PU-SP 750 ml<\/strong>,\u00a0<strong style=\"font-family: inherit; font-size: inherit;\">Tekniset tiedot<\/strong><\/td>\n<\/tr>\n<tr>\n<td width=\"171\"><strong>Ominaisuudet<\/strong><\/td>\n<td width=\"179\"><strong>Standardi<\/strong><\/td>\n<td width=\"136\"><strong>Yksikk\u00f6<\/strong><\/td>\n<td width=\"196\"><strong>Arvo<\/strong><\/td>\n<\/tr>\n<tr>\n<td width=\"171\"><strong>Volyymi<\/strong><\/td>\n<td width=\"179\">FEICA OCF TM 1003<\/td>\n<td width=\"136\">Litraa [l]<\/td>\n<td width=\"196\">42 \u2013 47 l (free foamed) (750ml)<\/td>\n<\/tr>\n<tr>\n<td width=\"171\"><strong>Tiheys<\/strong><\/td>\n<td width=\"179\">FEICA OCF TM 1019<\/td>\n<td width=\"136\">kg\/m3<\/td>\n<td width=\"196\">16 &#8211; 18<\/td>\n<\/tr>\n<tr>\n<td width=\"171\"><strong>K\u00e4sittelyl\u00e4mp\u00f6tila<\/strong><\/td>\n<td width=\"179\">[&#8211;]<\/td>\n<td width=\"136\">\u00b0C<\/td>\n<td width=\"196\">min. +5 (pinta)<\/td>\n<\/tr>\n<tr>\n<td width=\"171\"><strong>Kosketuskuiva<\/strong><\/td>\n<td width=\"179\">FEICA OCF TM 1014<\/td>\n<td width=\"136\">Minuuttia (\u00b0C)<\/td>\n<td width=\"196\">5 \u2013 10 min<\/td>\n<\/tr>\n<tr>\n<td width=\"171\"><strong>Leikattavissa<\/strong><\/td>\n<td width=\"179\">FEICA OCF TM 1005<\/td>\n<td width=\"136\">Minuttia(\u00b0C)<\/td>\n<td width=\"196\">20 \u2013 25 min<\/td>\n<\/tr>\n<tr>\n<td width=\"171\"><strong>T\u00e4ysin kovettunut<\/strong><\/td>\n<td width=\"179\">[&#8211;]<\/td>\n<td width=\"136\">tuntia<\/td>\n<td width=\"196\">1,5 \u2013 5 tuntia, (Riippuu ilman l\u00e4mp\u00f6tilasta ja kosteudesta)<\/td>\n<\/tr>\n<tr>\n<td width=\"171\"><strong>L\u00e4mm\u00f6nkest\u00e4vyys<\/strong><\/td>\n<td width=\"179\">[&#8211;]<\/td>\n<td width=\"136\">\u00b0C<\/td>\n<td width=\"196\">V\u00e4hint\u00e4\u00e4n -40 enint\u00e4\u00e4n +90<\/td>\n<\/tr>\n<tr>\n<td width=\"171\"><strong>Mitanpit\u00e4vyys<\/strong><\/td>\n<td width=\"179\">FEICA OCF TM 1004<\/td>\n<td width=\"136\">%<\/td>\n<td width=\"196\">max. -1<\/td>\n<\/tr>\n<tr>\n<td width=\"171\"><strong>Veden imeytyminen<\/strong><\/td>\n<td width=\"179\">DIN 53428<\/td>\n<td width=\"136\">vol. %<\/td>\n<td width=\"196\">max. 1<\/td>\n<\/tr>\n<tr>\n<td width=\"171\"><strong>Puristuslujuus<\/strong><\/td>\n<td width=\"179\">FEICA OCF TM 1011<\/td>\n<td width=\"136\">MPa<\/td>\n<td width=\"196\">0,04 &#8211; 0,05<\/td>\n<\/tr>\n<tr>\n<td width=\"171\"><strong>Vetolujuus<\/strong><\/td>\n<td width=\"179\">FEICA OCF TM 1018<\/td>\n<td width=\"136\">MPa<\/td>\n<td width=\"196\">0,07 \u2013 0,08<\/td>\n<\/tr>\n<tr>\n<td width=\"171\"><strong>Murtovenym\u00e4<\/strong><\/td>\n<td width=\"179\">FEICA OCF TM 1018<\/td>\n<td width=\"136\">%<\/td>\n<td width=\"196\">20 \u2013 30<\/td>\n<\/tr>\n<tr>\n<td width=\"171\"><\/td>\n<td width=\"179\"><\/td>\n<td width=\"136\"><\/td>\n<td width=\"196\"><\/td>\n<\/tr>\n<tr>\n<td width=\"171\"><strong>L\u00e4mm\u00f6njohtavuus<\/strong><\/td>\n<td width=\"179\">DIN 52612<\/td>\n<td width=\"136\">W\/ (m K)<\/td>\n<td width=\"196\">0,036 at 20 \u00b0C<\/td>\n<\/tr>\n<tr>\n<td width=\"171\"><strong>Paloluokka<\/strong><\/td>\n<td width=\"179\">DIN 4102 \u2013 1<\/td>\n<td width=\"136\">[&#8211;]<\/td>\n<td width=\"196\">B3<\/td>\n<\/tr>\n<tr>\n<td width=\"171\"><strong>Varastointi l\u00e4mp\u00f6tila<\/strong><\/td>\n<td width=\"179\">[&#8211;]<\/td>\n<td width=\"136\">\u00b0C<\/td>\n<td width=\"196\">V\u00e4hint\u00e4\u00e4n +5 enint\u00e4\u00e4n +25<\/td>\n<\/tr>\n<tr>\n<td width=\"171\"><strong>S\u00e4ilyvyys tuotannosta<\/strong><\/td>\n<td width=\"179\">[&#8211;]<\/td>\n<td width=\"136\">Kuukautta<\/td>\n<td width=\"196\">18<\/td>\n<\/tr>\n<\/tbody>\n<\/table>\n<p>&nbsp;<\/p>\n<p>Saatavilla my\u00f6s palovaahto, katso <a href=\"https:\/\/hotelli03.domainhotelli.fi\/~lsdoecli\/tuote\/palovaahto-index-pu-fp-750-ml\/\">t\u00e4st\u00e4!<\/a><\/p>\n","protected":false},"excerpt":{"rendered":"<p>Index PU-SP ammattik\u00e4ytt\u00f6\u00f6n tarkoitettu PU-vaahto 750 ml.<\/p>\n","protected":false},"featured_media":4723,"comment_status":"open","ping_status":"closed","template":"","meta":[],"product_cat":[204],"product_tag":[252,254,205,253],"yoast_head":"<!-- This site is optimized with the Yoast SEO Premium plugin v18.9 (Yoast SEO v19.3) - https:\/\/yoast.com\/wordpress\/plugins\/seo\/ -->\n<title>PU-vaahto Index PU-SP 750 ml pistoolivaahto | JV Tuonti<\/title>\n<meta name=\"description\" content=\"Index PU-SP ammattik\u00e4ytt\u00f6\u00f6n tarkoitettu PU-vaahto 750 ml. Sis\u00e4- ja ulkok\u00e4ytt\u00f6\u00f6n. Tilaa verkkokaupasta. Nopea toimitus suoraan varastosta.\" \/>\n<meta name=\"robots\" content=\"index, follow, max-snippet:-1, max-image-preview:large, max-video-preview:-1\" \/>\n<link rel=\"canonical\" href=\"https:\/\/hotelli03.domainhotelli.fi\/~lsdoecli\/tuote\/pu-vaahto-index-pu-sp-750-ml-pistoolivaahto\/\" \/>\n<meta property=\"og:locale\" content=\"fi_FI\" \/>\n<meta property=\"og:type\" content=\"article\" \/>\n<meta property=\"og:title\" content=\"PU-vaahto Index PU-SP 750 ml pistoolivaahto\" \/>\n<meta property=\"og:description\" content=\"Index PU-SP ammattik\u00e4ytt\u00f6\u00f6n tarkoitettu PU-vaahto 750 ml. Sis\u00e4- ja ulkok\u00e4ytt\u00f6\u00f6n. Tilaa verkkokaupasta. Nopea toimitus suoraan varastosta.\" \/>\n<meta property=\"og:url\" content=\"https:\/\/hotelli03.domainhotelli.fi\/~lsdoecli\/tuote\/pu-vaahto-index-pu-sp-750-ml-pistoolivaahto\/\" \/>\n<meta property=\"og:site_name\" content=\"JV Tuonti\" \/>\n<meta property=\"article:publisher\" content=\"https:\/\/www.facebook.com\/JVTuontiOy\" \/>\n<meta property=\"article:modified_time\" content=\"2021-08-12T12:15:33+00:00\" \/>\n<meta property=\"og:image\" content=\"https:\/\/hotelli03.domainhotelli.fi\/~lsdoecli\/wp-content\/uploads\/2021\/05\/PU-SP.jpg\" \/>\n\t<meta property=\"og:image:width\" content=\"1200\" \/>\n\t<meta property=\"og:image:height\" content=\"1200\" \/>\n\t<meta property=\"og:image:type\" content=\"image\/jpeg\" \/>\n<meta name=\"twitter:card\" content=\"summary_large_image\" \/>\n<meta name=\"twitter:label1\" content=\"Price\" \/>\n\t<meta name=\"twitter:data1\" content=\"8,41&nbsp;&euro; Alv 24%N\u00e4yt\u00e4 veroton hinta6,78&nbsp;&euro; Alv 0%N\u00e4yt\u00e4 verollinen hinta\" \/>\n\t<meta name=\"twitter:label2\" content=\"Availability\" \/>\n\t<meta name=\"twitter:data2\" content=\"In stock\" \/>\n<script type=\"application\/ld+json\" class=\"yoast-schema-graph\">{\"@context\":\"https:\/\/schema.org\",\"@graph\":[{\"@type\":[\"Organization\",\"Place\",\"WholesaleStore\"],\"@id\":\"https:\/\/hotelli03.domainhotelli.fi\/~lsdoecli\/#organization\",\"name\":\"JV Tuonti Oy\",\"url\":\"https:\/\/hotelli03.domainhotelli.fi\/~lsdoecli\/\",\"sameAs\":[\"https:\/\/instagram.com\/jvtuontioy?utm_medium=copy_link\",\"https:\/\/www.facebook.com\/JVTuontiOy\"],\"logo\":{\"@id\":\"https:\/\/hotelli03.domainhotelli.fi\/~lsdoecli\/tuote\/pu-vaahto-index-pu-sp-750-ml-pistoolivaahto\/#local-main-organization-logo\"},\"image\":{\"@id\":\"https:\/\/hotelli03.domainhotelli.fi\/~lsdoecli\/tuote\/pu-vaahto-index-pu-sp-750-ml-pistoolivaahto\/#local-main-organization-logo\"},\"address\":{\"@id\":\"https:\/\/hotelli03.domainhotelli.fi\/~lsdoecli\/tuote\/pu-vaahto-index-pu-sp-750-ml-pistoolivaahto\/#local-main-place-address\"},\"geo\":{\"@type\":\"GeoCoordinates\",\"latitude\":\"60.28431\",\"longitude\":\"24.81654\"},\"telephone\":[\"0408369980\"],\"openingHoursSpecification\":[{\"@type\":\"OpeningHoursSpecification\",\"dayOfWeek\":[\"Monday\",\"Tuesday\",\"Wednesday\",\"Thursday\",\"Friday\"],\"opens\":\"08:00\",\"closes\":\"16:00\"},{\"@type\":\"OpeningHoursSpecification\",\"dayOfWeek\":[\"Saturday\",\"Sunday\"],\"opens\":\"00:00\",\"closes\":\"00:00\"}],\"email\":\"myynti@hotelli03.domainhotelli.fi\",\"areaServed\":\"Suomi, Ruotsi\",\"vatID\":\"FI30178387\",\"priceRange\":\"$$\",\"currenciesAccepted\":\"\u20ac\",\"paymentAccepted\":\"Lasku, pankkikortti\"},{\"@type\":\"WebSite\",\"@id\":\"https:\/\/hotelli03.domainhotelli.fi\/~lsdoecli\/#website\",\"url\":\"https:\/\/hotelli03.domainhotelli.fi\/~lsdoecli\/\",\"name\":\"JV Tuonti\",\"description\":\"JV Tuonti Oy:n verkkokauppa\",\"publisher\":{\"@id\":\"https:\/\/hotelli03.domainhotelli.fi\/~lsdoecli\/#organization\"},\"potentialAction\":[{\"@type\":\"SearchAction\",\"target\":{\"@type\":\"EntryPoint\",\"urlTemplate\":\"https:\/\/hotelli03.domainhotelli.fi\/~lsdoecli\/?s={search_term_string}\"},\"query-input\":\"required name=search_term_string\"}],\"inLanguage\":\"fi\"},{\"@type\":\"ImageObject\",\"inLanguage\":\"fi\",\"@id\":\"https:\/\/hotelli03.domainhotelli.fi\/~lsdoecli\/tuote\/pu-vaahto-index-pu-sp-750-ml-pistoolivaahto\/#primaryimage\",\"url\":\"https:\/\/hotelli03.domainhotelli.fi\/~lsdoecli\/wp-content\/uploads\/2021\/05\/PU-SP.jpg\",\"contentUrl\":\"https:\/\/hotelli03.domainhotelli.fi\/~lsdoecli\/wp-content\/uploads\/2021\/05\/PU-SP.jpg\",\"width\":1200,\"height\":1200,\"caption\":\"PU-SP K\u00e4ytt\u00f6ohjeet PU-FP Palovaahto K\u00e4ytt\u00f6kohteet PU-FP PU-vaahto Index PU-SP 750 ml pistoolivaahto\"},{\"@type\":\"WebPage\",\"@id\":\"https:\/\/hotelli03.domainhotelli.fi\/~lsdoecli\/tuote\/pu-vaahto-index-pu-sp-750-ml-pistoolivaahto\/\",\"url\":\"https:\/\/hotelli03.domainhotelli.fi\/~lsdoecli\/tuote\/pu-vaahto-index-pu-sp-750-ml-pistoolivaahto\/\",\"name\":\"PU-vaahto Index PU-SP 750 ml pistoolivaahto | JV Tuonti\",\"isPartOf\":{\"@id\":\"https:\/\/hotelli03.domainhotelli.fi\/~lsdoecli\/#website\"},\"primaryImageOfPage\":{\"@id\":\"https:\/\/hotelli03.domainhotelli.fi\/~lsdoecli\/tuote\/pu-vaahto-index-pu-sp-750-ml-pistoolivaahto\/#primaryimage\"},\"datePublished\":\"2021-04-22T09:28:11+00:00\",\"dateModified\":\"2021-08-12T12:15:33+00:00\",\"description\":\"Index PU-SP ammattik\u00e4ytt\u00f6\u00f6n tarkoitettu PU-vaahto 750 ml. Sis\u00e4- ja ulkok\u00e4ytt\u00f6\u00f6n. Tilaa verkkokaupasta. Nopea toimitus suoraan varastosta.\",\"breadcrumb\":{\"@id\":\"https:\/\/hotelli03.domainhotelli.fi\/~lsdoecli\/tuote\/pu-vaahto-index-pu-sp-750-ml-pistoolivaahto\/#breadcrumb\"},\"inLanguage\":\"fi\",\"potentialAction\":[{\"@type\":\"ReadAction\",\"target\":[\"https:\/\/hotelli03.domainhotelli.fi\/~lsdoecli\/tuote\/pu-vaahto-index-pu-sp-750-ml-pistoolivaahto\/\"]}]},{\"@type\":\"BreadcrumbList\",\"@id\":\"https:\/\/hotelli03.domainhotelli.fi\/~lsdoecli\/tuote\/pu-vaahto-index-pu-sp-750-ml-pistoolivaahto\/#breadcrumb\",\"itemListElement\":[{\"@type\":\"ListItem\",\"position\":1,\"name\":\"Etusivu\",\"item\":\"https:\/\/hotelli03.domainhotelli.fi\/~lsdoecli\/\"},{\"@type\":\"ListItem\",\"position\":2,\"name\":\"Kauppa\",\"item\":\"https:\/\/hotelli03.domainhotelli.fi\/~lsdoecli\/kauppa\/\"},{\"@type\":\"ListItem\",\"position\":3,\"name\":\"PU-vaahto Index PU-SP 750 ml pistoolivaahto\"}]},{\"@type\":\"PostalAddress\",\"@id\":\"https:\/\/hotelli03.domainhotelli.fi\/~lsdoecli\/tuote\/pu-vaahto-index-pu-sp-750-ml-pistoolivaahto\/#local-main-place-address\",\"streetAddress\":\"Pyymosantie 5a\",\"addressLocality\":\"Vantaa\",\"postalCode\":\"01720\",\"addressCountry\":\"FI\"},{\"@type\":\"ImageObject\",\"inLanguage\":\"fi\",\"@id\":\"https:\/\/hotelli03.domainhotelli.fi\/~lsdoecli\/tuote\/pu-vaahto-index-pu-sp-750-ml-pistoolivaahto\/#local-main-organization-logo\",\"url\":\"https:\/\/hotelli03.domainhotelli.fi\/~lsdoecli\/wp-content\/uploads\/2021\/08\/JVTuonti_logo_nelio.jpg\",\"contentUrl\":\"https:\/\/hotelli03.domainhotelli.fi\/~lsdoecli\/wp-content\/uploads\/2021\/08\/JVTuonti_logo_nelio.jpg\",\"width\":550,\"height\":550,\"caption\":\"JV Tuonti Oy\"}]}<\/script>\n<meta property=\"product:price:amount\" content=\"8.41\" \/>\n<meta property=\"product:price:currency\" content=\"EUR\" \/>\n<meta property=\"og:availability\" content=\"instock\" \/>\n<meta property=\"product:availability\" content=\"instock\" \/>\n<meta property=\"product:retailer_item_id\" content=\"PUSP750\" \/>\n<meta property=\"product:condition\" content=\"new\" \/>\n<meta name=\"geo.placename\" content=\"Vantaa\" \/>\n<meta name=\"geo.position\" content=\"60.28431;24.81654\" \/>\n<meta name=\"geo.region\" content=\"Suomi\" \/>\n<!-- \/ Yoast SEO Premium plugin. -->","yoast_head_json":{"title":"PU-vaahto Index PU-SP 750 ml pistoolivaahto | JV Tuonti","description":"Index PU-SP ammattik\u00e4ytt\u00f6\u00f6n tarkoitettu PU-vaahto 750 ml. Sis\u00e4- ja ulkok\u00e4ytt\u00f6\u00f6n. Tilaa verkkokaupasta. Nopea toimitus suoraan varastosta.","robots":{"index":"index","follow":"follow","max-snippet":"max-snippet:-1","max-image-preview":"max-image-preview:large","max-video-preview":"max-video-preview:-1"},"canonical":"https:\/\/hotelli03.domainhotelli.fi\/~lsdoecli\/tuote\/pu-vaahto-index-pu-sp-750-ml-pistoolivaahto\/","og_locale":"fi_FI","og_type":"article","og_title":"PU-vaahto Index PU-SP 750 ml pistoolivaahto","og_description":"Index PU-SP ammattik\u00e4ytt\u00f6\u00f6n tarkoitettu PU-vaahto 750 ml. Sis\u00e4- ja ulkok\u00e4ytt\u00f6\u00f6n. Tilaa verkkokaupasta. Nopea toimitus suoraan varastosta.","og_url":"https:\/\/hotelli03.domainhotelli.fi\/~lsdoecli\/tuote\/pu-vaahto-index-pu-sp-750-ml-pistoolivaahto\/","og_site_name":"JV Tuonti","article_publisher":"https:\/\/www.facebook.com\/JVTuontiOy","article_modified_time":"2021-08-12T12:15:33+00:00","og_image":[{"width":1200,"height":1200,"url":"https:\/\/hotelli03.domainhotelli.fi\/~lsdoecli\/wp-content\/uploads\/2021\/05\/PU-SP.jpg","type":"image\/jpeg"}],"twitter_card":"summary_large_image","twitter_misc":{"Price":"8,41&nbsp;&euro; Alv 24%N\u00e4yt\u00e4 veroton hinta6,78&nbsp;&euro; Alv 0%N\u00e4yt\u00e4 verollinen hinta","Availability":"In stock"},"schema":{"@context":"https:\/\/schema.org","@graph":[{"@type":["Organization","Place","WholesaleStore"],"@id":"https:\/\/hotelli03.domainhotelli.fi\/~lsdoecli\/#organization","name":"JV Tuonti Oy","url":"https:\/\/hotelli03.domainhotelli.fi\/~lsdoecli\/","sameAs":["https:\/\/instagram.com\/jvtuontioy?utm_medium=copy_link","https:\/\/www.facebook.com\/JVTuontiOy"],"logo":{"@id":"https:\/\/hotelli03.domainhotelli.fi\/~lsdoecli\/tuote\/pu-vaahto-index-pu-sp-750-ml-pistoolivaahto\/#local-main-organization-logo"},"image":{"@id":"https:\/\/hotelli03.domainhotelli.fi\/~lsdoecli\/tuote\/pu-vaahto-index-pu-sp-750-ml-pistoolivaahto\/#local-main-organization-logo"},"address":{"@id":"https:\/\/hotelli03.domainhotelli.fi\/~lsdoecli\/tuote\/pu-vaahto-index-pu-sp-750-ml-pistoolivaahto\/#local-main-place-address"},"geo":{"@type":"GeoCoordinates","latitude":"60.28431","longitude":"24.81654"},"telephone":["0408369980"],"openingHoursSpecification":[{"@type":"OpeningHoursSpecification","dayOfWeek":["Monday","Tuesday","Wednesday","Thursday","Friday"],"opens":"08:00","closes":"16:00"},{"@type":"OpeningHoursSpecification","dayOfWeek":["Saturday","Sunday"],"opens":"00:00","closes":"00:00"}],"email":"myynti@hotelli03.domainhotelli.fi","areaServed":"Suomi, Ruotsi","vatID":"FI30178387","priceRange":"$$","currenciesAccepted":"\u20ac","paymentAccepted":"Lasku, pankkikortti"},{"@type":"WebSite","@id":"https:\/\/hotelli03.domainhotelli.fi\/~lsdoecli\/#website","url":"https:\/\/hotelli03.domainhotelli.fi\/~lsdoecli\/","name":"JV Tuonti","description":"JV Tuonti Oy:n verkkokauppa","publisher":{"@id":"https:\/\/hotelli03.domainhotelli.fi\/~lsdoecli\/#organization"},"potentialAction":[{"@type":"SearchAction","target":{"@type":"EntryPoint","urlTemplate":"https:\/\/hotelli03.domainhotelli.fi\/~lsdoecli\/?s={search_term_string}"},"query-input":"required name=search_term_string"}],"inLanguage":"fi"},{"@type":"ImageObject","inLanguage":"fi","@id":"https:\/\/hotelli03.domainhotelli.fi\/~lsdoecli\/tuote\/pu-vaahto-index-pu-sp-750-ml-pistoolivaahto\/#primaryimage","url":"https:\/\/hotelli03.domainhotelli.fi\/~lsdoecli\/wp-content\/uploads\/2021\/05\/PU-SP.jpg","contentUrl":"https:\/\/hotelli03.domainhotelli.fi\/~lsdoecli\/wp-content\/uploads\/2021\/05\/PU-SP.jpg","width":1200,"height":1200,"caption":"PU-SP K\u00e4ytt\u00f6ohjeet PU-FP Palovaahto K\u00e4ytt\u00f6kohteet PU-FP PU-vaahto Index PU-SP 750 ml pistoolivaahto"},{"@type":"WebPage","@id":"https:\/\/hotelli03.domainhotelli.fi\/~lsdoecli\/tuote\/pu-vaahto-index-pu-sp-750-ml-pistoolivaahto\/","url":"https:\/\/hotelli03.domainhotelli.fi\/~lsdoecli\/tuote\/pu-vaahto-index-pu-sp-750-ml-pistoolivaahto\/","name":"PU-vaahto Index PU-SP 750 ml pistoolivaahto | JV Tuonti","isPartOf":{"@id":"https:\/\/hotelli03.domainhotelli.fi\/~lsdoecli\/#website"},"primaryImageOfPage":{"@id":"https:\/\/hotelli03.domainhotelli.fi\/~lsdoecli\/tuote\/pu-vaahto-index-pu-sp-750-ml-pistoolivaahto\/#primaryimage"},"datePublished":"2021-04-22T09:28:11+00:00","dateModified":"2021-08-12T12:15:33+00:00","description":"Index PU-SP ammattik\u00e4ytt\u00f6\u00f6n tarkoitettu PU-vaahto 750 ml. Sis\u00e4- ja ulkok\u00e4ytt\u00f6\u00f6n. Tilaa verkkokaupasta. Nopea toimitus suoraan varastosta.","breadcrumb":{"@id":"https:\/\/hotelli03.domainhotelli.fi\/~lsdoecli\/tuote\/pu-vaahto-index-pu-sp-750-ml-pistoolivaahto\/#breadcrumb"},"inLanguage":"fi","potentialAction":[{"@type":"ReadAction","target":["https:\/\/hotelli03.domainhotelli.fi\/~lsdoecli\/tuote\/pu-vaahto-index-pu-sp-750-ml-pistoolivaahto\/"]}]},{"@type":"BreadcrumbList","@id":"https:\/\/hotelli03.domainhotelli.fi\/~lsdoecli\/tuote\/pu-vaahto-index-pu-sp-750-ml-pistoolivaahto\/#breadcrumb","itemListElement":[{"@type":"ListItem","position":1,"name":"Etusivu","item":"https:\/\/hotelli03.domainhotelli.fi\/~lsdoecli\/"},{"@type":"ListItem","position":2,"name":"Kauppa","item":"https:\/\/hotelli03.domainhotelli.fi\/~lsdoecli\/kauppa\/"},{"@type":"ListItem","position":3,"name":"PU-vaahto Index PU-SP 750 ml pistoolivaahto"}]},{"@type":"PostalAddress","@id":"https:\/\/hotelli03.domainhotelli.fi\/~lsdoecli\/tuote\/pu-vaahto-index-pu-sp-750-ml-pistoolivaahto\/#local-main-place-address","streetAddress":"Pyymosantie 5a","addressLocality":"Vantaa","postalCode":"01720","addressCountry":"FI"},{"@type":"ImageObject","inLanguage":"fi","@id":"https:\/\/hotelli03.domainhotelli.fi\/~lsdoecli\/tuote\/pu-vaahto-index-pu-sp-750-ml-pistoolivaahto\/#local-main-organization-logo","url":"https:\/\/hotelli03.domainhotelli.fi\/~lsdoecli\/wp-content\/uploads\/2021\/08\/JVTuonti_logo_nelio.jpg","contentUrl":"https:\/\/hotelli03.domainhotelli.fi\/~lsdoecli\/wp-content\/uploads\/2021\/08\/JVTuonti_logo_nelio.jpg","width":550,"height":550,"caption":"JV Tuonti Oy"}]},"product_price_amount":"8.41","product_price_currency":"EUR","og_availability":"instock","product_availability":"instock","product_retailer_item_id":"PUSP750","product_condition":"new","geo.placename":"Vantaa","geo.position":{"lat":"60.28431","long":"24.81654"},"geo.region":"Suomi"},"_links":{"self":[{"href":"https:\/\/hotelli03.domainhotelli.fi\/~lsdoecli\/wp-json\/wp\/v2\/product\/2974"}],"collection":[{"href":"https:\/\/hotelli03.domainhotelli.fi\/~lsdoecli\/wp-json\/wp\/v2\/product"}],"about":[{"href":"https:\/\/hotelli03.domainhotelli.fi\/~lsdoecli\/wp-json\/wp\/v2\/types\/product"}],"replies":[{"embeddable":true,"href":"https:\/\/hotelli03.domainhotelli.fi\/~lsdoecli\/wp-json\/wp\/v2\/comments?post=2974"}],"wp:featuredmedia":[{"embeddable":true,"href":"https:\/\/hotelli03.domainhotelli.fi\/~lsdoecli\/wp-json\/wp\/v2\/media\/4723"}],"wp:attachment":[{"href":"https:\/\/hotelli03.domainhotelli.fi\/~lsdoecli\/wp-json\/wp\/v2\/media?parent=2974"}],"wp:term":[{"taxonomy":"product_cat","embeddable":true,"href":"https:\/\/hotelli03.domainhotelli.fi\/~lsdoecli\/wp-json\/wp\/v2\/product_cat?post=2974"},{"taxonomy":"product_tag","embeddable":true,"href":"https:\/\/hotelli03.domainhotelli.fi\/~lsdoecli\/wp-json\/wp\/v2\/product_tag?post=2974"}],"curies":[{"name":"wp","href":"https:\/\/api.w.org\/{rel}","templated":true}]}}