{"id":2970,"date":"2021-04-22T08:55:52","date_gmt":"2021-04-22T08:55:52","guid":{"rendered":"https:\/\/hotelli03.domainhotelli.fi\/~lsdoecli\/woocommerce\/?post_type=product&#038;p=2970"},"modified":"2022-05-17T17:17:38","modified_gmt":"2022-05-17T17:17:38","slug":"palovaahto-index-pu-fp-750-ml","status":"publish","type":"product","link":"https:\/\/hotelli03.domainhotelli.fi\/~lsdoecli\/tuote\/palovaahto-index-pu-fp-750-ml\/","title":{"rendered":"Palouretaani Index PU-FP 750 ml"},"content":{"rendered":"<h1>Palouretaani Index PU-FP<\/h1>\n<p>Palouretaani Index PU-FP on\u00a0palovaahto (pistoolivaahto) 750 ml ammattik\u00e4ytt\u00f6\u00f6n. PU-FP palovaahtoa k\u00e4ytet\u00e4\u00e4n rakennusteollisuudessa rakojen tiivist\u00e4miseen, reikien ja l\u00e4pivientien t\u00e4ytt\u00f6\u00f6n, erist\u00e4miseen (ikkunakarmit ja ovikarmit), kiinnitysvaahtona ja asennusvaahtona, erityisesti tapauksissa, joissa tarvitaan suurempaa palonkest\u00e4vyytt\u00e4.<\/p>\n<h2>Palouretaanin PU-FP tuoteominaisuudet<\/h2>\n<ul>\n<li>Helppo k\u00e4sitell\u00e4.<\/li>\n<li>Sis\u00e4- ja ulkok\u00e4ytt\u00f6\u00f6n<\/li>\n<li>Hallittu laajennus.<\/li>\n<li>Ammattik\u00e4ytt\u00f6n tarkoitettu, korkealaatuinen polyuretaanivaahtoa<\/li>\n<li>Erinomainen suorituskyky, vahva tarttuvuus ja pitk\u00e4aikainen tiivistys.<\/li>\n<li>Hyv\u00e4 l\u00e4mm\u00f6n ja \u00e4\u00e4nen eristys.<\/li>\n<\/ul>\n<table>\n<tbody>\n<tr>\n<td colspan=\"4\" width=\"682\"><strong>\u00a0Tekniset tiedot<\/strong><\/td>\n<\/tr>\n<tr>\n<td width=\"171\"><strong>Ominaisuudet<\/strong><\/td>\n<td width=\"179\"><strong>Standardi<\/strong><\/td>\n<td width=\"136\"><strong>Yksikk\u00f6<\/strong><\/td>\n<td width=\"196\"><strong>Arvo<\/strong><\/td>\n<\/tr>\n<tr>\n<td width=\"171\"><strong>Volyymi<\/strong><\/td>\n<td width=\"179\">FEICA OCF TM 1003<\/td>\n<td width=\"136\">Litraa [l]<\/td>\n<td width=\"196\">42 \u2013 47 l (free foamed) (750ml)<\/td>\n<\/tr>\n<tr>\n<td width=\"171\"><strong>Tiheys<\/strong><\/td>\n<td width=\"179\">FEICA OCF TM 1019<\/td>\n<td width=\"136\">kg\/m3<\/td>\n<td width=\"196\">22 &#8211; 26<\/td>\n<\/tr>\n<tr>\n<td width=\"171\"><strong>K\u00e4sittelyl\u00e4mp\u00f6tila<\/strong><\/td>\n<td width=\"179\">[&#8211;]<\/td>\n<td width=\"136\">\u00b0C<\/td>\n<td width=\"196\">min. +5 (pinta), 20 \u2013 25\u00b0C (pullo)<\/td>\n<\/tr>\n<tr>\n<td width=\"171\"><strong>Kosketuskuiva<\/strong><\/td>\n<td width=\"179\">FEICA OCF TM 1014<\/td>\n<td width=\"136\">Minuuttia (\u00b0C)<\/td>\n<td width=\"196\">5 \u2013 10 min<\/td>\n<\/tr>\n<tr>\n<td width=\"171\"><strong>Leikattavissa<\/strong><\/td>\n<td width=\"179\">FEICA OCF TM 1005<\/td>\n<td width=\"136\">Minuttia(\u00b0C)<\/td>\n<td width=\"196\">20 \u2013 25 min<\/td>\n<\/tr>\n<tr>\n<td width=\"171\"><strong>T\u00e4ysin kovettunut<\/strong><\/td>\n<td width=\"179\">[&#8211;]<\/td>\n<td width=\"136\">tuntia<\/td>\n<td width=\"196\">1,5 \u2013 5 tuntia, (Riippuu ilman l\u00e4mp\u00f6tilasta ja kosteudesta)<\/td>\n<\/tr>\n<tr>\n<td width=\"171\"><strong>L\u00e4mm\u00f6nkest\u00e4vyys<\/strong><\/td>\n<td width=\"179\">[&#8211;]<\/td>\n<td width=\"136\">\u00b0C<\/td>\n<td width=\"196\">V\u00e4hint\u00e4\u00e4n -40 enint\u00e4\u00e4n +90<\/td>\n<\/tr>\n<tr>\n<td width=\"171\"><strong>Mitanpit\u00e4vyys<\/strong><\/td>\n<td width=\"179\">FEICA OCF TM 1004<\/td>\n<td width=\"136\">%<\/td>\n<td width=\"196\">max. \u00b15<\/td>\n<\/tr>\n<tr>\n<td width=\"171\"><strong>Veden imeytyminen<\/strong><\/td>\n<td width=\"179\">DIN 53428<\/td>\n<td width=\"136\">vol. %<\/td>\n<td width=\"196\">max. 1<\/td>\n<\/tr>\n<tr>\n<td width=\"171\"><strong>Puristuslujuus<\/strong><\/td>\n<td width=\"179\">FEICA OCF TM 1011<\/td>\n<td width=\"136\">MPa<\/td>\n<td width=\"196\">0,04 &#8211; 0,05<\/td>\n<\/tr>\n<tr>\n<td width=\"171\"><strong>Vetolujuus<\/strong><\/td>\n<td width=\"179\">FEICA OCF TM 1018<\/td>\n<td width=\"136\">MPa<\/td>\n<td width=\"196\">0,12 \u2013 0,14<\/td>\n<\/tr>\n<tr>\n<td width=\"171\"><strong>Murtovenym\u00e4<\/strong><\/td>\n<td width=\"179\">FEICA OCF TM 1018<\/td>\n<td width=\"136\">%<\/td>\n<td width=\"196\">15 \u2013 20<\/td>\n<\/tr>\n<tr>\n<td width=\"171\"><strong>Akustinen erist\u00e4vyys<\/strong><\/td>\n<td width=\"179\">ISO 717-1<\/td>\n<td width=\"136\">dB<\/td>\n<td width=\"196\">58<\/td>\n<\/tr>\n<tr>\n<td width=\"171\"><strong>L\u00e4mm\u00f6njohtavuus<\/strong><\/td>\n<td width=\"179\">DIN 52612<\/td>\n<td width=\"136\">W\/ (m K)<\/td>\n<td width=\"196\">0,036 at 20 \u00b0C<\/td>\n<\/tr>\n<tr>\n<td width=\"171\">&nbsp;<\/p>\n<p><strong>Paloluokka<\/strong><\/td>\n<td width=\"179\">DIN 4102 \u2013 1<\/p>\n<p>EN 13501 \u2013 2<\/p>\n<p>BS 476-20<\/td>\n<td width=\"136\">&nbsp;<\/p>\n[&#8211;]<\/td>\n<td width=\"196\">B1 EI240<\/td>\n<\/tr>\n<tr>\n<td width=\"171\"><strong>Varastointi l\u00e4mp\u00f6tila<\/strong><\/td>\n<td width=\"179\">[&#8211;]<\/td>\n<td width=\"136\">\u00b0C<\/td>\n<td width=\"196\">V\u00e4hint\u00e4\u00e4n +5 enint\u00e4\u00e4n +25<\/td>\n<\/tr>\n<tr>\n<td width=\"171\"><strong>S\u00e4ilyvyys tuotannosta<\/strong><\/td>\n<td width=\"179\">[&#8211;]<\/td>\n<td width=\"136\">Kuukautta<\/td>\n<td width=\"196\">12<\/td>\n<\/tr>\n<\/tbody>\n<\/table>\n<h2>Palovaahto PU-FO k\u00e4ytt\u00f6ohje<\/h2>\n<ol>\n<li>Varmista ett\u00e4 pinta on puhdas ja siin\u00e4 ei ole p\u00f6ly\u00e4, rasvaa tai muita tartuntaa heikent\u00e4vi\u00e4 aineita.\u00a0Kosteuta kuivat ja huokoiset pinnat vedell\u00e4, ennen uretaanin k\u00e4ytt\u00f6\u00e4.<\/li>\n<li>Ravista palouretaania huolellisesta noin 20 kertaa ennen k\u00e4ytt\u00f6\u00e4. K\u00e4\u00e4nn\u00e4 uretaanipullo yl\u00f6salaisin kun ravistat sit\u00e4.<\/li>\n<li>Suositeltu asennusl\u00e4mp\u00f6tila on 20 &#8211; 25 . Jos k\u00e4yt\u00e4t palovaahto alhaisemmassa k\u00e4ytt\u00f6l\u00e4mp\u00f6tilassa, suositellaan uretaanivahdon l\u00e4mmitt\u00e4mist\u00e4 l\u00e4mpim\u00e4ss\u00e4 vedess\u00e4 noin 20 minuutin ajan.<\/li>\n<li>Kiinnit\u00e4 <a href=\"https:\/\/hotelli03.domainhotelli.fi\/~lsdoecli\/tuote-osasto\/rakennustarvikkeet\/palovaahdot-ja-pu-vaahdot\/pu-vaahtopistoolit\/\">uretaanipistooli<\/a> ja paina liipaisimesta, niin ett\u00e4 Pu vaahto tulee s\u00e4ili\u00f6st\u00e4. Pid\u00e4 uretaanipullo pystyasennossa k\u00e4yt\u00f6n aikana.<\/li>\n<li>Uretaanivahdon kovettuminen voidaan nopeuttaa sumuttamalla palouretaanin p\u00e4\u00e4lle vett\u00e4. Muista ravistaa uutta uretaanipulloa joka kerta kun vaihdat sen ennen k\u00e4ytt\u00f6\u00e4. Vaihda uusi palouretani pullo nopeasti uretaanipistooliin, ett\u00e4 uretaanivaahto ei ehdi kovettua siin\u00e4. Kovettunut PU vaahto voidaan poistaa suuttimesta ainostaan mekaanisesti.<\/li>\n<li>Palovaahto laajenee noin 30-50 % Jos t\u00e4yt\u00e4t yli 5 cm rakoa, suorita vaahdotus kerroksittain. Asenna seuraava uretaanivaahto kerros, kun edellinen kerros on kovettunut. Kun palouretaani on kovettunut, leikkaa ylim\u00e4\u00e4r\u00e4inen vaahto veitsell\u00e4 tai mattoveitsell\u00e4 ja t\u00e4yt\u00e4 uretaani tasoitteella, rappauksella tai maalilla.<\/li>\n<li>Jos et k\u00e4yt\u00e4 koko palouretaani pulloa kerralla, putsaa uretaanipistoolin suutin siihen tarkoitetulla puhdistusaineella tai asetoonilla. Kovettunut vaahto pit\u00e4\u00e4 suojata UV valolta.<\/li>\n<\/ol>\n","protected":false},"excerpt":{"rendered":"<p>Palouretaani ammattik\u00e4ytt\u00f6\u00f6n 750 ml.<\/p>\n","protected":false},"featured_media":4721,"comment_status":"open","ping_status":"closed","template":"","meta":[],"product_cat":[202],"product_tag":[255,256,203,254,257,812],"yoast_head":"<!-- This site is optimized with the Yoast SEO Premium plugin v18.9 (Yoast SEO v19.3) - https:\/\/yoast.com\/wordpress\/plugins\/seo\/ -->\n<title>Palouretaani Index PU-FP 750 ml | JV Tuonti<\/title>\n<meta name=\"description\" content=\"Palouretaani Index PU-FP 750 ml. Edulliset Index uretaanivaahdot ja palouretaanit suoraan verkkokaupasta rakennusty\u00f6maalle. Tilaa t\u00e4st\u00e4!\" \/>\n<meta name=\"robots\" content=\"index, follow, max-snippet:-1, max-image-preview:large, max-video-preview:-1\" \/>\n<link rel=\"canonical\" href=\"https:\/\/hotelli03.domainhotelli.fi\/~lsdoecli\/tuote\/palovaahto-index-pu-fp-750-ml\/\" \/>\n<meta property=\"og:locale\" content=\"fi_FI\" \/>\n<meta property=\"og:type\" content=\"article\" \/>\n<meta property=\"og:title\" content=\"Palouretaani Index PU-FP 750 ml\" \/>\n<meta property=\"og:description\" content=\"Palouretaani Index PU-FP 750 ml. Edulliset Index uretaanivaahdot ja palouretaanit suoraan verkkokaupasta rakennusty\u00f6maalle. Tilaa t\u00e4st\u00e4!\" \/>\n<meta property=\"og:url\" content=\"https:\/\/hotelli03.domainhotelli.fi\/~lsdoecli\/tuote\/palovaahto-index-pu-fp-750-ml\/\" \/>\n<meta property=\"og:site_name\" content=\"JV Tuonti\" \/>\n<meta property=\"article:publisher\" content=\"https:\/\/www.facebook.com\/JVTuontiOy\" \/>\n<meta property=\"article:modified_time\" content=\"2022-05-17T17:17:38+00:00\" \/>\n<meta property=\"og:image\" content=\"https:\/\/hotelli03.domainhotelli.fi\/~lsdoecli\/wp-content\/uploads\/2021\/05\/PU-FP.jpg\" \/>\n\t<meta property=\"og:image:width\" content=\"1200\" \/>\n\t<meta property=\"og:image:height\" content=\"1200\" \/>\n\t<meta property=\"og:image:type\" content=\"image\/jpeg\" \/>\n<meta name=\"twitter:card\" content=\"summary_large_image\" \/>\n<meta name=\"twitter:label1\" content=\"Price\" \/>\n\t<meta name=\"twitter:data1\" content=\"15,19&nbsp;&euro; Alv 24%N\u00e4yt\u00e4 veroton hinta12,25&nbsp;&euro; Alv 0%N\u00e4yt\u00e4 verollinen hinta\" \/>\n\t<meta name=\"twitter:label2\" content=\"Availability\" \/>\n\t<meta name=\"twitter:data2\" content=\"In stock\" \/>\n<script type=\"application\/ld+json\" class=\"yoast-schema-graph\">{\"@context\":\"https:\/\/schema.org\",\"@graph\":[{\"@type\":[\"Organization\",\"Place\",\"WholesaleStore\"],\"@id\":\"https:\/\/hotelli03.domainhotelli.fi\/~lsdoecli\/#organization\",\"name\":\"JV Tuonti Oy\",\"url\":\"https:\/\/hotelli03.domainhotelli.fi\/~lsdoecli\/\",\"sameAs\":[\"https:\/\/instagram.com\/jvtuontioy?utm_medium=copy_link\",\"https:\/\/www.facebook.com\/JVTuontiOy\"],\"logo\":{\"@id\":\"https:\/\/hotelli03.domainhotelli.fi\/~lsdoecli\/tuote\/palovaahto-index-pu-fp-750-ml\/#local-main-organization-logo\"},\"image\":{\"@id\":\"https:\/\/hotelli03.domainhotelli.fi\/~lsdoecli\/tuote\/palovaahto-index-pu-fp-750-ml\/#local-main-organization-logo\"},\"address\":{\"@id\":\"https:\/\/hotelli03.domainhotelli.fi\/~lsdoecli\/tuote\/palovaahto-index-pu-fp-750-ml\/#local-main-place-address\"},\"geo\":{\"@type\":\"GeoCoordinates\",\"latitude\":\"60.28431\",\"longitude\":\"24.81654\"},\"telephone\":[\"0408369980\"],\"openingHoursSpecification\":[{\"@type\":\"OpeningHoursSpecification\",\"dayOfWeek\":[\"Monday\",\"Tuesday\",\"Wednesday\",\"Thursday\",\"Friday\"],\"opens\":\"08:00\",\"closes\":\"16:00\"},{\"@type\":\"OpeningHoursSpecification\",\"dayOfWeek\":[\"Saturday\",\"Sunday\"],\"opens\":\"00:00\",\"closes\":\"00:00\"}],\"email\":\"myynti@hotelli03.domainhotelli.fi\",\"areaServed\":\"Suomi, Ruotsi\",\"vatID\":\"FI30178387\",\"priceRange\":\"$$\",\"currenciesAccepted\":\"\u20ac\",\"paymentAccepted\":\"Lasku, pankkikortti\"},{\"@type\":\"WebSite\",\"@id\":\"https:\/\/hotelli03.domainhotelli.fi\/~lsdoecli\/#website\",\"url\":\"https:\/\/hotelli03.domainhotelli.fi\/~lsdoecli\/\",\"name\":\"JV Tuonti\",\"description\":\"JV Tuonti Oy:n verkkokauppa\",\"publisher\":{\"@id\":\"https:\/\/hotelli03.domainhotelli.fi\/~lsdoecli\/#organization\"},\"potentialAction\":[{\"@type\":\"SearchAction\",\"target\":{\"@type\":\"EntryPoint\",\"urlTemplate\":\"https:\/\/hotelli03.domainhotelli.fi\/~lsdoecli\/?s={search_term_string}\"},\"query-input\":\"required name=search_term_string\"}],\"inLanguage\":\"fi\"},{\"@type\":\"ImageObject\",\"inLanguage\":\"fi\",\"@id\":\"https:\/\/hotelli03.domainhotelli.fi\/~lsdoecli\/tuote\/palovaahto-index-pu-fp-750-ml\/#primaryimage\",\"url\":\"https:\/\/hotelli03.domainhotelli.fi\/~lsdoecli\/wp-content\/uploads\/2021\/05\/PU-FP.jpg\",\"contentUrl\":\"https:\/\/hotelli03.domainhotelli.fi\/~lsdoecli\/wp-content\/uploads\/2021\/05\/PU-FP.jpg\",\"width\":1200,\"height\":1200,\"caption\":\"Palouretaani Index PU-FP\"},{\"@type\":\"WebPage\",\"@id\":\"https:\/\/hotelli03.domainhotelli.fi\/~lsdoecli\/tuote\/palovaahto-index-pu-fp-750-ml\/\",\"url\":\"https:\/\/hotelli03.domainhotelli.fi\/~lsdoecli\/tuote\/palovaahto-index-pu-fp-750-ml\/\",\"name\":\"Palouretaani Index PU-FP 750 ml | JV Tuonti\",\"isPartOf\":{\"@id\":\"https:\/\/hotelli03.domainhotelli.fi\/~lsdoecli\/#website\"},\"primaryImageOfPage\":{\"@id\":\"https:\/\/hotelli03.domainhotelli.fi\/~lsdoecli\/tuote\/palovaahto-index-pu-fp-750-ml\/#primaryimage\"},\"datePublished\":\"2021-04-22T08:55:52+00:00\",\"dateModified\":\"2022-05-17T17:17:38+00:00\",\"description\":\"Palouretaani Index PU-FP 750 ml. Edulliset Index uretaanivaahdot ja palouretaanit suoraan verkkokaupasta rakennusty\u00f6maalle. Tilaa t\u00e4st\u00e4!\",\"breadcrumb\":{\"@id\":\"https:\/\/hotelli03.domainhotelli.fi\/~lsdoecli\/tuote\/palovaahto-index-pu-fp-750-ml\/#breadcrumb\"},\"inLanguage\":\"fi\",\"potentialAction\":[{\"@type\":\"ReadAction\",\"target\":[\"https:\/\/hotelli03.domainhotelli.fi\/~lsdoecli\/tuote\/palovaahto-index-pu-fp-750-ml\/\"]}]},{\"@type\":\"BreadcrumbList\",\"@id\":\"https:\/\/hotelli03.domainhotelli.fi\/~lsdoecli\/tuote\/palovaahto-index-pu-fp-750-ml\/#breadcrumb\",\"itemListElement\":[{\"@type\":\"ListItem\",\"position\":1,\"name\":\"Etusivu\",\"item\":\"https:\/\/hotelli03.domainhotelli.fi\/~lsdoecli\/\"},{\"@type\":\"ListItem\",\"position\":2,\"name\":\"Kauppa\",\"item\":\"https:\/\/hotelli03.domainhotelli.fi\/~lsdoecli\/kauppa\/\"},{\"@type\":\"ListItem\",\"position\":3,\"name\":\"Palouretaani Index PU-FP 750 ml\"}]},{\"@type\":\"PostalAddress\",\"@id\":\"https:\/\/hotelli03.domainhotelli.fi\/~lsdoecli\/tuote\/palovaahto-index-pu-fp-750-ml\/#local-main-place-address\",\"streetAddress\":\"Pyymosantie 5a\",\"addressLocality\":\"Vantaa\",\"postalCode\":\"01720\",\"addressCountry\":\"FI\"},{\"@type\":\"ImageObject\",\"inLanguage\":\"fi\",\"@id\":\"https:\/\/hotelli03.domainhotelli.fi\/~lsdoecli\/tuote\/palovaahto-index-pu-fp-750-ml\/#local-main-organization-logo\",\"url\":\"https:\/\/hotelli03.domainhotelli.fi\/~lsdoecli\/wp-content\/uploads\/2021\/08\/JVTuonti_logo_nelio.jpg\",\"contentUrl\":\"https:\/\/hotelli03.domainhotelli.fi\/~lsdoecli\/wp-content\/uploads\/2021\/08\/JVTuonti_logo_nelio.jpg\",\"width\":550,\"height\":550,\"caption\":\"JV Tuonti Oy\"}]}<\/script>\n<meta property=\"product:price:amount\" content=\"15.19\" \/>\n<meta property=\"product:price:currency\" content=\"EUR\" \/>\n<meta property=\"og:availability\" content=\"instock\" \/>\n<meta property=\"product:availability\" content=\"instock\" \/>\n<meta property=\"product:retailer_item_id\" content=\"PUFP750\" \/>\n<meta property=\"product:condition\" content=\"new\" \/>\n<meta name=\"geo.placename\" content=\"Vantaa\" \/>\n<meta name=\"geo.position\" content=\"60.28431;24.81654\" \/>\n<meta name=\"geo.region\" content=\"Suomi\" \/>\n<!-- \/ Yoast SEO Premium plugin. -->","yoast_head_json":{"title":"Palouretaani Index PU-FP 750 ml | JV Tuonti","description":"Palouretaani Index PU-FP 750 ml. Edulliset Index uretaanivaahdot ja palouretaanit suoraan verkkokaupasta rakennusty\u00f6maalle. Tilaa t\u00e4st\u00e4!","robots":{"index":"index","follow":"follow","max-snippet":"max-snippet:-1","max-image-preview":"max-image-preview:large","max-video-preview":"max-video-preview:-1"},"canonical":"https:\/\/hotelli03.domainhotelli.fi\/~lsdoecli\/tuote\/palovaahto-index-pu-fp-750-ml\/","og_locale":"fi_FI","og_type":"article","og_title":"Palouretaani Index PU-FP 750 ml","og_description":"Palouretaani Index PU-FP 750 ml. Edulliset Index uretaanivaahdot ja palouretaanit suoraan verkkokaupasta rakennusty\u00f6maalle. Tilaa t\u00e4st\u00e4!","og_url":"https:\/\/hotelli03.domainhotelli.fi\/~lsdoecli\/tuote\/palovaahto-index-pu-fp-750-ml\/","og_site_name":"JV Tuonti","article_publisher":"https:\/\/www.facebook.com\/JVTuontiOy","article_modified_time":"2022-05-17T17:17:38+00:00","og_image":[{"width":1200,"height":1200,"url":"https:\/\/hotelli03.domainhotelli.fi\/~lsdoecli\/wp-content\/uploads\/2021\/05\/PU-FP.jpg","type":"image\/jpeg"}],"twitter_card":"summary_large_image","twitter_misc":{"Price":"15,19&nbsp;&euro; Alv 24%N\u00e4yt\u00e4 veroton hinta12,25&nbsp;&euro; Alv 0%N\u00e4yt\u00e4 verollinen hinta","Availability":"In stock"},"schema":{"@context":"https:\/\/schema.org","@graph":[{"@type":["Organization","Place","WholesaleStore"],"@id":"https:\/\/hotelli03.domainhotelli.fi\/~lsdoecli\/#organization","name":"JV Tuonti Oy","url":"https:\/\/hotelli03.domainhotelli.fi\/~lsdoecli\/","sameAs":["https:\/\/instagram.com\/jvtuontioy?utm_medium=copy_link","https:\/\/www.facebook.com\/JVTuontiOy"],"logo":{"@id":"https:\/\/hotelli03.domainhotelli.fi\/~lsdoecli\/tuote\/palovaahto-index-pu-fp-750-ml\/#local-main-organization-logo"},"image":{"@id":"https:\/\/hotelli03.domainhotelli.fi\/~lsdoecli\/tuote\/palovaahto-index-pu-fp-750-ml\/#local-main-organization-logo"},"address":{"@id":"https:\/\/hotelli03.domainhotelli.fi\/~lsdoecli\/tuote\/palovaahto-index-pu-fp-750-ml\/#local-main-place-address"},"geo":{"@type":"GeoCoordinates","latitude":"60.28431","longitude":"24.81654"},"telephone":["0408369980"],"openingHoursSpecification":[{"@type":"OpeningHoursSpecification","dayOfWeek":["Monday","Tuesday","Wednesday","Thursday","Friday"],"opens":"08:00","closes":"16:00"},{"@type":"OpeningHoursSpecification","dayOfWeek":["Saturday","Sunday"],"opens":"00:00","closes":"00:00"}],"email":"myynti@hotelli03.domainhotelli.fi","areaServed":"Suomi, Ruotsi","vatID":"FI30178387","priceRange":"$$","currenciesAccepted":"\u20ac","paymentAccepted":"Lasku, pankkikortti"},{"@type":"WebSite","@id":"https:\/\/hotelli03.domainhotelli.fi\/~lsdoecli\/#website","url":"https:\/\/hotelli03.domainhotelli.fi\/~lsdoecli\/","name":"JV Tuonti","description":"JV Tuonti Oy:n verkkokauppa","publisher":{"@id":"https:\/\/hotelli03.domainhotelli.fi\/~lsdoecli\/#organization"},"potentialAction":[{"@type":"SearchAction","target":{"@type":"EntryPoint","urlTemplate":"https:\/\/hotelli03.domainhotelli.fi\/~lsdoecli\/?s={search_term_string}"},"query-input":"required name=search_term_string"}],"inLanguage":"fi"},{"@type":"ImageObject","inLanguage":"fi","@id":"https:\/\/hotelli03.domainhotelli.fi\/~lsdoecli\/tuote\/palovaahto-index-pu-fp-750-ml\/#primaryimage","url":"https:\/\/hotelli03.domainhotelli.fi\/~lsdoecli\/wp-content\/uploads\/2021\/05\/PU-FP.jpg","contentUrl":"https:\/\/hotelli03.domainhotelli.fi\/~lsdoecli\/wp-content\/uploads\/2021\/05\/PU-FP.jpg","width":1200,"height":1200,"caption":"Palouretaani Index PU-FP"},{"@type":"WebPage","@id":"https:\/\/hotelli03.domainhotelli.fi\/~lsdoecli\/tuote\/palovaahto-index-pu-fp-750-ml\/","url":"https:\/\/hotelli03.domainhotelli.fi\/~lsdoecli\/tuote\/palovaahto-index-pu-fp-750-ml\/","name":"Palouretaani Index PU-FP 750 ml | JV Tuonti","isPartOf":{"@id":"https:\/\/hotelli03.domainhotelli.fi\/~lsdoecli\/#website"},"primaryImageOfPage":{"@id":"https:\/\/hotelli03.domainhotelli.fi\/~lsdoecli\/tuote\/palovaahto-index-pu-fp-750-ml\/#primaryimage"},"datePublished":"2021-04-22T08:55:52+00:00","dateModified":"2022-05-17T17:17:38+00:00","description":"Palouretaani Index PU-FP 750 ml. Edulliset Index uretaanivaahdot ja palouretaanit suoraan verkkokaupasta rakennusty\u00f6maalle. Tilaa t\u00e4st\u00e4!","breadcrumb":{"@id":"https:\/\/hotelli03.domainhotelli.fi\/~lsdoecli\/tuote\/palovaahto-index-pu-fp-750-ml\/#breadcrumb"},"inLanguage":"fi","potentialAction":[{"@type":"ReadAction","target":["https:\/\/hotelli03.domainhotelli.fi\/~lsdoecli\/tuote\/palovaahto-index-pu-fp-750-ml\/"]}]},{"@type":"BreadcrumbList","@id":"https:\/\/hotelli03.domainhotelli.fi\/~lsdoecli\/tuote\/palovaahto-index-pu-fp-750-ml\/#breadcrumb","itemListElement":[{"@type":"ListItem","position":1,"name":"Etusivu","item":"https:\/\/hotelli03.domainhotelli.fi\/~lsdoecli\/"},{"@type":"ListItem","position":2,"name":"Kauppa","item":"https:\/\/hotelli03.domainhotelli.fi\/~lsdoecli\/kauppa\/"},{"@type":"ListItem","position":3,"name":"Palouretaani Index PU-FP 750 ml"}]},{"@type":"PostalAddress","@id":"https:\/\/hotelli03.domainhotelli.fi\/~lsdoecli\/tuote\/palovaahto-index-pu-fp-750-ml\/#local-main-place-address","streetAddress":"Pyymosantie 5a","addressLocality":"Vantaa","postalCode":"01720","addressCountry":"FI"},{"@type":"ImageObject","inLanguage":"fi","@id":"https:\/\/hotelli03.domainhotelli.fi\/~lsdoecli\/tuote\/palovaahto-index-pu-fp-750-ml\/#local-main-organization-logo","url":"https:\/\/hotelli03.domainhotelli.fi\/~lsdoecli\/wp-content\/uploads\/2021\/08\/JVTuonti_logo_nelio.jpg","contentUrl":"https:\/\/hotelli03.domainhotelli.fi\/~lsdoecli\/wp-content\/uploads\/2021\/08\/JVTuonti_logo_nelio.jpg","width":550,"height":550,"caption":"JV Tuonti Oy"}]},"product_price_amount":"15.19","product_price_currency":"EUR","og_availability":"instock","product_availability":"instock","product_retailer_item_id":"PUFP750","product_condition":"new","geo.placename":"Vantaa","geo.position":{"lat":"60.28431","long":"24.81654"},"geo.region":"Suomi"},"_links":{"self":[{"href":"https:\/\/hotelli03.domainhotelli.fi\/~lsdoecli\/wp-json\/wp\/v2\/product\/2970"}],"collection":[{"href":"https:\/\/hotelli03.domainhotelli.fi\/~lsdoecli\/wp-json\/wp\/v2\/product"}],"about":[{"href":"https:\/\/hotelli03.domainhotelli.fi\/~lsdoecli\/wp-json\/wp\/v2\/types\/product"}],"replies":[{"embeddable":true,"href":"https:\/\/hotelli03.domainhotelli.fi\/~lsdoecli\/wp-json\/wp\/v2\/comments?post=2970"}],"wp:featuredmedia":[{"embeddable":true,"href":"https:\/\/hotelli03.domainhotelli.fi\/~lsdoecli\/wp-json\/wp\/v2\/media\/4721"}],"wp:attachment":[{"href":"https:\/\/hotelli03.domainhotelli.fi\/~lsdoecli\/wp-json\/wp\/v2\/media?parent=2970"}],"wp:term":[{"taxonomy":"product_cat","embeddable":true,"href":"https:\/\/hotelli03.domainhotelli.fi\/~lsdoecli\/wp-json\/wp\/v2\/product_cat?post=2970"},{"taxonomy":"product_tag","embeddable":true,"href":"https:\/\/hotelli03.domainhotelli.fi\/~lsdoecli\/wp-json\/wp\/v2\/product_tag?post=2970"}],"curies":[{"name":"wp","href":"https:\/\/api.w.org\/{rel}","templated":true}]}}