{"id":2959,"date":"2021-04-22T11:28:59","date_gmt":"2021-04-22T11:28:59","guid":{"rendered":"https:\/\/hotelli03.domainhotelli.fi\/~lsdoecli\/woocommerce\/?post_type=product&#038;p=2959"},"modified":"2022-10-01T11:47:55","modified_gmt":"2022-10-01T11:47:55","slug":"asennusliima-index-super-fast-high-tack","status":"publish","type":"product","link":"https:\/\/hotelli03.domainhotelli.fi\/~lsdoecli\/tuote\/asennusliima-index-super-fast-high-tack\/","title":{"rendered":"Asennusliima Index Superfast High Tack"},"content":{"rendered":"<h1>Asennusliima Index Superfast High Tack<\/h1>\n<p>Asennusliima Index Superfast High tack on eritt\u00e4in nopea MS-polymeeripohjainen liima ja tiivistemassa, jolla on eritt\u00e4in korkea alkutartunalujuus ja kest\u00e4v\u00e4t mekaaniset ominaisuudet. Soveltuu ulko- ja sis\u00e4k\u00e4ytt\u00f6\u00f6n ja l\u00e4hes kaikille pinnoille. T\u00e4ysin vedenkest\u00e4v\u00e4 tiivistysmassa, joka kest\u00e4\u00e4 sateita ja lunta, kun massa on kovettunut.<\/p>\n<p>Tiivistemassa on sis\u00e4ilmaluokiteltu tuote (sis\u00e4ilm\u00e4luokitus EC 1 Plus), jolla on eritt\u00e4in alhaiset VOC p\u00e4\u00e4st\u00f6t.<\/p>\n<h2>Asennusliima Index Superfast High Tack ominaisuudet<\/h2>\n<ul>\n<li>helppo levitt\u00e4\u00e4 my\u00f6s alhaisissa l\u00e4mp\u00f6tiloissa tai m\u00e4r\u00e4lle pinnoilla.<\/li>\n<li>kest\u00e4\u00e4 UV-valoa, ei haalistu<\/li>\n<li>eritt\u00e4in korkea alkutartuntalujuus l\u00e4hes kaikilla pinnoilla<\/li>\n<li>erinomaiset mekaaniset ominaisuudet kovettumisen j\u00e4lkeen (430 kg\/10 cm2)<\/li>\n<li>ymp\u00e4rist\u00f6yst\u00e4v\u00e4llinen liima, ei sis\u00e4ll\u00e4 laimentimia, isosyanaattia ja silikoneja. Kemiallisesti neutraali ja hajuton<\/li>\n<li>asennusliima ei vapauta aineita kovettumisen aikana, ei aiheuta korroosiota<\/li>\n<li>hyv\u00e4t mekaaniset ominaisuudet, elastinen ja joustava, voidaan k\u00e4ytt\u00e4\u00e4 m\u00e4r\u00e4lle pinnalle<\/li>\n<li>helposti maalattava ja hiottava, ei suositella ohennettujen maalien ja pinnoitteiden kanssa<\/li>\n<li>ei suositella polyeteenille (PE), polypropeenille (PP) ja polytetrafluorieteenille (PTFE).<\/li>\n<li>ei valu pystysuorissa liitoksissa, kovettuu nopeasti<\/li>\n<li>kest\u00e4\u00e4 erinomaisesti erilaisia \u200b\u200bkemikaaleja<\/li>\n<li>k\u00e4ytt\u00f6l\u00e4mp\u00f6tila: -40\u00baC + 90\u00baC<\/li>\n<\/ul>\n<h2>Asennusliima ja tiivistemassa Superfast High Tack soveltuu<\/h2>\n<ul>\n<li>t\u00e4rin\u00e4ll\u00e4 alttiina olevien rakennuksen runko osien liimaus<\/li>\n<li>erilaisten ja raskaiden materiaalien liimaus haastavissa olosuhteissa<\/li>\n<li>nopea alkutartunta, nopeuttaa asennusaikaa<\/li>\n<li>ei vaadi erillista tuentaa liimauksen j\u00e4lkeen<\/li>\n<\/ul>\n<h2>Nopea alkutartunta, tiivistysmassa soveltuu seuraaville materiaaleille<\/h2>\n<ul>\n<li>betoni<\/li>\n<li>tiili<\/li>\n<li>puu<\/li>\n<li>kuitusementtilevyt ja julkisivulevyt<\/li>\n<li>kivi<\/li>\n<li>marmori<\/li>\n<li>laatat<\/li>\n<li>metalli<\/li>\n<li>alumiini<\/li>\n<li>lasi<\/li>\n<li>paisutettu ja suulakepuristettu polystyreeni<\/li>\n<li>filmivaneri<\/li>\n<\/ul>\n<p>&nbsp;<\/p>\n<table border=\"0\" width=\"633\" cellspacing=\"0\" cellpadding=\"0\">\n<colgroup>\n<col width=\"173\" \/>\n<col width=\"212\" \/>\n<col width=\"87\" \/>\n<col width=\"161\" \/><\/colgroup>\n<tbody>\n<tr>\n<td class=\"xl68\" colspan=\"4\" width=\"633\" height=\"21\">\n<h4>Asennusliima Index Superfast High Tack tekniset tiedot<\/h4>\n<\/td>\n<\/tr>\n<tr>\n<td class=\"xl66\" colspan=\"4\" height=\"21\">MS-SF liima<\/td>\n<\/tr>\n<tr>\n<td class=\"xl67\" height=\"21\">Ominaisuudet<\/td>\n<td class=\"xl67\">Kriteerit<\/td>\n<td class=\"xl67\">Yksikk\u00f6<\/td>\n<td class=\"xl67\">Arvo<\/td>\n<\/tr>\n<tr>\n<td class=\"xl67\" height=\"21\">Ulkomuoto<\/td>\n<td class=\"xl63\">[\u2013]<\/td>\n<td class=\"xl63\">[\u2013]<\/td>\n<td class=\"xl63\">Homogeeninen tahna<\/td>\n<\/tr>\n<tr>\n<td class=\"xl67\" height=\"21\">Pinnan muodostouminen<\/td>\n<td class=\"xl63\">23\u00b0\/50% suhteellinen kosteus<\/td>\n<td class=\"xl63\">Minuuttia<\/td>\n<td class=\"xl63\">5 min<\/td>\n<\/tr>\n<tr>\n<td class=\"xl67\" height=\"21\">Kovettumisaika<\/td>\n<td class=\"xl63\">23\u00b0\/50% suhteellinen kosteus<\/td>\n<td class=\"xl63\">mm\/p\u00e4iv\u00e4<\/td>\n<td class=\"xl64\">2 &#8211; 3<\/td>\n<\/tr>\n<tr>\n<td class=\"xl67\" height=\"21\">Virtausvastus<\/td>\n<td class=\"xl63\">ISO 7390<\/td>\n<td class=\"xl63\">mm<\/td>\n<td class=\"xl65\">0<\/td>\n<\/tr>\n<tr>\n<td class=\"xl67\" height=\"21\">Asennusl\u00e4mp\u00f6tila<\/td>\n<td class=\"xl63\">[\u2013]<\/td>\n<td class=\"xl63\">\u00b0C<\/td>\n<td class=\"xl64\">+5 to +40<\/td>\n<\/tr>\n<tr>\n<td class=\"xl66\" colspan=\"4\" height=\"21\">SI-UNS Kovettunut liima<\/td>\n<\/tr>\n<tr>\n<td class=\"xl67\" height=\"21\">Ominaisuudet<\/td>\n<td class=\"xl67\">Standardi<\/td>\n<td class=\"xl67\">Yksikk\u00f6<\/td>\n<td class=\"xl67\">Arvo<\/td>\n<\/tr>\n<tr>\n<td class=\"xl67\" height=\"21\">Hardness shore A<\/td>\n<td class=\"xl63\">ISO 868<\/td>\n<td class=\"xl63\">[\u2013]<\/td>\n<td class=\"xl64\">60 &#8211; 70<\/td>\n<\/tr>\n<tr>\n<td class=\"xl67\" height=\"21\">Vetolujuus<\/td>\n<td class=\"xl63\">ISO 10563<\/td>\n<td class=\"xl63\">%<\/td>\n<td class=\"xl63\">&lt; 1,5<\/td>\n<\/tr>\n<tr>\n<td class=\"xl67\" height=\"21\">Elastic module 100%<\/td>\n<td class=\"xl63\">ISO 8339<\/td>\n<td class=\"xl63\">MPa<\/td>\n<td class=\"xl65\">1,6<\/td>\n<\/tr>\n<tr>\n<td class=\"xl67\" height=\"21\">Murtovenym\u00e4<\/td>\n<td class=\"xl63\">ISO 8339<\/td>\n<td class=\"xl63\">MPa<\/td>\n<td class=\"xl63\">&gt; 1,30<\/td>\n<\/tr>\n<tr>\n<td class=\"xl67\" height=\"21\">Vetolujuus<\/td>\n<td class=\"xl63\">ISO 8339<\/td>\n<td class=\"xl63\">%<\/td>\n<td class=\"xl63\">100 &#8211; 200<\/td>\n<\/tr>\n<tr>\n<td class=\"xl67\" height=\"21\">Murtovenym\u00e4<\/td>\n<td class=\"xl63\">ISO 37<\/td>\n<td class=\"xl63\">MPa<\/td>\n<td class=\"xl64\">2,7 \u2013 3,3<\/td>\n<\/tr>\n<tr>\n<td class=\"xl67\" height=\"21\">Tiheyden muutos<\/td>\n<td class=\"xl63\">ISO 37<\/td>\n<td class=\"xl63\">%<\/td>\n<td class=\"xl63\">150 &#8211; 250<\/td>\n<\/tr>\n<tr>\n<td class=\"xl67\" height=\"21\">Elastinen palautuminen<\/td>\n<td class=\"xl63\">ISO 10563<\/td>\n<td class=\"xl63\">%<\/td>\n<td class=\"xl63\">&lt; 1,5<\/td>\n<\/tr>\n<tr>\n<td class=\"xl67\" height=\"21\">K\u00e4ytt\u00f6l\u00e4mp\u00f6tila<\/td>\n<td class=\"xl63\">[\u2013]<\/td>\n<td class=\"xl63\">\u00b0C<\/td>\n<td class=\"xl64\">-40 to +90<\/td>\n<\/tr>\n<\/tbody>\n<\/table>\n<p>&nbsp;<\/p>\n<p>Valmistaja: <a href=\"http:\/\/www.indexfix.com\">Index<\/a><\/p>\n","protected":false},"excerpt":{"rendered":"<p>Asennusliima Superfast High Tack, 290ml valkoinen, 12kpl pakkaus<\/p>\n<p>Eritt\u00e4in nopea liima- ja tiivistysmassa Index Superfast High Tack MS jolla on korkea alkutartuntalujuus ja erinomaiset mekaaniset ominaisuudet kovettumisen j\u00e4lkeen.<\/p>\n","protected":false},"featured_media":4709,"comment_status":"open","ping_status":"closed","template":"","meta":[],"product_cat":[191],"product_tag":[206,1075,1077,1076,1278,1074],"yoast_head":"<!-- This site is optimized with the Yoast SEO Premium plugin v18.9 (Yoast SEO v19.3) - https:\/\/yoast.com\/wordpress\/plugins\/seo\/ -->\n<title>Asennusliima Index Superfast High Tack | JV Tuonti<\/title>\n<meta name=\"description\" content=\"Asennusliima Index Superfast High Tack, 290ml valkoinen. Eritt\u00e4in nopea liima- ja tiivistysmassa sis\u00e4- ja ulkok\u00e4ytt\u00f6\u00f6n. Tilaa t\u00e4st\u00e4!\" \/>\n<meta name=\"robots\" content=\"index, follow, max-snippet:-1, max-image-preview:large, max-video-preview:-1\" \/>\n<link rel=\"canonical\" href=\"https:\/\/hotelli03.domainhotelli.fi\/~lsdoecli\/tuote\/asennusliima-index-super-fast-high-tack\/\" \/>\n<meta property=\"og:locale\" content=\"fi_FI\" \/>\n<meta property=\"og:type\" content=\"article\" \/>\n<meta property=\"og:title\" content=\"Asennusliima Index Superfast High Tack\" \/>\n<meta property=\"og:description\" content=\"Asennusliima Index Superfast High Tack, 290ml valkoinen. Eritt\u00e4in nopea liima- ja tiivistysmassa sis\u00e4- ja ulkok\u00e4ytt\u00f6\u00f6n. Tilaa t\u00e4st\u00e4!\" \/>\n<meta property=\"og:url\" content=\"https:\/\/hotelli03.domainhotelli.fi\/~lsdoecli\/tuote\/asennusliima-index-super-fast-high-tack\/\" \/>\n<meta property=\"og:site_name\" content=\"JV Tuonti\" \/>\n<meta property=\"article:publisher\" content=\"https:\/\/www.facebook.com\/JVTuontiOy\" \/>\n<meta property=\"article:modified_time\" content=\"2022-10-01T11:47:55+00:00\" \/>\n<meta property=\"og:image\" content=\"https:\/\/hotelli03.domainhotelli.fi\/~lsdoecli\/wp-content\/uploads\/2021\/05\/MSSF290.jpg\" \/>\n\t<meta property=\"og:image:width\" content=\"1200\" \/>\n\t<meta property=\"og:image:height\" content=\"1200\" \/>\n\t<meta property=\"og:image:type\" content=\"image\/jpeg\" \/>\n<meta name=\"twitter:card\" content=\"summary_large_image\" \/>\n<meta name=\"twitter:label1\" content=\"Price\" \/>\n\t<meta name=\"twitter:data1\" content=\"11,48&nbsp;&euro; Alv 24%N\u00e4yt\u00e4 veroton hinta9,26&nbsp;&euro; Alv 0%N\u00e4yt\u00e4 verollinen hinta\" \/>\n\t<meta name=\"twitter:label2\" content=\"Availability\" \/>\n\t<meta name=\"twitter:data2\" content=\"In stock\" \/>\n<script type=\"application\/ld+json\" class=\"yoast-schema-graph\">{\"@context\":\"https:\/\/schema.org\",\"@graph\":[{\"@type\":[\"Organization\",\"Place\",\"WholesaleStore\"],\"@id\":\"https:\/\/hotelli03.domainhotelli.fi\/~lsdoecli\/#organization\",\"name\":\"JV Tuonti Oy\",\"url\":\"https:\/\/hotelli03.domainhotelli.fi\/~lsdoecli\/\",\"sameAs\":[\"https:\/\/instagram.com\/jvtuontioy?utm_medium=copy_link\",\"https:\/\/www.facebook.com\/JVTuontiOy\"],\"logo\":{\"@id\":\"https:\/\/hotelli03.domainhotelli.fi\/~lsdoecli\/tuote\/asennusliima-index-super-fast-high-tack\/#local-main-organization-logo\"},\"image\":{\"@id\":\"https:\/\/hotelli03.domainhotelli.fi\/~lsdoecli\/tuote\/asennusliima-index-super-fast-high-tack\/#local-main-organization-logo\"},\"address\":{\"@id\":\"https:\/\/hotelli03.domainhotelli.fi\/~lsdoecli\/tuote\/asennusliima-index-super-fast-high-tack\/#local-main-place-address\"},\"geo\":{\"@type\":\"GeoCoordinates\",\"latitude\":\"60.28431\",\"longitude\":\"24.81654\"},\"telephone\":[\"0408369980\"],\"openingHoursSpecification\":[{\"@type\":\"OpeningHoursSpecification\",\"dayOfWeek\":[\"Monday\",\"Tuesday\",\"Wednesday\",\"Thursday\",\"Friday\"],\"opens\":\"08:00\",\"closes\":\"16:00\"},{\"@type\":\"OpeningHoursSpecification\",\"dayOfWeek\":[\"Saturday\",\"Sunday\"],\"opens\":\"00:00\",\"closes\":\"00:00\"}],\"email\":\"myynti@hotelli03.domainhotelli.fi\",\"areaServed\":\"Suomi, Ruotsi\",\"vatID\":\"FI30178387\",\"priceRange\":\"$$\",\"currenciesAccepted\":\"\u20ac\",\"paymentAccepted\":\"Lasku, pankkikortti\"},{\"@type\":\"WebSite\",\"@id\":\"https:\/\/hotelli03.domainhotelli.fi\/~lsdoecli\/#website\",\"url\":\"https:\/\/hotelli03.domainhotelli.fi\/~lsdoecli\/\",\"name\":\"JV Tuonti\",\"description\":\"JV Tuonti Oy:n verkkokauppa\",\"publisher\":{\"@id\":\"https:\/\/hotelli03.domainhotelli.fi\/~lsdoecli\/#organization\"},\"potentialAction\":[{\"@type\":\"SearchAction\",\"target\":{\"@type\":\"EntryPoint\",\"urlTemplate\":\"https:\/\/hotelli03.domainhotelli.fi\/~lsdoecli\/?s={search_term_string}\"},\"query-input\":\"required name=search_term_string\"}],\"inLanguage\":\"fi\"},{\"@type\":\"ImageObject\",\"inLanguage\":\"fi\",\"@id\":\"https:\/\/hotelli03.domainhotelli.fi\/~lsdoecli\/tuote\/asennusliima-index-super-fast-high-tack\/#primaryimage\",\"url\":\"https:\/\/hotelli03.domainhotelli.fi\/~lsdoecli\/wp-content\/uploads\/2021\/05\/MSSF290.jpg\",\"contentUrl\":\"https:\/\/hotelli03.domainhotelli.fi\/~lsdoecli\/wp-content\/uploads\/2021\/05\/MSSF290.jpg\",\"width\":1200,\"height\":1200,\"caption\":\"Asennusliima Index Superfast High Tack\"},{\"@type\":\"WebPage\",\"@id\":\"https:\/\/hotelli03.domainhotelli.fi\/~lsdoecli\/tuote\/asennusliima-index-super-fast-high-tack\/\",\"url\":\"https:\/\/hotelli03.domainhotelli.fi\/~lsdoecli\/tuote\/asennusliima-index-super-fast-high-tack\/\",\"name\":\"Asennusliima Index Superfast High Tack | JV Tuonti\",\"isPartOf\":{\"@id\":\"https:\/\/hotelli03.domainhotelli.fi\/~lsdoecli\/#website\"},\"primaryImageOfPage\":{\"@id\":\"https:\/\/hotelli03.domainhotelli.fi\/~lsdoecli\/tuote\/asennusliima-index-super-fast-high-tack\/#primaryimage\"},\"datePublished\":\"2021-04-22T11:28:59+00:00\",\"dateModified\":\"2022-10-01T11:47:55+00:00\",\"description\":\"Asennusliima Index Superfast High Tack, 290ml valkoinen. Eritt\u00e4in nopea liima- ja tiivistysmassa sis\u00e4- ja ulkok\u00e4ytt\u00f6\u00f6n. Tilaa t\u00e4st\u00e4!\",\"breadcrumb\":{\"@id\":\"https:\/\/hotelli03.domainhotelli.fi\/~lsdoecli\/tuote\/asennusliima-index-super-fast-high-tack\/#breadcrumb\"},\"inLanguage\":\"fi\",\"potentialAction\":[{\"@type\":\"ReadAction\",\"target\":[\"https:\/\/hotelli03.domainhotelli.fi\/~lsdoecli\/tuote\/asennusliima-index-super-fast-high-tack\/\"]}]},{\"@type\":\"BreadcrumbList\",\"@id\":\"https:\/\/hotelli03.domainhotelli.fi\/~lsdoecli\/tuote\/asennusliima-index-super-fast-high-tack\/#breadcrumb\",\"itemListElement\":[{\"@type\":\"ListItem\",\"position\":1,\"name\":\"Etusivu\",\"item\":\"https:\/\/hotelli03.domainhotelli.fi\/~lsdoecli\/\"},{\"@type\":\"ListItem\",\"position\":2,\"name\":\"Kauppa\",\"item\":\"https:\/\/hotelli03.domainhotelli.fi\/~lsdoecli\/kauppa\/\"},{\"@type\":\"ListItem\",\"position\":3,\"name\":\"Asennusliima Index Superfast High Tack\"}]},{\"@type\":\"PostalAddress\",\"@id\":\"https:\/\/hotelli03.domainhotelli.fi\/~lsdoecli\/tuote\/asennusliima-index-super-fast-high-tack\/#local-main-place-address\",\"streetAddress\":\"Pyymosantie 5a\",\"addressLocality\":\"Vantaa\",\"postalCode\":\"01720\",\"addressCountry\":\"FI\"},{\"@type\":\"ImageObject\",\"inLanguage\":\"fi\",\"@id\":\"https:\/\/hotelli03.domainhotelli.fi\/~lsdoecli\/tuote\/asennusliima-index-super-fast-high-tack\/#local-main-organization-logo\",\"url\":\"https:\/\/hotelli03.domainhotelli.fi\/~lsdoecli\/wp-content\/uploads\/2021\/08\/JVTuonti_logo_nelio.jpg\",\"contentUrl\":\"https:\/\/hotelli03.domainhotelli.fi\/~lsdoecli\/wp-content\/uploads\/2021\/08\/JVTuonti_logo_nelio.jpg\",\"width\":550,\"height\":550,\"caption\":\"JV Tuonti Oy\"}]}<\/script>\n<meta property=\"product:price:amount\" content=\"11.48\" \/>\n<meta property=\"product:price:currency\" content=\"EUR\" \/>\n<meta property=\"og:availability\" content=\"instock\" \/>\n<meta property=\"product:availability\" content=\"instock\" \/>\n<meta property=\"product:retailer_item_id\" content=\"MSSF290\" \/>\n<meta property=\"product:condition\" content=\"new\" \/>\n<meta name=\"geo.placename\" content=\"Vantaa\" \/>\n<meta name=\"geo.position\" content=\"60.28431;24.81654\" \/>\n<meta name=\"geo.region\" content=\"Suomi\" \/>\n<!-- \/ Yoast SEO Premium plugin. -->","yoast_head_json":{"title":"Asennusliima Index Superfast High Tack | JV Tuonti","description":"Asennusliima Index Superfast High Tack, 290ml valkoinen. Eritt\u00e4in nopea liima- ja tiivistysmassa sis\u00e4- ja ulkok\u00e4ytt\u00f6\u00f6n. Tilaa t\u00e4st\u00e4!","robots":{"index":"index","follow":"follow","max-snippet":"max-snippet:-1","max-image-preview":"max-image-preview:large","max-video-preview":"max-video-preview:-1"},"canonical":"https:\/\/hotelli03.domainhotelli.fi\/~lsdoecli\/tuote\/asennusliima-index-super-fast-high-tack\/","og_locale":"fi_FI","og_type":"article","og_title":"Asennusliima Index Superfast High Tack","og_description":"Asennusliima Index Superfast High Tack, 290ml valkoinen. Eritt\u00e4in nopea liima- ja tiivistysmassa sis\u00e4- ja ulkok\u00e4ytt\u00f6\u00f6n. Tilaa t\u00e4st\u00e4!","og_url":"https:\/\/hotelli03.domainhotelli.fi\/~lsdoecli\/tuote\/asennusliima-index-super-fast-high-tack\/","og_site_name":"JV Tuonti","article_publisher":"https:\/\/www.facebook.com\/JVTuontiOy","article_modified_time":"2022-10-01T11:47:55+00:00","og_image":[{"width":1200,"height":1200,"url":"https:\/\/hotelli03.domainhotelli.fi\/~lsdoecli\/wp-content\/uploads\/2021\/05\/MSSF290.jpg","type":"image\/jpeg"}],"twitter_card":"summary_large_image","twitter_misc":{"Price":"11,48&nbsp;&euro; Alv 24%N\u00e4yt\u00e4 veroton hinta9,26&nbsp;&euro; Alv 0%N\u00e4yt\u00e4 verollinen hinta","Availability":"In stock"},"schema":{"@context":"https:\/\/schema.org","@graph":[{"@type":["Organization","Place","WholesaleStore"],"@id":"https:\/\/hotelli03.domainhotelli.fi\/~lsdoecli\/#organization","name":"JV Tuonti Oy","url":"https:\/\/hotelli03.domainhotelli.fi\/~lsdoecli\/","sameAs":["https:\/\/instagram.com\/jvtuontioy?utm_medium=copy_link","https:\/\/www.facebook.com\/JVTuontiOy"],"logo":{"@id":"https:\/\/hotelli03.domainhotelli.fi\/~lsdoecli\/tuote\/asennusliima-index-super-fast-high-tack\/#local-main-organization-logo"},"image":{"@id":"https:\/\/hotelli03.domainhotelli.fi\/~lsdoecli\/tuote\/asennusliima-index-super-fast-high-tack\/#local-main-organization-logo"},"address":{"@id":"https:\/\/hotelli03.domainhotelli.fi\/~lsdoecli\/tuote\/asennusliima-index-super-fast-high-tack\/#local-main-place-address"},"geo":{"@type":"GeoCoordinates","latitude":"60.28431","longitude":"24.81654"},"telephone":["0408369980"],"openingHoursSpecification":[{"@type":"OpeningHoursSpecification","dayOfWeek":["Monday","Tuesday","Wednesday","Thursday","Friday"],"opens":"08:00","closes":"16:00"},{"@type":"OpeningHoursSpecification","dayOfWeek":["Saturday","Sunday"],"opens":"00:00","closes":"00:00"}],"email":"myynti@hotelli03.domainhotelli.fi","areaServed":"Suomi, Ruotsi","vatID":"FI30178387","priceRange":"$$","currenciesAccepted":"\u20ac","paymentAccepted":"Lasku, pankkikortti"},{"@type":"WebSite","@id":"https:\/\/hotelli03.domainhotelli.fi\/~lsdoecli\/#website","url":"https:\/\/hotelli03.domainhotelli.fi\/~lsdoecli\/","name":"JV Tuonti","description":"JV Tuonti Oy:n verkkokauppa","publisher":{"@id":"https:\/\/hotelli03.domainhotelli.fi\/~lsdoecli\/#organization"},"potentialAction":[{"@type":"SearchAction","target":{"@type":"EntryPoint","urlTemplate":"https:\/\/hotelli03.domainhotelli.fi\/~lsdoecli\/?s={search_term_string}"},"query-input":"required name=search_term_string"}],"inLanguage":"fi"},{"@type":"ImageObject","inLanguage":"fi","@id":"https:\/\/hotelli03.domainhotelli.fi\/~lsdoecli\/tuote\/asennusliima-index-super-fast-high-tack\/#primaryimage","url":"https:\/\/hotelli03.domainhotelli.fi\/~lsdoecli\/wp-content\/uploads\/2021\/05\/MSSF290.jpg","contentUrl":"https:\/\/hotelli03.domainhotelli.fi\/~lsdoecli\/wp-content\/uploads\/2021\/05\/MSSF290.jpg","width":1200,"height":1200,"caption":"Asennusliima Index Superfast High Tack"},{"@type":"WebPage","@id":"https:\/\/hotelli03.domainhotelli.fi\/~lsdoecli\/tuote\/asennusliima-index-super-fast-high-tack\/","url":"https:\/\/hotelli03.domainhotelli.fi\/~lsdoecli\/tuote\/asennusliima-index-super-fast-high-tack\/","name":"Asennusliima Index Superfast High Tack | JV Tuonti","isPartOf":{"@id":"https:\/\/hotelli03.domainhotelli.fi\/~lsdoecli\/#website"},"primaryImageOfPage":{"@id":"https:\/\/hotelli03.domainhotelli.fi\/~lsdoecli\/tuote\/asennusliima-index-super-fast-high-tack\/#primaryimage"},"datePublished":"2021-04-22T11:28:59+00:00","dateModified":"2022-10-01T11:47:55+00:00","description":"Asennusliima Index Superfast High Tack, 290ml valkoinen. Eritt\u00e4in nopea liima- ja tiivistysmassa sis\u00e4- ja ulkok\u00e4ytt\u00f6\u00f6n. Tilaa t\u00e4st\u00e4!","breadcrumb":{"@id":"https:\/\/hotelli03.domainhotelli.fi\/~lsdoecli\/tuote\/asennusliima-index-super-fast-high-tack\/#breadcrumb"},"inLanguage":"fi","potentialAction":[{"@type":"ReadAction","target":["https:\/\/hotelli03.domainhotelli.fi\/~lsdoecli\/tuote\/asennusliima-index-super-fast-high-tack\/"]}]},{"@type":"BreadcrumbList","@id":"https:\/\/hotelli03.domainhotelli.fi\/~lsdoecli\/tuote\/asennusliima-index-super-fast-high-tack\/#breadcrumb","itemListElement":[{"@type":"ListItem","position":1,"name":"Etusivu","item":"https:\/\/hotelli03.domainhotelli.fi\/~lsdoecli\/"},{"@type":"ListItem","position":2,"name":"Kauppa","item":"https:\/\/hotelli03.domainhotelli.fi\/~lsdoecli\/kauppa\/"},{"@type":"ListItem","position":3,"name":"Asennusliima Index Superfast High Tack"}]},{"@type":"PostalAddress","@id":"https:\/\/hotelli03.domainhotelli.fi\/~lsdoecli\/tuote\/asennusliima-index-super-fast-high-tack\/#local-main-place-address","streetAddress":"Pyymosantie 5a","addressLocality":"Vantaa","postalCode":"01720","addressCountry":"FI"},{"@type":"ImageObject","inLanguage":"fi","@id":"https:\/\/hotelli03.domainhotelli.fi\/~lsdoecli\/tuote\/asennusliima-index-super-fast-high-tack\/#local-main-organization-logo","url":"https:\/\/hotelli03.domainhotelli.fi\/~lsdoecli\/wp-content\/uploads\/2021\/08\/JVTuonti_logo_nelio.jpg","contentUrl":"https:\/\/hotelli03.domainhotelli.fi\/~lsdoecli\/wp-content\/uploads\/2021\/08\/JVTuonti_logo_nelio.jpg","width":550,"height":550,"caption":"JV Tuonti Oy"}]},"product_price_amount":"11.48","product_price_currency":"EUR","og_availability":"instock","product_availability":"instock","product_retailer_item_id":"MSSF290","product_condition":"new","geo.placename":"Vantaa","geo.position":{"lat":"60.28431","long":"24.81654"},"geo.region":"Suomi"},"_links":{"self":[{"href":"https:\/\/hotelli03.domainhotelli.fi\/~lsdoecli\/wp-json\/wp\/v2\/product\/2959"}],"collection":[{"href":"https:\/\/hotelli03.domainhotelli.fi\/~lsdoecli\/wp-json\/wp\/v2\/product"}],"about":[{"href":"https:\/\/hotelli03.domainhotelli.fi\/~lsdoecli\/wp-json\/wp\/v2\/types\/product"}],"replies":[{"embeddable":true,"href":"https:\/\/hotelli03.domainhotelli.fi\/~lsdoecli\/wp-json\/wp\/v2\/comments?post=2959"}],"wp:featuredmedia":[{"embeddable":true,"href":"https:\/\/hotelli03.domainhotelli.fi\/~lsdoecli\/wp-json\/wp\/v2\/media\/4709"}],"wp:attachment":[{"href":"https:\/\/hotelli03.domainhotelli.fi\/~lsdoecli\/wp-json\/wp\/v2\/media?parent=2959"}],"wp:term":[{"taxonomy":"product_cat","embeddable":true,"href":"https:\/\/hotelli03.domainhotelli.fi\/~lsdoecli\/wp-json\/wp\/v2\/product_cat?post=2959"},{"taxonomy":"product_tag","embeddable":true,"href":"https:\/\/hotelli03.domainhotelli.fi\/~lsdoecli\/wp-json\/wp\/v2\/product_tag?post=2959"}],"curies":[{"name":"wp","href":"https:\/\/api.w.org\/{rel}","templated":true}]}}