{"id":2955,"date":"2021-04-22T11:55:16","date_gmt":"2021-04-22T11:55:16","guid":{"rendered":"https:\/\/hotelli03.domainhotelli.fi\/~lsdoecli\/woocommerce\/?post_type=product&#038;p=2955"},"modified":"2021-08-13T06:36:08","modified_gmt":"2021-08-13T06:36:08","slug":"liima-ja-tiivistemassa-ms-tr","status":"publish","type":"product","link":"https:\/\/hotelli03.domainhotelli.fi\/~lsdoecli\/tuote\/liima-ja-tiivistemassa-ms-tr\/","title":{"rendered":"Liima- ja tiivistemassa MS-TR"},"content":{"rendered":"<h1>Liima- ja tiivistemassa MS-TR<\/h1>\n<h4><strong>OMINAISUUDET<\/strong><\/h4>\n<p>\u2022 Helppo levitt\u00e4\u00e4 my\u00f6s matalissa l\u00e4mp\u00f6tiloissa<br \/>\n\u2022 Kest\u00e4\u00e4 UV-valoa<br \/>\n\u2022 Eritt\u00e4in kest\u00e4v\u00e4, kest\u00e4\u00e4 ik\u00e4\u00e4ntymist\u00e4<br \/>\n\u2022 Ymp\u00e4rist\u00f6yst\u00e4v\u00e4llinen, ei sis\u00e4ll\u00e4 laimentimia, isosyanaattia ja silikoneja. Kemiallisesti neutraali ja hajuton<br \/>\n\u2022 Se ei vapauta mit\u00e4\u00e4n aineita kovettumisen aikana, ei aiheuta korroosiota<br \/>\n\u2022 Hyv\u00e4t mekaaniset ominaisuudet (140 kg \/ 10 cm2), elastisuus (250%) ja joustavuus, sopivat m\u00e4rille pinnoille. Vedenkest\u00e4v\u00e4, kun se on kovettunut<br \/>\n\u2022 Helposti maalattu ja hiottu useimmilla maaleilla. Ei suositella maalattavaksi tai peitett\u00e4v\u00e4ksi ohennet tuotteilla.<br \/>\n\u2022 Erinomainen tarttuvuus erilaisiin materiaaleihin, kuten marmori, keramiikka, tiili, rauta, ter\u00e4s,<br \/>\nalumiini, lasi, peilit, PVC, polyesteri, polykarbonaatti, alumiinilevy, puu jne.<br \/>\nEi suositella polyeteenille (PE), polypropeenille (PP) ja Polytetrafluorieteeni (PTFE).<br \/>\n\u2022 Liima- ja tiivistemassa Sis\u00e4- ja ulkok\u00e4ytt\u00f6\u00f6n<br \/>\n\u2022 Tiksotrooppinen, ei putoa pystysuorissa liitoksissa, kovettuu nopeasti<br \/>\n\u2022 L\u00e4pin\u00e4kyv\u00e4<br \/>\n\u2022 Kest\u00e4\u00e4 erilaisia \u200b\u200bkemikaaleja<br \/>\n\u2022 Kest\u00e4\u00e4 \u00e4\u00e4rimm\u00e4isi\u00e4 ilmasto-olosuhteita, sateita ja lunta<br \/>\n\u2022 K\u00e4ytt\u00f6l\u00e4mp\u00f6tila: -40\u00baC + 90\u00baC<\/p>\n<p>&nbsp;<\/p>\n<h4><strong>Liima- ja tiivistemassa :n k\u00e4ytt\u00f6tarkoitus<\/strong><\/h4>\n<p>\u2022 N\u00e4kyv\u00e4t liitokset, jotka vaativat joustavuutta tai altistuvat t\u00e4rin\u00e4lle<br \/>\n\u2022 Kourujen, kansien, runkonivelten ja yleisten rakennusosien liimaaminen<br \/>\n\u2022 Sopii siilojen, s\u00e4ili\u00f6iden, s\u00e4ili\u00f6iden ja muiden alumiinielementtien liitoksiin<br \/>\n\u2022 Kiinnitysmateriaali l\u00e4pin\u00e4kyv\u00e4lle liitoksille<\/p>\n<p>&nbsp;<\/p>\n<p><a href=\"https:\/\/hotelli03.domainhotelli.fi\/~lsdoecli\/wp-content\/uploads\/2021\/04\/MS_TR.png\"><img loading=\"lazy\" class=\"alignnone size-medium wp-image-3159\" src=\"https:\/\/hotelli03.domainhotelli.fi\/~lsdoecli\/wp-content\/uploads\/2021\/04\/MS_TR-300x74.png\" alt=\"\" width=\"300\" height=\"74\" \/><\/a> <a href=\"https:\/\/hotelli03.domainhotelli.fi\/~lsdoecli\/wp-content\/uploads\/2021\/04\/MS-TR2.png\"><img loading=\"lazy\" class=\"alignnone wp-image-3161\" src=\"https:\/\/hotelli03.domainhotelli.fi\/~lsdoecli\/wp-content\/uploads\/2021\/04\/MS-TR2-300x59.png\" alt=\"\" width=\"361\" height=\"71\" \/><\/a><\/p>\n","protected":false},"excerpt":{"rendered":"<p>L\u00e4pin\u00e4kyv\u00e4 liima- ja tiivistemassa sis\u00e4- ja ulkok\u00e4ytt\u00f6\u00f6n, 290ml<\/p>\n<p id=\"tw-target-text\" class=\"tw-data-text tw-text-large XcVN5d tw-ta\" dir=\"ltr\" data-placeholder=\"K\u00e4\u00e4nn\u00f6s\"><span class=\"Y2IQFc\" lang=\"fi\">MS-hybridipolymeeripohjainen yksikomponentti liima soveltuu materiaalien n\u00e4kym\u00e4tt\u00f6miin liitoksiin.<\/span><\/p>\n<p>&nbsp;<\/p>\n<p>Valitse alta m\u00e4\u00e4r\u00e4:<\/p>\n","protected":false},"featured_media":4711,"comment_status":"open","ping_status":"closed","template":"","meta":[],"product_cat":[187],"product_tag":[189,190,188],"yoast_head":"<!-- This site is optimized with the Yoast SEO Premium plugin v18.9 (Yoast SEO v19.3) - https:\/\/yoast.com\/wordpress\/plugins\/seo\/ -->\n<title>Liima- ja tiivistemassa MS-TR | Eritt\u00e4in kest\u00e4v\u00e4 | JV Tuonti<\/title>\n<meta name=\"description\" content=\"L\u00e4pin\u00e4kyv\u00e4 liima- ja tiivistemassa sis\u00e4- ja ulkok\u00e4ytt\u00f6\u00f6n, 290ml. MS-hybridipolymeeripohjainen yksikomponentti liima. Eritt\u00e4in kest\u00e4v\u00e4\u00e4.\" \/>\n<meta name=\"robots\" content=\"index, follow, max-snippet:-1, max-image-preview:large, max-video-preview:-1\" \/>\n<link rel=\"canonical\" href=\"https:\/\/hotelli03.domainhotelli.fi\/~lsdoecli\/tuote\/liima-ja-tiivistemassa-ms-tr\/\" \/>\n<meta property=\"og:locale\" content=\"fi_FI\" \/>\n<meta property=\"og:type\" content=\"article\" \/>\n<meta property=\"og:title\" content=\"Liima- ja tiivistemassa MS-TR\" \/>\n<meta property=\"og:description\" content=\"L\u00e4pin\u00e4kyv\u00e4 liima- ja tiivistemassa sis\u00e4- ja ulkok\u00e4ytt\u00f6\u00f6n, 290ml. MS-hybridipolymeeripohjainen yksikomponentti liima. Eritt\u00e4in kest\u00e4v\u00e4\u00e4.\" \/>\n<meta property=\"og:url\" content=\"https:\/\/hotelli03.domainhotelli.fi\/~lsdoecli\/tuote\/liima-ja-tiivistemassa-ms-tr\/\" \/>\n<meta property=\"og:site_name\" content=\"JV Tuonti\" \/>\n<meta property=\"article:publisher\" content=\"https:\/\/www.facebook.com\/JVTuontiOy\" \/>\n<meta property=\"article:modified_time\" content=\"2021-08-13T06:36:08+00:00\" \/>\n<meta property=\"og:image\" content=\"https:\/\/hotelli03.domainhotelli.fi\/~lsdoecli\/wp-content\/uploads\/2021\/05\/MSTR290.jpg\" \/>\n\t<meta property=\"og:image:width\" content=\"1200\" \/>\n\t<meta property=\"og:image:height\" content=\"1200\" \/>\n\t<meta property=\"og:image:type\" content=\"image\/jpeg\" \/>\n<meta name=\"twitter:card\" content=\"summary_large_image\" \/>\n<meta name=\"twitter:label1\" content=\"Availability\" \/>\n\t<meta name=\"twitter:data1\" content=\"In stock\" \/>\n<script type=\"application\/ld+json\" class=\"yoast-schema-graph\">{\"@context\":\"https:\/\/schema.org\",\"@graph\":[{\"@type\":[\"Organization\",\"Place\",\"WholesaleStore\"],\"@id\":\"https:\/\/hotelli03.domainhotelli.fi\/~lsdoecli\/#organization\",\"name\":\"JV Tuonti Oy\",\"url\":\"https:\/\/hotelli03.domainhotelli.fi\/~lsdoecli\/\",\"sameAs\":[\"https:\/\/instagram.com\/jvtuontioy?utm_medium=copy_link\",\"https:\/\/www.facebook.com\/JVTuontiOy\"],\"logo\":{\"@id\":\"https:\/\/hotelli03.domainhotelli.fi\/~lsdoecli\/tuote\/liima-ja-tiivistemassa-ms-tr\/#local-main-organization-logo\"},\"image\":{\"@id\":\"https:\/\/hotelli03.domainhotelli.fi\/~lsdoecli\/tuote\/liima-ja-tiivistemassa-ms-tr\/#local-main-organization-logo\"},\"address\":{\"@id\":\"https:\/\/hotelli03.domainhotelli.fi\/~lsdoecli\/tuote\/liima-ja-tiivistemassa-ms-tr\/#local-main-place-address\"},\"geo\":{\"@type\":\"GeoCoordinates\",\"latitude\":\"60.28431\",\"longitude\":\"24.81654\"},\"telephone\":[\"0408369980\"],\"openingHoursSpecification\":[{\"@type\":\"OpeningHoursSpecification\",\"dayOfWeek\":[\"Monday\",\"Tuesday\",\"Wednesday\",\"Thursday\",\"Friday\"],\"opens\":\"08:00\",\"closes\":\"16:00\"},{\"@type\":\"OpeningHoursSpecification\",\"dayOfWeek\":[\"Saturday\",\"Sunday\"],\"opens\":\"00:00\",\"closes\":\"00:00\"}],\"email\":\"myynti@hotelli03.domainhotelli.fi\",\"areaServed\":\"Suomi, Ruotsi\",\"vatID\":\"FI30178387\",\"priceRange\":\"$$\",\"currenciesAccepted\":\"\u20ac\",\"paymentAccepted\":\"Lasku, pankkikortti\"},{\"@type\":\"WebSite\",\"@id\":\"https:\/\/hotelli03.domainhotelli.fi\/~lsdoecli\/#website\",\"url\":\"https:\/\/hotelli03.domainhotelli.fi\/~lsdoecli\/\",\"name\":\"JV Tuonti\",\"description\":\"JV Tuonti Oy:n verkkokauppa\",\"publisher\":{\"@id\":\"https:\/\/hotelli03.domainhotelli.fi\/~lsdoecli\/#organization\"},\"potentialAction\":[{\"@type\":\"SearchAction\",\"target\":{\"@type\":\"EntryPoint\",\"urlTemplate\":\"https:\/\/hotelli03.domainhotelli.fi\/~lsdoecli\/?s={search_term_string}\"},\"query-input\":\"required name=search_term_string\"}],\"inLanguage\":\"fi\"},{\"@type\":\"ImageObject\",\"inLanguage\":\"fi\",\"@id\":\"https:\/\/hotelli03.domainhotelli.fi\/~lsdoecli\/tuote\/liima-ja-tiivistemassa-ms-tr\/#primaryimage\",\"url\":\"https:\/\/hotelli03.domainhotelli.fi\/~lsdoecli\/wp-content\/uploads\/2021\/05\/MSTR290.jpg\",\"contentUrl\":\"https:\/\/hotelli03.domainhotelli.fi\/~lsdoecli\/wp-content\/uploads\/2021\/05\/MSTR290.jpg\",\"width\":1200,\"height\":1200,\"caption\":\"Liima- ja tiivistemassa MS-TR\"},{\"@type\":\"WebPage\",\"@id\":\"https:\/\/hotelli03.domainhotelli.fi\/~lsdoecli\/tuote\/liima-ja-tiivistemassa-ms-tr\/\",\"url\":\"https:\/\/hotelli03.domainhotelli.fi\/~lsdoecli\/tuote\/liima-ja-tiivistemassa-ms-tr\/\",\"name\":\"Liima- ja tiivistemassa MS-TR | Eritt\u00e4in kest\u00e4v\u00e4 | JV Tuonti\",\"isPartOf\":{\"@id\":\"https:\/\/hotelli03.domainhotelli.fi\/~lsdoecli\/#website\"},\"primaryImageOfPage\":{\"@id\":\"https:\/\/hotelli03.domainhotelli.fi\/~lsdoecli\/tuote\/liima-ja-tiivistemassa-ms-tr\/#primaryimage\"},\"datePublished\":\"2021-04-22T11:55:16+00:00\",\"dateModified\":\"2021-08-13T06:36:08+00:00\",\"description\":\"L\u00e4pin\u00e4kyv\u00e4 liima- ja tiivistemassa sis\u00e4- ja ulkok\u00e4ytt\u00f6\u00f6n, 290ml. MS-hybridipolymeeripohjainen yksikomponentti liima. Eritt\u00e4in kest\u00e4v\u00e4\u00e4.\",\"breadcrumb\":{\"@id\":\"https:\/\/hotelli03.domainhotelli.fi\/~lsdoecli\/tuote\/liima-ja-tiivistemassa-ms-tr\/#breadcrumb\"},\"inLanguage\":\"fi\",\"potentialAction\":[{\"@type\":\"ReadAction\",\"target\":[\"https:\/\/hotelli03.domainhotelli.fi\/~lsdoecli\/tuote\/liima-ja-tiivistemassa-ms-tr\/\"]}]},{\"@type\":\"BreadcrumbList\",\"@id\":\"https:\/\/hotelli03.domainhotelli.fi\/~lsdoecli\/tuote\/liima-ja-tiivistemassa-ms-tr\/#breadcrumb\",\"itemListElement\":[{\"@type\":\"ListItem\",\"position\":1,\"name\":\"Etusivu\",\"item\":\"https:\/\/hotelli03.domainhotelli.fi\/~lsdoecli\/\"},{\"@type\":\"ListItem\",\"position\":2,\"name\":\"Kauppa\",\"item\":\"https:\/\/hotelli03.domainhotelli.fi\/~lsdoecli\/kauppa\/\"},{\"@type\":\"ListItem\",\"position\":3,\"name\":\"Liima- ja tiivistemassa MS-TR\"}]},{\"@type\":\"PostalAddress\",\"@id\":\"https:\/\/hotelli03.domainhotelli.fi\/~lsdoecli\/tuote\/liima-ja-tiivistemassa-ms-tr\/#local-main-place-address\",\"streetAddress\":\"Pyymosantie 5a\",\"addressLocality\":\"Vantaa\",\"postalCode\":\"01720\",\"addressCountry\":\"FI\"},{\"@type\":\"ImageObject\",\"inLanguage\":\"fi\",\"@id\":\"https:\/\/hotelli03.domainhotelli.fi\/~lsdoecli\/tuote\/liima-ja-tiivistemassa-ms-tr\/#local-main-organization-logo\",\"url\":\"https:\/\/hotelli03.domainhotelli.fi\/~lsdoecli\/wp-content\/uploads\/2021\/08\/JVTuonti_logo_nelio.jpg\",\"contentUrl\":\"https:\/\/hotelli03.domainhotelli.fi\/~lsdoecli\/wp-content\/uploads\/2021\/08\/JVTuonti_logo_nelio.jpg\",\"width\":550,\"height\":550,\"caption\":\"JV Tuonti Oy\"}]}<\/script>\n<meta property=\"og:availability\" content=\"instock\" \/>\n<meta property=\"product:availability\" content=\"instock\" \/>\n<meta property=\"product:condition\" content=\"new\" \/>\n<meta name=\"geo.placename\" content=\"Vantaa\" \/>\n<meta name=\"geo.position\" content=\"60.28431;24.81654\" \/>\n<meta name=\"geo.region\" content=\"Suomi\" \/>\n<!-- \/ Yoast SEO Premium plugin. -->","yoast_head_json":{"title":"Liima- ja tiivistemassa MS-TR | Eritt\u00e4in kest\u00e4v\u00e4 | JV Tuonti","description":"L\u00e4pin\u00e4kyv\u00e4 liima- ja tiivistemassa sis\u00e4- ja ulkok\u00e4ytt\u00f6\u00f6n, 290ml. MS-hybridipolymeeripohjainen yksikomponentti liima. Eritt\u00e4in kest\u00e4v\u00e4\u00e4.","robots":{"index":"index","follow":"follow","max-snippet":"max-snippet:-1","max-image-preview":"max-image-preview:large","max-video-preview":"max-video-preview:-1"},"canonical":"https:\/\/hotelli03.domainhotelli.fi\/~lsdoecli\/tuote\/liima-ja-tiivistemassa-ms-tr\/","og_locale":"fi_FI","og_type":"article","og_title":"Liima- ja tiivistemassa MS-TR","og_description":"L\u00e4pin\u00e4kyv\u00e4 liima- ja tiivistemassa sis\u00e4- ja ulkok\u00e4ytt\u00f6\u00f6n, 290ml. MS-hybridipolymeeripohjainen yksikomponentti liima. Eritt\u00e4in kest\u00e4v\u00e4\u00e4.","og_url":"https:\/\/hotelli03.domainhotelli.fi\/~lsdoecli\/tuote\/liima-ja-tiivistemassa-ms-tr\/","og_site_name":"JV Tuonti","article_publisher":"https:\/\/www.facebook.com\/JVTuontiOy","article_modified_time":"2021-08-13T06:36:08+00:00","og_image":[{"width":1200,"height":1200,"url":"https:\/\/hotelli03.domainhotelli.fi\/~lsdoecli\/wp-content\/uploads\/2021\/05\/MSTR290.jpg","type":"image\/jpeg"}],"twitter_card":"summary_large_image","twitter_misc":{"Availability":"In stock"},"schema":{"@context":"https:\/\/schema.org","@graph":[{"@type":["Organization","Place","WholesaleStore"],"@id":"https:\/\/hotelli03.domainhotelli.fi\/~lsdoecli\/#organization","name":"JV Tuonti Oy","url":"https:\/\/hotelli03.domainhotelli.fi\/~lsdoecli\/","sameAs":["https:\/\/instagram.com\/jvtuontioy?utm_medium=copy_link","https:\/\/www.facebook.com\/JVTuontiOy"],"logo":{"@id":"https:\/\/hotelli03.domainhotelli.fi\/~lsdoecli\/tuote\/liima-ja-tiivistemassa-ms-tr\/#local-main-organization-logo"},"image":{"@id":"https:\/\/hotelli03.domainhotelli.fi\/~lsdoecli\/tuote\/liima-ja-tiivistemassa-ms-tr\/#local-main-organization-logo"},"address":{"@id":"https:\/\/hotelli03.domainhotelli.fi\/~lsdoecli\/tuote\/liima-ja-tiivistemassa-ms-tr\/#local-main-place-address"},"geo":{"@type":"GeoCoordinates","latitude":"60.28431","longitude":"24.81654"},"telephone":["0408369980"],"openingHoursSpecification":[{"@type":"OpeningHoursSpecification","dayOfWeek":["Monday","Tuesday","Wednesday","Thursday","Friday"],"opens":"08:00","closes":"16:00"},{"@type":"OpeningHoursSpecification","dayOfWeek":["Saturday","Sunday"],"opens":"00:00","closes":"00:00"}],"email":"myynti@hotelli03.domainhotelli.fi","areaServed":"Suomi, Ruotsi","vatID":"FI30178387","priceRange":"$$","currenciesAccepted":"\u20ac","paymentAccepted":"Lasku, pankkikortti"},{"@type":"WebSite","@id":"https:\/\/hotelli03.domainhotelli.fi\/~lsdoecli\/#website","url":"https:\/\/hotelli03.domainhotelli.fi\/~lsdoecli\/","name":"JV Tuonti","description":"JV Tuonti Oy:n verkkokauppa","publisher":{"@id":"https:\/\/hotelli03.domainhotelli.fi\/~lsdoecli\/#organization"},"potentialAction":[{"@type":"SearchAction","target":{"@type":"EntryPoint","urlTemplate":"https:\/\/hotelli03.domainhotelli.fi\/~lsdoecli\/?s={search_term_string}"},"query-input":"required name=search_term_string"}],"inLanguage":"fi"},{"@type":"ImageObject","inLanguage":"fi","@id":"https:\/\/hotelli03.domainhotelli.fi\/~lsdoecli\/tuote\/liima-ja-tiivistemassa-ms-tr\/#primaryimage","url":"https:\/\/hotelli03.domainhotelli.fi\/~lsdoecli\/wp-content\/uploads\/2021\/05\/MSTR290.jpg","contentUrl":"https:\/\/hotelli03.domainhotelli.fi\/~lsdoecli\/wp-content\/uploads\/2021\/05\/MSTR290.jpg","width":1200,"height":1200,"caption":"Liima- ja tiivistemassa MS-TR"},{"@type":"WebPage","@id":"https:\/\/hotelli03.domainhotelli.fi\/~lsdoecli\/tuote\/liima-ja-tiivistemassa-ms-tr\/","url":"https:\/\/hotelli03.domainhotelli.fi\/~lsdoecli\/tuote\/liima-ja-tiivistemassa-ms-tr\/","name":"Liima- ja tiivistemassa MS-TR | Eritt\u00e4in kest\u00e4v\u00e4 | JV Tuonti","isPartOf":{"@id":"https:\/\/hotelli03.domainhotelli.fi\/~lsdoecli\/#website"},"primaryImageOfPage":{"@id":"https:\/\/hotelli03.domainhotelli.fi\/~lsdoecli\/tuote\/liima-ja-tiivistemassa-ms-tr\/#primaryimage"},"datePublished":"2021-04-22T11:55:16+00:00","dateModified":"2021-08-13T06:36:08+00:00","description":"L\u00e4pin\u00e4kyv\u00e4 liima- ja tiivistemassa sis\u00e4- ja ulkok\u00e4ytt\u00f6\u00f6n, 290ml. MS-hybridipolymeeripohjainen yksikomponentti liima. Eritt\u00e4in kest\u00e4v\u00e4\u00e4.","breadcrumb":{"@id":"https:\/\/hotelli03.domainhotelli.fi\/~lsdoecli\/tuote\/liima-ja-tiivistemassa-ms-tr\/#breadcrumb"},"inLanguage":"fi","potentialAction":[{"@type":"ReadAction","target":["https:\/\/hotelli03.domainhotelli.fi\/~lsdoecli\/tuote\/liima-ja-tiivistemassa-ms-tr\/"]}]},{"@type":"BreadcrumbList","@id":"https:\/\/hotelli03.domainhotelli.fi\/~lsdoecli\/tuote\/liima-ja-tiivistemassa-ms-tr\/#breadcrumb","itemListElement":[{"@type":"ListItem","position":1,"name":"Etusivu","item":"https:\/\/hotelli03.domainhotelli.fi\/~lsdoecli\/"},{"@type":"ListItem","position":2,"name":"Kauppa","item":"https:\/\/hotelli03.domainhotelli.fi\/~lsdoecli\/kauppa\/"},{"@type":"ListItem","position":3,"name":"Liima- ja tiivistemassa MS-TR"}]},{"@type":"PostalAddress","@id":"https:\/\/hotelli03.domainhotelli.fi\/~lsdoecli\/tuote\/liima-ja-tiivistemassa-ms-tr\/#local-main-place-address","streetAddress":"Pyymosantie 5a","addressLocality":"Vantaa","postalCode":"01720","addressCountry":"FI"},{"@type":"ImageObject","inLanguage":"fi","@id":"https:\/\/hotelli03.domainhotelli.fi\/~lsdoecli\/tuote\/liima-ja-tiivistemassa-ms-tr\/#local-main-organization-logo","url":"https:\/\/hotelli03.domainhotelli.fi\/~lsdoecli\/wp-content\/uploads\/2021\/08\/JVTuonti_logo_nelio.jpg","contentUrl":"https:\/\/hotelli03.domainhotelli.fi\/~lsdoecli\/wp-content\/uploads\/2021\/08\/JVTuonti_logo_nelio.jpg","width":550,"height":550,"caption":"JV Tuonti Oy"}]},"og_availability":"instock","product_availability":"instock","product_condition":"new","geo.placename":"Vantaa","geo.position":{"lat":"60.28431","long":"24.81654"},"geo.region":"Suomi"},"_links":{"self":[{"href":"https:\/\/hotelli03.domainhotelli.fi\/~lsdoecli\/wp-json\/wp\/v2\/product\/2955"}],"collection":[{"href":"https:\/\/hotelli03.domainhotelli.fi\/~lsdoecli\/wp-json\/wp\/v2\/product"}],"about":[{"href":"https:\/\/hotelli03.domainhotelli.fi\/~lsdoecli\/wp-json\/wp\/v2\/types\/product"}],"replies":[{"embeddable":true,"href":"https:\/\/hotelli03.domainhotelli.fi\/~lsdoecli\/wp-json\/wp\/v2\/comments?post=2955"}],"wp:featuredmedia":[{"embeddable":true,"href":"https:\/\/hotelli03.domainhotelli.fi\/~lsdoecli\/wp-json\/wp\/v2\/media\/4711"}],"wp:attachment":[{"href":"https:\/\/hotelli03.domainhotelli.fi\/~lsdoecli\/wp-json\/wp\/v2\/media?parent=2955"}],"wp:term":[{"taxonomy":"product_cat","embeddable":true,"href":"https:\/\/hotelli03.domainhotelli.fi\/~lsdoecli\/wp-json\/wp\/v2\/product_cat?post=2955"},{"taxonomy":"product_tag","embeddable":true,"href":"https:\/\/hotelli03.domainhotelli.fi\/~lsdoecli\/wp-json\/wp\/v2\/product_tag?post=2955"}],"curies":[{"name":"wp","href":"https:\/\/api.w.org\/{rel}","templated":true}]}}