{"id":2733,"date":"2021-04-26T09:53:36","date_gmt":"2021-04-26T09:53:36","guid":{"rendered":"https:\/\/hotelli03.domainhotelli.fi\/~lsdoecli\/woocommerce\/?post_type=product&#038;p=2733"},"modified":"2022-02-12T14:04:32","modified_gmt":"2022-02-12T14:04:32","slug":"pikanaula-tra","status":"publish","type":"product","link":"https:\/\/hotelli03.domainhotelli.fi\/~lsdoecli\/tuote\/pikanaula-tra\/","title":{"rendered":"Pikanaula TRA sinkitty koko M6 ja M8"},"content":{"rendered":"<h1>Pikanaula TRA sinkitty koko M6 ja M8<\/h1>\n<p>Pikanaula TRA sinkitty soveltuu: betoni, ter\u00e4sbetoni, kevytbetoni ja kivi.<\/p>\n<p>Pikanauloja k\u00e4ytet\u00e4\u00e4n koolauslautojen asenuksessa betoniin esimerkiksi sis\u00e4kattojen asennuksen yhteydess\u00e4. Asennus on nopeaa ja helppoa: poraa <a href=\"https:\/\/hotelli03.domainhotelli.fi\/~lsdoecli\/tuote\/jvt-porantera-sds-plus-s4-8x160mm-4-leikkuinen\/\">kiviporanter\u00e4ll\u00e4 6 mm<\/a> tai <a href=\"https:\/\/hotelli03.domainhotelli.fi\/~lsdoecli\/tuote\/jvt-porantera-sds-plus-s4-6x160mm-4-leikkuinen\/\">kiviporanter\u00e4ll\u00e4 8 mm<\/a> reik\u00e4 (katso oikea koko yll\u00e4 olevasta taulukosta) laudan l\u00e4pi alustaan, niin ett\u00e4 reik\u00e4 on tarpeeksi syv\u00e4 \u00a0ja ly\u00f6 pikanaula paikalleen vasaralla.<\/p>\n<p><a href=\"https:\/\/hotelli03.domainhotelli.fi\/~lsdoecli\/wp-content\/uploads\/2021\/04\/Pikanaula.png\"><img loading=\"lazy\" class=\"alignnone wp-image-3369 size-large\" src=\"https:\/\/hotelli03.domainhotelli.fi\/~lsdoecli\/wp-content\/uploads\/2021\/04\/Pikanaula-1024x738.png\" alt=\"\" width=\"1024\" height=\"738\" srcset=\"https:\/\/hotelli03.domainhotelli.fi\/~lsdoecli\/wp-content\/uploads\/2021\/04\/Pikanaula-1024x738.png 1024w, https:\/\/hotelli03.domainhotelli.fi\/~lsdoecli\/wp-content\/uploads\/2021\/04\/Pikanaula-768x554.png 768w, https:\/\/hotelli03.domainhotelli.fi\/~lsdoecli\/wp-content\/uploads\/2021\/04\/Pikanaula-640x461.png 640w, https:\/\/hotelli03.domainhotelli.fi\/~lsdoecli\/wp-content\/uploads\/2021\/04\/Pikanaula-400x288.png 400w, https:\/\/hotelli03.domainhotelli.fi\/~lsdoecli\/wp-content\/uploads\/2021\/04\/Pikanaula-600x433.png 600w\" sizes=\"(max-width: 1024px) 100vw, 1024px\" \/><\/a><\/p>\n","protected":false},"excerpt":{"rendered":"<p>Pikanaula TRA saatavilla useassa eri koossa.<\/p>\n<p>Soveltuu Betoniin, Ter\u00e4sbetoniin Kevytbetoniin ja Kiveen teht\u00e4viin kevyisiin asennuksiin sek\u00e4 l\u00e4pivientiasennuksiin.<\/p>\n<p>&nbsp;<\/p>\n<p><strong>Valitse koko alta:\u00a0<\/strong><\/p>\n<p>&nbsp;<\/p>\n","protected":false},"featured_media":4755,"comment_status":"open","ping_status":"closed","template":"","meta":[],"product_cat":[161],"product_tag":[],"yoast_head":"<!-- This site is optimized with the Yoast SEO Premium plugin v18.9 (Yoast SEO v19.3) - https:\/\/yoast.com\/wordpress\/plugins\/seo\/ -->\n<title>Pikanaula TRA sinkitty koko M6 ja M8 | tilaa netist\u00e4 | JV Tuonti<\/title>\n<meta name=\"description\" content=\"Pikanaula TRA saatavilla useassa eri koossa. Soveltuu koolauslautojen asennukseen betoniin, ter\u00e4sbetoniin, kevytbetoniin. Tilaa netist\u00e4\" \/>\n<meta name=\"robots\" content=\"index, follow, max-snippet:-1, max-image-preview:large, max-video-preview:-1\" \/>\n<link rel=\"canonical\" href=\"https:\/\/hotelli03.domainhotelli.fi\/~lsdoecli\/tuote\/pikanaula-tra\/\" \/>\n<meta property=\"og:locale\" content=\"fi_FI\" \/>\n<meta property=\"og:type\" content=\"article\" \/>\n<meta property=\"og:title\" content=\"Pikanaula TRA sinkitty koko M6 ja M8\" \/>\n<meta property=\"og:description\" content=\"Pikanaula TRA saatavilla useassa eri koossa. Soveltuu koolauslautojen asennukseen betoniin, ter\u00e4sbetoniin, kevytbetoniin. Tilaa netist\u00e4\" \/>\n<meta property=\"og:url\" content=\"https:\/\/hotelli03.domainhotelli.fi\/~lsdoecli\/tuote\/pikanaula-tra\/\" \/>\n<meta property=\"og:site_name\" content=\"JV Tuonti\" \/>\n<meta property=\"article:publisher\" content=\"https:\/\/www.facebook.com\/JVTuontiOy\" \/>\n<meta property=\"article:modified_time\" content=\"2022-02-12T14:04:32+00:00\" \/>\n<meta property=\"og:image\" content=\"https:\/\/hotelli03.domainhotelli.fi\/~lsdoecli\/wp-content\/uploads\/2021\/05\/TRA.jpg\" \/>\n\t<meta property=\"og:image:width\" content=\"1200\" \/>\n\t<meta property=\"og:image:height\" content=\"1200\" \/>\n\t<meta property=\"og:image:type\" content=\"image\/jpeg\" \/>\n<meta name=\"twitter:card\" content=\"summary_large_image\" \/>\n<meta name=\"twitter:label1\" content=\"Availability\" \/>\n\t<meta name=\"twitter:data1\" content=\"In stock\" \/>\n<script type=\"application\/ld+json\" class=\"yoast-schema-graph\">{\"@context\":\"https:\/\/schema.org\",\"@graph\":[{\"@type\":[\"Organization\",\"Place\",\"WholesaleStore\"],\"@id\":\"https:\/\/hotelli03.domainhotelli.fi\/~lsdoecli\/#organization\",\"name\":\"JV Tuonti Oy\",\"url\":\"https:\/\/hotelli03.domainhotelli.fi\/~lsdoecli\/\",\"sameAs\":[\"https:\/\/instagram.com\/jvtuontioy?utm_medium=copy_link\",\"https:\/\/www.facebook.com\/JVTuontiOy\"],\"logo\":{\"@id\":\"https:\/\/hotelli03.domainhotelli.fi\/~lsdoecli\/tuote\/pikanaula-tra\/#local-main-organization-logo\"},\"image\":{\"@id\":\"https:\/\/hotelli03.domainhotelli.fi\/~lsdoecli\/tuote\/pikanaula-tra\/#local-main-organization-logo\"},\"address\":{\"@id\":\"https:\/\/hotelli03.domainhotelli.fi\/~lsdoecli\/tuote\/pikanaula-tra\/#local-main-place-address\"},\"geo\":{\"@type\":\"GeoCoordinates\",\"latitude\":\"60.28431\",\"longitude\":\"24.81654\"},\"telephone\":[\"0408369980\"],\"openingHoursSpecification\":[{\"@type\":\"OpeningHoursSpecification\",\"dayOfWeek\":[\"Monday\",\"Tuesday\",\"Wednesday\",\"Thursday\",\"Friday\"],\"opens\":\"08:00\",\"closes\":\"16:00\"},{\"@type\":\"OpeningHoursSpecification\",\"dayOfWeek\":[\"Saturday\",\"Sunday\"],\"opens\":\"00:00\",\"closes\":\"00:00\"}],\"email\":\"myynti@hotelli03.domainhotelli.fi\",\"areaServed\":\"Suomi, Ruotsi\",\"vatID\":\"FI30178387\",\"priceRange\":\"$$\",\"currenciesAccepted\":\"\u20ac\",\"paymentAccepted\":\"Lasku, pankkikortti\"},{\"@type\":\"WebSite\",\"@id\":\"https:\/\/hotelli03.domainhotelli.fi\/~lsdoecli\/#website\",\"url\":\"https:\/\/hotelli03.domainhotelli.fi\/~lsdoecli\/\",\"name\":\"JV Tuonti\",\"description\":\"JV Tuonti Oy:n verkkokauppa\",\"publisher\":{\"@id\":\"https:\/\/hotelli03.domainhotelli.fi\/~lsdoecli\/#organization\"},\"potentialAction\":[{\"@type\":\"SearchAction\",\"target\":{\"@type\":\"EntryPoint\",\"urlTemplate\":\"https:\/\/hotelli03.domainhotelli.fi\/~lsdoecli\/?s={search_term_string}\"},\"query-input\":\"required name=search_term_string\"}],\"inLanguage\":\"fi\"},{\"@type\":\"ImageObject\",\"inLanguage\":\"fi\",\"@id\":\"https:\/\/hotelli03.domainhotelli.fi\/~lsdoecli\/tuote\/pikanaula-tra\/#primaryimage\",\"url\":\"https:\/\/hotelli03.domainhotelli.fi\/~lsdoecli\/wp-content\/uploads\/2021\/05\/TRA.jpg\",\"contentUrl\":\"https:\/\/hotelli03.domainhotelli.fi\/~lsdoecli\/wp-content\/uploads\/2021\/05\/TRA.jpg\",\"width\":1200,\"height\":1200,\"caption\":\"Pikanaula TRA sinkitty koko M6 ja M8\"},{\"@type\":\"WebPage\",\"@id\":\"https:\/\/hotelli03.domainhotelli.fi\/~lsdoecli\/tuote\/pikanaula-tra\/\",\"url\":\"https:\/\/hotelli03.domainhotelli.fi\/~lsdoecli\/tuote\/pikanaula-tra\/\",\"name\":\"Pikanaula TRA sinkitty koko M6 ja M8 | tilaa netist\u00e4 | JV Tuonti\",\"isPartOf\":{\"@id\":\"https:\/\/hotelli03.domainhotelli.fi\/~lsdoecli\/#website\"},\"primaryImageOfPage\":{\"@id\":\"https:\/\/hotelli03.domainhotelli.fi\/~lsdoecli\/tuote\/pikanaula-tra\/#primaryimage\"},\"datePublished\":\"2021-04-26T09:53:36+00:00\",\"dateModified\":\"2022-02-12T14:04:32+00:00\",\"description\":\"Pikanaula TRA saatavilla useassa eri koossa. Soveltuu koolauslautojen asennukseen betoniin, ter\u00e4sbetoniin, kevytbetoniin. Tilaa netist\u00e4\",\"breadcrumb\":{\"@id\":\"https:\/\/hotelli03.domainhotelli.fi\/~lsdoecli\/tuote\/pikanaula-tra\/#breadcrumb\"},\"inLanguage\":\"fi\",\"potentialAction\":[{\"@type\":\"ReadAction\",\"target\":[\"https:\/\/hotelli03.domainhotelli.fi\/~lsdoecli\/tuote\/pikanaula-tra\/\"]}]},{\"@type\":\"BreadcrumbList\",\"@id\":\"https:\/\/hotelli03.domainhotelli.fi\/~lsdoecli\/tuote\/pikanaula-tra\/#breadcrumb\",\"itemListElement\":[{\"@type\":\"ListItem\",\"position\":1,\"name\":\"Etusivu\",\"item\":\"https:\/\/hotelli03.domainhotelli.fi\/~lsdoecli\/\"},{\"@type\":\"ListItem\",\"position\":2,\"name\":\"Kauppa\",\"item\":\"https:\/\/hotelli03.domainhotelli.fi\/~lsdoecli\/kauppa\/\"},{\"@type\":\"ListItem\",\"position\":3,\"name\":\"Pikanaula TRA sinkitty koko M6 ja M8\"}]},{\"@type\":\"PostalAddress\",\"@id\":\"https:\/\/hotelli03.domainhotelli.fi\/~lsdoecli\/tuote\/pikanaula-tra\/#local-main-place-address\",\"streetAddress\":\"Pyymosantie 5a\",\"addressLocality\":\"Vantaa\",\"postalCode\":\"01720\",\"addressCountry\":\"FI\"},{\"@type\":\"ImageObject\",\"inLanguage\":\"fi\",\"@id\":\"https:\/\/hotelli03.domainhotelli.fi\/~lsdoecli\/tuote\/pikanaula-tra\/#local-main-organization-logo\",\"url\":\"https:\/\/hotelli03.domainhotelli.fi\/~lsdoecli\/wp-content\/uploads\/2021\/08\/JVTuonti_logo_nelio.jpg\",\"contentUrl\":\"https:\/\/hotelli03.domainhotelli.fi\/~lsdoecli\/wp-content\/uploads\/2021\/08\/JVTuonti_logo_nelio.jpg\",\"width\":550,\"height\":550,\"caption\":\"JV Tuonti Oy\"}]}<\/script>\n<meta property=\"og:availability\" content=\"instock\" \/>\n<meta property=\"product:availability\" content=\"instock\" \/>\n<meta property=\"product:condition\" content=\"new\" \/>\n<meta name=\"geo.placename\" content=\"Vantaa\" \/>\n<meta name=\"geo.position\" content=\"60.28431;24.81654\" \/>\n<meta name=\"geo.region\" content=\"Suomi\" \/>\n<!-- \/ Yoast SEO Premium plugin. -->","yoast_head_json":{"title":"Pikanaula TRA sinkitty koko M6 ja M8 | tilaa netist\u00e4 | JV Tuonti","description":"Pikanaula TRA saatavilla useassa eri koossa. Soveltuu koolauslautojen asennukseen betoniin, ter\u00e4sbetoniin, kevytbetoniin. Tilaa netist\u00e4","robots":{"index":"index","follow":"follow","max-snippet":"max-snippet:-1","max-image-preview":"max-image-preview:large","max-video-preview":"max-video-preview:-1"},"canonical":"https:\/\/hotelli03.domainhotelli.fi\/~lsdoecli\/tuote\/pikanaula-tra\/","og_locale":"fi_FI","og_type":"article","og_title":"Pikanaula TRA sinkitty koko M6 ja M8","og_description":"Pikanaula TRA saatavilla useassa eri koossa. Soveltuu koolauslautojen asennukseen betoniin, ter\u00e4sbetoniin, kevytbetoniin. Tilaa netist\u00e4","og_url":"https:\/\/hotelli03.domainhotelli.fi\/~lsdoecli\/tuote\/pikanaula-tra\/","og_site_name":"JV Tuonti","article_publisher":"https:\/\/www.facebook.com\/JVTuontiOy","article_modified_time":"2022-02-12T14:04:32+00:00","og_image":[{"width":1200,"height":1200,"url":"https:\/\/hotelli03.domainhotelli.fi\/~lsdoecli\/wp-content\/uploads\/2021\/05\/TRA.jpg","type":"image\/jpeg"}],"twitter_card":"summary_large_image","twitter_misc":{"Availability":"In stock"},"schema":{"@context":"https:\/\/schema.org","@graph":[{"@type":["Organization","Place","WholesaleStore"],"@id":"https:\/\/hotelli03.domainhotelli.fi\/~lsdoecli\/#organization","name":"JV Tuonti Oy","url":"https:\/\/hotelli03.domainhotelli.fi\/~lsdoecli\/","sameAs":["https:\/\/instagram.com\/jvtuontioy?utm_medium=copy_link","https:\/\/www.facebook.com\/JVTuontiOy"],"logo":{"@id":"https:\/\/hotelli03.domainhotelli.fi\/~lsdoecli\/tuote\/pikanaula-tra\/#local-main-organization-logo"},"image":{"@id":"https:\/\/hotelli03.domainhotelli.fi\/~lsdoecli\/tuote\/pikanaula-tra\/#local-main-organization-logo"},"address":{"@id":"https:\/\/hotelli03.domainhotelli.fi\/~lsdoecli\/tuote\/pikanaula-tra\/#local-main-place-address"},"geo":{"@type":"GeoCoordinates","latitude":"60.28431","longitude":"24.81654"},"telephone":["0408369980"],"openingHoursSpecification":[{"@type":"OpeningHoursSpecification","dayOfWeek":["Monday","Tuesday","Wednesday","Thursday","Friday"],"opens":"08:00","closes":"16:00"},{"@type":"OpeningHoursSpecification","dayOfWeek":["Saturday","Sunday"],"opens":"00:00","closes":"00:00"}],"email":"myynti@hotelli03.domainhotelli.fi","areaServed":"Suomi, Ruotsi","vatID":"FI30178387","priceRange":"$$","currenciesAccepted":"\u20ac","paymentAccepted":"Lasku, pankkikortti"},{"@type":"WebSite","@id":"https:\/\/hotelli03.domainhotelli.fi\/~lsdoecli\/#website","url":"https:\/\/hotelli03.domainhotelli.fi\/~lsdoecli\/","name":"JV Tuonti","description":"JV Tuonti Oy:n verkkokauppa","publisher":{"@id":"https:\/\/hotelli03.domainhotelli.fi\/~lsdoecli\/#organization"},"potentialAction":[{"@type":"SearchAction","target":{"@type":"EntryPoint","urlTemplate":"https:\/\/hotelli03.domainhotelli.fi\/~lsdoecli\/?s={search_term_string}"},"query-input":"required name=search_term_string"}],"inLanguage":"fi"},{"@type":"ImageObject","inLanguage":"fi","@id":"https:\/\/hotelli03.domainhotelli.fi\/~lsdoecli\/tuote\/pikanaula-tra\/#primaryimage","url":"https:\/\/hotelli03.domainhotelli.fi\/~lsdoecli\/wp-content\/uploads\/2021\/05\/TRA.jpg","contentUrl":"https:\/\/hotelli03.domainhotelli.fi\/~lsdoecli\/wp-content\/uploads\/2021\/05\/TRA.jpg","width":1200,"height":1200,"caption":"Pikanaula TRA sinkitty koko M6 ja M8"},{"@type":"WebPage","@id":"https:\/\/hotelli03.domainhotelli.fi\/~lsdoecli\/tuote\/pikanaula-tra\/","url":"https:\/\/hotelli03.domainhotelli.fi\/~lsdoecli\/tuote\/pikanaula-tra\/","name":"Pikanaula TRA sinkitty koko M6 ja M8 | tilaa netist\u00e4 | JV Tuonti","isPartOf":{"@id":"https:\/\/hotelli03.domainhotelli.fi\/~lsdoecli\/#website"},"primaryImageOfPage":{"@id":"https:\/\/hotelli03.domainhotelli.fi\/~lsdoecli\/tuote\/pikanaula-tra\/#primaryimage"},"datePublished":"2021-04-26T09:53:36+00:00","dateModified":"2022-02-12T14:04:32+00:00","description":"Pikanaula TRA saatavilla useassa eri koossa. Soveltuu koolauslautojen asennukseen betoniin, ter\u00e4sbetoniin, kevytbetoniin. Tilaa netist\u00e4","breadcrumb":{"@id":"https:\/\/hotelli03.domainhotelli.fi\/~lsdoecli\/tuote\/pikanaula-tra\/#breadcrumb"},"inLanguage":"fi","potentialAction":[{"@type":"ReadAction","target":["https:\/\/hotelli03.domainhotelli.fi\/~lsdoecli\/tuote\/pikanaula-tra\/"]}]},{"@type":"BreadcrumbList","@id":"https:\/\/hotelli03.domainhotelli.fi\/~lsdoecli\/tuote\/pikanaula-tra\/#breadcrumb","itemListElement":[{"@type":"ListItem","position":1,"name":"Etusivu","item":"https:\/\/hotelli03.domainhotelli.fi\/~lsdoecli\/"},{"@type":"ListItem","position":2,"name":"Kauppa","item":"https:\/\/hotelli03.domainhotelli.fi\/~lsdoecli\/kauppa\/"},{"@type":"ListItem","position":3,"name":"Pikanaula TRA sinkitty koko M6 ja M8"}]},{"@type":"PostalAddress","@id":"https:\/\/hotelli03.domainhotelli.fi\/~lsdoecli\/tuote\/pikanaula-tra\/#local-main-place-address","streetAddress":"Pyymosantie 5a","addressLocality":"Vantaa","postalCode":"01720","addressCountry":"FI"},{"@type":"ImageObject","inLanguage":"fi","@id":"https:\/\/hotelli03.domainhotelli.fi\/~lsdoecli\/tuote\/pikanaula-tra\/#local-main-organization-logo","url":"https:\/\/hotelli03.domainhotelli.fi\/~lsdoecli\/wp-content\/uploads\/2021\/08\/JVTuonti_logo_nelio.jpg","contentUrl":"https:\/\/hotelli03.domainhotelli.fi\/~lsdoecli\/wp-content\/uploads\/2021\/08\/JVTuonti_logo_nelio.jpg","width":550,"height":550,"caption":"JV Tuonti Oy"}]},"og_availability":"instock","product_availability":"instock","product_condition":"new","geo.placename":"Vantaa","geo.position":{"lat":"60.28431","long":"24.81654"},"geo.region":"Suomi"},"_links":{"self":[{"href":"https:\/\/hotelli03.domainhotelli.fi\/~lsdoecli\/wp-json\/wp\/v2\/product\/2733"}],"collection":[{"href":"https:\/\/hotelli03.domainhotelli.fi\/~lsdoecli\/wp-json\/wp\/v2\/product"}],"about":[{"href":"https:\/\/hotelli03.domainhotelli.fi\/~lsdoecli\/wp-json\/wp\/v2\/types\/product"}],"replies":[{"embeddable":true,"href":"https:\/\/hotelli03.domainhotelli.fi\/~lsdoecli\/wp-json\/wp\/v2\/comments?post=2733"}],"wp:featuredmedia":[{"embeddable":true,"href":"https:\/\/hotelli03.domainhotelli.fi\/~lsdoecli\/wp-json\/wp\/v2\/media\/4755"}],"wp:attachment":[{"href":"https:\/\/hotelli03.domainhotelli.fi\/~lsdoecli\/wp-json\/wp\/v2\/media?parent=2733"}],"wp:term":[{"taxonomy":"product_cat","embeddable":true,"href":"https:\/\/hotelli03.domainhotelli.fi\/~lsdoecli\/wp-json\/wp\/v2\/product_cat?post=2733"},{"taxonomy":"product_tag","embeddable":true,"href":"https:\/\/hotelli03.domainhotelli.fi\/~lsdoecli\/wp-json\/wp\/v2\/product_tag?post=2733"}],"curies":[{"name":"wp","href":"https:\/\/api.w.org\/{rel}","templated":true}]}}