{"id":2430,"date":"2020-04-13T08:12:38","date_gmt":"2020-04-13T08:12:38","guid":{"rendered":"https:\/\/hotelli03.domainhotelli.fi\/~lsdoecli\/woocommerce\/?post_type=product&#038;p=2430"},"modified":"2022-09-20T10:50:28","modified_gmt":"2022-09-20T10:50:28","slug":"vibro-ep-tarinanvaimennuskumit-kelluva-lattia-ja-koneiden-runkoaanen-vaimennus","status":"publish","type":"product","link":"https:\/\/hotelli03.domainhotelli.fi\/~lsdoecli\/tuote\/vibro-ep-tarinanvaimennuskumit-kelluva-lattia-ja-koneiden-runkoaanen-vaimennus\/","title":{"rendered":"Vibro-EP t\u00e4rin\u00e4nvaimennuskumit kelluva lattia ja koneiden runko\u00e4\u00e4nen vaimennus"},"content":{"rendered":"<h1>Vibro-EP t\u00e4rin\u00e4nvaimennuskumit kelluva lattia ja koneiden runko\u00e4\u00e4nen vaimennus<\/h1>\n<p>Vibro-EP t\u00e4rin\u00e4nvaimennuskumit on tarkoitettu kelluviin lattiarakenteisiin, kompressoreiden, ilmastointilaitteiden, ilmal\u00e4mp\u00f6pumppujen, ilmanvaihtokoneiden, pumppujen, puhaltimien, generaattoreiden ja agregaattien, leikkauskoneiden ja muiden teollisuuskoneiden t\u00e4rin\u00e4n vaimennukseen.<\/p>\n<p>Vibro-EP t\u00e4rin\u00e4nvaimennuskumit ovat pitk\u00e4n tuotekehityksen tulos ja niit\u00e4 on valmistettu vuodesta 1989 l\u00e4htien. Lattian t\u00e4rin\u00e4nvaimennuskumit on valmistettu ensiluokkaisesta elastomeerista, johon on sekoitettu muita t\u00e4rin\u00e4n vaimennusta parantavia aineita.\u00a0T\u00e4rin\u00e4nvaimennuskumin pitkitt\u00e4issuunnassa olevat rei\u00e4t lis\u00e4\u00e4v\u00e4t puristuslujuutta ja parantavat t\u00e4rin\u00e4n vaimennuskyky\u00e4.<\/p>\n<p><a href=\"https:\/\/hotelli03.domainhotelli.fi\/~lsdoecli\/wp-content\/uploads\/2020\/04\/VIBRO-EP.jpeg\"><img loading=\"lazy\" class=\"alignnone wp-image-7858 size-full\" src=\"https:\/\/hotelli03.domainhotelli.fi\/~lsdoecli\/wp-content\/uploads\/2020\/04\/VIBRO-EP.jpeg\" alt=\"Vibro-EP t\u00e4rin\u00e4nvaimennuskumit\" width=\"1024\" height=\"685\" srcset=\"https:\/\/hotelli03.domainhotelli.fi\/~lsdoecli\/wp-content\/uploads\/2020\/04\/VIBRO-EP.jpeg 1024w, https:\/\/hotelli03.domainhotelli.fi\/~lsdoecli\/wp-content\/uploads\/2020\/04\/VIBRO-EP-768x514.jpeg 768w, https:\/\/hotelli03.domainhotelli.fi\/~lsdoecli\/wp-content\/uploads\/2020\/04\/VIBRO-EP-640x428.jpeg 640w, https:\/\/hotelli03.domainhotelli.fi\/~lsdoecli\/wp-content\/uploads\/2020\/04\/VIBRO-EP-400x268.jpeg 400w, https:\/\/hotelli03.domainhotelli.fi\/~lsdoecli\/wp-content\/uploads\/2020\/04\/VIBRO-EP-600x401.jpeg 600w\" sizes=\"(max-width: 1024px) 100vw, 1024px\" \/><\/a><\/p>\n<p>&nbsp;<\/p>\n<p>T\u00e4rin\u00e4nvaimennuskumeja voidaan k\u00e4ytt\u00e4\u00e4 t\u00e4rin\u00e4nvaimentimena ja runkomelun vaimennukseen esimerkiksi:<\/p>\n<ul>\n<li>koneiden ja latteiden passiivinen t\u00e4rin\u00e4nvaimennus<\/li>\n<li>raskaat koneet ja kuormat<\/li>\n<li>t\u00e4rin\u00e4nvaimennin koneiden alla kuten kompressorit, ilmastointilaitteiteet, ilmal\u00e4mp\u00f6pumput, pumpput, puhaltimet, \u00a0generaattorit, leikkauskoneet\u00a0jne.<\/li>\n<li>lattian t\u00e4rin\u00e4nvaimennuskumi kelluvissa lattiarakenteissa tai koneiden ja laitteiden alle t\u00e4rin\u00e4neristykseen ja runko\u00e4\u00e4nen vaimennukseen kuten teollisuuslattiat, hissit, painokoneet, testauskoneet<\/li>\n<\/ul>\n<h2><strong>Vibro-EP t\u00e4rin\u00e4nvaimennuskumit sallittu kuormitus<\/strong><\/h2>\n<div><\/div>\n<div class=\"column\">\n<table border=\"0\" width=\"816\" cellspacing=\"0\" cellpadding=\"0\">\n<colgroup>\n<col width=\"157\" \/>\n<col width=\"147\" \/>\n<col width=\"221\" \/>\n<col width=\"291\" \/><\/colgroup>\n<tbody>\n<tr>\n<td class=\"xl66\" width=\"157\" height=\"21\">V\u00e4ri<\/td>\n<td class=\"xl66\" width=\"147\">Mitat<\/td>\n<td class=\"xl66\" width=\"221\">max staattinen kuormitus (daN)<\/td>\n<td class=\"xl66\" width=\"291\">yksityiskohtainen kuormitus (kg\/cm2)<\/td>\n<\/tr>\n<tr>\n<td height=\"21\">Harmaa tai beige<\/td>\n<td class=\"xl67\">12.5 x 12.5 x 2.5<\/td>\n<td class=\"xl67\" align=\"right\">300<\/td>\n<td class=\"xl67\">1.5- 1.9<\/td>\n<\/tr>\n<tr>\n<td height=\"21\"><\/td>\n<td class=\"xl67\">50 x 25 x 2.5<\/td>\n<td class=\"xl67\" align=\"right\">3000<\/td>\n<td class=\"xl67\">1.6 &#8211; 2.4<\/td>\n<\/tr>\n<tr>\n<td class=\"xl65\" height=\"21\">Sininen ja vihre\u00e4<\/td>\n<td class=\"xl67\">12.5 x 12.5 x 2.5<\/td>\n<td class=\"xl67\" align=\"right\">200<\/td>\n<td class=\"xl67\">0.9 &#8211; 1.3<\/td>\n<\/tr>\n<tr>\n<td height=\"21\"><\/td>\n<td class=\"xl67\">50 x 25 x 2.5<\/td>\n<td class=\"xl67\" align=\"right\">2000<\/td>\n<td class=\"xl67\">1.1 &#8211; 1.6<\/td>\n<\/tr>\n<tr>\n<td class=\"xl65\" height=\"21\">Punainen tai keltainen<\/td>\n<td class=\"xl67\">12.5 x 12.5 x 2.5<\/td>\n<td class=\"xl67\" align=\"right\">100<\/td>\n<td class=\"xl67\">0.4 &#8211; 0.6<\/td>\n<\/tr>\n<tr>\n<td height=\"21\"><\/td>\n<td class=\"xl65\">50 x 25 x 2.5<\/td>\n<td class=\"xl65\" align=\"right\">1000<\/td>\n<td class=\"xl65\">0.6. &#8211; 0.8<\/td>\n<\/tr>\n<\/tbody>\n<\/table>\n<\/div>\n<div class=\"column\"><\/div>\n<div><\/div>\n<div>T\u00e4rin\u00e4nvaimennuskumit on saatavilla kahdessa eri mitassa:<\/div>\n<div><\/div>\n<ul>\n<li class=\"column\">50 x 25 x 2,5 cm<\/li>\n<li class=\"column\">12,5 x 12,5 x 2,5 cm<\/li>\n<\/ul>\n<p><a href=\"https:\/\/hotelli03.domainhotelli.fi\/~lsdoecli\/wp-content\/uploads\/2020\/04\/Vibro-EP-tarinanvaimennin.jpeg\"><img loading=\"lazy\" class=\"alignnone size-full wp-image-7860\" src=\"https:\/\/hotelli03.domainhotelli.fi\/~lsdoecli\/wp-content\/uploads\/2020\/04\/Vibro-EP-tarinanvaimennin.jpeg\" alt=\"\" width=\"280\" height=\"210\" \/><\/a><\/p>\n<p>&nbsp;<\/p>\n<p>T\u00e4rin\u00e4nvaimennuskumit toimitetaan valmiiksi leikkattuna ja asennusvalmiina, suoraan koneen tai laitteen alle asennettavaksi.<\/p>\n<p><strong>Tuotetyypit:<\/strong><br \/>\n&#8211; Elastomeerinen erikoiskumiyhdiste: (v\u00e4ri harmaa &#8211; sininen &#8211; punainen)<br \/>\n&#8211; neopreeni: (v\u00e4ri beige &#8211; vihre\u00e4 &#8211; keltainen)<\/p>\n<h2><strong>Muita Vibro lattian t\u00e4rin\u00e4nvaimennus tuotteita<\/strong><\/h2>\n<p>Vibro-EP Complex tuotteessa on yhdistetty kahta erityypist\u00e4 t\u00e4rin\u00e4nvaimennuskumia toistensa p\u00e4\u00e4ll\u00e4. Ter\u00e4slevy\u00e4 t\u00e4rin\u00e4nvaimennuskumien v\u00e4liss\u00e4 alentaa ominaistaajuutta 4 Hz: iin.<\/p>\n<p>Tuotteessa on erikoismuokattua galvanoitua metallisuojaa t\u00e4rin\u00e4nvaimentimen v\u00e4liss\u00e4. Ter\u00e4skuori suojaa t\u00e4rin\u00e4nvaimenninta UV-s\u00e4teilylt\u00e4 ja \u00f6ljylt\u00e4 ja samalla kiinnitysyksik\u00f6n kuormitus jakautuu tasaisesti t\u00e4rin\u00e4nvaimennuskumin koko pintaan.<\/p>\n<h2><strong>Vibro-EP t\u00e4rin\u00e4nvaimennuskumit asennusohje<\/strong><\/h2>\n<p>Korkean hankauskerroimensa vuoksi t\u00e4rin\u00e4nvaimennuskumeja ei yleens\u00e4 tarvitse kiinnitt\u00e4\u00e4 ruuveilla, liimalla tai tulppilla lattiaan. T\u00e4rin\u00e4nvaimmenuskumit asennetaan koneiden, ilmastointilaitteiden, koneiden metallikannakeiden tai koneperustusten ter\u00e4spalkkien alle, yhten\u00e4 tai useampana kerroksena v\u00e4hent\u00e4m\u00e4\u00e4n koneiden tai laitteiden aiheuttamaa melua ja t\u00e4rin\u00e4\u00e4.<\/p>\n<p>Kelluvassa lattiarakenteessa lattian t\u00e4rin\u00e4nvaimennuskumit asennetaan kantavan puurungon tai betonin p\u00e4\u00e4lle rakennesuunnitelmien mukaisesti.<\/p>\n<p>Katso my\u00f6s muut <a href=\"https:\/\/hotelli03.domainhotelli.fi\/~lsdoecli\/tuote-osasto\/tarinanvaimennus-ja-aanieristys\/\">t\u00e4rin\u00e4nvaimennus tuotteet<span style=\"color: #3366ff;\">\u00a0t\u00e4st\u00e4! <\/span><\/a><\/p>\n<p>Tarvitsetko apua t\u00e4rin\u00e4nvaimennuskumien valinnassa tai muiden t\u00e4rin\u00e4nvaimennustuotteiden kanssa? Asiakaspalvelumme auttaa <a href=\"mailto:myynti@hotelli03.domainhotelli.fi\">myynti@hotelli03.domainhotelli.fi<\/a> tai soita 040 8369980.<\/p>\n<h3>Tuotetiedot<\/h3>\n<p>Valmistaja: <a href=\"https:\/\/alphacoustic.com\/en\/\">Alpha Acoustiki<\/a><\/p>\n<p>Tuote: Vibro-EP<\/p>\n<p>&nbsp;<\/p>\n","protected":false},"excerpt":{"rendered":"<p>Vibro-EP on t\u00e4rin\u00e4nvaimennuskumi ilmastokompressoreille, ilmastointiyksik\u00f6ille, pumpuille, puhaltimille, generaattorisarjoille, leikkuukoneelle ja muille.<\/p>\n<p>&nbsp;<\/p>\n<p><strong>Varastossa 12,5 x 12,5cm kokoa kaikissa vahvuuksissa.<\/strong><\/p>\n<p><strong>T\u00e4st\u00e4 saat leikattua my\u00f6s itse nelj\u00e4 6&#215;6 palasta jos tarve on pienemm\u00e4lle palaselle.\u00a0<\/strong><\/p>\n","protected":false},"featured_media":2431,"comment_status":"open","ping_status":"closed","template":"","meta":[],"product_cat":[593,1019],"product_tag":[864,119],"yoast_head":"<!-- This site is optimized with the Yoast SEO Premium plugin v18.9 (Yoast SEO v19.3) - https:\/\/yoast.com\/wordpress\/plugins\/seo\/ -->\n<title>Vibro-EP t\u00e4rin\u00e4nvaimennuskumit | JV Tuonti<\/title>\n<meta name=\"description\" content=\"Vibro-EP t\u00e4rin\u00e4nvaimennuskumit kelluva lattia ja runko\u00e4\u00e4nen vaimennus. T\u00e4rin\u00e4nvaimennus koneille, kompressoreille ja ilmastointilaitteille.\" \/>\n<meta name=\"robots\" content=\"index, follow, max-snippet:-1, max-image-preview:large, max-video-preview:-1\" \/>\n<link rel=\"canonical\" href=\"https:\/\/hotelli03.domainhotelli.fi\/~lsdoecli\/tuote\/vibro-ep-tarinanvaimennuskumit-kelluva-lattia-ja-koneiden-runkoaanen-vaimennus\/\" \/>\n<meta property=\"og:locale\" content=\"fi_FI\" \/>\n<meta property=\"og:type\" content=\"article\" \/>\n<meta property=\"og:title\" content=\"Vibro-EP t\u00e4rin\u00e4nvaimennuskumit kelluva lattia ja koneiden runko\u00e4\u00e4nen vaimennus\" \/>\n<meta property=\"og:description\" content=\"Vibro-EP t\u00e4rin\u00e4nvaimennuskumit kelluva lattia ja runko\u00e4\u00e4nen vaimennus. T\u00e4rin\u00e4nvaimennus koneille, kompressoreille ja ilmastointilaitteille.\" \/>\n<meta property=\"og:url\" content=\"https:\/\/hotelli03.domainhotelli.fi\/~lsdoecli\/tuote\/vibro-ep-tarinanvaimennuskumit-kelluva-lattia-ja-koneiden-runkoaanen-vaimennus\/\" \/>\n<meta property=\"og:site_name\" content=\"JV Tuonti\" \/>\n<meta property=\"article:publisher\" content=\"https:\/\/www.facebook.com\/JVTuontiOy\" \/>\n<meta property=\"article:modified_time\" content=\"2022-09-20T10:50:28+00:00\" \/>\n<meta property=\"og:image\" content=\"https:\/\/hotelli03.domainhotelli.fi\/~lsdoecli\/wp-content\/uploads\/2020\/04\/Vibro-EP-t\u00e4rin\u00e4vaimennuslevy.jpg\" \/>\n\t<meta property=\"og:image:width\" content=\"280\" \/>\n\t<meta property=\"og:image:height\" content=\"210\" \/>\n\t<meta property=\"og:image:type\" content=\"image\/jpeg\" \/>\n<meta name=\"twitter:card\" content=\"summary_large_image\" \/>\n<meta name=\"twitter:label1\" content=\"Availability\" \/>\n\t<meta name=\"twitter:data1\" content=\"In stock\" \/>\n<script type=\"application\/ld+json\" class=\"yoast-schema-graph\">{\"@context\":\"https:\/\/schema.org\",\"@graph\":[{\"@type\":[\"Organization\",\"Place\",\"WholesaleStore\"],\"@id\":\"https:\/\/hotelli03.domainhotelli.fi\/~lsdoecli\/#organization\",\"name\":\"JV Tuonti Oy\",\"url\":\"https:\/\/hotelli03.domainhotelli.fi\/~lsdoecli\/\",\"sameAs\":[\"https:\/\/instagram.com\/jvtuontioy?utm_medium=copy_link\",\"https:\/\/www.facebook.com\/JVTuontiOy\"],\"logo\":{\"@id\":\"https:\/\/hotelli03.domainhotelli.fi\/~lsdoecli\/tuote\/vibro-ep-tarinanvaimennuskumit-kelluva-lattia-ja-koneiden-runkoaanen-vaimennus\/#local-main-organization-logo\"},\"image\":{\"@id\":\"https:\/\/hotelli03.domainhotelli.fi\/~lsdoecli\/tuote\/vibro-ep-tarinanvaimennuskumit-kelluva-lattia-ja-koneiden-runkoaanen-vaimennus\/#local-main-organization-logo\"},\"address\":{\"@id\":\"https:\/\/hotelli03.domainhotelli.fi\/~lsdoecli\/tuote\/vibro-ep-tarinanvaimennuskumit-kelluva-lattia-ja-koneiden-runkoaanen-vaimennus\/#local-main-place-address\"},\"geo\":{\"@type\":\"GeoCoordinates\",\"latitude\":\"60.28431\",\"longitude\":\"24.81654\"},\"telephone\":[\"0408369980\"],\"openingHoursSpecification\":[{\"@type\":\"OpeningHoursSpecification\",\"dayOfWeek\":[\"Monday\",\"Tuesday\",\"Wednesday\",\"Thursday\",\"Friday\"],\"opens\":\"08:00\",\"closes\":\"16:00\"},{\"@type\":\"OpeningHoursSpecification\",\"dayOfWeek\":[\"Saturday\",\"Sunday\"],\"opens\":\"00:00\",\"closes\":\"00:00\"}],\"email\":\"myynti@hotelli03.domainhotelli.fi\",\"areaServed\":\"Suomi, Ruotsi\",\"vatID\":\"FI30178387\",\"priceRange\":\"$$\",\"currenciesAccepted\":\"\u20ac\",\"paymentAccepted\":\"Lasku, pankkikortti\"},{\"@type\":\"WebSite\",\"@id\":\"https:\/\/hotelli03.domainhotelli.fi\/~lsdoecli\/#website\",\"url\":\"https:\/\/hotelli03.domainhotelli.fi\/~lsdoecli\/\",\"name\":\"JV Tuonti\",\"description\":\"JV Tuonti Oy:n verkkokauppa\",\"publisher\":{\"@id\":\"https:\/\/hotelli03.domainhotelli.fi\/~lsdoecli\/#organization\"},\"potentialAction\":[{\"@type\":\"SearchAction\",\"target\":{\"@type\":\"EntryPoint\",\"urlTemplate\":\"https:\/\/hotelli03.domainhotelli.fi\/~lsdoecli\/?s={search_term_string}\"},\"query-input\":\"required name=search_term_string\"}],\"inLanguage\":\"fi\"},{\"@type\":\"ImageObject\",\"inLanguage\":\"fi\",\"@id\":\"https:\/\/hotelli03.domainhotelli.fi\/~lsdoecli\/tuote\/vibro-ep-tarinanvaimennuskumit-kelluva-lattia-ja-koneiden-runkoaanen-vaimennus\/#primaryimage\",\"url\":\"https:\/\/hotelli03.domainhotelli.fi\/~lsdoecli\/wp-content\/uploads\/2020\/04\/Vibro-EP-t\u00e4rin\u00e4vaimennuslevy.jpg\",\"contentUrl\":\"https:\/\/hotelli03.domainhotelli.fi\/~lsdoecli\/wp-content\/uploads\/2020\/04\/Vibro-EP-t\u00e4rin\u00e4vaimennuslevy.jpg\",\"width\":280,\"height\":210,\"caption\":\"Vibro EP t\u00e4rin\u00e4nvaimennuskumit kelluva lattia ja koneiden runko\u00e4\u00e4nen vaimennus\"},{\"@type\":\"WebPage\",\"@id\":\"https:\/\/hotelli03.domainhotelli.fi\/~lsdoecli\/tuote\/vibro-ep-tarinanvaimennuskumit-kelluva-lattia-ja-koneiden-runkoaanen-vaimennus\/\",\"url\":\"https:\/\/hotelli03.domainhotelli.fi\/~lsdoecli\/tuote\/vibro-ep-tarinanvaimennuskumit-kelluva-lattia-ja-koneiden-runkoaanen-vaimennus\/\",\"name\":\"Vibro-EP t\u00e4rin\u00e4nvaimennuskumit | JV Tuonti\",\"isPartOf\":{\"@id\":\"https:\/\/hotelli03.domainhotelli.fi\/~lsdoecli\/#website\"},\"primaryImageOfPage\":{\"@id\":\"https:\/\/hotelli03.domainhotelli.fi\/~lsdoecli\/tuote\/vibro-ep-tarinanvaimennuskumit-kelluva-lattia-ja-koneiden-runkoaanen-vaimennus\/#primaryimage\"},\"datePublished\":\"2020-04-13T08:12:38+00:00\",\"dateModified\":\"2022-09-20T10:50:28+00:00\",\"description\":\"Vibro-EP t\u00e4rin\u00e4nvaimennuskumit kelluva lattia ja runko\u00e4\u00e4nen vaimennus. T\u00e4rin\u00e4nvaimennus koneille, kompressoreille ja ilmastointilaitteille.\",\"breadcrumb\":{\"@id\":\"https:\/\/hotelli03.domainhotelli.fi\/~lsdoecli\/tuote\/vibro-ep-tarinanvaimennuskumit-kelluva-lattia-ja-koneiden-runkoaanen-vaimennus\/#breadcrumb\"},\"inLanguage\":\"fi\",\"potentialAction\":[{\"@type\":\"ReadAction\",\"target\":[\"https:\/\/hotelli03.domainhotelli.fi\/~lsdoecli\/tuote\/vibro-ep-tarinanvaimennuskumit-kelluva-lattia-ja-koneiden-runkoaanen-vaimennus\/\"]}]},{\"@type\":\"BreadcrumbList\",\"@id\":\"https:\/\/hotelli03.domainhotelli.fi\/~lsdoecli\/tuote\/vibro-ep-tarinanvaimennuskumit-kelluva-lattia-ja-koneiden-runkoaanen-vaimennus\/#breadcrumb\",\"itemListElement\":[{\"@type\":\"ListItem\",\"position\":1,\"name\":\"Etusivu\",\"item\":\"https:\/\/hotelli03.domainhotelli.fi\/~lsdoecli\/\"},{\"@type\":\"ListItem\",\"position\":2,\"name\":\"Kauppa\",\"item\":\"https:\/\/hotelli03.domainhotelli.fi\/~lsdoecli\/kauppa\/\"},{\"@type\":\"ListItem\",\"position\":3,\"name\":\"Vibro-EP t\u00e4rin\u00e4nvaimennuskumit kelluva lattia ja koneiden runko\u00e4\u00e4nen vaimennus\"}]},{\"@type\":\"PostalAddress\",\"@id\":\"https:\/\/hotelli03.domainhotelli.fi\/~lsdoecli\/tuote\/vibro-ep-tarinanvaimennuskumit-kelluva-lattia-ja-koneiden-runkoaanen-vaimennus\/#local-main-place-address\",\"streetAddress\":\"Pyymosantie 5a\",\"addressLocality\":\"Vantaa\",\"postalCode\":\"01720\",\"addressCountry\":\"FI\"},{\"@type\":\"ImageObject\",\"inLanguage\":\"fi\",\"@id\":\"https:\/\/hotelli03.domainhotelli.fi\/~lsdoecli\/tuote\/vibro-ep-tarinanvaimennuskumit-kelluva-lattia-ja-koneiden-runkoaanen-vaimennus\/#local-main-organization-logo\",\"url\":\"https:\/\/hotelli03.domainhotelli.fi\/~lsdoecli\/wp-content\/uploads\/2021\/08\/JVTuonti_logo_nelio.jpg\",\"contentUrl\":\"https:\/\/hotelli03.domainhotelli.fi\/~lsdoecli\/wp-content\/uploads\/2021\/08\/JVTuonti_logo_nelio.jpg\",\"width\":550,\"height\":550,\"caption\":\"JV Tuonti Oy\"}]}<\/script>\n<meta property=\"og:availability\" content=\"instock\" \/>\n<meta property=\"product:availability\" content=\"instock\" \/>\n<meta property=\"product:condition\" content=\"new\" \/>\n<meta name=\"geo.placename\" content=\"Vantaa\" \/>\n<meta name=\"geo.position\" content=\"60.28431;24.81654\" \/>\n<meta name=\"geo.region\" content=\"Suomi\" \/>\n<!-- \/ Yoast SEO Premium plugin. -->","yoast_head_json":{"title":"Vibro-EP t\u00e4rin\u00e4nvaimennuskumit | JV Tuonti","description":"Vibro-EP t\u00e4rin\u00e4nvaimennuskumit kelluva lattia ja runko\u00e4\u00e4nen vaimennus. T\u00e4rin\u00e4nvaimennus koneille, kompressoreille ja ilmastointilaitteille.","robots":{"index":"index","follow":"follow","max-snippet":"max-snippet:-1","max-image-preview":"max-image-preview:large","max-video-preview":"max-video-preview:-1"},"canonical":"https:\/\/hotelli03.domainhotelli.fi\/~lsdoecli\/tuote\/vibro-ep-tarinanvaimennuskumit-kelluva-lattia-ja-koneiden-runkoaanen-vaimennus\/","og_locale":"fi_FI","og_type":"article","og_title":"Vibro-EP t\u00e4rin\u00e4nvaimennuskumit kelluva lattia ja koneiden runko\u00e4\u00e4nen vaimennus","og_description":"Vibro-EP t\u00e4rin\u00e4nvaimennuskumit kelluva lattia ja runko\u00e4\u00e4nen vaimennus. T\u00e4rin\u00e4nvaimennus koneille, kompressoreille ja ilmastointilaitteille.","og_url":"https:\/\/hotelli03.domainhotelli.fi\/~lsdoecli\/tuote\/vibro-ep-tarinanvaimennuskumit-kelluva-lattia-ja-koneiden-runkoaanen-vaimennus\/","og_site_name":"JV Tuonti","article_publisher":"https:\/\/www.facebook.com\/JVTuontiOy","article_modified_time":"2022-09-20T10:50:28+00:00","og_image":[{"width":280,"height":210,"url":"https:\/\/hotelli03.domainhotelli.fi\/~lsdoecli\/wp-content\/uploads\/2020\/04\/Vibro-EP-t\u00e4rin\u00e4vaimennuslevy.jpg","type":"image\/jpeg"}],"twitter_card":"summary_large_image","twitter_misc":{"Availability":"In stock"},"schema":{"@context":"https:\/\/schema.org","@graph":[{"@type":["Organization","Place","WholesaleStore"],"@id":"https:\/\/hotelli03.domainhotelli.fi\/~lsdoecli\/#organization","name":"JV Tuonti Oy","url":"https:\/\/hotelli03.domainhotelli.fi\/~lsdoecli\/","sameAs":["https:\/\/instagram.com\/jvtuontioy?utm_medium=copy_link","https:\/\/www.facebook.com\/JVTuontiOy"],"logo":{"@id":"https:\/\/hotelli03.domainhotelli.fi\/~lsdoecli\/tuote\/vibro-ep-tarinanvaimennuskumit-kelluva-lattia-ja-koneiden-runkoaanen-vaimennus\/#local-main-organization-logo"},"image":{"@id":"https:\/\/hotelli03.domainhotelli.fi\/~lsdoecli\/tuote\/vibro-ep-tarinanvaimennuskumit-kelluva-lattia-ja-koneiden-runkoaanen-vaimennus\/#local-main-organization-logo"},"address":{"@id":"https:\/\/hotelli03.domainhotelli.fi\/~lsdoecli\/tuote\/vibro-ep-tarinanvaimennuskumit-kelluva-lattia-ja-koneiden-runkoaanen-vaimennus\/#local-main-place-address"},"geo":{"@type":"GeoCoordinates","latitude":"60.28431","longitude":"24.81654"},"telephone":["0408369980"],"openingHoursSpecification":[{"@type":"OpeningHoursSpecification","dayOfWeek":["Monday","Tuesday","Wednesday","Thursday","Friday"],"opens":"08:00","closes":"16:00"},{"@type":"OpeningHoursSpecification","dayOfWeek":["Saturday","Sunday"],"opens":"00:00","closes":"00:00"}],"email":"myynti@hotelli03.domainhotelli.fi","areaServed":"Suomi, Ruotsi","vatID":"FI30178387","priceRange":"$$","currenciesAccepted":"\u20ac","paymentAccepted":"Lasku, pankkikortti"},{"@type":"WebSite","@id":"https:\/\/hotelli03.domainhotelli.fi\/~lsdoecli\/#website","url":"https:\/\/hotelli03.domainhotelli.fi\/~lsdoecli\/","name":"JV Tuonti","description":"JV Tuonti Oy:n verkkokauppa","publisher":{"@id":"https:\/\/hotelli03.domainhotelli.fi\/~lsdoecli\/#organization"},"potentialAction":[{"@type":"SearchAction","target":{"@type":"EntryPoint","urlTemplate":"https:\/\/hotelli03.domainhotelli.fi\/~lsdoecli\/?s={search_term_string}"},"query-input":"required name=search_term_string"}],"inLanguage":"fi"},{"@type":"ImageObject","inLanguage":"fi","@id":"https:\/\/hotelli03.domainhotelli.fi\/~lsdoecli\/tuote\/vibro-ep-tarinanvaimennuskumit-kelluva-lattia-ja-koneiden-runkoaanen-vaimennus\/#primaryimage","url":"https:\/\/hotelli03.domainhotelli.fi\/~lsdoecli\/wp-content\/uploads\/2020\/04\/Vibro-EP-t\u00e4rin\u00e4vaimennuslevy.jpg","contentUrl":"https:\/\/hotelli03.domainhotelli.fi\/~lsdoecli\/wp-content\/uploads\/2020\/04\/Vibro-EP-t\u00e4rin\u00e4vaimennuslevy.jpg","width":280,"height":210,"caption":"Vibro EP t\u00e4rin\u00e4nvaimennuskumit kelluva lattia ja koneiden runko\u00e4\u00e4nen vaimennus"},{"@type":"WebPage","@id":"https:\/\/hotelli03.domainhotelli.fi\/~lsdoecli\/tuote\/vibro-ep-tarinanvaimennuskumit-kelluva-lattia-ja-koneiden-runkoaanen-vaimennus\/","url":"https:\/\/hotelli03.domainhotelli.fi\/~lsdoecli\/tuote\/vibro-ep-tarinanvaimennuskumit-kelluva-lattia-ja-koneiden-runkoaanen-vaimennus\/","name":"Vibro-EP t\u00e4rin\u00e4nvaimennuskumit | JV Tuonti","isPartOf":{"@id":"https:\/\/hotelli03.domainhotelli.fi\/~lsdoecli\/#website"},"primaryImageOfPage":{"@id":"https:\/\/hotelli03.domainhotelli.fi\/~lsdoecli\/tuote\/vibro-ep-tarinanvaimennuskumit-kelluva-lattia-ja-koneiden-runkoaanen-vaimennus\/#primaryimage"},"datePublished":"2020-04-13T08:12:38+00:00","dateModified":"2022-09-20T10:50:28+00:00","description":"Vibro-EP t\u00e4rin\u00e4nvaimennuskumit kelluva lattia ja runko\u00e4\u00e4nen vaimennus. T\u00e4rin\u00e4nvaimennus koneille, kompressoreille ja ilmastointilaitteille.","breadcrumb":{"@id":"https:\/\/hotelli03.domainhotelli.fi\/~lsdoecli\/tuote\/vibro-ep-tarinanvaimennuskumit-kelluva-lattia-ja-koneiden-runkoaanen-vaimennus\/#breadcrumb"},"inLanguage":"fi","potentialAction":[{"@type":"ReadAction","target":["https:\/\/hotelli03.domainhotelli.fi\/~lsdoecli\/tuote\/vibro-ep-tarinanvaimennuskumit-kelluva-lattia-ja-koneiden-runkoaanen-vaimennus\/"]}]},{"@type":"BreadcrumbList","@id":"https:\/\/hotelli03.domainhotelli.fi\/~lsdoecli\/tuote\/vibro-ep-tarinanvaimennuskumit-kelluva-lattia-ja-koneiden-runkoaanen-vaimennus\/#breadcrumb","itemListElement":[{"@type":"ListItem","position":1,"name":"Etusivu","item":"https:\/\/hotelli03.domainhotelli.fi\/~lsdoecli\/"},{"@type":"ListItem","position":2,"name":"Kauppa","item":"https:\/\/hotelli03.domainhotelli.fi\/~lsdoecli\/kauppa\/"},{"@type":"ListItem","position":3,"name":"Vibro-EP t\u00e4rin\u00e4nvaimennuskumit kelluva lattia ja koneiden runko\u00e4\u00e4nen vaimennus"}]},{"@type":"PostalAddress","@id":"https:\/\/hotelli03.domainhotelli.fi\/~lsdoecli\/tuote\/vibro-ep-tarinanvaimennuskumit-kelluva-lattia-ja-koneiden-runkoaanen-vaimennus\/#local-main-place-address","streetAddress":"Pyymosantie 5a","addressLocality":"Vantaa","postalCode":"01720","addressCountry":"FI"},{"@type":"ImageObject","inLanguage":"fi","@id":"https:\/\/hotelli03.domainhotelli.fi\/~lsdoecli\/tuote\/vibro-ep-tarinanvaimennuskumit-kelluva-lattia-ja-koneiden-runkoaanen-vaimennus\/#local-main-organization-logo","url":"https:\/\/hotelli03.domainhotelli.fi\/~lsdoecli\/wp-content\/uploads\/2021\/08\/JVTuonti_logo_nelio.jpg","contentUrl":"https:\/\/hotelli03.domainhotelli.fi\/~lsdoecli\/wp-content\/uploads\/2021\/08\/JVTuonti_logo_nelio.jpg","width":550,"height":550,"caption":"JV Tuonti Oy"}]},"og_availability":"instock","product_availability":"instock","product_condition":"new","geo.placename":"Vantaa","geo.position":{"lat":"60.28431","long":"24.81654"},"geo.region":"Suomi"},"_links":{"self":[{"href":"https:\/\/hotelli03.domainhotelli.fi\/~lsdoecli\/wp-json\/wp\/v2\/product\/2430"}],"collection":[{"href":"https:\/\/hotelli03.domainhotelli.fi\/~lsdoecli\/wp-json\/wp\/v2\/product"}],"about":[{"href":"https:\/\/hotelli03.domainhotelli.fi\/~lsdoecli\/wp-json\/wp\/v2\/types\/product"}],"replies":[{"embeddable":true,"href":"https:\/\/hotelli03.domainhotelli.fi\/~lsdoecli\/wp-json\/wp\/v2\/comments?post=2430"}],"wp:featuredmedia":[{"embeddable":true,"href":"https:\/\/hotelli03.domainhotelli.fi\/~lsdoecli\/wp-json\/wp\/v2\/media\/2431"}],"wp:attachment":[{"href":"https:\/\/hotelli03.domainhotelli.fi\/~lsdoecli\/wp-json\/wp\/v2\/media?parent=2430"}],"wp:term":[{"taxonomy":"product_cat","embeddable":true,"href":"https:\/\/hotelli03.domainhotelli.fi\/~lsdoecli\/wp-json\/wp\/v2\/product_cat?post=2430"},{"taxonomy":"product_tag","embeddable":true,"href":"https:\/\/hotelli03.domainhotelli.fi\/~lsdoecli\/wp-json\/wp\/v2\/product_tag?post=2430"}],"curies":[{"name":"wp","href":"https:\/\/api.w.org\/{rel}","templated":true}]}}