{"id":10442,"date":"2022-07-24T07:31:55","date_gmt":"2022-07-24T07:31:55","guid":{"rendered":"https:\/\/hotelli03.domainhotelli.fi\/~lsdoecli\/?post_type=product&#038;p=10442"},"modified":"2022-07-24T07:31:56","modified_gmt":"2022-07-24T07:31:56","slug":"suojakypara-sir-safety-everest","status":"publish","type":"product","link":"https:\/\/hotelli03.domainhotelli.fi\/~lsdoecli\/tuote\/suojakypara-sir-safety-everest\/","title":{"rendered":"Suojakyp\u00e4r\u00e4 Sir Safety Everest"},"content":{"rendered":"<h1>Suojakyp\u00e4r\u00e4 Sir Safety Everest<\/h1>\n<p>Suojakyp\u00e4r\u00e4 Everest on kevyt ja mukava HDPE (polyeteeni) materiaalista valmistettu kyp\u00e4r\u00e4, joka on kevyt ja antaa erinomaisen suojaan p\u00e4\u00e4h\u00e4n kohdistuvilta iskuilta. Suojakyp\u00e4r\u00e4ss\u00e4 on valmiina leukahihna, jossa on pehmustettu leukakuppi, joka varmistaa ett\u00e4 kyp\u00e4r\u00e4 on tukevasti p\u00e4\u00e4ss\u00e4.<\/p>\n<p>Kyp\u00e4r\u00e4n 4-piste kiinnityksen ansiosta suojakyp\u00e4r\u00e4 pysyy varmasti p\u00e4\u00e4ss\u00e4 ja kyp\u00e4r\u00e4n leukahihnan pituus on helposti s\u00e4\u00e4dett\u00e4viss\u00e4 kummallakin puolella olevista soljesta. Suojakyp\u00e4r\u00e4n kokoa saa s\u00e4\u00e4detty\u00e4 sen takana olevasta s\u00e4\u00e4t\u00f6py\u00f6r\u00e4st\u00e4 k\u00e4\u00e4nt\u00e4m\u00e4ll\u00e4. Suojakyp\u00e4r\u00e4ss\u00e4 on leve\u00e4 hikinauha otsan kohdalla.<\/p>\n<p>Everest kyp\u00e4r\u00e4 soveltuu rakennusty\u00f6maa ja teollisuuden k\u00e4ytt\u00f6\u00f6n. Se suojaa ylh\u00e4\u00e4lt\u00e4 putoavilta esineilt\u00e4 ja sivulta tulevilta iskuilta. Suojakyp\u00e4r\u00e4\u00e4 voidaan k\u00e4ytt\u00e4\u00e4 my\u00f6s<\/p>\n<p>Turvakyp\u00e4r\u00e4 Sir Safety Everest kest\u00e4\u00e4 alhaisia l\u00e4mpp\u00f6tiloja -30 \u00b0C asti ja ty\u00f6maakyp\u00e4r\u00e4ll\u00e4 on j\u00e4nnitesuojaus 1000 V tai 1500 Vdc asti.<\/p>\n<p>Kyp\u00e4r\u00e4n sivuissa on kiinnitysmahdollisuudet yleisimpi\u00e4 lis\u00e4varusteita varten, joihin saa kiinnitetty kuulonsuojaimet, suojavisiirin. Suojakyp\u00e4r\u00e4ss\u00e4 on lis\u00e4ksi valmiina pidikkeet, joihin <a href=\"https:\/\/hotelli03.domainhotelli.fi\/~lsdoecli\/tuote-osasto\/otsalamput-ja-taskulamput\/otsalamppu\/\">otsalampun <\/a>otsapantaa saa kiinnitetty\u00e4. Turvakyp\u00e4r\u00e4\u00e4n on saatavilla erikseen kuulonsuojaimet ja suojavisiiri.<\/p>\n<p>&nbsp;<\/p>\n<h2>Kyp\u00e4r\u00e4 Sir Safety Everest ominaisuudet<\/h2>\n<ul>\n<li>leve\u00e4 tekstiilihikinauha<\/li>\n<li>leukahihnan nelj\u00e4n pisteen s\u00e4\u00e4t\u00f6 leukalenkill\u00e4 varmistaaksesi aina oikean asennon<\/li>\n<li>6-pisteinen tekstiilip\u00e4\u00e4valjaat<\/li>\n<li>koko 52 &#8211; 63 s\u00e4\u00e4dett\u00e4viss\u00e4 s\u00e4\u00e4t\u00f6nupilla<\/li>\n<li>standardi EN 397<\/li>\n<li>EN 50365<\/li>\n<li>CE 2016\/425 Cat III<\/li>\n<li>Valmistaja: <a href=\"https:\/\/www.sirsafety.com\/everest-helmet\">Sir Safety<\/a><\/li>\n<\/ul>\n<p>&nbsp;<\/p>\n","protected":false},"excerpt":{"rendered":"<p>Suojakyp\u00e4r\u00e4 Sir Safety Everest on kevyt ja monipuolinen kyp\u00e4r\u00e4 ty\u00f6maa ja teollisuuden k\u00e4ytt\u00f6\u00f6n. Kyp\u00e4r\u00e4ss\u00e4 on 4-piste kiinnitys ja s\u00e4\u00e4t\u00f6nuppi koon s\u00e4\u00e4t\u00e4mist\u00e4 varten.<\/p>\n","protected":false},"featured_media":10445,"comment_status":"open","ping_status":"closed","template":"","meta":[],"product_cat":[872],"product_tag":[1266,869,1267,1268],"yoast_head":"<!-- This site is optimized with the Yoast SEO Premium plugin v18.9 (Yoast SEO v19.3) - https:\/\/yoast.com\/wordpress\/plugins\/seo\/ -->\n<title>Suojakyp\u00e4r\u00e4 Sir Safety Everest | JV Tuonti<\/title>\n<meta name=\"description\" content=\"Suojakyp\u00e4r\u00e4 Sir Safety Everest on kevyt ja monipuolinen kyp\u00e4r\u00e4 rakennus ja teollisuuden k\u00e4ytt\u00f6\u00f6n. Tilaa edullinen kyp\u00e4r\u00e4 netist\u00e4 ty\u00f6maalle!\" \/>\n<meta name=\"robots\" content=\"index, follow, max-snippet:-1, max-image-preview:large, max-video-preview:-1\" \/>\n<link rel=\"canonical\" href=\"https:\/\/hotelli03.domainhotelli.fi\/~lsdoecli\/tuote\/suojakypara-sir-safety-everest\/\" \/>\n<meta property=\"og:locale\" content=\"fi_FI\" \/>\n<meta property=\"og:type\" content=\"article\" \/>\n<meta property=\"og:title\" content=\"Suojakyp\u00e4r\u00e4 Sir Safety Everest\" \/>\n<meta property=\"og:description\" content=\"Suojakyp\u00e4r\u00e4 Sir Safety Everest on kevyt ja monipuolinen kyp\u00e4r\u00e4 rakennus ja teollisuuden k\u00e4ytt\u00f6\u00f6n. Tilaa edullinen kyp\u00e4r\u00e4 netist\u00e4 ty\u00f6maalle!\" \/>\n<meta property=\"og:url\" content=\"https:\/\/hotelli03.domainhotelli.fi\/~lsdoecli\/tuote\/suojakypara-sir-safety-everest\/\" \/>\n<meta property=\"og:site_name\" content=\"JV Tuonti\" \/>\n<meta property=\"article:publisher\" content=\"https:\/\/www.facebook.com\/JVTuontiOy\" \/>\n<meta property=\"article:modified_time\" content=\"2022-07-24T07:31:56+00:00\" \/>\n<meta property=\"og:image\" content=\"https:\/\/hotelli03.domainhotelli.fi\/~lsdoecli\/wp-content\/uploads\/2022\/07\/MD1216E0.png\" \/>\n\t<meta property=\"og:image:width\" content=\"1100\" \/>\n\t<meta property=\"og:image:height\" content=\"1100\" \/>\n\t<meta property=\"og:image:type\" content=\"image\/png\" \/>\n<meta name=\"twitter:card\" content=\"summary_large_image\" \/>\n<meta name=\"twitter:label1\" content=\"Availability\" \/>\n\t<meta name=\"twitter:data1\" content=\"In stock\" \/>\n<script type=\"application\/ld+json\" class=\"yoast-schema-graph\">{\"@context\":\"https:\/\/schema.org\",\"@graph\":[{\"@type\":[\"Organization\",\"Place\",\"WholesaleStore\"],\"@id\":\"https:\/\/hotelli03.domainhotelli.fi\/~lsdoecli\/#organization\",\"name\":\"JV Tuonti Oy\",\"url\":\"https:\/\/hotelli03.domainhotelli.fi\/~lsdoecli\/\",\"sameAs\":[\"https:\/\/instagram.com\/jvtuontioy?utm_medium=copy_link\",\"https:\/\/www.facebook.com\/JVTuontiOy\"],\"logo\":{\"@id\":\"https:\/\/hotelli03.domainhotelli.fi\/~lsdoecli\/tuote\/suojakypara-sir-safety-everest\/#local-main-organization-logo\"},\"image\":{\"@id\":\"https:\/\/hotelli03.domainhotelli.fi\/~lsdoecli\/tuote\/suojakypara-sir-safety-everest\/#local-main-organization-logo\"},\"address\":{\"@id\":\"https:\/\/hotelli03.domainhotelli.fi\/~lsdoecli\/tuote\/suojakypara-sir-safety-everest\/#local-main-place-address\"},\"geo\":{\"@type\":\"GeoCoordinates\",\"latitude\":\"60.28431\",\"longitude\":\"24.81654\"},\"telephone\":[\"0408369980\"],\"openingHoursSpecification\":[{\"@type\":\"OpeningHoursSpecification\",\"dayOfWeek\":[\"Monday\",\"Tuesday\",\"Wednesday\",\"Thursday\",\"Friday\"],\"opens\":\"08:00\",\"closes\":\"16:00\"},{\"@type\":\"OpeningHoursSpecification\",\"dayOfWeek\":[\"Saturday\",\"Sunday\"],\"opens\":\"00:00\",\"closes\":\"00:00\"}],\"email\":\"myynti@hotelli03.domainhotelli.fi\",\"areaServed\":\"Suomi, Ruotsi\",\"vatID\":\"FI30178387\",\"priceRange\":\"$$\",\"currenciesAccepted\":\"\u20ac\",\"paymentAccepted\":\"Lasku, pankkikortti\"},{\"@type\":\"WebSite\",\"@id\":\"https:\/\/hotelli03.domainhotelli.fi\/~lsdoecli\/#website\",\"url\":\"https:\/\/hotelli03.domainhotelli.fi\/~lsdoecli\/\",\"name\":\"JV Tuonti\",\"description\":\"JV Tuonti Oy:n verkkokauppa\",\"publisher\":{\"@id\":\"https:\/\/hotelli03.domainhotelli.fi\/~lsdoecli\/#organization\"},\"potentialAction\":[{\"@type\":\"SearchAction\",\"target\":{\"@type\":\"EntryPoint\",\"urlTemplate\":\"https:\/\/hotelli03.domainhotelli.fi\/~lsdoecli\/?s={search_term_string}\"},\"query-input\":\"required name=search_term_string\"}],\"inLanguage\":\"fi\"},{\"@type\":\"ImageObject\",\"inLanguage\":\"fi\",\"@id\":\"https:\/\/hotelli03.domainhotelli.fi\/~lsdoecli\/tuote\/suojakypara-sir-safety-everest\/#primaryimage\",\"url\":\"https:\/\/hotelli03.domainhotelli.fi\/~lsdoecli\/wp-content\/uploads\/2022\/07\/MD1216E0.png\",\"contentUrl\":\"https:\/\/hotelli03.domainhotelli.fi\/~lsdoecli\/wp-content\/uploads\/2022\/07\/MD1216E0.png\",\"width\":1100,\"height\":1100,\"caption\":\"Suojakyp\u00e4r\u00e4 Sir Safety Everest keltainen\"},{\"@type\":\"WebPage\",\"@id\":\"https:\/\/hotelli03.domainhotelli.fi\/~lsdoecli\/tuote\/suojakypara-sir-safety-everest\/\",\"url\":\"https:\/\/hotelli03.domainhotelli.fi\/~lsdoecli\/tuote\/suojakypara-sir-safety-everest\/\",\"name\":\"Suojakyp\u00e4r\u00e4 Sir Safety Everest | JV Tuonti\",\"isPartOf\":{\"@id\":\"https:\/\/hotelli03.domainhotelli.fi\/~lsdoecli\/#website\"},\"primaryImageOfPage\":{\"@id\":\"https:\/\/hotelli03.domainhotelli.fi\/~lsdoecli\/tuote\/suojakypara-sir-safety-everest\/#primaryimage\"},\"datePublished\":\"2022-07-24T07:31:55+00:00\",\"dateModified\":\"2022-07-24T07:31:56+00:00\",\"description\":\"Suojakyp\u00e4r\u00e4 Sir Safety Everest on kevyt ja monipuolinen kyp\u00e4r\u00e4 rakennus ja teollisuuden k\u00e4ytt\u00f6\u00f6n. Tilaa edullinen kyp\u00e4r\u00e4 netist\u00e4 ty\u00f6maalle!\",\"breadcrumb\":{\"@id\":\"https:\/\/hotelli03.domainhotelli.fi\/~lsdoecli\/tuote\/suojakypara-sir-safety-everest\/#breadcrumb\"},\"inLanguage\":\"fi\",\"potentialAction\":[{\"@type\":\"ReadAction\",\"target\":[\"https:\/\/hotelli03.domainhotelli.fi\/~lsdoecli\/tuote\/suojakypara-sir-safety-everest\/\"]}]},{\"@type\":\"BreadcrumbList\",\"@id\":\"https:\/\/hotelli03.domainhotelli.fi\/~lsdoecli\/tuote\/suojakypara-sir-safety-everest\/#breadcrumb\",\"itemListElement\":[{\"@type\":\"ListItem\",\"position\":1,\"name\":\"Etusivu\",\"item\":\"https:\/\/hotelli03.domainhotelli.fi\/~lsdoecli\/\"},{\"@type\":\"ListItem\",\"position\":2,\"name\":\"Kauppa\",\"item\":\"https:\/\/hotelli03.domainhotelli.fi\/~lsdoecli\/kauppa\/\"},{\"@type\":\"ListItem\",\"position\":3,\"name\":\"Suojakyp\u00e4r\u00e4 Sir Safety Everest\"}]},{\"@type\":\"PostalAddress\",\"@id\":\"https:\/\/hotelli03.domainhotelli.fi\/~lsdoecli\/tuote\/suojakypara-sir-safety-everest\/#local-main-place-address\",\"streetAddress\":\"Pyymosantie 5a\",\"addressLocality\":\"Vantaa\",\"postalCode\":\"01720\",\"addressCountry\":\"FI\"},{\"@type\":\"ImageObject\",\"inLanguage\":\"fi\",\"@id\":\"https:\/\/hotelli03.domainhotelli.fi\/~lsdoecli\/tuote\/suojakypara-sir-safety-everest\/#local-main-organization-logo\",\"url\":\"https:\/\/hotelli03.domainhotelli.fi\/~lsdoecli\/wp-content\/uploads\/2021\/08\/JVTuonti_logo_nelio.jpg\",\"contentUrl\":\"https:\/\/hotelli03.domainhotelli.fi\/~lsdoecli\/wp-content\/uploads\/2021\/08\/JVTuonti_logo_nelio.jpg\",\"width\":550,\"height\":550,\"caption\":\"JV Tuonti Oy\"}]}<\/script>\n<meta property=\"og:availability\" content=\"instock\" \/>\n<meta property=\"product:availability\" content=\"instock\" \/>\n<meta property=\"product:condition\" content=\"new\" \/>\n<meta name=\"geo.placename\" content=\"Vantaa\" \/>\n<meta name=\"geo.position\" content=\"60.28431;24.81654\" \/>\n<meta name=\"geo.region\" content=\"Suomi\" \/>\n<!-- \/ Yoast SEO Premium plugin. -->","yoast_head_json":{"title":"Suojakyp\u00e4r\u00e4 Sir Safety Everest | JV Tuonti","description":"Suojakyp\u00e4r\u00e4 Sir Safety Everest on kevyt ja monipuolinen kyp\u00e4r\u00e4 rakennus ja teollisuuden k\u00e4ytt\u00f6\u00f6n. Tilaa edullinen kyp\u00e4r\u00e4 netist\u00e4 ty\u00f6maalle!","robots":{"index":"index","follow":"follow","max-snippet":"max-snippet:-1","max-image-preview":"max-image-preview:large","max-video-preview":"max-video-preview:-1"},"canonical":"https:\/\/hotelli03.domainhotelli.fi\/~lsdoecli\/tuote\/suojakypara-sir-safety-everest\/","og_locale":"fi_FI","og_type":"article","og_title":"Suojakyp\u00e4r\u00e4 Sir Safety Everest","og_description":"Suojakyp\u00e4r\u00e4 Sir Safety Everest on kevyt ja monipuolinen kyp\u00e4r\u00e4 rakennus ja teollisuuden k\u00e4ytt\u00f6\u00f6n. Tilaa edullinen kyp\u00e4r\u00e4 netist\u00e4 ty\u00f6maalle!","og_url":"https:\/\/hotelli03.domainhotelli.fi\/~lsdoecli\/tuote\/suojakypara-sir-safety-everest\/","og_site_name":"JV Tuonti","article_publisher":"https:\/\/www.facebook.com\/JVTuontiOy","article_modified_time":"2022-07-24T07:31:56+00:00","og_image":[{"width":1100,"height":1100,"url":"https:\/\/hotelli03.domainhotelli.fi\/~lsdoecli\/wp-content\/uploads\/2022\/07\/MD1216E0.png","type":"image\/png"}],"twitter_card":"summary_large_image","twitter_misc":{"Availability":"In stock"},"schema":{"@context":"https:\/\/schema.org","@graph":[{"@type":["Organization","Place","WholesaleStore"],"@id":"https:\/\/hotelli03.domainhotelli.fi\/~lsdoecli\/#organization","name":"JV Tuonti Oy","url":"https:\/\/hotelli03.domainhotelli.fi\/~lsdoecli\/","sameAs":["https:\/\/instagram.com\/jvtuontioy?utm_medium=copy_link","https:\/\/www.facebook.com\/JVTuontiOy"],"logo":{"@id":"https:\/\/hotelli03.domainhotelli.fi\/~lsdoecli\/tuote\/suojakypara-sir-safety-everest\/#local-main-organization-logo"},"image":{"@id":"https:\/\/hotelli03.domainhotelli.fi\/~lsdoecli\/tuote\/suojakypara-sir-safety-everest\/#local-main-organization-logo"},"address":{"@id":"https:\/\/hotelli03.domainhotelli.fi\/~lsdoecli\/tuote\/suojakypara-sir-safety-everest\/#local-main-place-address"},"geo":{"@type":"GeoCoordinates","latitude":"60.28431","longitude":"24.81654"},"telephone":["0408369980"],"openingHoursSpecification":[{"@type":"OpeningHoursSpecification","dayOfWeek":["Monday","Tuesday","Wednesday","Thursday","Friday"],"opens":"08:00","closes":"16:00"},{"@type":"OpeningHoursSpecification","dayOfWeek":["Saturday","Sunday"],"opens":"00:00","closes":"00:00"}],"email":"myynti@hotelli03.domainhotelli.fi","areaServed":"Suomi, Ruotsi","vatID":"FI30178387","priceRange":"$$","currenciesAccepted":"\u20ac","paymentAccepted":"Lasku, pankkikortti"},{"@type":"WebSite","@id":"https:\/\/hotelli03.domainhotelli.fi\/~lsdoecli\/#website","url":"https:\/\/hotelli03.domainhotelli.fi\/~lsdoecli\/","name":"JV Tuonti","description":"JV Tuonti Oy:n verkkokauppa","publisher":{"@id":"https:\/\/hotelli03.domainhotelli.fi\/~lsdoecli\/#organization"},"potentialAction":[{"@type":"SearchAction","target":{"@type":"EntryPoint","urlTemplate":"https:\/\/hotelli03.domainhotelli.fi\/~lsdoecli\/?s={search_term_string}"},"query-input":"required name=search_term_string"}],"inLanguage":"fi"},{"@type":"ImageObject","inLanguage":"fi","@id":"https:\/\/hotelli03.domainhotelli.fi\/~lsdoecli\/tuote\/suojakypara-sir-safety-everest\/#primaryimage","url":"https:\/\/hotelli03.domainhotelli.fi\/~lsdoecli\/wp-content\/uploads\/2022\/07\/MD1216E0.png","contentUrl":"https:\/\/hotelli03.domainhotelli.fi\/~lsdoecli\/wp-content\/uploads\/2022\/07\/MD1216E0.png","width":1100,"height":1100,"caption":"Suojakyp\u00e4r\u00e4 Sir Safety Everest keltainen"},{"@type":"WebPage","@id":"https:\/\/hotelli03.domainhotelli.fi\/~lsdoecli\/tuote\/suojakypara-sir-safety-everest\/","url":"https:\/\/hotelli03.domainhotelli.fi\/~lsdoecli\/tuote\/suojakypara-sir-safety-everest\/","name":"Suojakyp\u00e4r\u00e4 Sir Safety Everest | JV Tuonti","isPartOf":{"@id":"https:\/\/hotelli03.domainhotelli.fi\/~lsdoecli\/#website"},"primaryImageOfPage":{"@id":"https:\/\/hotelli03.domainhotelli.fi\/~lsdoecli\/tuote\/suojakypara-sir-safety-everest\/#primaryimage"},"datePublished":"2022-07-24T07:31:55+00:00","dateModified":"2022-07-24T07:31:56+00:00","description":"Suojakyp\u00e4r\u00e4 Sir Safety Everest on kevyt ja monipuolinen kyp\u00e4r\u00e4 rakennus ja teollisuuden k\u00e4ytt\u00f6\u00f6n. Tilaa edullinen kyp\u00e4r\u00e4 netist\u00e4 ty\u00f6maalle!","breadcrumb":{"@id":"https:\/\/hotelli03.domainhotelli.fi\/~lsdoecli\/tuote\/suojakypara-sir-safety-everest\/#breadcrumb"},"inLanguage":"fi","potentialAction":[{"@type":"ReadAction","target":["https:\/\/hotelli03.domainhotelli.fi\/~lsdoecli\/tuote\/suojakypara-sir-safety-everest\/"]}]},{"@type":"BreadcrumbList","@id":"https:\/\/hotelli03.domainhotelli.fi\/~lsdoecli\/tuote\/suojakypara-sir-safety-everest\/#breadcrumb","itemListElement":[{"@type":"ListItem","position":1,"name":"Etusivu","item":"https:\/\/hotelli03.domainhotelli.fi\/~lsdoecli\/"},{"@type":"ListItem","position":2,"name":"Kauppa","item":"https:\/\/hotelli03.domainhotelli.fi\/~lsdoecli\/kauppa\/"},{"@type":"ListItem","position":3,"name":"Suojakyp\u00e4r\u00e4 Sir Safety Everest"}]},{"@type":"PostalAddress","@id":"https:\/\/hotelli03.domainhotelli.fi\/~lsdoecli\/tuote\/suojakypara-sir-safety-everest\/#local-main-place-address","streetAddress":"Pyymosantie 5a","addressLocality":"Vantaa","postalCode":"01720","addressCountry":"FI"},{"@type":"ImageObject","inLanguage":"fi","@id":"https:\/\/hotelli03.domainhotelli.fi\/~lsdoecli\/tuote\/suojakypara-sir-safety-everest\/#local-main-organization-logo","url":"https:\/\/hotelli03.domainhotelli.fi\/~lsdoecli\/wp-content\/uploads\/2021\/08\/JVTuonti_logo_nelio.jpg","contentUrl":"https:\/\/hotelli03.domainhotelli.fi\/~lsdoecli\/wp-content\/uploads\/2021\/08\/JVTuonti_logo_nelio.jpg","width":550,"height":550,"caption":"JV Tuonti Oy"}]},"og_availability":"instock","product_availability":"instock","product_condition":"new","geo.placename":"Vantaa","geo.position":{"lat":"60.28431","long":"24.81654"},"geo.region":"Suomi"},"_links":{"self":[{"href":"https:\/\/hotelli03.domainhotelli.fi\/~lsdoecli\/wp-json\/wp\/v2\/product\/10442"}],"collection":[{"href":"https:\/\/hotelli03.domainhotelli.fi\/~lsdoecli\/wp-json\/wp\/v2\/product"}],"about":[{"href":"https:\/\/hotelli03.domainhotelli.fi\/~lsdoecli\/wp-json\/wp\/v2\/types\/product"}],"replies":[{"embeddable":true,"href":"https:\/\/hotelli03.domainhotelli.fi\/~lsdoecli\/wp-json\/wp\/v2\/comments?post=10442"}],"wp:featuredmedia":[{"embeddable":true,"href":"https:\/\/hotelli03.domainhotelli.fi\/~lsdoecli\/wp-json\/wp\/v2\/media\/10445"}],"wp:attachment":[{"href":"https:\/\/hotelli03.domainhotelli.fi\/~lsdoecli\/wp-json\/wp\/v2\/media?parent=10442"}],"wp:term":[{"taxonomy":"product_cat","embeddable":true,"href":"https:\/\/hotelli03.domainhotelli.fi\/~lsdoecli\/wp-json\/wp\/v2\/product_cat?post=10442"},{"taxonomy":"product_tag","embeddable":true,"href":"https:\/\/hotelli03.domainhotelli.fi\/~lsdoecli\/wp-json\/wp\/v2\/product_tag?post=10442"}],"curies":[{"name":"wp","href":"https:\/\/api.w.org\/{rel}","templated":true}]}}