{"id":10355,"date":"2022-07-17T04:57:12","date_gmt":"2022-07-17T04:57:12","guid":{"rendered":"https:\/\/hotelli03.domainhotelli.fi\/~lsdoecli\/?post_type=product&#038;p=10355"},"modified":"2022-08-17T15:27:32","modified_gmt":"2022-08-17T15:27:32","slug":"nitriilikasineet-n-guard-jvt-medical-sininen-100-kpl","status":"publish","type":"product","link":"https:\/\/hotelli03.domainhotelli.fi\/~lsdoecli\/tuote\/nitriilikasineet-n-guard-jvt-medical-sininen-100-kpl\/","title":{"rendered":"Nitriilik\u00e4sineet N-Guard | JVT Medical | sininen | 100 kpl"},"content":{"rendered":"<h1>Nitriilik\u00e4sineet N-Guard JVT Medical sininen 100 kpl<\/h1>\n<p>Nitriilik\u00e4sineet N-Guard on ammattilaisille tarkoitetut kertak\u00e4ytt\u00f6iset suojak\u00e4sineet, jotka suojaavat k\u00e4si\u00e4 viruksilta, bakteereilta, vaarallisilta ja sy\u00f6vytt\u00e4vilt\u00e4 kemikaaleilta ja eritteilt\u00e4.<\/p>\n<p>Nitriilik\u00e4sineet N-Guard on valmistettu synteettisest\u00e4 nitriilikumista, joka on eritt\u00e4in kest\u00e4v\u00e4 ja joustava, eik\u00e4 aiheuta allergisia reaktioita.\u00a0Puuteriton nitriilihanska, joka soveltuu hyvin terveydenhuollon ja elintarviketeollisuuden k\u00e4ytt\u00f6\u00f6n. Rasia sis\u00e4lt\u00e4\u00e4 100 kpl kertak\u00e4ytt\u00f6k\u00e4sineit\u00e4. Ei sis\u00e4ll\u00e4 lateksia.<\/p>\n<p style=\"font-weight: 400;\">N-Guard nitriilihanskat ovat eritt\u00e4in ohuita ja niiss\u00e4 on erinomainen sormituntuma, mik\u00e4 mahdollista tarkan ty\u00f6skentelyn kertak\u00e4ytt\u00f6k\u00e4sineiden kanssa.<\/p>\n<p>Kertak\u00e4ytt\u00f6k\u00e4sineet suojaavat k\u00e4si\u00e4 \u00f6ljypohjaisilta tuotteilta, useimmilta kemikaaleilta, el\u00e4inper\u00e4isilt\u00e4 rasvoilta, bensiinilt\u00e4 ja erilaisilta nesteilt\u00e4.<\/p>\n<p>JVT Medical kertak\u00e4ytt\u00f6iset nitriilihanskat soveltuvat seuraavan k\u00e4ytt\u00f6\u00f6n:<\/p>\n<ul>\n<li>terveydenhuolto<\/li>\n<li>hoiva-ala<\/li>\n<li>laboratoriot<\/li>\n<li>l\u00e4\u00e4keteollisuus<\/li>\n<li>elintarviketeollisuus<\/li>\n<li>siivousala<\/li>\n<li>kaupan ala<\/li>\n<li>teollisuus<\/li>\n<li>rakennusala<\/li>\n<li>rakentamisteollisuus<\/li>\n<li>kauneudenhoitoala<\/li>\n<li>tatuointi &#8211; ja l\u00e4vitysliikkeet<\/li>\n<\/ul>\n<p>JVT Medical nitriilik\u00e4sineet sopivat sek\u00e4 naisille, ett\u00e4 miehelle ja vasen tai oikeank\u00e4tisille.<\/p>\n<h2>Kertak\u00e4ytt\u00f6k\u00e4sineet nitriili N-Guard terveydenhuollon k\u00e4ytt\u00f6\u00f6n<\/h2>\n<p>N-Guard tehdaspuhtaat nitriilik\u00e4sineet on suunniteltu terveydenhuollon k\u00e4ytt\u00f6\u00f6n suojaamaan hoitohenkil\u00f6kuntaa ja potilasta hoitotoimenpiteiss\u00e4 ja tutkimustilanteissa. Suojaavat kertak\u00e4ytt\u00f6k\u00e4sineet tulee vaihtaa joka toimenpiteen ja potilaan j\u00e4lkeen. Kertak\u00e4ytt\u00f6is\u00e4 nitriilihanskoja ei saa pest\u00e4.<\/p>\n<p>Terveydenhuollossa \u00a0ka\u0308ytetta\u0308vien kertaka\u0308ytto\u0308 nitriili suojaka\u0308sineiden tulee t\u00e4ytt\u00e4\u00e4 standardien EN 455 (1-3) vaatimukset. Kun kertak\u00e4ytt\u00f6k\u00e4sineill\u00e4 k\u00e4sitell\u00e4\u00e4n kemikaaleja, on nitriilik\u00e4sineiden lis\u00e4ksi oltava EN 420 ja EN 374 standardin mukaisia.<\/p>\n<p>Terveydenhuollon nitriili suojak\u00e4sineiden tulee olla puuterittomia. Puuteri kertak\u00e4ytt\u00f6k\u00e4sineiss\u00e4 voi aiheuttaa tulehduksia leikkaustoimenpiteiden yhteydess\u00e4 ja herkistymist\u00e4 tai yliherkkyytt\u00e4, puuterissa olevan valkuaisaineen johdosta. JVT Medical nitriili suojak\u00e4sineet ovat t\u00e4ysin puuterittomia, eiv\u00e4tk\u00e4 sis\u00e4ll\u00e4 lateksia ja soveltuvat henkil\u00f6ille, joilla on luonnonkumiallergia.<\/p>\n<h2>Nitriilik\u00e4sineet N-Guard hyv\u00e4ksynn\u00e4t ja ominaisuudet<\/h2>\n<ul style=\"font-weight: 400;\">\n<li>Puuteriton<\/li>\n<li>Ei sis\u00e4ll\u00e4 lateksia<\/li>\n<li>AQL 1.5<\/li>\n<li>ECC luokka 1<\/li>\n<li>PPE 2016\/425 luokka III<\/li>\n<li>Elintarvikehyv\u00e4ksytty<\/li>\n<li>Terveydenhuollon k\u00e4ytt\u00f6\u00f6n<\/li>\n<\/ul>\n<p>Kertak\u00e4ytt\u00f6iset nitriilik\u00e4sineet t\u00e4ytt\u00e4v\u00e4t seuraavat standardit<\/p>\n<ul style=\"font-weight: 400;\">\n<li>EN 4554: 1-4<\/li>\n<li>EN 374-1<\/li>\n<li>EN 374-5<\/li>\n<li>EN 420<\/li>\n<li>EN 388<\/li>\n<li>ISO 9001:2015<\/li>\n<li>ISO 13485:2016<\/li>\n<\/ul>\n<p>&nbsp;<\/p>\n<p>&nbsp;<\/p>\n<p>&nbsp;<\/p>\n","protected":false},"excerpt":{"rendered":"<p>Nitriilik\u00e4sineet N-Guard ovat puuterittomia eiv\u00e4tk\u00e4 sis\u00e4ll\u00e4 lateksia ja ne ovat paras valinta terveydenhuollon ja elintarviketeollisuuden tarpeisiin.<\/p>\n<p>Kertak\u00e4ytt\u00f6k\u00e4sineet on valmistettu synteettisest\u00e4 nitriilikumista, mik\u00e4 on eritt\u00e4in kest\u00e4v\u00e4 ja joustava, eik\u00e4 aiheuta allergisia reaktiota. Rasiassa on 100 kpl suojak\u00e4sineit\u00e4.<\/p>\n","protected":false},"featured_media":10415,"comment_status":"open","ping_status":"closed","template":"","meta":[],"product_cat":[1270],"product_tag":[1260,1259,1261,1262,1265,1258,1263,1264],"yoast_head":"<!-- This site is optimized with the Yoast SEO Premium plugin v18.9 (Yoast SEO v19.3) - https:\/\/yoast.com\/wordpress\/plugins\/seo\/ -->\n<title>Nitriilik\u00e4sineet N-Guard | JVT Medical | sininen | 100 kpl<\/title>\n<meta name=\"description\" content=\"Nitriilik\u00e4sineet N-Guard tarjoavat parhaan suojan kemikaaleja, viruksia ja baktereita vastaan. Tilaa nitriili kertak\u00e4ytt\u00f6k\u00e4sineet netist\u00e4!\" \/>\n<meta name=\"robots\" content=\"index, follow, max-snippet:-1, max-image-preview:large, max-video-preview:-1\" \/>\n<link rel=\"canonical\" href=\"https:\/\/hotelli03.domainhotelli.fi\/~lsdoecli\/tuote\/nitriilikasineet-n-guard-jvt-medical-sininen-100-kpl\/\" \/>\n<meta property=\"og:locale\" content=\"fi_FI\" \/>\n<meta property=\"og:type\" content=\"article\" \/>\n<meta property=\"og:title\" content=\"Nitriilik\u00e4sineet N-Guard | JVT Medical | sininen | 100 kpl\" \/>\n<meta property=\"og:description\" content=\"Nitriilik\u00e4sineet N-Guard tarjoavat parhaan suojan kemikaaleja, viruksia ja baktereita vastaan. Tilaa nitriili kertak\u00e4ytt\u00f6k\u00e4sineet netist\u00e4!\" \/>\n<meta property=\"og:url\" content=\"https:\/\/hotelli03.domainhotelli.fi\/~lsdoecli\/tuote\/nitriilikasineet-n-guard-jvt-medical-sininen-100-kpl\/\" \/>\n<meta property=\"og:site_name\" content=\"JV Tuonti\" \/>\n<meta property=\"article:publisher\" content=\"https:\/\/www.facebook.com\/JVTuontiOy\" \/>\n<meta property=\"article:modified_time\" content=\"2022-08-17T15:27:32+00:00\" \/>\n<meta property=\"og:image\" content=\"https:\/\/hotelli03.domainhotelli.fi\/~lsdoecli\/wp-content\/uploads\/2022\/07\/JVT-N-Guard-nitriilikasine-paketti.jpeg\" \/>\n\t<meta property=\"og:image:width\" content=\"480\" \/>\n\t<meta property=\"og:image:height\" content=\"480\" \/>\n\t<meta property=\"og:image:type\" content=\"image\/jpeg\" \/>\n<meta name=\"twitter:card\" content=\"summary_large_image\" \/>\n<meta name=\"twitter:label1\" content=\"Availability\" \/>\n\t<meta name=\"twitter:data1\" content=\"In stock\" \/>\n<script type=\"application\/ld+json\" class=\"yoast-schema-graph\">{\"@context\":\"https:\/\/schema.org\",\"@graph\":[{\"@type\":[\"Organization\",\"Place\",\"WholesaleStore\"],\"@id\":\"https:\/\/hotelli03.domainhotelli.fi\/~lsdoecli\/#organization\",\"name\":\"JV Tuonti Oy\",\"url\":\"https:\/\/hotelli03.domainhotelli.fi\/~lsdoecli\/\",\"sameAs\":[\"https:\/\/instagram.com\/jvtuontioy?utm_medium=copy_link\",\"https:\/\/www.facebook.com\/JVTuontiOy\"],\"logo\":{\"@id\":\"https:\/\/hotelli03.domainhotelli.fi\/~lsdoecli\/tuote\/nitriilikasineet-n-guard-jvt-medical-sininen-100-kpl\/#local-main-organization-logo\"},\"image\":{\"@id\":\"https:\/\/hotelli03.domainhotelli.fi\/~lsdoecli\/tuote\/nitriilikasineet-n-guard-jvt-medical-sininen-100-kpl\/#local-main-organization-logo\"},\"address\":{\"@id\":\"https:\/\/hotelli03.domainhotelli.fi\/~lsdoecli\/tuote\/nitriilikasineet-n-guard-jvt-medical-sininen-100-kpl\/#local-main-place-address\"},\"geo\":{\"@type\":\"GeoCoordinates\",\"latitude\":\"60.28431\",\"longitude\":\"24.81654\"},\"telephone\":[\"0408369980\"],\"openingHoursSpecification\":[{\"@type\":\"OpeningHoursSpecification\",\"dayOfWeek\":[\"Monday\",\"Tuesday\",\"Wednesday\",\"Thursday\",\"Friday\"],\"opens\":\"08:00\",\"closes\":\"16:00\"},{\"@type\":\"OpeningHoursSpecification\",\"dayOfWeek\":[\"Saturday\",\"Sunday\"],\"opens\":\"00:00\",\"closes\":\"00:00\"}],\"email\":\"myynti@hotelli03.domainhotelli.fi\",\"areaServed\":\"Suomi, Ruotsi\",\"vatID\":\"FI30178387\",\"priceRange\":\"$$\",\"currenciesAccepted\":\"\u20ac\",\"paymentAccepted\":\"Lasku, pankkikortti\"},{\"@type\":\"WebSite\",\"@id\":\"https:\/\/hotelli03.domainhotelli.fi\/~lsdoecli\/#website\",\"url\":\"https:\/\/hotelli03.domainhotelli.fi\/~lsdoecli\/\",\"name\":\"JV Tuonti\",\"description\":\"JV Tuonti Oy:n verkkokauppa\",\"publisher\":{\"@id\":\"https:\/\/hotelli03.domainhotelli.fi\/~lsdoecli\/#organization\"},\"potentialAction\":[{\"@type\":\"SearchAction\",\"target\":{\"@type\":\"EntryPoint\",\"urlTemplate\":\"https:\/\/hotelli03.domainhotelli.fi\/~lsdoecli\/?s={search_term_string}\"},\"query-input\":\"required name=search_term_string\"}],\"inLanguage\":\"fi\"},{\"@type\":\"ImageObject\",\"inLanguage\":\"fi\",\"@id\":\"https:\/\/hotelli03.domainhotelli.fi\/~lsdoecli\/tuote\/nitriilikasineet-n-guard-jvt-medical-sininen-100-kpl\/#primaryimage\",\"url\":\"https:\/\/hotelli03.domainhotelli.fi\/~lsdoecli\/wp-content\/uploads\/2022\/07\/JVT-N-Guard-nitriilikasine-paketti.jpeg\",\"contentUrl\":\"https:\/\/hotelli03.domainhotelli.fi\/~lsdoecli\/wp-content\/uploads\/2022\/07\/JVT-N-Guard-nitriilikasine-paketti.jpeg\",\"width\":480,\"height\":480,\"caption\":\"Nitriilik\u00e4sineet N-Guard JVT Medical sininen 100 kpl\"},{\"@type\":\"WebPage\",\"@id\":\"https:\/\/hotelli03.domainhotelli.fi\/~lsdoecli\/tuote\/nitriilikasineet-n-guard-jvt-medical-sininen-100-kpl\/\",\"url\":\"https:\/\/hotelli03.domainhotelli.fi\/~lsdoecli\/tuote\/nitriilikasineet-n-guard-jvt-medical-sininen-100-kpl\/\",\"name\":\"Nitriilik\u00e4sineet N-Guard | JVT Medical | sininen | 100 kpl\",\"isPartOf\":{\"@id\":\"https:\/\/hotelli03.domainhotelli.fi\/~lsdoecli\/#website\"},\"primaryImageOfPage\":{\"@id\":\"https:\/\/hotelli03.domainhotelli.fi\/~lsdoecli\/tuote\/nitriilikasineet-n-guard-jvt-medical-sininen-100-kpl\/#primaryimage\"},\"datePublished\":\"2022-07-17T04:57:12+00:00\",\"dateModified\":\"2022-08-17T15:27:32+00:00\",\"description\":\"Nitriilik\u00e4sineet N-Guard tarjoavat parhaan suojan kemikaaleja, viruksia ja baktereita vastaan. Tilaa nitriili kertak\u00e4ytt\u00f6k\u00e4sineet netist\u00e4!\",\"breadcrumb\":{\"@id\":\"https:\/\/hotelli03.domainhotelli.fi\/~lsdoecli\/tuote\/nitriilikasineet-n-guard-jvt-medical-sininen-100-kpl\/#breadcrumb\"},\"inLanguage\":\"fi\",\"potentialAction\":[{\"@type\":\"ReadAction\",\"target\":[\"https:\/\/hotelli03.domainhotelli.fi\/~lsdoecli\/tuote\/nitriilikasineet-n-guard-jvt-medical-sininen-100-kpl\/\"]}]},{\"@type\":\"BreadcrumbList\",\"@id\":\"https:\/\/hotelli03.domainhotelli.fi\/~lsdoecli\/tuote\/nitriilikasineet-n-guard-jvt-medical-sininen-100-kpl\/#breadcrumb\",\"itemListElement\":[{\"@type\":\"ListItem\",\"position\":1,\"name\":\"Etusivu\",\"item\":\"https:\/\/hotelli03.domainhotelli.fi\/~lsdoecli\/\"},{\"@type\":\"ListItem\",\"position\":2,\"name\":\"Kauppa\",\"item\":\"https:\/\/hotelli03.domainhotelli.fi\/~lsdoecli\/kauppa\/\"},{\"@type\":\"ListItem\",\"position\":3,\"name\":\"Nitriilik\u00e4sineet N-Guard | JVT Medical | sininen | 100 kpl\"}]},{\"@type\":\"PostalAddress\",\"@id\":\"https:\/\/hotelli03.domainhotelli.fi\/~lsdoecli\/tuote\/nitriilikasineet-n-guard-jvt-medical-sininen-100-kpl\/#local-main-place-address\",\"streetAddress\":\"Pyymosantie 5a\",\"addressLocality\":\"Vantaa\",\"postalCode\":\"01720\",\"addressCountry\":\"FI\"},{\"@type\":\"ImageObject\",\"inLanguage\":\"fi\",\"@id\":\"https:\/\/hotelli03.domainhotelli.fi\/~lsdoecli\/tuote\/nitriilikasineet-n-guard-jvt-medical-sininen-100-kpl\/#local-main-organization-logo\",\"url\":\"https:\/\/hotelli03.domainhotelli.fi\/~lsdoecli\/wp-content\/uploads\/2021\/08\/JVTuonti_logo_nelio.jpg\",\"contentUrl\":\"https:\/\/hotelli03.domainhotelli.fi\/~lsdoecli\/wp-content\/uploads\/2021\/08\/JVTuonti_logo_nelio.jpg\",\"width\":550,\"height\":550,\"caption\":\"JV Tuonti Oy\"}]}<\/script>\n<meta property=\"og:availability\" content=\"instock\" \/>\n<meta property=\"product:availability\" content=\"instock\" \/>\n<meta property=\"product:condition\" content=\"new\" \/>\n<meta name=\"geo.placename\" content=\"Vantaa\" \/>\n<meta name=\"geo.position\" content=\"60.28431;24.81654\" \/>\n<meta name=\"geo.region\" content=\"Suomi\" \/>\n<!-- \/ Yoast SEO Premium plugin. -->","yoast_head_json":{"title":"Nitriilik\u00e4sineet N-Guard | JVT Medical | sininen | 100 kpl","description":"Nitriilik\u00e4sineet N-Guard tarjoavat parhaan suojan kemikaaleja, viruksia ja baktereita vastaan. Tilaa nitriili kertak\u00e4ytt\u00f6k\u00e4sineet netist\u00e4!","robots":{"index":"index","follow":"follow","max-snippet":"max-snippet:-1","max-image-preview":"max-image-preview:large","max-video-preview":"max-video-preview:-1"},"canonical":"https:\/\/hotelli03.domainhotelli.fi\/~lsdoecli\/tuote\/nitriilikasineet-n-guard-jvt-medical-sininen-100-kpl\/","og_locale":"fi_FI","og_type":"article","og_title":"Nitriilik\u00e4sineet N-Guard | JVT Medical | sininen | 100 kpl","og_description":"Nitriilik\u00e4sineet N-Guard tarjoavat parhaan suojan kemikaaleja, viruksia ja baktereita vastaan. Tilaa nitriili kertak\u00e4ytt\u00f6k\u00e4sineet netist\u00e4!","og_url":"https:\/\/hotelli03.domainhotelli.fi\/~lsdoecli\/tuote\/nitriilikasineet-n-guard-jvt-medical-sininen-100-kpl\/","og_site_name":"JV Tuonti","article_publisher":"https:\/\/www.facebook.com\/JVTuontiOy","article_modified_time":"2022-08-17T15:27:32+00:00","og_image":[{"width":480,"height":480,"url":"https:\/\/hotelli03.domainhotelli.fi\/~lsdoecli\/wp-content\/uploads\/2022\/07\/JVT-N-Guard-nitriilikasine-paketti.jpeg","type":"image\/jpeg"}],"twitter_card":"summary_large_image","twitter_misc":{"Availability":"In stock"},"schema":{"@context":"https:\/\/schema.org","@graph":[{"@type":["Organization","Place","WholesaleStore"],"@id":"https:\/\/hotelli03.domainhotelli.fi\/~lsdoecli\/#organization","name":"JV Tuonti Oy","url":"https:\/\/hotelli03.domainhotelli.fi\/~lsdoecli\/","sameAs":["https:\/\/instagram.com\/jvtuontioy?utm_medium=copy_link","https:\/\/www.facebook.com\/JVTuontiOy"],"logo":{"@id":"https:\/\/hotelli03.domainhotelli.fi\/~lsdoecli\/tuote\/nitriilikasineet-n-guard-jvt-medical-sininen-100-kpl\/#local-main-organization-logo"},"image":{"@id":"https:\/\/hotelli03.domainhotelli.fi\/~lsdoecli\/tuote\/nitriilikasineet-n-guard-jvt-medical-sininen-100-kpl\/#local-main-organization-logo"},"address":{"@id":"https:\/\/hotelli03.domainhotelli.fi\/~lsdoecli\/tuote\/nitriilikasineet-n-guard-jvt-medical-sininen-100-kpl\/#local-main-place-address"},"geo":{"@type":"GeoCoordinates","latitude":"60.28431","longitude":"24.81654"},"telephone":["0408369980"],"openingHoursSpecification":[{"@type":"OpeningHoursSpecification","dayOfWeek":["Monday","Tuesday","Wednesday","Thursday","Friday"],"opens":"08:00","closes":"16:00"},{"@type":"OpeningHoursSpecification","dayOfWeek":["Saturday","Sunday"],"opens":"00:00","closes":"00:00"}],"email":"myynti@hotelli03.domainhotelli.fi","areaServed":"Suomi, Ruotsi","vatID":"FI30178387","priceRange":"$$","currenciesAccepted":"\u20ac","paymentAccepted":"Lasku, pankkikortti"},{"@type":"WebSite","@id":"https:\/\/hotelli03.domainhotelli.fi\/~lsdoecli\/#website","url":"https:\/\/hotelli03.domainhotelli.fi\/~lsdoecli\/","name":"JV Tuonti","description":"JV Tuonti Oy:n verkkokauppa","publisher":{"@id":"https:\/\/hotelli03.domainhotelli.fi\/~lsdoecli\/#organization"},"potentialAction":[{"@type":"SearchAction","target":{"@type":"EntryPoint","urlTemplate":"https:\/\/hotelli03.domainhotelli.fi\/~lsdoecli\/?s={search_term_string}"},"query-input":"required name=search_term_string"}],"inLanguage":"fi"},{"@type":"ImageObject","inLanguage":"fi","@id":"https:\/\/hotelli03.domainhotelli.fi\/~lsdoecli\/tuote\/nitriilikasineet-n-guard-jvt-medical-sininen-100-kpl\/#primaryimage","url":"https:\/\/hotelli03.domainhotelli.fi\/~lsdoecli\/wp-content\/uploads\/2022\/07\/JVT-N-Guard-nitriilikasine-paketti.jpeg","contentUrl":"https:\/\/hotelli03.domainhotelli.fi\/~lsdoecli\/wp-content\/uploads\/2022\/07\/JVT-N-Guard-nitriilikasine-paketti.jpeg","width":480,"height":480,"caption":"Nitriilik\u00e4sineet N-Guard JVT Medical sininen 100 kpl"},{"@type":"WebPage","@id":"https:\/\/hotelli03.domainhotelli.fi\/~lsdoecli\/tuote\/nitriilikasineet-n-guard-jvt-medical-sininen-100-kpl\/","url":"https:\/\/hotelli03.domainhotelli.fi\/~lsdoecli\/tuote\/nitriilikasineet-n-guard-jvt-medical-sininen-100-kpl\/","name":"Nitriilik\u00e4sineet N-Guard | JVT Medical | sininen | 100 kpl","isPartOf":{"@id":"https:\/\/hotelli03.domainhotelli.fi\/~lsdoecli\/#website"},"primaryImageOfPage":{"@id":"https:\/\/hotelli03.domainhotelli.fi\/~lsdoecli\/tuote\/nitriilikasineet-n-guard-jvt-medical-sininen-100-kpl\/#primaryimage"},"datePublished":"2022-07-17T04:57:12+00:00","dateModified":"2022-08-17T15:27:32+00:00","description":"Nitriilik\u00e4sineet N-Guard tarjoavat parhaan suojan kemikaaleja, viruksia ja baktereita vastaan. Tilaa nitriili kertak\u00e4ytt\u00f6k\u00e4sineet netist\u00e4!","breadcrumb":{"@id":"https:\/\/hotelli03.domainhotelli.fi\/~lsdoecli\/tuote\/nitriilikasineet-n-guard-jvt-medical-sininen-100-kpl\/#breadcrumb"},"inLanguage":"fi","potentialAction":[{"@type":"ReadAction","target":["https:\/\/hotelli03.domainhotelli.fi\/~lsdoecli\/tuote\/nitriilikasineet-n-guard-jvt-medical-sininen-100-kpl\/"]}]},{"@type":"BreadcrumbList","@id":"https:\/\/hotelli03.domainhotelli.fi\/~lsdoecli\/tuote\/nitriilikasineet-n-guard-jvt-medical-sininen-100-kpl\/#breadcrumb","itemListElement":[{"@type":"ListItem","position":1,"name":"Etusivu","item":"https:\/\/hotelli03.domainhotelli.fi\/~lsdoecli\/"},{"@type":"ListItem","position":2,"name":"Kauppa","item":"https:\/\/hotelli03.domainhotelli.fi\/~lsdoecli\/kauppa\/"},{"@type":"ListItem","position":3,"name":"Nitriilik\u00e4sineet N-Guard | JVT Medical | sininen | 100 kpl"}]},{"@type":"PostalAddress","@id":"https:\/\/hotelli03.domainhotelli.fi\/~lsdoecli\/tuote\/nitriilikasineet-n-guard-jvt-medical-sininen-100-kpl\/#local-main-place-address","streetAddress":"Pyymosantie 5a","addressLocality":"Vantaa","postalCode":"01720","addressCountry":"FI"},{"@type":"ImageObject","inLanguage":"fi","@id":"https:\/\/hotelli03.domainhotelli.fi\/~lsdoecli\/tuote\/nitriilikasineet-n-guard-jvt-medical-sininen-100-kpl\/#local-main-organization-logo","url":"https:\/\/hotelli03.domainhotelli.fi\/~lsdoecli\/wp-content\/uploads\/2021\/08\/JVTuonti_logo_nelio.jpg","contentUrl":"https:\/\/hotelli03.domainhotelli.fi\/~lsdoecli\/wp-content\/uploads\/2021\/08\/JVTuonti_logo_nelio.jpg","width":550,"height":550,"caption":"JV Tuonti Oy"}]},"og_availability":"instock","product_availability":"instock","product_condition":"new","geo.placename":"Vantaa","geo.position":{"lat":"60.28431","long":"24.81654"},"geo.region":"Suomi"},"_links":{"self":[{"href":"https:\/\/hotelli03.domainhotelli.fi\/~lsdoecli\/wp-json\/wp\/v2\/product\/10355"}],"collection":[{"href":"https:\/\/hotelli03.domainhotelli.fi\/~lsdoecli\/wp-json\/wp\/v2\/product"}],"about":[{"href":"https:\/\/hotelli03.domainhotelli.fi\/~lsdoecli\/wp-json\/wp\/v2\/types\/product"}],"replies":[{"embeddable":true,"href":"https:\/\/hotelli03.domainhotelli.fi\/~lsdoecli\/wp-json\/wp\/v2\/comments?post=10355"}],"wp:featuredmedia":[{"embeddable":true,"href":"https:\/\/hotelli03.domainhotelli.fi\/~lsdoecli\/wp-json\/wp\/v2\/media\/10415"}],"wp:attachment":[{"href":"https:\/\/hotelli03.domainhotelli.fi\/~lsdoecli\/wp-json\/wp\/v2\/media?parent=10355"}],"wp:term":[{"taxonomy":"product_cat","embeddable":true,"href":"https:\/\/hotelli03.domainhotelli.fi\/~lsdoecli\/wp-json\/wp\/v2\/product_cat?post=10355"},{"taxonomy":"product_tag","embeddable":true,"href":"https:\/\/hotelli03.domainhotelli.fi\/~lsdoecli\/wp-json\/wp\/v2\/product_tag?post=10355"}],"curies":[{"name":"wp","href":"https:\/\/api.w.org\/{rel}","templated":true}]}}