{"id":10265,"date":"2022-06-12T03:49:31","date_gmt":"2022-06-12T03:49:31","guid":{"rendered":"https:\/\/hotelli03.domainhotelli.fi\/~lsdoecli\/?post_type=product&#038;p=10265"},"modified":"2022-09-03T16:28:13","modified_gmt":"2022-09-03T16:28:13","slug":"xr-aaneneristysranka-valiseina","status":"publish","type":"product","link":"https:\/\/hotelli03.domainhotelli.fi\/~lsdoecli\/tuote\/xr-aaneneristysranka-valiseina\/","title":{"rendered":"\u00c4\u00e4neneristysranka XR v\u00e4lisein\u00e4"},"content":{"rendered":"<h1>\u00c4\u00e4neneristysranka XR v\u00e4lisein\u00e4<\/h1>\n<p>\u00c4\u00e4neneristysranka XR on kipsilevy v\u00e4lisein\u00e4n rakentamiseen k\u00e4ytetty pystyrunko, jossa on paremmat \u00e4\u00e4nt\u00e4 erist\u00e4v\u00e4t ominaisuudet kun LPR v\u00e4lisein\u00e4rangassa. XR v\u00e4lisein\u00e4ranka joustaa paremmin, mik\u00e4 parantaa v\u00e4lisein\u00e4n \u00e4\u00e4neneristyst\u00e4. \u00c4\u00e4neneristysranka XR on nopea ja helppo asentaa ja saat meilt\u00e4 v\u00e4lisein\u00e4rangat kerroskohtaisesti mitoitettu oikean korkeuden mukaisesti. XR \u00e4\u00e4neneristysranka on valmistettu sinkityst\u00e4 0.55 mm ter\u00e4ksest\u00e4.<\/p>\n<p>XR peltirankaa l\u00f6ytyy eri kokoisena ja koot vaihtelevat 42 mm &#8211; 120 mm v\u00e4lill\u00e4. \u00c4\u00e4neneristysrangat ovat tehty vakiosein\u00e4paksuuksien mukaisesti ja ne ovat eritt\u00e4in mittatarkkoja. Yleisimm\u00e4t v\u00e4lisein\u00e4rakenteissa k\u00e4ytetty XR \u00e4\u00e4neneristysrankojen koot ovat 66 mm ja 95 mm. \u00c4\u00e4neneristyranka XR vakiomitat ovat:<\/p>\n<ul>\n<li>2600 mm<\/li>\n<li>2720 mm<\/li>\n<li>3000 mm<\/li>\n<li>3300 mm<\/li>\n<li>3600 mm<\/li>\n<li>4000 mm<\/li>\n<\/ul>\n<p>Vakiomittaiset \u00e4\u00e4neristysrangat joutuu lyhent\u00e4m\u00e4\u00e4n ty\u00f6maalla peltisaksilla, kun holvikorkeus vaihtelee.<\/p>\n<p>Tarjoamme \u00e4\u00e4neneristysrankojen toimituksen m\u00e4\u00e4r\u00e4mittaisena ty\u00f6maalle. M\u00e4\u00e4r\u00e4mittaiset XR v\u00e4lisein\u00e4rangat nopeuttavat asennusta, s\u00e4\u00e4st\u00e4v\u00e4t kustannuksia kun hukkaa ja j\u00e4tekustannuksia ei synny. Urakoitsijalle t\u00e4m\u00e4 tarkoittaa lis\u00e4ksi, ett\u00e4 mestan siivouksesta putoa yksi vaihe pois, eli rankapalojen ker\u00e4\u00e4minen ja vieminen roskiin j\u00e4\u00e4 pois ja parantaa ty\u00f6tehokkuutta. Kysy lis\u00e4\u00e4 m\u00e4\u00e4r\u00e4mittaisten XR peltirankojen tilauksesta myynnist\u00e4 myynti@hotelli03.domainhotelli.fi tai soita\u00a0<a href=\"tel:040 836 9980\">040 836 9980<\/a><\/p>\n<p>Autamme mielell\u00e4\u00e4n \u00e4\u00e4neneristysrankojen oikeassa mitoituksessa ja asennuksiin liittyviss\u00e4 asioissa, toimitamme v\u00e4lisein\u00e4rankoja ymp\u00e4ri Suomea nopealla toimituksella.<\/p>\n<p>&nbsp;<\/p>\n","protected":false},"excerpt":{"rendered":"<p>XR \u00e4\u00e4neneristyranka on v\u00e4lisein\u00e4ranka, jota k\u00e4ytet\u00e4\u00e4n v\u00e4lisein\u00e4n asentamiseen yhdess\u00e4 SK lattiakiskon tai tiivisteellisen lattiakiskon kanssa. XR v\u00e4lisein\u00e4ranka parantaa v\u00e4lisein\u00e4n \u00e4\u00e4neneristyst\u00e4.<\/p>\n","protected":false},"featured_media":10305,"comment_status":"open","ping_status":"closed","template":"","meta":[],"product_cat":[828],"product_tag":[],"yoast_head":"<!-- This site is optimized with the Yoast SEO Premium plugin v18.9 (Yoast SEO v19.3) - https:\/\/yoast.com\/wordpress\/plugins\/seo\/ -->\n<title>\u00c4\u00e4neneristysranka XR v\u00e4lisein\u00e4<\/title>\n<meta name=\"description\" content=\"XR \u00e4\u00e4neneristysranka on kipsilevy v\u00e4lisein\u00e4n pystysranka, jota k\u00e4ytet\u00e4\u00e4n yhdess\u00e4 lattiakiskon kanssa. Tilaa v\u00e4lisein\u00e4rangat m\u00e4\u00e4r\u00e4mittaisena\" \/>\n<meta name=\"robots\" content=\"index, follow, max-snippet:-1, max-image-preview:large, max-video-preview:-1\" \/>\n<link rel=\"canonical\" href=\"https:\/\/hotelli03.domainhotelli.fi\/~lsdoecli\/tuote\/xr-aaneneristysranka-valiseina\/\" \/>\n<meta property=\"og:locale\" content=\"fi_FI\" \/>\n<meta property=\"og:type\" content=\"article\" \/>\n<meta property=\"og:title\" content=\"\u00c4\u00e4neneristysranka XR v\u00e4lisein\u00e4\" \/>\n<meta property=\"og:description\" content=\"XR \u00e4\u00e4neneristysranka on kipsilevy v\u00e4lisein\u00e4n pystysranka, jota k\u00e4ytet\u00e4\u00e4n yhdess\u00e4 lattiakiskon kanssa. Tilaa v\u00e4lisein\u00e4rangat m\u00e4\u00e4r\u00e4mittaisena\" \/>\n<meta property=\"og:url\" content=\"https:\/\/hotelli03.domainhotelli.fi\/~lsdoecli\/tuote\/xr-aaneneristysranka-valiseina\/\" \/>\n<meta property=\"og:site_name\" content=\"JV Tuonti\" \/>\n<meta property=\"article:publisher\" content=\"https:\/\/www.facebook.com\/JVTuontiOy\" \/>\n<meta property=\"article:modified_time\" content=\"2022-09-03T16:28:13+00:00\" \/>\n<meta property=\"og:image\" content=\"https:\/\/hotelli03.domainhotelli.fi\/~lsdoecli\/wp-content\/uploads\/2022\/06\/XR-aaneneristysranka-valiseina-4.png\" \/>\n\t<meta property=\"og:image:width\" content=\"412\" \/>\n\t<meta property=\"og:image:height\" content=\"332\" \/>\n\t<meta property=\"og:image:type\" content=\"image\/png\" \/>\n<meta name=\"twitter:card\" content=\"summary_large_image\" \/>\n<meta name=\"twitter:label1\" content=\"Availability\" \/>\n\t<meta name=\"twitter:data1\" content=\"In stock\" \/>\n<script type=\"application\/ld+json\" class=\"yoast-schema-graph\">{\"@context\":\"https:\/\/schema.org\",\"@graph\":[{\"@type\":[\"Organization\",\"Place\",\"WholesaleStore\"],\"@id\":\"https:\/\/hotelli03.domainhotelli.fi\/~lsdoecli\/#organization\",\"name\":\"JV Tuonti Oy\",\"url\":\"https:\/\/hotelli03.domainhotelli.fi\/~lsdoecli\/\",\"sameAs\":[\"https:\/\/instagram.com\/jvtuontioy?utm_medium=copy_link\",\"https:\/\/www.facebook.com\/JVTuontiOy\"],\"logo\":{\"@id\":\"https:\/\/hotelli03.domainhotelli.fi\/~lsdoecli\/tuote\/xr-aaneneristysranka-valiseina\/#local-main-organization-logo\"},\"image\":{\"@id\":\"https:\/\/hotelli03.domainhotelli.fi\/~lsdoecli\/tuote\/xr-aaneneristysranka-valiseina\/#local-main-organization-logo\"},\"address\":{\"@id\":\"https:\/\/hotelli03.domainhotelli.fi\/~lsdoecli\/tuote\/xr-aaneneristysranka-valiseina\/#local-main-place-address\"},\"geo\":{\"@type\":\"GeoCoordinates\",\"latitude\":\"60.28431\",\"longitude\":\"24.81654\"},\"telephone\":[\"0408369980\"],\"openingHoursSpecification\":[{\"@type\":\"OpeningHoursSpecification\",\"dayOfWeek\":[\"Monday\",\"Tuesday\",\"Wednesday\",\"Thursday\",\"Friday\"],\"opens\":\"08:00\",\"closes\":\"16:00\"},{\"@type\":\"OpeningHoursSpecification\",\"dayOfWeek\":[\"Saturday\",\"Sunday\"],\"opens\":\"00:00\",\"closes\":\"00:00\"}],\"email\":\"myynti@hotelli03.domainhotelli.fi\",\"areaServed\":\"Suomi, Ruotsi\",\"vatID\":\"FI30178387\",\"priceRange\":\"$$\",\"currenciesAccepted\":\"\u20ac\",\"paymentAccepted\":\"Lasku, pankkikortti\"},{\"@type\":\"WebSite\",\"@id\":\"https:\/\/hotelli03.domainhotelli.fi\/~lsdoecli\/#website\",\"url\":\"https:\/\/hotelli03.domainhotelli.fi\/~lsdoecli\/\",\"name\":\"JV Tuonti\",\"description\":\"JV Tuonti Oy:n verkkokauppa\",\"publisher\":{\"@id\":\"https:\/\/hotelli03.domainhotelli.fi\/~lsdoecli\/#organization\"},\"potentialAction\":[{\"@type\":\"SearchAction\",\"target\":{\"@type\":\"EntryPoint\",\"urlTemplate\":\"https:\/\/hotelli03.domainhotelli.fi\/~lsdoecli\/?s={search_term_string}\"},\"query-input\":\"required name=search_term_string\"}],\"inLanguage\":\"fi\"},{\"@type\":\"ImageObject\",\"inLanguage\":\"fi\",\"@id\":\"https:\/\/hotelli03.domainhotelli.fi\/~lsdoecli\/tuote\/xr-aaneneristysranka-valiseina\/#primaryimage\",\"url\":\"https:\/\/hotelli03.domainhotelli.fi\/~lsdoecli\/wp-content\/uploads\/2022\/06\/XR-aaneneristysranka-valiseina-4.png\",\"contentUrl\":\"https:\/\/hotelli03.domainhotelli.fi\/~lsdoecli\/wp-content\/uploads\/2022\/06\/XR-aaneneristysranka-valiseina-4.png\",\"width\":412,\"height\":332,\"caption\":\"\u00c4\u00e4neneristysranka XR v\u00e4lisein\u00e4\"},{\"@type\":\"WebPage\",\"@id\":\"https:\/\/hotelli03.domainhotelli.fi\/~lsdoecli\/tuote\/xr-aaneneristysranka-valiseina\/\",\"url\":\"https:\/\/hotelli03.domainhotelli.fi\/~lsdoecli\/tuote\/xr-aaneneristysranka-valiseina\/\",\"name\":\"\u00c4\u00e4neneristysranka XR v\u00e4lisein\u00e4\",\"isPartOf\":{\"@id\":\"https:\/\/hotelli03.domainhotelli.fi\/~lsdoecli\/#website\"},\"primaryImageOfPage\":{\"@id\":\"https:\/\/hotelli03.domainhotelli.fi\/~lsdoecli\/tuote\/xr-aaneneristysranka-valiseina\/#primaryimage\"},\"datePublished\":\"2022-06-12T03:49:31+00:00\",\"dateModified\":\"2022-09-03T16:28:13+00:00\",\"description\":\"XR \u00e4\u00e4neneristysranka on kipsilevy v\u00e4lisein\u00e4n pystysranka, jota k\u00e4ytet\u00e4\u00e4n yhdess\u00e4 lattiakiskon kanssa. Tilaa v\u00e4lisein\u00e4rangat m\u00e4\u00e4r\u00e4mittaisena\",\"breadcrumb\":{\"@id\":\"https:\/\/hotelli03.domainhotelli.fi\/~lsdoecli\/tuote\/xr-aaneneristysranka-valiseina\/#breadcrumb\"},\"inLanguage\":\"fi\",\"potentialAction\":[{\"@type\":\"ReadAction\",\"target\":[\"https:\/\/hotelli03.domainhotelli.fi\/~lsdoecli\/tuote\/xr-aaneneristysranka-valiseina\/\"]}]},{\"@type\":\"BreadcrumbList\",\"@id\":\"https:\/\/hotelli03.domainhotelli.fi\/~lsdoecli\/tuote\/xr-aaneneristysranka-valiseina\/#breadcrumb\",\"itemListElement\":[{\"@type\":\"ListItem\",\"position\":1,\"name\":\"Etusivu\",\"item\":\"https:\/\/hotelli03.domainhotelli.fi\/~lsdoecli\/\"},{\"@type\":\"ListItem\",\"position\":2,\"name\":\"Kauppa\",\"item\":\"https:\/\/hotelli03.domainhotelli.fi\/~lsdoecli\/kauppa\/\"},{\"@type\":\"ListItem\",\"position\":3,\"name\":\"\u00c4\u00e4neneristysranka XR v\u00e4lisein\u00e4\"}]},{\"@type\":\"PostalAddress\",\"@id\":\"https:\/\/hotelli03.domainhotelli.fi\/~lsdoecli\/tuote\/xr-aaneneristysranka-valiseina\/#local-main-place-address\",\"streetAddress\":\"Pyymosantie 5a\",\"addressLocality\":\"Vantaa\",\"postalCode\":\"01720\",\"addressCountry\":\"FI\"},{\"@type\":\"ImageObject\",\"inLanguage\":\"fi\",\"@id\":\"https:\/\/hotelli03.domainhotelli.fi\/~lsdoecli\/tuote\/xr-aaneneristysranka-valiseina\/#local-main-organization-logo\",\"url\":\"https:\/\/hotelli03.domainhotelli.fi\/~lsdoecli\/wp-content\/uploads\/2021\/08\/JVTuonti_logo_nelio.jpg\",\"contentUrl\":\"https:\/\/hotelli03.domainhotelli.fi\/~lsdoecli\/wp-content\/uploads\/2021\/08\/JVTuonti_logo_nelio.jpg\",\"width\":550,\"height\":550,\"caption\":\"JV Tuonti Oy\"}]}<\/script>\n<meta property=\"og:availability\" content=\"instock\" \/>\n<meta property=\"product:availability\" content=\"instock\" \/>\n<meta property=\"product:condition\" content=\"new\" \/>\n<meta name=\"geo.placename\" content=\"Vantaa\" \/>\n<meta name=\"geo.position\" content=\"60.28431;24.81654\" \/>\n<meta name=\"geo.region\" content=\"Suomi\" \/>\n<!-- \/ Yoast SEO Premium plugin. -->","yoast_head_json":{"title":"\u00c4\u00e4neneristysranka XR v\u00e4lisein\u00e4","description":"XR \u00e4\u00e4neneristysranka on kipsilevy v\u00e4lisein\u00e4n pystysranka, jota k\u00e4ytet\u00e4\u00e4n yhdess\u00e4 lattiakiskon kanssa. Tilaa v\u00e4lisein\u00e4rangat m\u00e4\u00e4r\u00e4mittaisena","robots":{"index":"index","follow":"follow","max-snippet":"max-snippet:-1","max-image-preview":"max-image-preview:large","max-video-preview":"max-video-preview:-1"},"canonical":"https:\/\/hotelli03.domainhotelli.fi\/~lsdoecli\/tuote\/xr-aaneneristysranka-valiseina\/","og_locale":"fi_FI","og_type":"article","og_title":"\u00c4\u00e4neneristysranka XR v\u00e4lisein\u00e4","og_description":"XR \u00e4\u00e4neneristysranka on kipsilevy v\u00e4lisein\u00e4n pystysranka, jota k\u00e4ytet\u00e4\u00e4n yhdess\u00e4 lattiakiskon kanssa. Tilaa v\u00e4lisein\u00e4rangat m\u00e4\u00e4r\u00e4mittaisena","og_url":"https:\/\/hotelli03.domainhotelli.fi\/~lsdoecli\/tuote\/xr-aaneneristysranka-valiseina\/","og_site_name":"JV Tuonti","article_publisher":"https:\/\/www.facebook.com\/JVTuontiOy","article_modified_time":"2022-09-03T16:28:13+00:00","og_image":[{"width":412,"height":332,"url":"https:\/\/hotelli03.domainhotelli.fi\/~lsdoecli\/wp-content\/uploads\/2022\/06\/XR-aaneneristysranka-valiseina-4.png","type":"image\/png"}],"twitter_card":"summary_large_image","twitter_misc":{"Availability":"In stock"},"schema":{"@context":"https:\/\/schema.org","@graph":[{"@type":["Organization","Place","WholesaleStore"],"@id":"https:\/\/hotelli03.domainhotelli.fi\/~lsdoecli\/#organization","name":"JV Tuonti Oy","url":"https:\/\/hotelli03.domainhotelli.fi\/~lsdoecli\/","sameAs":["https:\/\/instagram.com\/jvtuontioy?utm_medium=copy_link","https:\/\/www.facebook.com\/JVTuontiOy"],"logo":{"@id":"https:\/\/hotelli03.domainhotelli.fi\/~lsdoecli\/tuote\/xr-aaneneristysranka-valiseina\/#local-main-organization-logo"},"image":{"@id":"https:\/\/hotelli03.domainhotelli.fi\/~lsdoecli\/tuote\/xr-aaneneristysranka-valiseina\/#local-main-organization-logo"},"address":{"@id":"https:\/\/hotelli03.domainhotelli.fi\/~lsdoecli\/tuote\/xr-aaneneristysranka-valiseina\/#local-main-place-address"},"geo":{"@type":"GeoCoordinates","latitude":"60.28431","longitude":"24.81654"},"telephone":["0408369980"],"openingHoursSpecification":[{"@type":"OpeningHoursSpecification","dayOfWeek":["Monday","Tuesday","Wednesday","Thursday","Friday"],"opens":"08:00","closes":"16:00"},{"@type":"OpeningHoursSpecification","dayOfWeek":["Saturday","Sunday"],"opens":"00:00","closes":"00:00"}],"email":"myynti@hotelli03.domainhotelli.fi","areaServed":"Suomi, Ruotsi","vatID":"FI30178387","priceRange":"$$","currenciesAccepted":"\u20ac","paymentAccepted":"Lasku, pankkikortti"},{"@type":"WebSite","@id":"https:\/\/hotelli03.domainhotelli.fi\/~lsdoecli\/#website","url":"https:\/\/hotelli03.domainhotelli.fi\/~lsdoecli\/","name":"JV Tuonti","description":"JV Tuonti Oy:n verkkokauppa","publisher":{"@id":"https:\/\/hotelli03.domainhotelli.fi\/~lsdoecli\/#organization"},"potentialAction":[{"@type":"SearchAction","target":{"@type":"EntryPoint","urlTemplate":"https:\/\/hotelli03.domainhotelli.fi\/~lsdoecli\/?s={search_term_string}"},"query-input":"required name=search_term_string"}],"inLanguage":"fi"},{"@type":"ImageObject","inLanguage":"fi","@id":"https:\/\/hotelli03.domainhotelli.fi\/~lsdoecli\/tuote\/xr-aaneneristysranka-valiseina\/#primaryimage","url":"https:\/\/hotelli03.domainhotelli.fi\/~lsdoecli\/wp-content\/uploads\/2022\/06\/XR-aaneneristysranka-valiseina-4.png","contentUrl":"https:\/\/hotelli03.domainhotelli.fi\/~lsdoecli\/wp-content\/uploads\/2022\/06\/XR-aaneneristysranka-valiseina-4.png","width":412,"height":332,"caption":"\u00c4\u00e4neneristysranka XR v\u00e4lisein\u00e4"},{"@type":"WebPage","@id":"https:\/\/hotelli03.domainhotelli.fi\/~lsdoecli\/tuote\/xr-aaneneristysranka-valiseina\/","url":"https:\/\/hotelli03.domainhotelli.fi\/~lsdoecli\/tuote\/xr-aaneneristysranka-valiseina\/","name":"\u00c4\u00e4neneristysranka XR v\u00e4lisein\u00e4","isPartOf":{"@id":"https:\/\/hotelli03.domainhotelli.fi\/~lsdoecli\/#website"},"primaryImageOfPage":{"@id":"https:\/\/hotelli03.domainhotelli.fi\/~lsdoecli\/tuote\/xr-aaneneristysranka-valiseina\/#primaryimage"},"datePublished":"2022-06-12T03:49:31+00:00","dateModified":"2022-09-03T16:28:13+00:00","description":"XR \u00e4\u00e4neneristysranka on kipsilevy v\u00e4lisein\u00e4n pystysranka, jota k\u00e4ytet\u00e4\u00e4n yhdess\u00e4 lattiakiskon kanssa. Tilaa v\u00e4lisein\u00e4rangat m\u00e4\u00e4r\u00e4mittaisena","breadcrumb":{"@id":"https:\/\/hotelli03.domainhotelli.fi\/~lsdoecli\/tuote\/xr-aaneneristysranka-valiseina\/#breadcrumb"},"inLanguage":"fi","potentialAction":[{"@type":"ReadAction","target":["https:\/\/hotelli03.domainhotelli.fi\/~lsdoecli\/tuote\/xr-aaneneristysranka-valiseina\/"]}]},{"@type":"BreadcrumbList","@id":"https:\/\/hotelli03.domainhotelli.fi\/~lsdoecli\/tuote\/xr-aaneneristysranka-valiseina\/#breadcrumb","itemListElement":[{"@type":"ListItem","position":1,"name":"Etusivu","item":"https:\/\/hotelli03.domainhotelli.fi\/~lsdoecli\/"},{"@type":"ListItem","position":2,"name":"Kauppa","item":"https:\/\/hotelli03.domainhotelli.fi\/~lsdoecli\/kauppa\/"},{"@type":"ListItem","position":3,"name":"\u00c4\u00e4neneristysranka XR v\u00e4lisein\u00e4"}]},{"@type":"PostalAddress","@id":"https:\/\/hotelli03.domainhotelli.fi\/~lsdoecli\/tuote\/xr-aaneneristysranka-valiseina\/#local-main-place-address","streetAddress":"Pyymosantie 5a","addressLocality":"Vantaa","postalCode":"01720","addressCountry":"FI"},{"@type":"ImageObject","inLanguage":"fi","@id":"https:\/\/hotelli03.domainhotelli.fi\/~lsdoecli\/tuote\/xr-aaneneristysranka-valiseina\/#local-main-organization-logo","url":"https:\/\/hotelli03.domainhotelli.fi\/~lsdoecli\/wp-content\/uploads\/2021\/08\/JVTuonti_logo_nelio.jpg","contentUrl":"https:\/\/hotelli03.domainhotelli.fi\/~lsdoecli\/wp-content\/uploads\/2021\/08\/JVTuonti_logo_nelio.jpg","width":550,"height":550,"caption":"JV Tuonti Oy"}]},"og_availability":"instock","product_availability":"instock","product_condition":"new","geo.placename":"Vantaa","geo.position":{"lat":"60.28431","long":"24.81654"},"geo.region":"Suomi"},"_links":{"self":[{"href":"https:\/\/hotelli03.domainhotelli.fi\/~lsdoecli\/wp-json\/wp\/v2\/product\/10265"}],"collection":[{"href":"https:\/\/hotelli03.domainhotelli.fi\/~lsdoecli\/wp-json\/wp\/v2\/product"}],"about":[{"href":"https:\/\/hotelli03.domainhotelli.fi\/~lsdoecli\/wp-json\/wp\/v2\/types\/product"}],"replies":[{"embeddable":true,"href":"https:\/\/hotelli03.domainhotelli.fi\/~lsdoecli\/wp-json\/wp\/v2\/comments?post=10265"}],"wp:featuredmedia":[{"embeddable":true,"href":"https:\/\/hotelli03.domainhotelli.fi\/~lsdoecli\/wp-json\/wp\/v2\/media\/10305"}],"wp:attachment":[{"href":"https:\/\/hotelli03.domainhotelli.fi\/~lsdoecli\/wp-json\/wp\/v2\/media?parent=10265"}],"wp:term":[{"taxonomy":"product_cat","embeddable":true,"href":"https:\/\/hotelli03.domainhotelli.fi\/~lsdoecli\/wp-json\/wp\/v2\/product_cat?post=10265"},{"taxonomy":"product_tag","embeddable":true,"href":"https:\/\/hotelli03.domainhotelli.fi\/~lsdoecli\/wp-json\/wp\/v2\/product_tag?post=10265"}],"curies":[{"name":"wp","href":"https:\/\/api.w.org\/{rel}","templated":true}]}}