{"id":10184,"date":"2022-06-05T13:47:00","date_gmt":"2022-06-05T13:47:00","guid":{"rendered":"https:\/\/hotelli03.domainhotelli.fi\/~lsdoecli\/?post_type=product&#038;p=10184"},"modified":"2022-06-05T15:35:17","modified_gmt":"2022-06-05T15:35:17","slug":"lattiakisko-skf-tiivisteella-valiseina","status":"publish","type":"product","link":"https:\/\/hotelli03.domainhotelli.fi\/~lsdoecli\/tuote\/lattiakisko-skf-tiivisteella-valiseina\/","title":{"rendered":"Lattiakisko SKF tiivisteell\u00e4 v\u00e4lisein\u00e4"},"content":{"rendered":"<h1>Lattiakisko SKF tiivisteell\u00e4 v\u00e4lisein\u00e4<\/h1>\n<p>Lattiakisko SKF tiivisteell\u00e4 on v\u00e4lisein\u00e4ranka LPR ja v\u00e4lsein\u00e4ranka AR (desibeli ranka) kanssa yhteensopiva kisko, jota k\u00e4ytet\u00e4\u00e4n v\u00e4lisein\u00e4n lattia-, katto &#8211; ja pystyliittymisss\u00e4. U muotoisen kiskon pohjassa on polyeteenikaista, mik\u00e4 varmistaa, ett\u00e4 kiskon ja lattian v\u00e4liin ei j\u00e4\u00e4 rakoja mist\u00e4 \u00e4\u00e4ni p\u00e4\u00e4see kulkeutumaan. SKF lattiakiskoa k\u00e4ytet\u00e4\u00e4n yleens\u00e4 desibeliseinien yhteydess\u00e4 tai tilanteissa joissa lattiapohja tai katto on ep\u00e4tasainen.<\/p>\n<p>Vaakarankan sivuuissa on muovattu karhennus, mik\u00e4 helpottaa kipsilevyn ruuvaamista kiskoon nauharuuvien tai kipsiruuvien kanssa ja varmistaa samalla kipsilevyn varman kiinnityksen.<\/p>\n<p>Lattikisko SKF tiivisteell\u00e4 on saatavilla kahdelle korkeudella: 37 mm ja 58 mm. Lattiassa k\u00e4ytet\u00e4\u00e4n yleens\u00e4 58 mm korkea kiskoa, koska siihen on helpompi ruuvata jalkalistat, kun listan takana on kiskon ter\u00e4ksinen tukipinta, johon jalkalistan saa kiinni.<\/p>\n<p>Yleisimm\u00e4t U kiskon leveydet ovat 42 mm, 66 mm, 95 mm ja 120 mm. Meill\u00e4 on valikoimassa my\u00e4s 45 mm Slim lattiakisko tiivisteell\u00e4. SKF kiskon vakiopituus on 3 m.<\/p>\n<h2>Lattiakisko SKF tiivisteell\u00e4 asennus<\/h2>\n<p>Helpoin ja nopein tapa asentaa SKF tiivisteellinen vaakaranka, on amupa lattiakisko<a href=\"https:\/\/hotelli03.domainhotelli.fi\/~lsdoecli\/tuote\/jvt-impulssinaulain-mgp-001\/\">\u00a0impulssinaulaimella<\/a> ja <a href=\"https:\/\/hotelli03.domainhotelli.fi\/~lsdoecli\/tuote\/jvt-betoninaula-hc40-60-1000kpl-kaasu\/\">16 mm betoninaulalla<\/a>\u00a0kiinni lattiaa tai kattoon. Muita vaihtoehtoja kiskon kiinnitt\u00e4mist\u00e4 varten kattoon ja lattiaan ovat p\u00f6ll\u00f6nsilm\u00e4t tai proput. Kiskon leikkaus onnistuu helposti <a href=\"https:\/\/hotelli03.domainhotelli.fi\/~lsdoecli\/tuote\/jvt-peltisakset-suoraan-leikkaavat\/\">suorilla peltisaksilla<\/a> tai peltileikkurilla.<\/p>\n<p>Merkkaa v\u00e4lisein\u00e4 linja ennen SKF kiskojen linjanarulla tai linjalaaserilla ja tussin avulla lattiaan ja kattoon. Merkkaa samalla oviaukkon paikat. Kun kisko on asennettu lattiaan, kattoon ja pystyliitoksiin, asennetaan AR v\u00e4lisein\u00e4ranka tai\u00a0<a href=\"https:\/\/hotelli03.domainhotelli.fi\/~lsdoecli\/tuote\/valiseinaranka-lpr\/\">LRP v\u00e4lisein\u00e4ranka<\/a>. Lattiakisko SKF tiivisteell\u00e4 ja LPR peltiranka tai AR pystyranka lukittaan toisiinsa <a href=\"https:\/\/hotelli03.domainhotelli.fi\/~lsdoecli\/tuote\/rankapihdit-valiseinaranka\/\">v\u00e4lisein\u00e4ranka pihdeill\u00e4<\/a>.<\/p>\n<p>&nbsp;<\/p>\n<h2>Lattiakisko SKF tiivisteell\u00e4 tuotetiedot<\/h2>\n<ul>\n<li>Myyntipakkaus: 10 kpl<\/li>\n<li>Lavapakkaus: 108 &#8211; 180 kpl (riippuen koosta)<\/li>\n<li>Ainesvahvuus: 0,55 ZN<\/li>\n<li>Hyv\u00e4ksynnyt: CE hyv\u00e4ksytty<\/li>\n<\/ul>\n<p>&nbsp;<\/p>\n","protected":false},"excerpt":{"rendered":"<p>Lattiakisko SKF on v\u00e4lisein\u00e4j\u00e4rjestelm\u00e4n U muotoinen kisko, joka asennettaan lattiaan, kattoon ja v\u00e4lisein\u00e4n pystyliittymiin. Lattiakiskon pituus on 3 metri\u00e4 ja sen on suunniteltu niin, ett\u00e4 LPR v\u00e4lisein\u00e4ranka ja AR desibeliranka saadaan asennettua siihen nopeasti ja helposti.<\/p>\n","protected":false},"featured_media":10197,"comment_status":"open","ping_status":"closed","template":"","meta":[],"product_cat":[828],"product_tag":[1253,1254,1255,1256,1250,1252],"yoast_head":"<!-- This site is optimized with the Yoast SEO Premium plugin v18.9 (Yoast SEO v19.3) - https:\/\/yoast.com\/wordpress\/plugins\/seo\/ -->\n<title>Lattiakisko SKF tiivisteell\u00e4 v\u00e4lisein\u00e4 | JV Tuonti<\/title>\n<meta name=\"description\" content=\"Lattiakisko SKF tiivisteell\u00e4 v\u00e4lisein\u00e4rankaa varten. Pyyd\u00e4 projektikohtainen tarjous. Ilmainen toimitus suuremmille m\u00e4\u00e4rille. Tilaa t\u00e4st\u00e4.\" \/>\n<meta name=\"robots\" content=\"index, follow, max-snippet:-1, max-image-preview:large, max-video-preview:-1\" \/>\n<link rel=\"canonical\" href=\"https:\/\/hotelli03.domainhotelli.fi\/~lsdoecli\/tuote\/lattiakisko-skf-tiivisteella-valiseina\/\" \/>\n<meta property=\"og:locale\" content=\"fi_FI\" \/>\n<meta property=\"og:type\" content=\"article\" \/>\n<meta property=\"og:title\" content=\"Lattiakisko SKF tiivisteell\u00e4 v\u00e4lisein\u00e4\" \/>\n<meta property=\"og:description\" content=\"Lattiakisko SKF tiivisteell\u00e4 v\u00e4lisein\u00e4rankaa varten. Pyyd\u00e4 projektikohtainen tarjous. Ilmainen toimitus suuremmille m\u00e4\u00e4rille. Tilaa t\u00e4st\u00e4.\" \/>\n<meta property=\"og:url\" content=\"https:\/\/hotelli03.domainhotelli.fi\/~lsdoecli\/tuote\/lattiakisko-skf-tiivisteella-valiseina\/\" \/>\n<meta property=\"og:site_name\" content=\"JV Tuonti\" \/>\n<meta property=\"article:publisher\" content=\"https:\/\/www.facebook.com\/JVTuontiOy\" \/>\n<meta property=\"article:modified_time\" content=\"2022-06-05T15:35:17+00:00\" \/>\n<meta property=\"og:image\" content=\"https:\/\/hotelli03.domainhotelli.fi\/~lsdoecli\/wp-content\/uploads\/2022\/06\/SKF-lattiakisko-tiivisteella.png\" \/>\n\t<meta property=\"og:image:width\" content=\"348\" \/>\n\t<meta property=\"og:image:height\" content=\"308\" \/>\n\t<meta property=\"og:image:type\" content=\"image\/png\" \/>\n<meta name=\"twitter:card\" content=\"summary_large_image\" \/>\n<meta name=\"twitter:label1\" content=\"Availability\" \/>\n\t<meta name=\"twitter:data1\" content=\"In stock\" \/>\n<script type=\"application\/ld+json\" class=\"yoast-schema-graph\">{\"@context\":\"https:\/\/schema.org\",\"@graph\":[{\"@type\":[\"Organization\",\"Place\",\"WholesaleStore\"],\"@id\":\"https:\/\/hotelli03.domainhotelli.fi\/~lsdoecli\/#organization\",\"name\":\"JV Tuonti Oy\",\"url\":\"https:\/\/hotelli03.domainhotelli.fi\/~lsdoecli\/\",\"sameAs\":[\"https:\/\/instagram.com\/jvtuontioy?utm_medium=copy_link\",\"https:\/\/www.facebook.com\/JVTuontiOy\"],\"logo\":{\"@id\":\"https:\/\/hotelli03.domainhotelli.fi\/~lsdoecli\/tuote\/lattiakisko-skf-tiivisteella-valiseina\/#local-main-organization-logo\"},\"image\":{\"@id\":\"https:\/\/hotelli03.domainhotelli.fi\/~lsdoecli\/tuote\/lattiakisko-skf-tiivisteella-valiseina\/#local-main-organization-logo\"},\"address\":{\"@id\":\"https:\/\/hotelli03.domainhotelli.fi\/~lsdoecli\/tuote\/lattiakisko-skf-tiivisteella-valiseina\/#local-main-place-address\"},\"geo\":{\"@type\":\"GeoCoordinates\",\"latitude\":\"60.28431\",\"longitude\":\"24.81654\"},\"telephone\":[\"0408369980\"],\"openingHoursSpecification\":[{\"@type\":\"OpeningHoursSpecification\",\"dayOfWeek\":[\"Monday\",\"Tuesday\",\"Wednesday\",\"Thursday\",\"Friday\"],\"opens\":\"08:00\",\"closes\":\"16:00\"},{\"@type\":\"OpeningHoursSpecification\",\"dayOfWeek\":[\"Saturday\",\"Sunday\"],\"opens\":\"00:00\",\"closes\":\"00:00\"}],\"email\":\"myynti@hotelli03.domainhotelli.fi\",\"areaServed\":\"Suomi, Ruotsi\",\"vatID\":\"FI30178387\",\"priceRange\":\"$$\",\"currenciesAccepted\":\"\u20ac\",\"paymentAccepted\":\"Lasku, pankkikortti\"},{\"@type\":\"WebSite\",\"@id\":\"https:\/\/hotelli03.domainhotelli.fi\/~lsdoecli\/#website\",\"url\":\"https:\/\/hotelli03.domainhotelli.fi\/~lsdoecli\/\",\"name\":\"JV Tuonti\",\"description\":\"JV Tuonti Oy:n verkkokauppa\",\"publisher\":{\"@id\":\"https:\/\/hotelli03.domainhotelli.fi\/~lsdoecli\/#organization\"},\"potentialAction\":[{\"@type\":\"SearchAction\",\"target\":{\"@type\":\"EntryPoint\",\"urlTemplate\":\"https:\/\/hotelli03.domainhotelli.fi\/~lsdoecli\/?s={search_term_string}\"},\"query-input\":\"required name=search_term_string\"}],\"inLanguage\":\"fi\"},{\"@type\":\"ImageObject\",\"inLanguage\":\"fi\",\"@id\":\"https:\/\/hotelli03.domainhotelli.fi\/~lsdoecli\/tuote\/lattiakisko-skf-tiivisteella-valiseina\/#primaryimage\",\"url\":\"https:\/\/hotelli03.domainhotelli.fi\/~lsdoecli\/wp-content\/uploads\/2022\/06\/SKF-lattiakisko-tiivisteella.png\",\"contentUrl\":\"https:\/\/hotelli03.domainhotelli.fi\/~lsdoecli\/wp-content\/uploads\/2022\/06\/SKF-lattiakisko-tiivisteella.png\",\"width\":348,\"height\":308,\"caption\":\"Lattiakisko SKF tiivisteell\u00e4\"},{\"@type\":\"WebPage\",\"@id\":\"https:\/\/hotelli03.domainhotelli.fi\/~lsdoecli\/tuote\/lattiakisko-skf-tiivisteella-valiseina\/\",\"url\":\"https:\/\/hotelli03.domainhotelli.fi\/~lsdoecli\/tuote\/lattiakisko-skf-tiivisteella-valiseina\/\",\"name\":\"Lattiakisko SKF tiivisteell\u00e4 v\u00e4lisein\u00e4 | JV Tuonti\",\"isPartOf\":{\"@id\":\"https:\/\/hotelli03.domainhotelli.fi\/~lsdoecli\/#website\"},\"primaryImageOfPage\":{\"@id\":\"https:\/\/hotelli03.domainhotelli.fi\/~lsdoecli\/tuote\/lattiakisko-skf-tiivisteella-valiseina\/#primaryimage\"},\"datePublished\":\"2022-06-05T13:47:00+00:00\",\"dateModified\":\"2022-06-05T15:35:17+00:00\",\"description\":\"Lattiakisko SKF tiivisteell\u00e4 v\u00e4lisein\u00e4rankaa varten. Pyyd\u00e4 projektikohtainen tarjous. Ilmainen toimitus suuremmille m\u00e4\u00e4rille. Tilaa t\u00e4st\u00e4.\",\"breadcrumb\":{\"@id\":\"https:\/\/hotelli03.domainhotelli.fi\/~lsdoecli\/tuote\/lattiakisko-skf-tiivisteella-valiseina\/#breadcrumb\"},\"inLanguage\":\"fi\",\"potentialAction\":[{\"@type\":\"ReadAction\",\"target\":[\"https:\/\/hotelli03.domainhotelli.fi\/~lsdoecli\/tuote\/lattiakisko-skf-tiivisteella-valiseina\/\"]}]},{\"@type\":\"BreadcrumbList\",\"@id\":\"https:\/\/hotelli03.domainhotelli.fi\/~lsdoecli\/tuote\/lattiakisko-skf-tiivisteella-valiseina\/#breadcrumb\",\"itemListElement\":[{\"@type\":\"ListItem\",\"position\":1,\"name\":\"Etusivu\",\"item\":\"https:\/\/hotelli03.domainhotelli.fi\/~lsdoecli\/\"},{\"@type\":\"ListItem\",\"position\":2,\"name\":\"Kauppa\",\"item\":\"https:\/\/hotelli03.domainhotelli.fi\/~lsdoecli\/kauppa\/\"},{\"@type\":\"ListItem\",\"position\":3,\"name\":\"Lattiakisko SKF tiivisteell\u00e4 v\u00e4lisein\u00e4\"}]},{\"@type\":\"PostalAddress\",\"@id\":\"https:\/\/hotelli03.domainhotelli.fi\/~lsdoecli\/tuote\/lattiakisko-skf-tiivisteella-valiseina\/#local-main-place-address\",\"streetAddress\":\"Pyymosantie 5a\",\"addressLocality\":\"Vantaa\",\"postalCode\":\"01720\",\"addressCountry\":\"FI\"},{\"@type\":\"ImageObject\",\"inLanguage\":\"fi\",\"@id\":\"https:\/\/hotelli03.domainhotelli.fi\/~lsdoecli\/tuote\/lattiakisko-skf-tiivisteella-valiseina\/#local-main-organization-logo\",\"url\":\"https:\/\/hotelli03.domainhotelli.fi\/~lsdoecli\/wp-content\/uploads\/2021\/08\/JVTuonti_logo_nelio.jpg\",\"contentUrl\":\"https:\/\/hotelli03.domainhotelli.fi\/~lsdoecli\/wp-content\/uploads\/2021\/08\/JVTuonti_logo_nelio.jpg\",\"width\":550,\"height\":550,\"caption\":\"JV Tuonti Oy\"}]}<\/script>\n<meta property=\"og:availability\" content=\"instock\" \/>\n<meta property=\"product:availability\" content=\"instock\" \/>\n<meta property=\"product:condition\" content=\"new\" \/>\n<meta name=\"geo.placename\" content=\"Vantaa\" \/>\n<meta name=\"geo.position\" content=\"60.28431;24.81654\" \/>\n<meta name=\"geo.region\" content=\"Suomi\" \/>\n<!-- \/ Yoast SEO Premium plugin. -->","yoast_head_json":{"title":"Lattiakisko SKF tiivisteell\u00e4 v\u00e4lisein\u00e4 | JV Tuonti","description":"Lattiakisko SKF tiivisteell\u00e4 v\u00e4lisein\u00e4rankaa varten. Pyyd\u00e4 projektikohtainen tarjous. Ilmainen toimitus suuremmille m\u00e4\u00e4rille. Tilaa t\u00e4st\u00e4.","robots":{"index":"index","follow":"follow","max-snippet":"max-snippet:-1","max-image-preview":"max-image-preview:large","max-video-preview":"max-video-preview:-1"},"canonical":"https:\/\/hotelli03.domainhotelli.fi\/~lsdoecli\/tuote\/lattiakisko-skf-tiivisteella-valiseina\/","og_locale":"fi_FI","og_type":"article","og_title":"Lattiakisko SKF tiivisteell\u00e4 v\u00e4lisein\u00e4","og_description":"Lattiakisko SKF tiivisteell\u00e4 v\u00e4lisein\u00e4rankaa varten. Pyyd\u00e4 projektikohtainen tarjous. Ilmainen toimitus suuremmille m\u00e4\u00e4rille. Tilaa t\u00e4st\u00e4.","og_url":"https:\/\/hotelli03.domainhotelli.fi\/~lsdoecli\/tuote\/lattiakisko-skf-tiivisteella-valiseina\/","og_site_name":"JV Tuonti","article_publisher":"https:\/\/www.facebook.com\/JVTuontiOy","article_modified_time":"2022-06-05T15:35:17+00:00","og_image":[{"width":348,"height":308,"url":"https:\/\/hotelli03.domainhotelli.fi\/~lsdoecli\/wp-content\/uploads\/2022\/06\/SKF-lattiakisko-tiivisteella.png","type":"image\/png"}],"twitter_card":"summary_large_image","twitter_misc":{"Availability":"In stock"},"schema":{"@context":"https:\/\/schema.org","@graph":[{"@type":["Organization","Place","WholesaleStore"],"@id":"https:\/\/hotelli03.domainhotelli.fi\/~lsdoecli\/#organization","name":"JV Tuonti Oy","url":"https:\/\/hotelli03.domainhotelli.fi\/~lsdoecli\/","sameAs":["https:\/\/instagram.com\/jvtuontioy?utm_medium=copy_link","https:\/\/www.facebook.com\/JVTuontiOy"],"logo":{"@id":"https:\/\/hotelli03.domainhotelli.fi\/~lsdoecli\/tuote\/lattiakisko-skf-tiivisteella-valiseina\/#local-main-organization-logo"},"image":{"@id":"https:\/\/hotelli03.domainhotelli.fi\/~lsdoecli\/tuote\/lattiakisko-skf-tiivisteella-valiseina\/#local-main-organization-logo"},"address":{"@id":"https:\/\/hotelli03.domainhotelli.fi\/~lsdoecli\/tuote\/lattiakisko-skf-tiivisteella-valiseina\/#local-main-place-address"},"geo":{"@type":"GeoCoordinates","latitude":"60.28431","longitude":"24.81654"},"telephone":["0408369980"],"openingHoursSpecification":[{"@type":"OpeningHoursSpecification","dayOfWeek":["Monday","Tuesday","Wednesday","Thursday","Friday"],"opens":"08:00","closes":"16:00"},{"@type":"OpeningHoursSpecification","dayOfWeek":["Saturday","Sunday"],"opens":"00:00","closes":"00:00"}],"email":"myynti@hotelli03.domainhotelli.fi","areaServed":"Suomi, Ruotsi","vatID":"FI30178387","priceRange":"$$","currenciesAccepted":"\u20ac","paymentAccepted":"Lasku, pankkikortti"},{"@type":"WebSite","@id":"https:\/\/hotelli03.domainhotelli.fi\/~lsdoecli\/#website","url":"https:\/\/hotelli03.domainhotelli.fi\/~lsdoecli\/","name":"JV Tuonti","description":"JV Tuonti Oy:n verkkokauppa","publisher":{"@id":"https:\/\/hotelli03.domainhotelli.fi\/~lsdoecli\/#organization"},"potentialAction":[{"@type":"SearchAction","target":{"@type":"EntryPoint","urlTemplate":"https:\/\/hotelli03.domainhotelli.fi\/~lsdoecli\/?s={search_term_string}"},"query-input":"required name=search_term_string"}],"inLanguage":"fi"},{"@type":"ImageObject","inLanguage":"fi","@id":"https:\/\/hotelli03.domainhotelli.fi\/~lsdoecli\/tuote\/lattiakisko-skf-tiivisteella-valiseina\/#primaryimage","url":"https:\/\/hotelli03.domainhotelli.fi\/~lsdoecli\/wp-content\/uploads\/2022\/06\/SKF-lattiakisko-tiivisteella.png","contentUrl":"https:\/\/hotelli03.domainhotelli.fi\/~lsdoecli\/wp-content\/uploads\/2022\/06\/SKF-lattiakisko-tiivisteella.png","width":348,"height":308,"caption":"Lattiakisko SKF tiivisteell\u00e4"},{"@type":"WebPage","@id":"https:\/\/hotelli03.domainhotelli.fi\/~lsdoecli\/tuote\/lattiakisko-skf-tiivisteella-valiseina\/","url":"https:\/\/hotelli03.domainhotelli.fi\/~lsdoecli\/tuote\/lattiakisko-skf-tiivisteella-valiseina\/","name":"Lattiakisko SKF tiivisteell\u00e4 v\u00e4lisein\u00e4 | JV Tuonti","isPartOf":{"@id":"https:\/\/hotelli03.domainhotelli.fi\/~lsdoecli\/#website"},"primaryImageOfPage":{"@id":"https:\/\/hotelli03.domainhotelli.fi\/~lsdoecli\/tuote\/lattiakisko-skf-tiivisteella-valiseina\/#primaryimage"},"datePublished":"2022-06-05T13:47:00+00:00","dateModified":"2022-06-05T15:35:17+00:00","description":"Lattiakisko SKF tiivisteell\u00e4 v\u00e4lisein\u00e4rankaa varten. Pyyd\u00e4 projektikohtainen tarjous. Ilmainen toimitus suuremmille m\u00e4\u00e4rille. Tilaa t\u00e4st\u00e4.","breadcrumb":{"@id":"https:\/\/hotelli03.domainhotelli.fi\/~lsdoecli\/tuote\/lattiakisko-skf-tiivisteella-valiseina\/#breadcrumb"},"inLanguage":"fi","potentialAction":[{"@type":"ReadAction","target":["https:\/\/hotelli03.domainhotelli.fi\/~lsdoecli\/tuote\/lattiakisko-skf-tiivisteella-valiseina\/"]}]},{"@type":"BreadcrumbList","@id":"https:\/\/hotelli03.domainhotelli.fi\/~lsdoecli\/tuote\/lattiakisko-skf-tiivisteella-valiseina\/#breadcrumb","itemListElement":[{"@type":"ListItem","position":1,"name":"Etusivu","item":"https:\/\/hotelli03.domainhotelli.fi\/~lsdoecli\/"},{"@type":"ListItem","position":2,"name":"Kauppa","item":"https:\/\/hotelli03.domainhotelli.fi\/~lsdoecli\/kauppa\/"},{"@type":"ListItem","position":3,"name":"Lattiakisko SKF tiivisteell\u00e4 v\u00e4lisein\u00e4"}]},{"@type":"PostalAddress","@id":"https:\/\/hotelli03.domainhotelli.fi\/~lsdoecli\/tuote\/lattiakisko-skf-tiivisteella-valiseina\/#local-main-place-address","streetAddress":"Pyymosantie 5a","addressLocality":"Vantaa","postalCode":"01720","addressCountry":"FI"},{"@type":"ImageObject","inLanguage":"fi","@id":"https:\/\/hotelli03.domainhotelli.fi\/~lsdoecli\/tuote\/lattiakisko-skf-tiivisteella-valiseina\/#local-main-organization-logo","url":"https:\/\/hotelli03.domainhotelli.fi\/~lsdoecli\/wp-content\/uploads\/2021\/08\/JVTuonti_logo_nelio.jpg","contentUrl":"https:\/\/hotelli03.domainhotelli.fi\/~lsdoecli\/wp-content\/uploads\/2021\/08\/JVTuonti_logo_nelio.jpg","width":550,"height":550,"caption":"JV Tuonti Oy"}]},"og_availability":"instock","product_availability":"instock","product_condition":"new","geo.placename":"Vantaa","geo.position":{"lat":"60.28431","long":"24.81654"},"geo.region":"Suomi"},"_links":{"self":[{"href":"https:\/\/hotelli03.domainhotelli.fi\/~lsdoecli\/wp-json\/wp\/v2\/product\/10184"}],"collection":[{"href":"https:\/\/hotelli03.domainhotelli.fi\/~lsdoecli\/wp-json\/wp\/v2\/product"}],"about":[{"href":"https:\/\/hotelli03.domainhotelli.fi\/~lsdoecli\/wp-json\/wp\/v2\/types\/product"}],"replies":[{"embeddable":true,"href":"https:\/\/hotelli03.domainhotelli.fi\/~lsdoecli\/wp-json\/wp\/v2\/comments?post=10184"}],"wp:featuredmedia":[{"embeddable":true,"href":"https:\/\/hotelli03.domainhotelli.fi\/~lsdoecli\/wp-json\/wp\/v2\/media\/10197"}],"wp:attachment":[{"href":"https:\/\/hotelli03.domainhotelli.fi\/~lsdoecli\/wp-json\/wp\/v2\/media?parent=10184"}],"wp:term":[{"taxonomy":"product_cat","embeddable":true,"href":"https:\/\/hotelli03.domainhotelli.fi\/~lsdoecli\/wp-json\/wp\/v2\/product_cat?post=10184"},{"taxonomy":"product_tag","embeddable":true,"href":"https:\/\/hotelli03.domainhotelli.fi\/~lsdoecli\/wp-json\/wp\/v2\/product_tag?post=10184"}],"curies":[{"name":"wp","href":"https:\/\/api.w.org\/{rel}","templated":true}]}}