{"id":10120,"date":"2022-05-15T12:51:07","date_gmt":"2022-05-15T12:51:07","guid":{"rendered":"https:\/\/hotelli03.domainhotelli.fi\/~lsdoecli\/?post_type=product&#038;p=10120"},"modified":"2022-06-06T01:52:05","modified_gmt":"2022-06-06T01:52:05","slug":"sorbxt-oljynimeytysaine-ja-multi-imeytysaine-50l","status":"publish","type":"product","link":"https:\/\/hotelli03.domainhotelli.fi\/~lsdoecli\/tuote\/sorbxt-oljynimeytysaine-ja-multi-imeytysaine-50l\/","title":{"rendered":"Sorb\u00aeXT \u00f6ljynimeytysaine ja multi imeytysaine 50 L"},"content":{"rendered":"<h1><strong>Sorb\u00aeXT \u00f6ljynimeytysaine ja multi imeytysaine<\/strong><\/h1>\n<p>Sorb\u00aeXT on vuodon tai onnettomuuden sattuessa, paras orgaaninen \u00f6ljynimeytysaine ja imeytysaine turvallisuuden, tehokkuuden ja nopeuden kannalta. Sorb\u00aeXT \u00f6ljynimeytysaine takaa pinnan 97 % pinnan pidon \u00f6ljyvuodon j\u00e4lkeen. Imeytysaine imee vuotaneen aineen sekunneissa ja sitoo vuotaneen aineen t\u00e4ysin itseens\u00e4. Multi imeytysaine imee l\u00e4hes kaiken, oli sitten kyse \u00f6ljyst\u00e4, polttoaineista, voiteluaineista, emulsioista, erilaisista kemikaaleista ja hapoista, maalista, lakasta, primerista tai hartsista ja monta muita aineita.<\/p>\n<p>Sorb\u00aeXT on t\u00e4ysin luonnollinen \u00f6ljynimeytysaine, joka ei sis\u00e4ll\u00e4 mit\u00e4\u00e4n luonnolle tai ihmisille haitallisia ainesosia. Ekologista imeytysainetta voi k\u00e4ytt\u00e4\u00e4 turvallisesti tiell\u00e4, vedess\u00e4 ja kaikilla muilla pinnoilla.<\/p>\n<p>Imeytysaine sitoo itseens\u00e4 muutamassa sekunissa nelj\u00e4 kertaa oman painonsa verran vuotaneita aineita. Imeytynyt aine sitoutuu t\u00e4ysin \u00f6ljynimeytysaineeseen ja j\u00e4tt\u00e4\u00e4 puhtaan pit\u00e4v\u00e4n pinnan hetkess\u00e4. 50 L s\u00e4kki Sorb\u00aeXT \u00f6ljynimeytysainetta sitoo itseens\u00e4 33 L \u00f6ljy\u00e4.<\/p>\n<h2><strong>Sorb\u00aeXT sertifioitu \u00f6ljynimeytysaine takaa turvallisuuden sekunneissa<\/strong><\/h2>\n<p>SORB\u00aeXT \u00f6ljynimetysaine on sertifioitu seuraaviin luokkin: type I, type II, type III-R\u00a0ja t\u00e4ytt\u00e4\u00e4 kaikki Saksan ymp\u00e4rist\u00f6,- luonnonsuojelu- ja\u00a0ydinturvallisuusministeri\u00f6n vaatimukset. Imeytysaineen imeytyskyky on tutkittu noin 100 aineiden osalta.<\/p>\n<p>Sorb\u00aeXT \u00f6ljynimeytysaine takaa tutkitusti 97 % pinnan pidon v\u00e4litt\u00f6m\u00e4sti k\u00e4sittelyn j\u00e4lkeen. T\u00e4m\u00e4 tarkoittaa, ett\u00e4 tiepinta tai alue johon \u00f6ljy tai muut aine on p\u00e4\u00e4ssyt vuotamaan on heti k\u00e4sittelyn j\u00e4lkeen taas turvallinen ja voidaan ottaa heti taas k\u00e4ytt\u00f6\u00f6n. \u00d6ljynimeytysaine pystyy sitomaan vuotaneen aineen niin hyvin itseens\u00e4, ett\u00e4 se imee sen kokonaan pinnalta. K\u00e4sitellyn j\u00e4lkeen pinnan pito on l\u00e4hes sama, kuin ennen vuotoa.<\/p>\n<p>Vuoto-aluetta ei tarvitse rajata pois k\u00e4yt\u00f6st\u00e4 tai rajoittaa liikkumista alueella pinnan liukkauden ja \u00f6ljyj\u00e4\u00e4mien vuoksi, vaan k\u00e4sitelty pinta on saman tien taas turvallinen k\u00e4ytt\u00e4\u00e4 autoilijoille ja jalankulkijoille. SORB\u00aeXT on ainoa \u00f6ljynimeytysaine joka takaa pinnan pidon k\u00e4sittelyn j\u00e4lkeen ja sen paras takuu ty\u00f6turvallisuudelle ja onnettomuuksien ennaltaehk\u00e4isyyn.<\/p>\n<div class=\"elementor-element elementor-element-51d7586 elementor-widget elementor-widget-heading\" data-id=\"51d7586\" data-element_type=\"widget\" data-widget_type=\"heading.default\">\n<div class=\"elementor-widget-container\">\n<h2><\/h2>\n<h2 class=\"elementor-heading-title elementor-size-default\"><strong>\u00d6ljynimeytysaine m\u00e4r\u00e4lle pinnalla ja veteen<\/strong><\/h2>\n<p class=\"elementor-heading-title elementor-size-default\">\u00d6ljynimeytysaine on on vett\u00e4 hylkiv\u00e4, eli hyrdofoobinen ja sit\u00e4 voidaan k\u00e4ytt\u00e4\u00e4 my\u00f6s vedess\u00e4 \u00f6ljyvuodon tai muun vuodon yhteydess\u00e4. \u00a0Hydrofoobisen ominaisuuden vuoksi imeytysaine soveltuu erinomaisesti m\u00e4r\u00e4lle tai lumiselle pinnalle. Imeytysaine keskittyy m\u00e4r\u00e4ll\u00e4 pinnalla ainoastaan vuotaneen aineen imeytykseen ja\u00a0hylkii veden l\u00e4hes kokonaan.<\/p>\n<\/div>\n<\/div>\n<h2><\/h2>\n<h2><strong>Eritt\u00e4in kevyt \u00f6ljynimeytysaine<\/strong><\/h2>\n<div class=\"elementor-element elementor-element-aa4fc19 elementor-widget elementor-widget-text-editor\" data-id=\"aa4fc19\" data-element_type=\"widget\" data-widget_type=\"text-editor.default\">\n<div class=\"elementor-widget-container\">\n<p>Sorb\u00aeXT \u00f6ljynimeytysaine on eritt\u00e4in kevyt orgaaninen imeytysaine. 50 L s\u00e4kki painaa ainoastaan 7,5 kg. T\u00e4m\u00e4 on huomattava ero muihin \u00f6ljynimeytysaineisiin n\u00e4hden. Kevyt ominaispaino helpottaa merkitt\u00e4v\u00e4sti imeytysaineen k\u00e4sittely\u00e4, v\u00e4hent\u00e4\u00e4 varastointitilan tarvetta ja auttaa olennaisesti s\u00e4\u00e4st\u00e4m\u00e4\u00e4n j\u00e4tekustannuksia.<\/p>\n<p>Yksi 50 L s\u00e4kki imeytysainetta imee saman verran \u00f6ljy tai muita aineita, kun 3 vastaankokoista s\u00e4kki\u00e4 \u00f6ljynimeytysgranulaattia. Granulaattien paino on noin 20 kg per s\u00e4kki, eli j\u00e4tteit\u00e4 ja j\u00e4tekustannuksia tulee \u00f6ljynimeytysgranulaateilla 2,5 kertainen m\u00e4\u00e4r\u00e4.<\/p>\n<p>T\u00e4st\u00e4 syyst\u00e4 Sorb\u00aeXT \u00f6ljynimeytysaine tarjoa\u00a0merkitt\u00e4vi\u00e4 etuja muihin imeytysaineisiin verrattuna.<\/p>\n<p>&nbsp;<\/p>\n<\/div>\n<\/div>\n<div class=\"elementor-element elementor-element-4852b99 elementor-widget elementor-widget-text-editor\" data-id=\"4852b99\" data-element_type=\"widget\" data-widget_type=\"text-editor.default\">\n<div class=\"elementor-widget-container\">\n<h2><strong>Sorb\u00aeXT imeytysaine imee melkein kaiken<\/strong><\/h2>\n<\/div>\n<\/div>\n<div class=\"elementor-element elementor-element-8abcacf elementor-widget elementor-widget-text-editor\" data-id=\"8abcacf\" data-element_type=\"widget\" data-widget_type=\"text-editor.default\">\n<div class=\"elementor-widget-container\">\n<p>Orgaaninen imeytysaine imee seuraavat vuotaneet aineet 100%:<\/p>\n<ul>\n<li>\u00d6ljyt: raaka\u00f6ly, raskas\u00f6ljy, l\u00e4mmitys\u00f6ljy, poltto\u00f6ljy, hyrdauliikka\u00f6ljy, mineraali\u00f6ljy, mottori\u00f6ljy, keitto\u00f6ljy, voiteluaineet, nestem\u00e4inen parafiini, maa\u00f6ljy<\/li>\n<li>Polttonaineet: bensa, diesel, kerosiini, laivak\u00e4ytt\u00f6\u00f6n tarkoitettu diesel<\/li>\n<li>Kemikaalit: alkoholipohjaiset aineet, sienien torjunta aineet, polymeerit, orgaaniset liuottimet, t\u00e4rp\u00e4tti, hapot ja em\u00e4ksiset aineet<\/li>\n<li>Lakat, maalit: pinnoitteet ja maalit, lakat, v\u00e4riaineet, jarrunesteet, j\u00e4\u00e4npoistoaineet, j\u00e4\u00e4hdystysnesteet, sammutusvaahto etc.<\/li>\n<\/ul>\n<\/div>\n<\/div>\n<div class=\"elementor-element elementor-element-23e5a0e elementor-widget elementor-widget-heading\" data-id=\"23e5a0e\" data-element_type=\"widget\" data-widget_type=\"heading.default\">\n<div class=\"elementor-widget-container\">\n<h2><\/h2>\n<h2><strong>Sorb\u00aeXT \u00f6ljynimeytysaine k\u00e4ytt\u00f6ohje<\/strong><\/h2>\n<\/div>\n<\/div>\n<div class=\"elementor-element elementor-element-ee3087c elementor-widget elementor-widget-text-editor\" data-id=\"ee3087c\" data-element_type=\"widget\" data-widget_type=\"text-editor.default\">\n<div class=\"elementor-widget-container\">\n<ul>\n<li>levit\u00e4 \u00f6ljynimeytysaine tasaisesti vuotaneen \u00f6ljyn tai muun aineen p\u00e4\u00e4lle<\/li>\n<li>sekoita ja hierro imeytysaine vuotaneen nesteeseen k\u00e4sill\u00e4 (suojaa k\u00e4det esim. nitriilik\u00e4sineill\u00e4), harjallla, lapiolla tai Peko XT levitysk\u00e4rryll\u00e4.<\/li>\n<li>\u00f6ljy tai muu vuotanut aine imeytyy heit ja sitoutuu tiivisti \u00f6ljynmeytysaineeseen<\/li>\n<li>ker\u00e4\u00e4 imeytysaine lattialta, k\u00e4yt\u00e4 harjaa ja lapiota<\/li>\n<li>h\u00e4vit\u00e4 saastunut materiaali voimassa olevien m\u00e4\u00e4r\u00e4ysten ja ohjeiden mukaisesti<\/li>\n<li>voidaan h\u00e4vitt\u00e4\u00e4 polttamalla \u00f6ljynimeytyksen yhteydess\u00e4, erinomainen l\u00e4mp\u00f6arvo<\/li>\n<\/ul>\n<h2>Imeytysaineen tekniset tiedot<\/h2>\n<ul>\n<li>Valmistaja: <a href=\"http:\/\/www.sorb-global.de\">Sorb\u00aeXT<\/a><\/li>\n<li>Pakkaus: 50 L<\/li>\n<li>Paino: 7,5 kg<\/li>\n<li>Imeytyskyky: 33 L \u00f6ljy\u00e4 tai muita vuotaneita nesteit\u00e4<\/li>\n<li>Ekologinen imeytysaine, vaaraton ihmisille ja luonnolle<\/li>\n<li>vett\u00e4 hylkiv\u00e4<\/li>\n<li><a href=\"https:\/\/sorb.fi\/tutorial-videot-oljynimeytysaine-ja-vuodontorjunta-tuotteet\/\">Opetusvideot ja lis\u00e4tietoa<\/a><\/li>\n<li style=\"list-style-type: none;\"><\/li>\n<\/ul>\n<h2><strong>Sorb\u00aeXT k\u00e4ytt\u00f6video<\/strong><\/h2>\n<p><iframe loading=\"lazy\" title=\"SORB XT All in One 2019\" width=\"1140\" height=\"641\" src=\"https:\/\/www.youtube.com\/embed\/xMJP0LtCDl8?feature=oembed\" frameborder=\"0\" allow=\"accelerometer; autoplay; clipboard-write; encrypted-media; gyroscope; picture-in-picture\" allowfullscreen><\/iframe><\/p>\n<\/div>\n<\/div>\n","protected":false},"excerpt":{"rendered":"<p>Sorb\u00aeXT on t\u00e4ysin ekologinen \u00f6ljynimeytysaine ja imeytysaine, joka sitoo itseens\u00e4 hetkess\u00e4 nelj\u00e4 kertaa oman painonsa verran \u00f6ljy\u00e4 tai muita vuotaneita aineita. 50L s\u00e4kki \u00f6ljynimeytysaine sitoo itseens\u00e4 33 L \u00f6ljy\u00e4 tai vuotanutta ainetta.<\/p>\n<p>Sorb\u00aeXT \u00f6ljynimeytysaine takaa 97 % pinnan pidon k\u00e4sittelyn j\u00e4lkeen. Paras turva ty\u00f6turvallisuuden ja onnettomuksien ennaltaehk\u00e4isyn kannalta.<\/p>\n","protected":false},"featured_media":10121,"comment_status":"open","ping_status":"closed","template":"","meta":[],"product_cat":[922],"product_tag":[],"yoast_head":"<!-- This site is optimized with the Yoast SEO Premium plugin v18.9 (Yoast SEO v19.3) - https:\/\/yoast.com\/wordpress\/plugins\/seo\/ -->\n<title>Sorb\u00aeXT \u00f6ljynimeytysaine ja multi imeytysaine 50 L | JV Tuonti<\/title>\n<meta name=\"description\" content=\"Sorb\u00aeXt \u00f6ljynimeytysaine ja imeytysaine. Imee 100 % \u00f6ljyn, polttoaineet, kemikaalit, hapot, maalit etc sekunnissa. Takaa 97% pinnan pidon\" \/>\n<meta name=\"robots\" content=\"index, follow, max-snippet:-1, max-image-preview:large, max-video-preview:-1\" \/>\n<link rel=\"canonical\" href=\"https:\/\/hotelli03.domainhotelli.fi\/~lsdoecli\/tuote\/sorbxt-oljynimeytysaine-ja-multi-imeytysaine-50l\/\" \/>\n<meta property=\"og:locale\" content=\"fi_FI\" \/>\n<meta property=\"og:type\" content=\"article\" \/>\n<meta property=\"og:title\" content=\"Sorb\u00aeXT \u00f6ljynimeytysaine ja multi imeytysaine 50 L\" \/>\n<meta property=\"og:description\" content=\"Sorb\u00aeXt \u00f6ljynimeytysaine ja imeytysaine. Imee 100 % \u00f6ljyn, polttoaineet, kemikaalit, hapot, maalit etc sekunnissa. Takaa 97% pinnan pidon\" \/>\n<meta property=\"og:url\" content=\"https:\/\/hotelli03.domainhotelli.fi\/~lsdoecli\/tuote\/sorbxt-oljynimeytysaine-ja-multi-imeytysaine-50l\/\" \/>\n<meta property=\"og:site_name\" content=\"JV Tuonti\" \/>\n<meta property=\"article:publisher\" content=\"https:\/\/www.facebook.com\/JVTuontiOy\" \/>\n<meta property=\"article:modified_time\" content=\"2022-06-06T01:52:05+00:00\" \/>\n<meta property=\"og:image\" content=\"https:\/\/hotelli03.domainhotelli.fi\/~lsdoecli\/wp-content\/uploads\/2022\/05\/100100-SORB-XT-50L-Sack-scaled.jpg\" \/>\n\t<meta property=\"og:image:width\" content=\"1707\" \/>\n\t<meta property=\"og:image:height\" content=\"2560\" \/>\n\t<meta property=\"og:image:type\" content=\"image\/jpeg\" \/>\n<meta name=\"twitter:card\" content=\"summary_large_image\" \/>\n<meta name=\"twitter:label1\" content=\"Price\" \/>\n\t<meta name=\"twitter:data1\" content=\"49,90&nbsp;&euro; Alv 24%N\u00e4yt\u00e4 veroton hinta40,24&nbsp;&euro; Alv 0%N\u00e4yt\u00e4 verollinen hinta\" \/>\n\t<meta name=\"twitter:label2\" content=\"Availability\" \/>\n\t<meta name=\"twitter:data2\" content=\"In stock\" \/>\n<script type=\"application\/ld+json\" class=\"yoast-schema-graph\">{\"@context\":\"https:\/\/schema.org\",\"@graph\":[{\"@type\":[\"Organization\",\"Place\",\"WholesaleStore\"],\"@id\":\"https:\/\/hotelli03.domainhotelli.fi\/~lsdoecli\/#organization\",\"name\":\"JV Tuonti Oy\",\"url\":\"https:\/\/hotelli03.domainhotelli.fi\/~lsdoecli\/\",\"sameAs\":[\"https:\/\/instagram.com\/jvtuontioy?utm_medium=copy_link\",\"https:\/\/www.facebook.com\/JVTuontiOy\"],\"logo\":{\"@id\":\"https:\/\/hotelli03.domainhotelli.fi\/~lsdoecli\/tuote\/sorbxt-oljynimeytysaine-ja-multi-imeytysaine-50l\/#local-main-organization-logo\"},\"image\":{\"@id\":\"https:\/\/hotelli03.domainhotelli.fi\/~lsdoecli\/tuote\/sorbxt-oljynimeytysaine-ja-multi-imeytysaine-50l\/#local-main-organization-logo\"},\"address\":{\"@id\":\"https:\/\/hotelli03.domainhotelli.fi\/~lsdoecli\/tuote\/sorbxt-oljynimeytysaine-ja-multi-imeytysaine-50l\/#local-main-place-address\"},\"geo\":{\"@type\":\"GeoCoordinates\",\"latitude\":\"60.28431\",\"longitude\":\"24.81654\"},\"telephone\":[\"0408369980\"],\"openingHoursSpecification\":[{\"@type\":\"OpeningHoursSpecification\",\"dayOfWeek\":[\"Monday\",\"Tuesday\",\"Wednesday\",\"Thursday\",\"Friday\"],\"opens\":\"08:00\",\"closes\":\"16:00\"},{\"@type\":\"OpeningHoursSpecification\",\"dayOfWeek\":[\"Saturday\",\"Sunday\"],\"opens\":\"00:00\",\"closes\":\"00:00\"}],\"email\":\"myynti@hotelli03.domainhotelli.fi\",\"areaServed\":\"Suomi, Ruotsi\",\"vatID\":\"FI30178387\",\"priceRange\":\"$$\",\"currenciesAccepted\":\"\u20ac\",\"paymentAccepted\":\"Lasku, pankkikortti\"},{\"@type\":\"WebSite\",\"@id\":\"https:\/\/hotelli03.domainhotelli.fi\/~lsdoecli\/#website\",\"url\":\"https:\/\/hotelli03.domainhotelli.fi\/~lsdoecli\/\",\"name\":\"JV Tuonti\",\"description\":\"JV Tuonti Oy:n verkkokauppa\",\"publisher\":{\"@id\":\"https:\/\/hotelli03.domainhotelli.fi\/~lsdoecli\/#organization\"},\"potentialAction\":[{\"@type\":\"SearchAction\",\"target\":{\"@type\":\"EntryPoint\",\"urlTemplate\":\"https:\/\/hotelli03.domainhotelli.fi\/~lsdoecli\/?s={search_term_string}\"},\"query-input\":\"required name=search_term_string\"}],\"inLanguage\":\"fi\"},{\"@type\":\"ImageObject\",\"inLanguage\":\"fi\",\"@id\":\"https:\/\/hotelli03.domainhotelli.fi\/~lsdoecli\/tuote\/sorbxt-oljynimeytysaine-ja-multi-imeytysaine-50l\/#primaryimage\",\"url\":\"https:\/\/hotelli03.domainhotelli.fi\/~lsdoecli\/wp-content\/uploads\/2022\/05\/100100-SORB-XT-50L-Sack-scaled.jpg\",\"contentUrl\":\"https:\/\/hotelli03.domainhotelli.fi\/~lsdoecli\/wp-content\/uploads\/2022\/05\/100100-SORB-XT-50L-Sack-scaled.jpg\",\"width\":1707,\"height\":2560,\"caption\":\"Sorb\u00aeXT \u00f6ljynimeytysaine ja imeytysaine 50 L s\u00e4kki\"},{\"@type\":\"WebPage\",\"@id\":\"https:\/\/hotelli03.domainhotelli.fi\/~lsdoecli\/tuote\/sorbxt-oljynimeytysaine-ja-multi-imeytysaine-50l\/\",\"url\":\"https:\/\/hotelli03.domainhotelli.fi\/~lsdoecli\/tuote\/sorbxt-oljynimeytysaine-ja-multi-imeytysaine-50l\/\",\"name\":\"Sorb\u00aeXT \u00f6ljynimeytysaine ja multi imeytysaine 50 L | JV Tuonti\",\"isPartOf\":{\"@id\":\"https:\/\/hotelli03.domainhotelli.fi\/~lsdoecli\/#website\"},\"primaryImageOfPage\":{\"@id\":\"https:\/\/hotelli03.domainhotelli.fi\/~lsdoecli\/tuote\/sorbxt-oljynimeytysaine-ja-multi-imeytysaine-50l\/#primaryimage\"},\"datePublished\":\"2022-05-15T12:51:07+00:00\",\"dateModified\":\"2022-06-06T01:52:05+00:00\",\"description\":\"Sorb\u00aeXt \u00f6ljynimeytysaine ja imeytysaine. Imee 100 % \u00f6ljyn, polttoaineet, kemikaalit, hapot, maalit etc sekunnissa. Takaa 97% pinnan pidon\",\"breadcrumb\":{\"@id\":\"https:\/\/hotelli03.domainhotelli.fi\/~lsdoecli\/tuote\/sorbxt-oljynimeytysaine-ja-multi-imeytysaine-50l\/#breadcrumb\"},\"inLanguage\":\"fi\",\"potentialAction\":[{\"@type\":\"ReadAction\",\"target\":[\"https:\/\/hotelli03.domainhotelli.fi\/~lsdoecli\/tuote\/sorbxt-oljynimeytysaine-ja-multi-imeytysaine-50l\/\"]}]},{\"@type\":\"BreadcrumbList\",\"@id\":\"https:\/\/hotelli03.domainhotelli.fi\/~lsdoecli\/tuote\/sorbxt-oljynimeytysaine-ja-multi-imeytysaine-50l\/#breadcrumb\",\"itemListElement\":[{\"@type\":\"ListItem\",\"position\":1,\"name\":\"Etusivu\",\"item\":\"https:\/\/hotelli03.domainhotelli.fi\/~lsdoecli\/\"},{\"@type\":\"ListItem\",\"position\":2,\"name\":\"Kauppa\",\"item\":\"https:\/\/hotelli03.domainhotelli.fi\/~lsdoecli\/kauppa\/\"},{\"@type\":\"ListItem\",\"position\":3,\"name\":\"Sorb\u00aeXT \u00f6ljynimeytysaine ja multi imeytysaine 50 L\"}]},{\"@type\":\"PostalAddress\",\"@id\":\"https:\/\/hotelli03.domainhotelli.fi\/~lsdoecli\/tuote\/sorbxt-oljynimeytysaine-ja-multi-imeytysaine-50l\/#local-main-place-address\",\"streetAddress\":\"Pyymosantie 5a\",\"addressLocality\":\"Vantaa\",\"postalCode\":\"01720\",\"addressCountry\":\"FI\"},{\"@type\":\"ImageObject\",\"inLanguage\":\"fi\",\"@id\":\"https:\/\/hotelli03.domainhotelli.fi\/~lsdoecli\/tuote\/sorbxt-oljynimeytysaine-ja-multi-imeytysaine-50l\/#local-main-organization-logo\",\"url\":\"https:\/\/hotelli03.domainhotelli.fi\/~lsdoecli\/wp-content\/uploads\/2021\/08\/JVTuonti_logo_nelio.jpg\",\"contentUrl\":\"https:\/\/hotelli03.domainhotelli.fi\/~lsdoecli\/wp-content\/uploads\/2021\/08\/JVTuonti_logo_nelio.jpg\",\"width\":550,\"height\":550,\"caption\":\"JV Tuonti Oy\"}]}<\/script>\n<meta property=\"product:price:amount\" content=\"49.90\" \/>\n<meta property=\"product:price:currency\" content=\"EUR\" \/>\n<meta property=\"og:availability\" content=\"instock\" \/>\n<meta property=\"product:availability\" content=\"instock\" \/>\n<meta property=\"product:condition\" content=\"new\" \/>\n<meta name=\"geo.placename\" content=\"Vantaa\" \/>\n<meta name=\"geo.position\" content=\"60.28431;24.81654\" \/>\n<meta name=\"geo.region\" content=\"Suomi\" \/>\n<!-- \/ Yoast SEO Premium plugin. -->","yoast_head_json":{"title":"Sorb\u00aeXT \u00f6ljynimeytysaine ja multi imeytysaine 50 L | JV Tuonti","description":"Sorb\u00aeXt \u00f6ljynimeytysaine ja imeytysaine. Imee 100 % \u00f6ljyn, polttoaineet, kemikaalit, hapot, maalit etc sekunnissa. Takaa 97% pinnan pidon","robots":{"index":"index","follow":"follow","max-snippet":"max-snippet:-1","max-image-preview":"max-image-preview:large","max-video-preview":"max-video-preview:-1"},"canonical":"https:\/\/hotelli03.domainhotelli.fi\/~lsdoecli\/tuote\/sorbxt-oljynimeytysaine-ja-multi-imeytysaine-50l\/","og_locale":"fi_FI","og_type":"article","og_title":"Sorb\u00aeXT \u00f6ljynimeytysaine ja multi imeytysaine 50 L","og_description":"Sorb\u00aeXt \u00f6ljynimeytysaine ja imeytysaine. Imee 100 % \u00f6ljyn, polttoaineet, kemikaalit, hapot, maalit etc sekunnissa. Takaa 97% pinnan pidon","og_url":"https:\/\/hotelli03.domainhotelli.fi\/~lsdoecli\/tuote\/sorbxt-oljynimeytysaine-ja-multi-imeytysaine-50l\/","og_site_name":"JV Tuonti","article_publisher":"https:\/\/www.facebook.com\/JVTuontiOy","article_modified_time":"2022-06-06T01:52:05+00:00","og_image":[{"width":1707,"height":2560,"url":"https:\/\/hotelli03.domainhotelli.fi\/~lsdoecli\/wp-content\/uploads\/2022\/05\/100100-SORB-XT-50L-Sack-scaled.jpg","type":"image\/jpeg"}],"twitter_card":"summary_large_image","twitter_misc":{"Price":"49,90&nbsp;&euro; Alv 24%N\u00e4yt\u00e4 veroton hinta40,24&nbsp;&euro; Alv 0%N\u00e4yt\u00e4 verollinen hinta","Availability":"In stock"},"schema":{"@context":"https:\/\/schema.org","@graph":[{"@type":["Organization","Place","WholesaleStore"],"@id":"https:\/\/hotelli03.domainhotelli.fi\/~lsdoecli\/#organization","name":"JV Tuonti Oy","url":"https:\/\/hotelli03.domainhotelli.fi\/~lsdoecli\/","sameAs":["https:\/\/instagram.com\/jvtuontioy?utm_medium=copy_link","https:\/\/www.facebook.com\/JVTuontiOy"],"logo":{"@id":"https:\/\/hotelli03.domainhotelli.fi\/~lsdoecli\/tuote\/sorbxt-oljynimeytysaine-ja-multi-imeytysaine-50l\/#local-main-organization-logo"},"image":{"@id":"https:\/\/hotelli03.domainhotelli.fi\/~lsdoecli\/tuote\/sorbxt-oljynimeytysaine-ja-multi-imeytysaine-50l\/#local-main-organization-logo"},"address":{"@id":"https:\/\/hotelli03.domainhotelli.fi\/~lsdoecli\/tuote\/sorbxt-oljynimeytysaine-ja-multi-imeytysaine-50l\/#local-main-place-address"},"geo":{"@type":"GeoCoordinates","latitude":"60.28431","longitude":"24.81654"},"telephone":["0408369980"],"openingHoursSpecification":[{"@type":"OpeningHoursSpecification","dayOfWeek":["Monday","Tuesday","Wednesday","Thursday","Friday"],"opens":"08:00","closes":"16:00"},{"@type":"OpeningHoursSpecification","dayOfWeek":["Saturday","Sunday"],"opens":"00:00","closes":"00:00"}],"email":"myynti@hotelli03.domainhotelli.fi","areaServed":"Suomi, Ruotsi","vatID":"FI30178387","priceRange":"$$","currenciesAccepted":"\u20ac","paymentAccepted":"Lasku, pankkikortti"},{"@type":"WebSite","@id":"https:\/\/hotelli03.domainhotelli.fi\/~lsdoecli\/#website","url":"https:\/\/hotelli03.domainhotelli.fi\/~lsdoecli\/","name":"JV Tuonti","description":"JV Tuonti Oy:n verkkokauppa","publisher":{"@id":"https:\/\/hotelli03.domainhotelli.fi\/~lsdoecli\/#organization"},"potentialAction":[{"@type":"SearchAction","target":{"@type":"EntryPoint","urlTemplate":"https:\/\/hotelli03.domainhotelli.fi\/~lsdoecli\/?s={search_term_string}"},"query-input":"required name=search_term_string"}],"inLanguage":"fi"},{"@type":"ImageObject","inLanguage":"fi","@id":"https:\/\/hotelli03.domainhotelli.fi\/~lsdoecli\/tuote\/sorbxt-oljynimeytysaine-ja-multi-imeytysaine-50l\/#primaryimage","url":"https:\/\/hotelli03.domainhotelli.fi\/~lsdoecli\/wp-content\/uploads\/2022\/05\/100100-SORB-XT-50L-Sack-scaled.jpg","contentUrl":"https:\/\/hotelli03.domainhotelli.fi\/~lsdoecli\/wp-content\/uploads\/2022\/05\/100100-SORB-XT-50L-Sack-scaled.jpg","width":1707,"height":2560,"caption":"Sorb\u00aeXT \u00f6ljynimeytysaine ja imeytysaine 50 L s\u00e4kki"},{"@type":"WebPage","@id":"https:\/\/hotelli03.domainhotelli.fi\/~lsdoecli\/tuote\/sorbxt-oljynimeytysaine-ja-multi-imeytysaine-50l\/","url":"https:\/\/hotelli03.domainhotelli.fi\/~lsdoecli\/tuote\/sorbxt-oljynimeytysaine-ja-multi-imeytysaine-50l\/","name":"Sorb\u00aeXT \u00f6ljynimeytysaine ja multi imeytysaine 50 L | JV Tuonti","isPartOf":{"@id":"https:\/\/hotelli03.domainhotelli.fi\/~lsdoecli\/#website"},"primaryImageOfPage":{"@id":"https:\/\/hotelli03.domainhotelli.fi\/~lsdoecli\/tuote\/sorbxt-oljynimeytysaine-ja-multi-imeytysaine-50l\/#primaryimage"},"datePublished":"2022-05-15T12:51:07+00:00","dateModified":"2022-06-06T01:52:05+00:00","description":"Sorb\u00aeXt \u00f6ljynimeytysaine ja imeytysaine. Imee 100 % \u00f6ljyn, polttoaineet, kemikaalit, hapot, maalit etc sekunnissa. Takaa 97% pinnan pidon","breadcrumb":{"@id":"https:\/\/hotelli03.domainhotelli.fi\/~lsdoecli\/tuote\/sorbxt-oljynimeytysaine-ja-multi-imeytysaine-50l\/#breadcrumb"},"inLanguage":"fi","potentialAction":[{"@type":"ReadAction","target":["https:\/\/hotelli03.domainhotelli.fi\/~lsdoecli\/tuote\/sorbxt-oljynimeytysaine-ja-multi-imeytysaine-50l\/"]}]},{"@type":"BreadcrumbList","@id":"https:\/\/hotelli03.domainhotelli.fi\/~lsdoecli\/tuote\/sorbxt-oljynimeytysaine-ja-multi-imeytysaine-50l\/#breadcrumb","itemListElement":[{"@type":"ListItem","position":1,"name":"Etusivu","item":"https:\/\/hotelli03.domainhotelli.fi\/~lsdoecli\/"},{"@type":"ListItem","position":2,"name":"Kauppa","item":"https:\/\/hotelli03.domainhotelli.fi\/~lsdoecli\/kauppa\/"},{"@type":"ListItem","position":3,"name":"Sorb\u00aeXT \u00f6ljynimeytysaine ja multi imeytysaine 50 L"}]},{"@type":"PostalAddress","@id":"https:\/\/hotelli03.domainhotelli.fi\/~lsdoecli\/tuote\/sorbxt-oljynimeytysaine-ja-multi-imeytysaine-50l\/#local-main-place-address","streetAddress":"Pyymosantie 5a","addressLocality":"Vantaa","postalCode":"01720","addressCountry":"FI"},{"@type":"ImageObject","inLanguage":"fi","@id":"https:\/\/hotelli03.domainhotelli.fi\/~lsdoecli\/tuote\/sorbxt-oljynimeytysaine-ja-multi-imeytysaine-50l\/#local-main-organization-logo","url":"https:\/\/hotelli03.domainhotelli.fi\/~lsdoecli\/wp-content\/uploads\/2021\/08\/JVTuonti_logo_nelio.jpg","contentUrl":"https:\/\/hotelli03.domainhotelli.fi\/~lsdoecli\/wp-content\/uploads\/2021\/08\/JVTuonti_logo_nelio.jpg","width":550,"height":550,"caption":"JV Tuonti Oy"}]},"product_price_amount":"49.90","product_price_currency":"EUR","og_availability":"instock","product_availability":"instock","product_condition":"new","geo.placename":"Vantaa","geo.position":{"lat":"60.28431","long":"24.81654"},"geo.region":"Suomi"},"_links":{"self":[{"href":"https:\/\/hotelli03.domainhotelli.fi\/~lsdoecli\/wp-json\/wp\/v2\/product\/10120"}],"collection":[{"href":"https:\/\/hotelli03.domainhotelli.fi\/~lsdoecli\/wp-json\/wp\/v2\/product"}],"about":[{"href":"https:\/\/hotelli03.domainhotelli.fi\/~lsdoecli\/wp-json\/wp\/v2\/types\/product"}],"replies":[{"embeddable":true,"href":"https:\/\/hotelli03.domainhotelli.fi\/~lsdoecli\/wp-json\/wp\/v2\/comments?post=10120"}],"wp:featuredmedia":[{"embeddable":true,"href":"https:\/\/hotelli03.domainhotelli.fi\/~lsdoecli\/wp-json\/wp\/v2\/media\/10121"}],"wp:attachment":[{"href":"https:\/\/hotelli03.domainhotelli.fi\/~lsdoecli\/wp-json\/wp\/v2\/media?parent=10120"}],"wp:term":[{"taxonomy":"product_cat","embeddable":true,"href":"https:\/\/hotelli03.domainhotelli.fi\/~lsdoecli\/wp-json\/wp\/v2\/product_cat?post=10120"},{"taxonomy":"product_tag","embeddable":true,"href":"https:\/\/hotelli03.domainhotelli.fi\/~lsdoecli\/wp-json\/wp\/v2\/product_tag?post=10120"}],"curies":[{"name":"wp","href":"https:\/\/api.w.org\/{rel}","templated":true}]}}