{"id":73,"date":"2016-06-14T06:15:58","date_gmt":"2016-06-14T06:15:58","guid":{"rendered":"https:\/\/sw-themes.com\/porto_dummy\/?page_id=73"},"modified":"2022-07-03T05:47:39","modified_gmt":"2022-07-03T05:47:39","slug":"ota-yhteytta","status":"publish","type":"page","link":"https:\/\/hotelli03.domainhotelli.fi\/~lsdoecli\/ota-yhteytta\/","title":{"rendered":"Ota yhteytt\u00e4"},"content":{"rendered":"[vc_row wrap_container=&#8221;yes&#8221; el_class=&#8221;m-b-xl&#8221; css=&#8221;.vc_custom_1586246200362{padding-top: 32px !important;}&#8221;][vc_column width=&#8221;1\/2&#8243;]<div role=\"form\" class=\"wpcf7\" id=\"wpcf7-f74-o1\" lang=\"en-US\" dir=\"ltr\">\n<div class=\"screen-reader-response\"><p role=\"status\" aria-live=\"polite\" aria-atomic=\"true\"><\/p> <ul><\/ul><\/div>\n<form action=\"\/~lsdoecli\/wp-json\/wp\/v2\/pages\/73#wpcf7-f74-o1\" method=\"post\" class=\"wpcf7-form init\" novalidate=\"novalidate\" data-status=\"init\">\n<div style=\"display: none;\">\n<input type=\"hidden\" name=\"_wpcf7\" value=\"74\" \/>\n<input type=\"hidden\" name=\"_wpcf7_version\" value=\"5.6\" \/>\n<input type=\"hidden\" name=\"_wpcf7_locale\" value=\"en_US\" \/>\n<input type=\"hidden\" name=\"_wpcf7_unit_tag\" value=\"wpcf7-f74-o1\" \/>\n<input type=\"hidden\" name=\"_wpcf7_container_post\" value=\"0\" \/>\n<input type=\"hidden\" name=\"_wpcf7_posted_data_hash\" value=\"\" \/>\n<input type=\"hidden\" name=\"_wpcf7_recaptcha_response\" value=\"\" \/>\n<\/div>\n<h2 class=\"short\"><strong>Ota yhteytt\u00e4<\/strong><\/h2>\n<div class=\"row\">\n<div class=\"col-lg-6\">\n<div class=\"form-group\">\n            <label for=\"contact-name\">Nimesi *<\/label><br \/>\n            <span class=\"wpcf7-form-control-wrap\" data-name=\"your-name\"><input type=\"text\" name=\"your-name\" value=\"\" size=\"40\" class=\"wpcf7-form-control wpcf7-text wpcf7-validates-as-required form-control\" id=\"contact-name\" aria-required=\"true\" aria-invalid=\"false\" \/><\/span>\n        <\/div>\n<\/div>\n<div class=\"col-lg-6\">\n<div class=\"form-group\">\n            <label for=\"contact-email\">S\u00e4hk\u00f6postiosoitteesi *<\/label><br \/>\n            <span class=\"wpcf7-form-control-wrap\" data-name=\"your-email\"><input type=\"email\" name=\"your-email\" value=\"\" size=\"40\" class=\"wpcf7-form-control wpcf7-text wpcf7-email wpcf7-validates-as-required wpcf7-validates-as-email form-control\" id=\"contact-email\" aria-required=\"true\" aria-invalid=\"false\" \/><\/span>\n        <\/div>\n<\/div>\n<div class=\"col-lg-6\">\n<div class=\"form-group\">\n            <label for=\"contact-email\">Puhelinnumerosi<\/label><br \/>\n            <span class=\"wpcf7-form-control-wrap\" data-name=\"puhelinnumero\"><input type=\"tel\" name=\"puhelinnumero\" value=\"\" size=\"40\" class=\"wpcf7-form-control wpcf7-text wpcf7-tel wpcf7-validates-as-tel form-control\" id=\"contact-phone\" aria-invalid=\"false\" \/><\/span>\n        <\/div>\n<\/div>\n<div class=\"col-lg-6\">\n<div class=\"form-group\">\n            <label for=\"contact-email\">Edustamasi yritys<\/label><br \/>\n            <span class=\"wpcf7-form-control-wrap\" data-name=\"yritys\"><input type=\"text\" name=\"yritys\" value=\"\" size=\"40\" class=\"wpcf7-form-control wpcf7-text form-control\" id=\"contact-company\" aria-invalid=\"false\" \/><\/span>\n        <\/div>\n<\/div>\n<div class=\"col-lg-12\">\n<div class=\"form-group\">\n            <label for=\"contact-message\">Viestisi<\/label><br \/>\n            <span class=\"wpcf7-form-control-wrap\" data-name=\"your-message\"><textarea name=\"your-message\" cols=\"40\" rows=\"10\" class=\"wpcf7-form-control wpcf7-textarea form-control\" id=\"contact-message\" aria-invalid=\"false\"><\/textarea><\/span>\n        <\/div>\n<\/div>\n<div class=\"col-lg-12\">\n<div class=\"form-group\">\n            <input type=\"submit\" value=\"L\u00e4het\u00e4\" class=\"wpcf7-form-control has-spinner wpcf7-submit btn btn-primary btn-lg\" \/>\n        <\/div>\n<\/div>\n<\/div>\n<div class=\"wpcf7-response-output\" aria-hidden=\"true\"><\/div><\/form><\/div>[\/vc_column][vc_column width=&#8221;1\/2&#8243;][vc_custom_heading text=&#8221;Kuinka <strong>tavoitat meid\u00e4t<\/strong>&#8221; font_container=&#8221;tag:h4|text_align:left&#8221; use_theme_fonts=&#8221;yes&#8221; skin=&#8221;primary&#8221; el_class=&#8221;m-t&#8221;][vc_column_text]Voit ottaa yhteytt\u00e4 meihin t\u00e4ll\u00e4 sivulla olevalla lomakkeella, jolloin pyrimme vastaamaan viestiisi mahdollisimman nopeasti. Voit my\u00f6s soittaa meille suoraan alla olevaan numeroon tai ottaa yhteytt\u00e4 s\u00e4hk\u00f6postitse.[\/vc_column_text][vc_custom_heading text=&#8221;<strong>Oletko urakoitsija?<\/strong>&#8221; font_container=&#8221;tag:h4|text_align:left&#8221; use_theme_fonts=&#8221;yes&#8221; skin=&#8221;primary&#8221; el_class=&#8221;m-t&#8221;][vc_column_text]Etsitk\u00f6 toimittajaa ty\u00f6maallenne? Ota yhteytt\u00e4 myyntiimme ja laitamme hinnaston tulemaan. Toimitamme ymp\u00e4ri suomea nopealla toimituksella.[\/vc_column_text][vc_custom_heading text=&#8221;<strong>Haluatko j\u00e4lleenmyyj\u00e4ksi?<\/strong>&#8221; font_container=&#8221;tag:h4|text_align:left&#8221; use_theme_fonts=&#8221;yes&#8221; skin=&#8221;primary&#8221; el_class=&#8221;m-t&#8221;][vc_column_text]Etsimme uusia j\u00e4lleenmyyji\u00e4 koko Suomen alueelta, jos olet kiinnostunut myym\u00e4\u00e4n tuotteitamme ota yhteytt\u00e4 joel.pousar@hotelli03.domainhotelli.fi tai +358400244200[\/vc_column_text][vc_custom_heading text=&#8221;<strong>Myynti<\/strong>&#8221; font_container=&#8221;tag:h4|text_align:left&#8221; use_theme_fonts=&#8221;yes&#8221; skin=&#8221;primary&#8221; el_class=&#8221;m-t&#8221;][vc_column_text]<strong>Myynti \/ J\u00e4lleenmyynti<\/strong><\/p>\n<p>Joel Pousar<\/p>\n<p>joel.pousar@hotelli03.domainhotelli.fi<\/p>\n<p>+358400244200<\/p>\n<p><strong>Myynti<\/strong><\/p>\n<p>Niko Knuuttila<\/p>\n<p>niko.knuuttila@hotelli03.domainhotelli.fi<\/p>\n<p>+358407016730[\/vc_column_text][vc_separator color=&#8221;custom&#8221; gradient=&#8221;yes&#8221;][vc_custom_heading text=&#8221;<strong>Toimisto<\/strong>&#8221; font_container=&#8221;tag:h4|text_align:left&#8221; use_theme_fonts=&#8221;yes&#8221; skin=&#8221;primary&#8221; el_class=&#8221;m-t&#8221;]<div class=\"porto-sicon-box  wpb_custom_1efe903570d178ff0a9b7bfa5febd3a4 style_1 default-icon\"><div class=\"porto-sicon-default\"><div class=\"porto-just-icon-wrapper porto-icon circle\" style=\"color:#ffffff;background:#0088cc;font-size:14px;\"><i class=\"fas fa-phone\"><\/i><\/div><\/div><div class=\"porto-sicon-header\"><h3 class=\"porto-sicon-title\" style=\"font-size:14px;color:#777777;\"><strong>Puhelin:<\/strong> 0408369980<\/h3><\/div> <!-- header --><\/div><!-- porto-sicon-box --><div class=\"porto-sicon-box  wpb_custom_1efe903570d178ff0a9b7bfa5febd3a4 style_1 default-icon\"><div class=\"porto-sicon-default\"><div class=\"porto-just-icon-wrapper porto-icon circle\" style=\"color:#ffffff;background:#0088cc;font-size:14px;\"><i class=\"fas fa-envelope\"><\/i><\/div><\/div><div class=\"porto-sicon-header\"><h3 class=\"porto-sicon-title\" style=\"font-size:14px;color:#777777;\"><strong>S\u00e4hk\u00f6posti:<\/strong> myynti@hotelli03.domainhotelli.fi<\/h3><\/div> <!-- header --><\/div><!-- porto-sicon-box --><div class=\"porto-sicon-box  wpb_custom_1efe903570d178ff0a9b7bfa5febd3a4 style_1 default-icon\"><div class=\"porto-sicon-default\"><div class=\"porto-just-icon-wrapper porto-icon circle\" style=\"color:#ffffff;background:#0088cc;font-size:14px;\"><i class=\"fas fa-warehouse\"><\/i><\/div><\/div><div class=\"porto-sicon-header\"><h3 class=\"porto-sicon-title\" style=\"font-size:14px;color:#777777;\"><strong>Varasto\/k\u00e4yntiosoite:<\/strong> Pyymosantie 5 a, 01720 Vantaa<\/h3><\/div> <!-- header --><\/div><!-- porto-sicon-box --><div class=\"porto-sicon-box  wpb_custom_1efe903570d178ff0a9b7bfa5febd3a4 style_1 default-icon\"><div class=\"porto-sicon-default\"><div class=\"porto-just-icon-wrapper porto-icon circle\" style=\"color:#ffffff;background:#0088cc;font-size:14px;\"><i class=\"fas fa-book\"><\/i><\/div><\/div><div class=\"porto-sicon-header\"><h3 class=\"porto-sicon-title\" style=\"font-size:14px;color:#777777;\"><strong>Laskutusosoite:<\/strong> Miilim\u00e4ki 5 b, 02740 Espoo<\/h3><\/div> <!-- header --><\/div><!-- porto-sicon-box -->[vc_separator color=&#8221;custom&#8221; gradient=&#8221;yes&#8221;][vc_custom_heading text=&#8221;<strong>Aukioloajat<\/strong>&#8221; font_container=&#8221;tag:h4|text_align:left&#8221; use_theme_fonts=&#8221;yes&#8221; skin=&#8221;primary&#8221;]<div class=\"porto-sicon-box  wpb_custom_1efe903570d178ff0a9b7bfa5febd3a4 style_1 default-icon\"><div class=\"porto-sicon-default\"><div class=\"porto-just-icon-wrapper porto-icon none\" style=\"font-size:14px;\"><i class=\"far fa-clock\"><\/i><\/div><\/div><div class=\"porto-sicon-header\"><h3 class=\"porto-sicon-title\" style=\"font-size:14px;color:#777777;\">Maanantai - Perjantai klo 7.00 - 16.00<\/h3><\/div> <!-- header --><\/div><!-- porto-sicon-box --><div class=\"porto-sicon-box  wpb_custom_1efe903570d178ff0a9b7bfa5febd3a4 style_1 default-icon\"><div class=\"porto-sicon-default\"><div class=\"porto-just-icon-wrapper porto-icon none\" style=\"font-size:14px;\"><i class=\"far fa-clock\"><\/i><\/div><\/div><div class=\"porto-sicon-header\"><h3 class=\"porto-sicon-title\" style=\"font-size:14px;color:#777777;\">Lauantai - suljettu<\/h3><\/div> <!-- header --><\/div><!-- porto-sicon-box --><div class=\"porto-sicon-box  wpb_custom_1efe903570d178ff0a9b7bfa5febd3a4 style_1 default-icon\"><div class=\"porto-sicon-default\"><div class=\"porto-just-icon-wrapper porto-icon none\" style=\"font-size:14px;\"><i class=\"far fa-clock\"><\/i><\/div><\/div><div class=\"porto-sicon-header\"><h3 class=\"porto-sicon-title\" style=\"font-size:14px;color:#777777;\">Sunnuntai - suljettu<\/h3><\/div> <!-- header --><\/div><!-- porto-sicon-box -->[\/vc_column][\/vc_row]\n","protected":false},"excerpt":{"rendered":"<p>[vc_row wrap_container=&#8221;yes&#8221; el_class=&#8221;m-b-xl&#8221; css=&#8221;.vc_custom_1586246200362{padding-top: 32px !important;}&#8221;][vc_column width=&#8221;1\/2&#8243;][\/vc_column][vc_column width=&#8221;1\/2&#8243;][vc_custom_heading text=&#8221;Kuinka tavoitat meid\u00e4t&#8221; font_container=&#8221;tag:h4|text_align:left&#8221; use_theme_fonts=&#8221;yes&#8221; skin=&#8221;primary&#8221; el_class=&#8221;m-t&#8221;][vc_column_text]Voit ottaa yhteytt\u00e4 meihin t\u00e4ll\u00e4 sivulla olevalla lomakkeella, jolloin pyrimme vastaamaan viestiisi mahdollisimman nopeasti. Voit my\u00f6s soittaa meille suoraan alla olevaan numeroon tai ottaa yhteytt\u00e4 s\u00e4hk\u00f6postitse.[\/vc_column_text][vc_custom_heading text=&#8221;Oletko urakoitsija?&#8221; font_container=&#8221;tag:h4|text_align:left&#8221; use_theme_fonts=&#8221;yes&#8221; skin=&#8221;primary&#8221; el_class=&#8221;m-t&#8221;][vc_column_text]Etsitk\u00f6 toimittajaa ty\u00f6maallenne? Ota yhteytt\u00e4 myyntiimme ja laitamme hinnaston tulemaan. [&hellip;]<\/p>\n","protected":false},"author":1,"featured_media":0,"parent":0,"menu_order":0,"comment_status":"closed","ping_status":"closed","template":"","meta":[],"yoast_head":"<!-- This site is optimized with the Yoast SEO Premium plugin v18.9 (Yoast SEO v19.3) - https:\/\/yoast.com\/wordpress\/plugins\/seo\/ -->\n<title>JV Tuonti | Ota yhteytt\u00e4<\/title>\n<meta name=\"description\" content=\"Ota yhteytt\u00e4 meihin sivustomme lomakkeen kautta tai myynti@hotelli03.domainhotelli.fi tai 0408369980\" \/>\n<meta name=\"robots\" content=\"index, follow, max-snippet:-1, max-image-preview:large, max-video-preview:-1\" \/>\n<link rel=\"canonical\" href=\"https:\/\/hotelli03.domainhotelli.fi\/~lsdoecli\/ota-yhteytta\/\" \/>\n<meta property=\"og:locale\" content=\"fi_FI\" \/>\n<meta property=\"og:type\" content=\"article\" \/>\n<meta property=\"og:title\" content=\"Ota yhteytt\u00e4\" \/>\n<meta property=\"og:description\" content=\"Ota yhteytt\u00e4 meihin sivustomme lomakkeen kautta tai myynti@hotelli03.domainhotelli.fi tai 0408369980\" \/>\n<meta property=\"og:url\" content=\"https:\/\/hotelli03.domainhotelli.fi\/~lsdoecli\/ota-yhteytta\/\" \/>\n<meta property=\"og:site_name\" content=\"JV Tuonti\" \/>\n<meta property=\"article:publisher\" content=\"https:\/\/www.facebook.com\/JVTuontiOy\" \/>\n<meta property=\"article:modified_time\" content=\"2022-07-03T05:47:39+00:00\" \/>\n<meta name=\"twitter:card\" content=\"summary_large_image\" \/>\n<meta name=\"twitter:label1\" content=\"Arvioitu lukuaika\" \/>\n\t<meta name=\"twitter:data1\" content=\"2 minuuttia\" \/>\n<script type=\"application\/ld+json\" class=\"yoast-schema-graph\">{\"@context\":\"https:\/\/schema.org\",\"@graph\":[{\"@type\":[\"Organization\",\"Place\",\"WholesaleStore\"],\"@id\":\"https:\/\/hotelli03.domainhotelli.fi\/~lsdoecli\/#organization\",\"name\":\"JV Tuonti Oy\",\"url\":\"https:\/\/hotelli03.domainhotelli.fi\/~lsdoecli\/\",\"sameAs\":[\"https:\/\/instagram.com\/jvtuontioy?utm_medium=copy_link\",\"https:\/\/www.facebook.com\/JVTuontiOy\"],\"logo\":{\"@id\":\"https:\/\/hotelli03.domainhotelli.fi\/~lsdoecli\/ota-yhteytta\/#local-main-organization-logo\"},\"image\":{\"@id\":\"https:\/\/hotelli03.domainhotelli.fi\/~lsdoecli\/ota-yhteytta\/#local-main-organization-logo\"},\"address\":{\"@id\":\"https:\/\/hotelli03.domainhotelli.fi\/~lsdoecli\/ota-yhteytta\/#local-main-place-address\"},\"geo\":{\"@type\":\"GeoCoordinates\",\"latitude\":\"60.28431\",\"longitude\":\"24.81654\"},\"telephone\":[\"0408369980\"],\"openingHoursSpecification\":[{\"@type\":\"OpeningHoursSpecification\",\"dayOfWeek\":[\"Monday\",\"Tuesday\",\"Wednesday\",\"Thursday\",\"Friday\"],\"opens\":\"08:00\",\"closes\":\"16:00\"},{\"@type\":\"OpeningHoursSpecification\",\"dayOfWeek\":[\"Saturday\",\"Sunday\"],\"opens\":\"00:00\",\"closes\":\"00:00\"}],\"email\":\"myynti@hotelli03.domainhotelli.fi\",\"areaServed\":\"Suomi, Ruotsi\",\"vatID\":\"FI30178387\",\"priceRange\":\"$$\",\"currenciesAccepted\":\"\u20ac\",\"paymentAccepted\":\"Lasku, pankkikortti\"},{\"@type\":\"WebSite\",\"@id\":\"https:\/\/hotelli03.domainhotelli.fi\/~lsdoecli\/#website\",\"url\":\"https:\/\/hotelli03.domainhotelli.fi\/~lsdoecli\/\",\"name\":\"JV Tuonti\",\"description\":\"JV Tuonti Oy:n verkkokauppa\",\"publisher\":{\"@id\":\"https:\/\/hotelli03.domainhotelli.fi\/~lsdoecli\/#organization\"},\"potentialAction\":[{\"@type\":\"SearchAction\",\"target\":{\"@type\":\"EntryPoint\",\"urlTemplate\":\"https:\/\/hotelli03.domainhotelli.fi\/~lsdoecli\/?s={search_term_string}\"},\"query-input\":\"required name=search_term_string\"}],\"inLanguage\":\"fi\"},{\"@type\":\"WebPage\",\"@id\":\"https:\/\/hotelli03.domainhotelli.fi\/~lsdoecli\/ota-yhteytta\/\",\"url\":\"https:\/\/hotelli03.domainhotelli.fi\/~lsdoecli\/ota-yhteytta\/\",\"name\":\"JV Tuonti | Ota yhteytt\u00e4\",\"isPartOf\":{\"@id\":\"https:\/\/hotelli03.domainhotelli.fi\/~lsdoecli\/#website\"},\"datePublished\":\"2016-06-14T06:15:58+00:00\",\"dateModified\":\"2022-07-03T05:47:39+00:00\",\"description\":\"Ota yhteytt\u00e4 meihin sivustomme lomakkeen kautta tai myynti@hotelli03.domainhotelli.fi tai 0408369980\",\"breadcrumb\":{\"@id\":\"https:\/\/hotelli03.domainhotelli.fi\/~lsdoecli\/ota-yhteytta\/#breadcrumb\"},\"inLanguage\":\"fi\",\"potentialAction\":[{\"@type\":\"ReadAction\",\"target\":[\"https:\/\/hotelli03.domainhotelli.fi\/~lsdoecli\/ota-yhteytta\/\"]}]},{\"@type\":\"BreadcrumbList\",\"@id\":\"https:\/\/hotelli03.domainhotelli.fi\/~lsdoecli\/ota-yhteytta\/#breadcrumb\",\"itemListElement\":[{\"@type\":\"ListItem\",\"position\":1,\"name\":\"Etusivu\",\"item\":\"https:\/\/hotelli03.domainhotelli.fi\/~lsdoecli\/\"},{\"@type\":\"ListItem\",\"position\":2,\"name\":\"Ota yhteytt\u00e4\"}]},{\"@type\":\"PostalAddress\",\"@id\":\"https:\/\/hotelli03.domainhotelli.fi\/~lsdoecli\/ota-yhteytta\/#local-main-place-address\",\"streetAddress\":\"Pyymosantie 5a\",\"addressLocality\":\"Vantaa\",\"postalCode\":\"01720\",\"addressCountry\":\"FI\"},{\"@type\":\"ImageObject\",\"inLanguage\":\"fi\",\"@id\":\"https:\/\/hotelli03.domainhotelli.fi\/~lsdoecli\/ota-yhteytta\/#local-main-organization-logo\",\"url\":\"https:\/\/hotelli03.domainhotelli.fi\/~lsdoecli\/wp-content\/uploads\/2021\/08\/JVTuonti_logo_nelio.jpg\",\"contentUrl\":\"https:\/\/hotelli03.domainhotelli.fi\/~lsdoecli\/wp-content\/uploads\/2021\/08\/JVTuonti_logo_nelio.jpg\",\"width\":550,\"height\":550,\"caption\":\"JV Tuonti Oy\"}]}<\/script>\n<meta name=\"geo.placename\" content=\"Vantaa\" \/>\n<meta name=\"geo.position\" content=\"60.28431;24.81654\" \/>\n<meta name=\"geo.region\" content=\"Suomi\" \/>\n<!-- \/ Yoast SEO Premium plugin. -->","yoast_head_json":{"title":"JV Tuonti | Ota yhteytt\u00e4","description":"Ota yhteytt\u00e4 meihin sivustomme lomakkeen kautta tai myynti@hotelli03.domainhotelli.fi tai 0408369980","robots":{"index":"index","follow":"follow","max-snippet":"max-snippet:-1","max-image-preview":"max-image-preview:large","max-video-preview":"max-video-preview:-1"},"canonical":"https:\/\/hotelli03.domainhotelli.fi\/~lsdoecli\/ota-yhteytta\/","og_locale":"fi_FI","og_type":"article","og_title":"Ota yhteytt\u00e4","og_description":"Ota yhteytt\u00e4 meihin sivustomme lomakkeen kautta tai myynti@hotelli03.domainhotelli.fi tai 0408369980","og_url":"https:\/\/hotelli03.domainhotelli.fi\/~lsdoecli\/ota-yhteytta\/","og_site_name":"JV Tuonti","article_publisher":"https:\/\/www.facebook.com\/JVTuontiOy","article_modified_time":"2022-07-03T05:47:39+00:00","twitter_card":"summary_large_image","twitter_misc":{"Arvioitu lukuaika":"2 minuuttia"},"schema":{"@context":"https:\/\/schema.org","@graph":[{"@type":["Organization","Place","WholesaleStore"],"@id":"https:\/\/hotelli03.domainhotelli.fi\/~lsdoecli\/#organization","name":"JV Tuonti Oy","url":"https:\/\/hotelli03.domainhotelli.fi\/~lsdoecli\/","sameAs":["https:\/\/instagram.com\/jvtuontioy?utm_medium=copy_link","https:\/\/www.facebook.com\/JVTuontiOy"],"logo":{"@id":"https:\/\/hotelli03.domainhotelli.fi\/~lsdoecli\/ota-yhteytta\/#local-main-organization-logo"},"image":{"@id":"https:\/\/hotelli03.domainhotelli.fi\/~lsdoecli\/ota-yhteytta\/#local-main-organization-logo"},"address":{"@id":"https:\/\/hotelli03.domainhotelli.fi\/~lsdoecli\/ota-yhteytta\/#local-main-place-address"},"geo":{"@type":"GeoCoordinates","latitude":"60.28431","longitude":"24.81654"},"telephone":["0408369980"],"openingHoursSpecification":[{"@type":"OpeningHoursSpecification","dayOfWeek":["Monday","Tuesday","Wednesday","Thursday","Friday"],"opens":"08:00","closes":"16:00"},{"@type":"OpeningHoursSpecification","dayOfWeek":["Saturday","Sunday"],"opens":"00:00","closes":"00:00"}],"email":"myynti@hotelli03.domainhotelli.fi","areaServed":"Suomi, Ruotsi","vatID":"FI30178387","priceRange":"$$","currenciesAccepted":"\u20ac","paymentAccepted":"Lasku, pankkikortti"},{"@type":"WebSite","@id":"https:\/\/hotelli03.domainhotelli.fi\/~lsdoecli\/#website","url":"https:\/\/hotelli03.domainhotelli.fi\/~lsdoecli\/","name":"JV Tuonti","description":"JV Tuonti Oy:n verkkokauppa","publisher":{"@id":"https:\/\/hotelli03.domainhotelli.fi\/~lsdoecli\/#organization"},"potentialAction":[{"@type":"SearchAction","target":{"@type":"EntryPoint","urlTemplate":"https:\/\/hotelli03.domainhotelli.fi\/~lsdoecli\/?s={search_term_string}"},"query-input":"required name=search_term_string"}],"inLanguage":"fi"},{"@type":"WebPage","@id":"https:\/\/hotelli03.domainhotelli.fi\/~lsdoecli\/ota-yhteytta\/","url":"https:\/\/hotelli03.domainhotelli.fi\/~lsdoecli\/ota-yhteytta\/","name":"JV Tuonti | Ota yhteytt\u00e4","isPartOf":{"@id":"https:\/\/hotelli03.domainhotelli.fi\/~lsdoecli\/#website"},"datePublished":"2016-06-14T06:15:58+00:00","dateModified":"2022-07-03T05:47:39+00:00","description":"Ota yhteytt\u00e4 meihin sivustomme lomakkeen kautta tai myynti@hotelli03.domainhotelli.fi tai 0408369980","breadcrumb":{"@id":"https:\/\/hotelli03.domainhotelli.fi\/~lsdoecli\/ota-yhteytta\/#breadcrumb"},"inLanguage":"fi","potentialAction":[{"@type":"ReadAction","target":["https:\/\/hotelli03.domainhotelli.fi\/~lsdoecli\/ota-yhteytta\/"]}]},{"@type":"BreadcrumbList","@id":"https:\/\/hotelli03.domainhotelli.fi\/~lsdoecli\/ota-yhteytta\/#breadcrumb","itemListElement":[{"@type":"ListItem","position":1,"name":"Etusivu","item":"https:\/\/hotelli03.domainhotelli.fi\/~lsdoecli\/"},{"@type":"ListItem","position":2,"name":"Ota yhteytt\u00e4"}]},{"@type":"PostalAddress","@id":"https:\/\/hotelli03.domainhotelli.fi\/~lsdoecli\/ota-yhteytta\/#local-main-place-address","streetAddress":"Pyymosantie 5a","addressLocality":"Vantaa","postalCode":"01720","addressCountry":"FI"},{"@type":"ImageObject","inLanguage":"fi","@id":"https:\/\/hotelli03.domainhotelli.fi\/~lsdoecli\/ota-yhteytta\/#local-main-organization-logo","url":"https:\/\/hotelli03.domainhotelli.fi\/~lsdoecli\/wp-content\/uploads\/2021\/08\/JVTuonti_logo_nelio.jpg","contentUrl":"https:\/\/hotelli03.domainhotelli.fi\/~lsdoecli\/wp-content\/uploads\/2021\/08\/JVTuonti_logo_nelio.jpg","width":550,"height":550,"caption":"JV Tuonti Oy"}]},"geo.placename":"Vantaa","geo.position":{"lat":"60.28431","long":"24.81654"},"geo.region":"Suomi"},"_links":{"self":[{"href":"https:\/\/hotelli03.domainhotelli.fi\/~lsdoecli\/wp-json\/wp\/v2\/pages\/73"}],"collection":[{"href":"https:\/\/hotelli03.domainhotelli.fi\/~lsdoecli\/wp-json\/wp\/v2\/pages"}],"about":[{"href":"https:\/\/hotelli03.domainhotelli.fi\/~lsdoecli\/wp-json\/wp\/v2\/types\/page"}],"author":[{"embeddable":true,"href":"https:\/\/hotelli03.domainhotelli.fi\/~lsdoecli\/wp-json\/wp\/v2\/users\/1"}],"replies":[{"embeddable":true,"href":"https:\/\/hotelli03.domainhotelli.fi\/~lsdoecli\/wp-json\/wp\/v2\/comments?post=73"}],"version-history":[{"count":21,"href":"https:\/\/hotelli03.domainhotelli.fi\/~lsdoecli\/wp-json\/wp\/v2\/pages\/73\/revisions"}],"predecessor-version":[{"id":10354,"href":"https:\/\/hotelli03.domainhotelli.fi\/~lsdoecli\/wp-json\/wp\/v2\/pages\/73\/revisions\/10354"}],"wp:attachment":[{"href":"https:\/\/hotelli03.domainhotelli.fi\/~lsdoecli\/wp-json\/wp\/v2\/media?parent=73"}],"curies":[{"name":"wp","href":"https:\/\/api.w.org\/{rel}","templated":true}]}}